{"id":2028,"date":"2021-11-01T12:03:13","date_gmt":"2021-11-01T11:03:13","guid":{"rendered":"https:\/\/www.ets-bouteloup.fr\/?page_id=2028"},"modified":"2025-05-07T16:59:20","modified_gmt":"2025-05-07T14:59:20","slug":"chauffage-vaiges-montsurs","status":"publish","type":"page","link":"https:\/\/www.ets-bouteloup.fr\/refonte\/chauffage-vaiges-montsurs\/","title":{"rendered":"&#8230; Chauffage Vaiges, Monts\u00fbrs"},"content":{"rendered":"\t\t<div data-elementor-type=\"wp-page\" data-elementor-id=\"2028\" class=\"elementor elementor-2028\">\n\t\t\t\t<div class=\"elementor-element elementor-element-040cfff sec_h1 e-flex e-con-boxed coherence-container-background-zoom-no coherence-sticky-section-no elementor-invisible e-con e-parent\" data-id=\"040cfff\" data-element_type=\"container\" data-settings=\"{&quot;animation&quot;:&quot;fadeInUp&quot;}\">\n\t\t\t\t\t<div class=\"e-con-inner\">\n\t\t<div class=\"elementor-element elementor-element-a07ecfd e-con-full e-flex coherence-container-background-zoom-no coherence-sticky-section-no e-con e-child\" data-id=\"a07ecfd\" data-element_type=\"container\" data-settings=\"{&quot;background_background&quot;:&quot;classic&quot;}\">\n\t\t<div class=\"elementor-element elementor-element-b1fcb22 e-con-full animate_01 elementor-hidden-tablet elementor-hidden-mobile_extra elementor-hidden-mobile e-flex coherence-container-background-zoom-no coherence-sticky-section-no e-con e-child\" data-id=\"b1fcb22\" data-element_type=\"container\" data-settings=\"{&quot;position&quot;:&quot;absolute&quot;}\">\n\t\t\t\t<\/div>\n\t\t\t\t<\/div>\n\t\t<div class=\"elementor-element elementor-element-3e78dc5 e-con-full e-flex coherence-container-background-zoom-no coherence-sticky-section-no e-con e-child\" data-id=\"3e78dc5\" data-element_type=\"container\" data-settings=\"{&quot;background_background&quot;:&quot;classic&quot;}\">\n\t\t\t\t<div class=\"elementor-element elementor-element-17b0253 elementor-widget-divider--view-line elementor-widget elementor-widget-divider\" data-id=\"17b0253\" data-element_type=\"widget\" data-widget_type=\"divider.default\">\n\t\t\t\t\t\t\t<div class=\"elementor-divider\">\n\t\t\t<span class=\"elementor-divider-separator\">\n\t\t\t\t\t\t<\/span>\n\t\t<\/div>\n\t\t\t\t\t\t<\/div>\n\t\t\t\t<div class=\"elementor-element elementor-element-98f26f6 elementor-widget elementor-widget-coherence_Heading_widget\" data-id=\"98f26f6\" data-element_type=\"widget\" data-widget_type=\"coherence_Heading_widget.default\">\n\t\t\t\t<div class=\"elementor-widget-container\">\n\t\t\t\t\t<h1 class=\"coherence-heading elementor-heading-title\"><span class=\"separator-sup-title\">BOUTELOUP<\/span> <span class=\"coherence-heading-text\">Si vous avez besoin de conseils et d\u2019assistance d\u2019un chauffagiste de confiance \u00e0 Vaiges et Monts\u00fbrs, vous pouvez compter sur l\u2019\u00e9tablissement BOUTELOUP<\/span>  <\/h1>\t\t\t\t<\/div>\n\t\t\t\t<\/div>\n\t\t\t\t<div class=\"elementor-element elementor-element-05a73b1 elementor-widget elementor-widget-text-editor\" data-id=\"05a73b1\" data-element_type=\"widget\" data-widget_type=\"text-editor.default\">\n\t\t\t\t\t\t\t\t\t<p>L\u2019\u00e9tablissement BOUTELOUP propose une large gamme de services pour l\u2019installation, la mise en service et le d\u00e9pannage de votre Chauffage Vaiges, Monts\u00fbrs. Nos chauffagistes qualifi\u00e9s interviennent sur votre ballon \u00e9lectrique, chaudi\u00e8re, radiateur, br\u00fbleur, chauffe-eau, et bien plus encore.<\/p><p>Nos artisans chauffagistes vous conseillent et vous accompagnent dans le choix du syst\u00e8me de Chauffage Vaiges, Monts\u00fbrs, le plus adapt\u00e9 \u00e0 vos besoins. Ils peuvent se rendre chez vous ou dans votre \u00e9tablissement pour r\u00e9aliser une \u00e9valuation thermique et une \u00e9tude chiffr\u00e9e de votre projet.<\/p>\t\t\t\t\t\t\t\t<\/div>\n\t\t\t\t<div class=\"elementor-element elementor-element-df12be8 elementor-tablet-align-center elementor-widget elementor-widget-coherence-Button-widget\" data-id=\"df12be8\" data-element_type=\"widget\" data-widget_type=\"coherence-Button-widget.default\">\n\t\t\t\t<div class=\"elementor-widget-container\">\n\t\t\t\t\t<div class=\"elementor-button-wrapper coherence-button-wrapper\">\r\n    <a href=\"\/contact\/\" class=\"elementor-button-link elementor-button elementor-size-sm coherence-button-style-solid\" role=\"button\">\r\n        <span class=\"elementor-button-content-wrapper\">\r\n                        <span class=\"elementor-button-text\">Devis gratuit<\/span>\r\n        <\/span>\r\n    <\/a>\r\n<\/div>\t\t\t\t<\/div>\n\t\t\t\t<\/div>\n\t\t\t\t<\/div>\n\t\t\t\t\t<\/div>\n\t\t\t\t<\/div>\n\t\t<div class=\"elementor-element elementor-element-513d0aa e-flex e-con-boxed coherence-container-background-zoom-no coherence-sticky-section-no e-con e-parent\" data-id=\"513d0aa\" data-element_type=\"container\" data-settings=\"{&quot;background_background&quot;:&quot;classic&quot;}\">\n\t\t\t\t\t<div class=\"e-con-inner\">\n\t\t<div class=\"elementor-element elementor-element-39bb69b e-con-full e-flex coherence-container-background-zoom-no coherence-sticky-section-no e-con e-child\" data-id=\"39bb69b\" data-element_type=\"container\">\n\t\t<div class=\"elementor-element elementor-element-b58f1db e-con-full e-flex coherence-container-background-zoom-no coherence-sticky-section-no e-con e-child\" data-id=\"b58f1db\" data-element_type=\"container\">\n\t\t<div class=\"elementor-element elementor-element-e1342ad e-con-full e-flex coherence-container-background-zoom-no coherence-sticky-section-no elementor-invisible e-con e-child\" data-id=\"e1342ad\" data-element_type=\"container\" data-settings=\"{&quot;background_background&quot;:&quot;classic&quot;,&quot;animation&quot;:&quot;fadeInLeft&quot;}\">\n\t\t\t\t<div class=\"elementor-element elementor-element-c5128b2 elementor-widget__width-initial elementor-widget-tablet_extra__width-initial elementor-widget elementor-widget-text-editor\" data-id=\"c5128b2\" data-element_type=\"widget\" data-widget_type=\"text-editor.default\">\n\t\t\t\t\t\t\t\t\t<p>Nous sommes des plombiers sp\u00e9cialis\u00e9s dans l\u2019installation et la mise en service de chaudi\u00e8res et de syst\u00e8mes de production d\u2019eau chaude sanitaire. Nous sommes en mesure de vous proposer toutes les solutions de chauffages disponibles sur le march\u00e9, de la chaudi\u00e8re \u00e0 gaz \u00e0 la pompe \u00e0 chaleur, en passant par les options les plus \u00e9conomiques et rentables.<\/p><p>Le choix de la solution de chauffage qui vous convient reste essentiel. Il vous permettra de r\u00e9aliser des \u00e9conomies d\u2019\u00e9nergie tout au long de la dur\u00e9e de vie de votre installation. Nos charg\u00e9s d\u2019affaires sont l\u00e0 pour vous guider dans cette d\u00e9cision.<\/p>\t\t\t\t\t\t\t\t<\/div>\n\t\t\t\t<\/div>\n\t\t\t\t<\/div>\n\t\t<div class=\"elementor-element elementor-element-71515aa e-con-full animate_01 e-flex coherence-container-background-zoom-no coherence-sticky-section-no elementor-invisible e-con e-child\" data-id=\"71515aa\" data-element_type=\"container\" data-settings=\"{&quot;background_background&quot;:&quot;classic&quot;,&quot;animation&quot;:&quot;fadeInRight&quot;}\">\n\t\t\t\t<\/div>\n\t\t\t\t<\/div>\n\t\t\t\t\t<\/div>\n\t\t\t\t<\/div>\n\t\t<div class=\"elementor-element elementor-element-5b9e5f6 e-flex e-con-boxed coherence-container-background-zoom-no coherence-sticky-section-no e-con e-parent\" data-id=\"5b9e5f6\" data-element_type=\"container\" data-settings=\"{&quot;background_background&quot;:&quot;classic&quot;}\">\n\t\t\t\t\t<div class=\"e-con-inner\">\n\t\t<div class=\"elementor-element elementor-element-5d917a9 e-con-full e-flex coherence-container-background-zoom-no coherence-sticky-section-no elementor-invisible e-con e-child\" data-id=\"5d917a9\" data-element_type=\"container\" data-settings=\"{&quot;background_background&quot;:&quot;classic&quot;,&quot;animation&quot;:&quot;slideInDown&quot;}\">\n\t\t\t\t<div class=\"elementor-element elementor-element-f6ebbbe elementor-widget-divider--view-line elementor-widget elementor-widget-divider\" data-id=\"f6ebbbe\" data-element_type=\"widget\" data-widget_type=\"divider.default\">\n\t\t\t\t\t\t\t<div class=\"elementor-divider\">\n\t\t\t<span class=\"elementor-divider-separator\">\n\t\t\t\t\t\t<\/span>\n\t\t<\/div>\n\t\t\t\t\t\t<\/div>\n\t\t\t\t<div class=\"elementor-element elementor-element-7bb1cfa elementor-widget__width-initial elementor-widget elementor-widget-coherence_Heading_widget\" data-id=\"7bb1cfa\" data-element_type=\"widget\" data-widget_type=\"coherence_Heading_widget.default\">\n\t\t\t\t<div class=\"elementor-widget-container\">\n\t\t\t\t\t<h2 class=\"coherence-heading elementor-heading-title\"> <span class=\"coherence-heading-text\">Nous intervenons sur plusieurs solutions de Chauffage Vaiges, Monts\u00fbrs :<\/span>  <\/h2>\t\t\t\t<\/div>\n\t\t\t\t<\/div>\n\t\t\t\t<\/div>\n\t\t<div class=\"elementor-element elementor-element-5742b1b e-con-full e-flex coherence-container-background-zoom-no coherence-sticky-section-no e-con e-child\" data-id=\"5742b1b\" data-element_type=\"container\">\n\t\t<div class=\"elementor-element elementor-element-3f50b82 e-con-full e-flex coherence-container-background-zoom-no coherence-sticky-section-no e-con e-child\" data-id=\"3f50b82\" data-element_type=\"container\">\n\t\t<div class=\"elementor-element elementor-element-1bbf9ce e-con-full e-flex coherence-sticky-section-no elementor-invisible e-con e-child\" data-id=\"1bbf9ce\" data-element_type=\"container\" data-settings=\"{&quot;background_background&quot;:&quot;classic&quot;,&quot;animation&quot;:&quot;fadeInLeft&quot;}\">\n\t\t\t\t<div class=\"elementor-element elementor-element-0914d85 elementor-widget elementor-widget-heading\" data-id=\"0914d85\" data-element_type=\"widget\" data-widget_type=\"heading.default\">\n\t\t\t\t\t<h3 class=\"elementor-heading-title elementor-size-default\">La chaudi\u00e8re \u00e0 gaz<\/h3>\t\t\t\t<\/div>\n\t\t\t\t<div class=\"elementor-element elementor-element-c76463a elementor-widget elementor-widget-text-editor\" data-id=\"c76463a\" data-element_type=\"widget\" data-widget_type=\"text-editor.default\">\n\t\t\t\t\t\t\t\t\tNomm\u00e9e la chaudi\u00e8re haute performance \u00e9nerg\u00e9tique, elle convient tr\u00e8s bien pour les projets de construction que pour ceux de r\u00e9novation. Elle se consid\u00e8re au centre du syst\u00e8me de chauffage et de production d\u2019eau chaude et est \u00e0 la fois confortable, \u00e9conomique, et respectueuse de l\u2019environnement\n\nEn installant une chaudi\u00e8re \u00e0 condensation, vous b\u00e9n\u00e9ficiez de plusieurs avantages :\nEn installant une chaudi\u00e8re \u00e0 condensation vous b\u00e9n\u00e9ficierez des avantages suivants :\t\t\t\t\t\t\t\t<\/div>\n\t\t\t\t<\/div>\n\t\t<div class=\"elementor-element elementor-element-e6ddae5 e-con-full e-flex coherence-sticky-section-no elementor-invisible e-con e-child\" data-id=\"e6ddae5\" data-element_type=\"container\" data-settings=\"{&quot;background_background&quot;:&quot;classic&quot;,&quot;animation&quot;:&quot;fadeInLeft&quot;}\">\n\t\t\t\t<div class=\"elementor-element elementor-element-cce3f3d elementor-widget elementor-widget-heading\" data-id=\"cce3f3d\" data-element_type=\"widget\" data-widget_type=\"heading.default\">\n\t\t\t\t\t<h3 class=\"elementor-heading-title elementor-size-default\">La chaudi\u00e8re \u00e0 fioul<\/h3>\t\t\t\t<\/div>\n\t\t\t\t<div class=\"elementor-element elementor-element-8cf8434 elementor-widget elementor-widget-text-editor\" data-id=\"8cf8434\" data-element_type=\"widget\" data-widget_type=\"text-editor.default\">\n\t\t\t\t\t\t\t\t\t<p>Nous disposons d\u2019une large gamme de chaudi\u00e8res fioul, produits de marque r\u00e9put\u00e9e, avec des prix raisonnables.<\/p><p>Les chaudi\u00e8res au fioul vous permettront d\u2019\u00e9conomiser l\u2019\u00e9nergie en comparaison avec une chaudi\u00e8re traditionnelle.<\/p>\t\t\t\t\t\t\t\t<\/div>\n\t\t\t\t<\/div>\n\t\t<div class=\"elementor-element elementor-element-864f138 e-con-full e-flex coherence-sticky-section-no elementor-invisible e-con e-child\" data-id=\"864f138\" data-element_type=\"container\" data-settings=\"{&quot;background_background&quot;:&quot;classic&quot;,&quot;animation&quot;:&quot;fadeInLeft&quot;}\">\n\t\t\t\t<div class=\"elementor-element elementor-element-e3fe51d elementor-widget elementor-widget-heading\" data-id=\"e3fe51d\" data-element_type=\"widget\" data-widget_type=\"heading.default\">\n\t\t\t\t\t<h3 class=\"elementor-heading-title elementor-size-default\">La chaudi\u00e8re \u00e9lectrique<\/h3>\t\t\t\t<\/div>\n\t\t\t\t<div class=\"elementor-element elementor-element-c274509 elementor-widget elementor-widget-text-editor\" data-id=\"c274509\" data-element_type=\"widget\" data-widget_type=\"text-editor.default\">\n\t\t\t\t\t\t\t\t\t<p>La chaudi\u00e8re \u00e9lectrique est d\u2019une efficacit\u00e9 incontournable, et d\u2019une facilit\u00e9 d\u2019installation incomparable.<\/p><p>L\u2019entreprise BOUTELOUP vous propose une s\u00e9lection de meilleurs produits du march\u00e9 dans une gamme de prix plus que comp\u00e9titive.<\/p>\t\t\t\t\t\t\t\t<\/div>\n\t\t\t\t<\/div>\n\t\t<div class=\"elementor-element elementor-element-7361f55 e-con-full e-flex coherence-sticky-section-no elementor-invisible e-con e-child\" data-id=\"7361f55\" data-element_type=\"container\" data-settings=\"{&quot;background_background&quot;:&quot;classic&quot;,&quot;animation&quot;:&quot;fadeInLeft&quot;}\">\n\t\t\t\t<div class=\"elementor-element elementor-element-f8dcb29 elementor-widget elementor-widget-heading\" data-id=\"f8dcb29\" data-element_type=\"widget\" data-widget_type=\"heading.default\">\n\t\t\t\t\t<h3 class=\"elementor-heading-title elementor-size-default\">La pompe \u00e0 chaleur<\/h3>\t\t\t\t<\/div>\n\t\t\t\t<div class=\"elementor-element elementor-element-b8e0406 elementor-widget elementor-widget-text-editor\" data-id=\"b8e0406\" data-element_type=\"widget\" data-widget_type=\"text-editor.default\">\n\t\t\t\t\t\t\t\t\t<p><strong>PAC a\u00e9rothermiques :<\/strong><br \/>Une pompe \u00e0 chaleur a\u00e9rothermique capte les calories pr\u00e9sentes dans l\u2019air pour les transf\u00e9rer dans le r\u00e9seau d\u2019eau et de chauffage du b\u00e2timent, d\u2019o\u00f9 l\u2019appellation de pompe \u00e0 chaleur air\/eau.<br \/>L\u2019a\u00e9rothermie est une solution de confort \u00e9conomique et sobre en CO2. Selon les caract\u00e9ristiques de votre logement et vos \u00e9metteurs de chauffage, les pompes \u00e0 chaleur a\u00e9rothermiques peuvent garantir : Le chauffage &#8211; L\u2019eau chaude sanitaire &#8211; Le rafra\u00eechissement<\/p><p><strong>PAC g\u00e9othermiques :<\/strong><br \/>La pompe \u00e0 chaleur g\u00e9othermique capte les calories contenues dans le sol pour les transf\u00e9rer au circuit d\u2019eau de chauffage de la maison. D\u2019o\u00f9 l\u2019appellation de pompe \u00e0 chaleur eau\/eau.<br \/>Il existe trois solutions pour transf\u00e9rer la chaleur. Une fois que les capteurs sont en place, un fluide circule \u00e0 l\u2019int\u00e9rieur de ces capteurs pour capter les calories et les transporter jusqu\u2019\u00e0 la pompe \u00e0 chaleur. Ensuite, un autre fluide circule entre la pompe \u00e0 chaleur et les \u00e9metteurs de chaleur situ\u00e9s dans la maison (radiateurs, ventilo-convecteur, plancher chauffant, etc.<\/p>\t\t\t\t\t\t\t\t<\/div>\n\t\t\t\t<\/div>\n\t\t<div class=\"elementor-element elementor-element-4f31661 e-con-full e-flex coherence-sticky-section-no elementor-invisible e-con e-child\" data-id=\"4f31661\" data-element_type=\"container\" data-settings=\"{&quot;background_background&quot;:&quot;classic&quot;,&quot;animation&quot;:&quot;fadeInLeft&quot;}\">\n\t\t\t\t<div class=\"elementor-element elementor-element-66e5e72 elementor-widget elementor-widget-heading\" data-id=\"66e5e72\" data-element_type=\"widget\" data-widget_type=\"heading.default\">\n\t\t\t\t\t<h3 class=\"elementor-heading-title elementor-size-default\">Le chauffe-eau thermodynamique<\/h3>\t\t\t\t<\/div>\n\t\t\t\t<div class=\"elementor-element elementor-element-716694b elementor-widget elementor-widget-text-editor\" data-id=\"716694b\" data-element_type=\"widget\" data-widget_type=\"text-editor.default\">\n\t\t\t\t\t\t\t\t\t<p>Il s\u2019agit d\u2019un dispositif alliant un ballon de stockage d\u2019eau chaude et une pompe \u00e0 chaleur \u00e9lectrique (PAC) \u00ab air \/eau \u00bb, il permet d\u2019\u00e9conomiser de l\u2019\u00e9nergie par rapport au chauffe-eau \u00e9lectrique. Il s\u2019agit, de ce fait, d\u2019une alternative \u00e0 la fois \u00e9conomique et \u00e9cologique dans la mesure o\u00f9 ce dispositif vous permet d\u2019\u00e9conomiser de l\u2019\u00e9nergie et de l\u2019eau.<\/p><p>Avec un chauffe-eau thermodynamique, vous produisez uniquement votre eau chaude sanitaire \u00e0 l\u2019aide d\u2019une pompe \u00e0 chaleur \u00e9lectrique, vous b\u00e9n\u00e9ficiez ainsi des avantages suivants : Des \u00e9conomies d\u2019\u00e9nergie par rapport \u00e0 un ballon d\u2019eau classique \u2013 Une installation facile en maison individuelle.<\/p>\t\t\t\t\t\t\t\t<\/div>\n\t\t\t\t<\/div>\n\t\t\t\t<\/div>\n\t\t\t\t<\/div>\n\t\t\t\t\t<\/div>\n\t\t\t\t<\/div>\n\t\t<div class=\"elementor-element elementor-element-2c077e0 e-flex e-con-boxed coherence-container-background-zoom-no coherence-sticky-section-no e-con e-parent\" data-id=\"2c077e0\" data-element_type=\"container\" data-settings=\"{&quot;background_background&quot;:&quot;classic&quot;}\">\n\t\t\t\t\t<div class=\"e-con-inner\">\n\t\t<div class=\"elementor-element elementor-element-d91aea1 e-con-full animated-slow e-flex coherence-container-background-zoom-no coherence-sticky-section-no elementor-invisible e-con e-child\" data-id=\"d91aea1\" data-element_type=\"container\" data-settings=\"{&quot;background_background&quot;:&quot;classic&quot;,&quot;animation&quot;:&quot;bounceInRight&quot;}\">\n\t\t\t\t<div class=\"elementor-element elementor-element-1980dfd elementor-widget__width-initial elementor-widget elementor-widget-text-editor\" data-id=\"1980dfd\" data-element_type=\"widget\" data-widget_type=\"text-editor.default\">\n\t\t\t\t\t\t\t\t\tAvec l\u2019entreprise BOUTELOUP, la garantie satisfaction !!!\nVous souhaitez faire installer le syst\u00e8me de chauffage le plus ad\u00e9quat, contactez-nous. Nous vous accueillons en MAYENNE (53).\t\t\t\t\t\t\t\t<\/div>\n\t\t\t\t<div class=\"elementor-element elementor-element-b9e50af elementor-tablet-align-center elementor-align-center elementor-widget elementor-widget-coherence-Button-widget\" data-id=\"b9e50af\" data-element_type=\"widget\" data-widget_type=\"coherence-Button-widget.default\">\n\t\t\t\t<div class=\"elementor-widget-container\">\n\t\t\t\t\t<div class=\"elementor-button-wrapper coherence-button-wrapper\">\r\n    <a href=\"\/contact\/\" class=\"elementor-button-link elementor-button elementor-size-sm coherence-button-style-solid\" role=\"button\">\r\n        <span class=\"elementor-button-content-wrapper\">\r\n                        <span class=\"elementor-button-text\">Contactez-nous<\/span>\r\n        <\/span>\r\n    <\/a>\r\n<\/div>\t\t\t\t<\/div>\n\t\t\t\t<\/div>\n\t\t\t\t<\/div>\n\t\t\t\t\t<\/div>\n\t\t\t\t<\/div>\n\t\t\t\t<\/div>\n\t\t","protected":false},"excerpt":{"rendered":"<p>BOUTELOUP Si vous avez besoin de conseils et d\u2019assistance d\u2019un chauffagiste de confiance \u00e0 Vaiges et Monts\u00fbrs, vous pouvez compter sur l\u2019\u00e9tablissement BOUTELOUP L\u2019\u00e9tablissement BOUTELOUP propose une large gamme de services pour l\u2019installation, la mise en service et le d\u00e9pannage de votre Chauffage Vaiges, Monts\u00fbrs. Nos chauffagistes qualifi\u00e9s interviennent sur votre ballon \u00e9lectrique, chaudi\u00e8re, radiateur, [&hellip;]<\/p>\n","protected":false},"author":1,"featured_media":0,"parent":0,"menu_order":0,"comment_status":"closed","ping_status":"closed","template":"","meta":{"inline_featured_image":false,"footnotes":""},"class_list":["post-2028","page","type-page","status-publish","hentry"],"yoast_head":"<!-- This site is optimized with the Yoast SEO plugin v25.9 - https:\/\/yoast.com\/wordpress\/plugins\/seo\/ -->\n<title>Chauffage Vaiges, Monts\u00fbrs \u2013 Ets BOUTELOUP<\/title>\n<meta name=\"description\" content=\"Trouvez les meilleures solutions Chauffage Vaiges, Monts\u00fbrs chez L&#039;Ets BOUTELOUP. Etude, installation et d\u00e9pannage \u00e0 co\u00fbts et d\u00e9lais de r\u00e9alisation r\u00e9duits !\" \/>\n<meta name=\"robots\" content=\"noindex, follow, max-snippet:-1, max-image-preview:large, max-video-preview:-1\" \/>\n<meta property=\"og:locale\" content=\"fr_FR\" \/>\n<meta property=\"og:type\" content=\"article\" \/>\n<meta property=\"og:title\" content=\"Chauffage Vaiges, Monts\u00fbrs \u2013 Ets BOUTELOUP\" \/>\n<meta property=\"og:description\" content=\"Trouvez les meilleures solutions Chauffage Vaiges, Monts\u00fbrs chez L&#039;Ets BOUTELOUP. Etude, installation et d\u00e9pannage \u00e0 co\u00fbts et d\u00e9lais de r\u00e9alisation r\u00e9duits !\" \/>\n<meta property=\"og:url\" content=\"https:\/\/www.ets-bouteloup.fr\/refonte\/chauffage-vaiges-montsurs\/\" \/>\n<meta property=\"og:site_name\" content=\"ETS BOUTELOUP\" \/>\n<meta property=\"article:modified_time\" content=\"2025-05-07T14:59:20+00:00\" \/>\n<meta name=\"twitter:card\" content=\"summary_large_image\" \/>\n<meta name=\"twitter:label1\" content=\"Dur\u00e9e de lecture estim\u00e9e\" \/>\n\t<meta name=\"twitter:data1\" content=\"4 minutes\" \/>\n<script type=\"application\/ld+json\" class=\"yoast-schema-graph\">{\"@context\":\"https:\/\/schema.org\",\"@graph\":[{\"@type\":\"WebPage\",\"@id\":\"https:\/\/www.ets-bouteloup.fr\/refonte\/chauffage-vaiges-montsurs\/\",\"url\":\"https:\/\/www.ets-bouteloup.fr\/refonte\/chauffage-vaiges-montsurs\/\",\"name\":\"Chauffage Vaiges, Monts\u00fbrs \u2013 Ets BOUTELOUP\",\"isPartOf\":{\"@id\":\"https:\/\/www.ets-bouteloup.fr\/refonte\/#website\"},\"datePublished\":\"2021-11-01T11:03:13+00:00\",\"dateModified\":\"2025-05-07T14:59:20+00:00\",\"description\":\"Trouvez les meilleures solutions Chauffage Vaiges, Monts\u00fbrs chez L'Ets BOUTELOUP. Etude, installation et d\u00e9pannage \u00e0 co\u00fbts et d\u00e9lais de r\u00e9alisation r\u00e9duits !\",\"breadcrumb\":{\"@id\":\"https:\/\/www.ets-bouteloup.fr\/refonte\/chauffage-vaiges-montsurs\/#breadcrumb\"},\"inLanguage\":\"fr-FR\",\"potentialAction\":[{\"@type\":\"ReadAction\",\"target\":[\"https:\/\/www.ets-bouteloup.fr\/refonte\/chauffage-vaiges-montsurs\/\"]}]},{\"@type\":\"BreadcrumbList\",\"@id\":\"https:\/\/www.ets-bouteloup.fr\/refonte\/chauffage-vaiges-montsurs\/#breadcrumb\",\"itemListElement\":[{\"@type\":\"ListItem\",\"position\":1,\"name\":\"Home\",\"item\":\"https:\/\/www.ets-bouteloup.fr\/refonte\/\"},{\"@type\":\"ListItem\",\"position\":2,\"name\":\"&#8230; Chauffage Vaiges, Monts\u00fbrs\"}]},{\"@type\":\"WebSite\",\"@id\":\"https:\/\/www.ets-bouteloup.fr\/refonte\/#website\",\"url\":\"https:\/\/www.ets-bouteloup.fr\/refonte\/\",\"name\":\"ETS BOUTELOUP\",\"description\":\"\",\"potentialAction\":[{\"@type\":\"SearchAction\",\"target\":{\"@type\":\"EntryPoint\",\"urlTemplate\":\"https:\/\/www.ets-bouteloup.fr\/refonte\/?s={search_term_string}\"},\"query-input\":{\"@type\":\"PropertyValueSpecification\",\"valueRequired\":true,\"valueName\":\"search_term_string\"}}],\"inLanguage\":\"fr-FR\"}]}<\/script>\n<!-- \/ Yoast SEO plugin. -->","yoast_head_json":{"title":"Chauffage Vaiges, Monts\u00fbrs \u2013 Ets BOUTELOUP","description":"Trouvez les meilleures solutions Chauffage Vaiges, Monts\u00fbrs chez L'Ets BOUTELOUP. Etude, installation et d\u00e9pannage \u00e0 co\u00fbts et d\u00e9lais de r\u00e9alisation r\u00e9duits !","robots":{"index":"noindex","follow":"follow","max-snippet":"max-snippet:-1","max-image-preview":"max-image-preview:large","max-video-preview":"max-video-preview:-1"},"og_locale":"fr_FR","og_type":"article","og_title":"Chauffage Vaiges, Monts\u00fbrs \u2013 Ets BOUTELOUP","og_description":"Trouvez les meilleures solutions Chauffage Vaiges, Monts\u00fbrs chez L'Ets BOUTELOUP. Etude, installation et d\u00e9pannage \u00e0 co\u00fbts et d\u00e9lais de r\u00e9alisation r\u00e9duits !","og_url":"https:\/\/www.ets-bouteloup.fr\/refonte\/chauffage-vaiges-montsurs\/","og_site_name":"ETS BOUTELOUP","article_modified_time":"2025-05-07T14:59:20+00:00","twitter_card":"summary_large_image","twitter_misc":{"Dur\u00e9e de lecture estim\u00e9e":"4 minutes"},"schema":{"@context":"https:\/\/schema.org","@graph":[{"@type":"WebPage","@id":"https:\/\/www.ets-bouteloup.fr\/refonte\/chauffage-vaiges-montsurs\/","url":"https:\/\/www.ets-bouteloup.fr\/refonte\/chauffage-vaiges-montsurs\/","name":"Chauffage Vaiges, Monts\u00fbrs \u2013 Ets BOUTELOUP","isPartOf":{"@id":"https:\/\/www.ets-bouteloup.fr\/refonte\/#website"},"datePublished":"2021-11-01T11:03:13+00:00","dateModified":"2025-05-07T14:59:20+00:00","description":"Trouvez les meilleures solutions Chauffage Vaiges, Monts\u00fbrs chez L'Ets BOUTELOUP. Etude, installation et d\u00e9pannage \u00e0 co\u00fbts et d\u00e9lais de r\u00e9alisation r\u00e9duits !","breadcrumb":{"@id":"https:\/\/www.ets-bouteloup.fr\/refonte\/chauffage-vaiges-montsurs\/#breadcrumb"},"inLanguage":"fr-FR","potentialAction":[{"@type":"ReadAction","target":["https:\/\/www.ets-bouteloup.fr\/refonte\/chauffage-vaiges-montsurs\/"]}]},{"@type":"BreadcrumbList","@id":"https:\/\/www.ets-bouteloup.fr\/refonte\/chauffage-vaiges-montsurs\/#breadcrumb","itemListElement":[{"@type":"ListItem","position":1,"name":"Home","item":"https:\/\/www.ets-bouteloup.fr\/refonte\/"},{"@type":"ListItem","position":2,"name":"&#8230; Chauffage Vaiges, Monts\u00fbrs"}]},{"@type":"WebSite","@id":"https:\/\/www.ets-bouteloup.fr\/refonte\/#website","url":"https:\/\/www.ets-bouteloup.fr\/refonte\/","name":"ETS BOUTELOUP","description":"","potentialAction":[{"@type":"SearchAction","target":{"@type":"EntryPoint","urlTemplate":"https:\/\/www.ets-bouteloup.fr\/refonte\/?s={search_term_string}"},"query-input":{"@type":"PropertyValueSpecification","valueRequired":true,"valueName":"search_term_string"}}],"inLanguage":"fr-FR"}]}},"_links":{"self":[{"href":"https:\/\/www.ets-bouteloup.fr\/refonte\/wp-json\/wp\/v2\/pages\/2028","targetHints":{"allow":["GET"]}}],"collection":[{"href":"https:\/\/www.ets-bouteloup.fr\/refonte\/wp-json\/wp\/v2\/pages"}],"about":[{"href":"https:\/\/www.ets-bouteloup.fr\/refonte\/wp-json\/wp\/v2\/types\/page"}],"author":[{"embeddable":true,"href":"https:\/\/www.ets-bouteloup.fr\/refonte\/wp-json\/wp\/v2\/users\/1"}],"replies":[{"embeddable":true,"href":"https:\/\/www.ets-bouteloup.fr\/refonte\/wp-json\/wp\/v2\/comments?post=2028"}],"version-history":[{"count":1,"href":"https:\/\/www.ets-bouteloup.fr\/refonte\/wp-json\/wp\/v2\/pages\/2028\/revisions"}],"predecessor-version":[{"id":2518,"href":"https:\/\/www.ets-bouteloup.fr\/refonte\/wp-json\/wp\/v2\/pages\/2028\/revisions\/2518"}],"wp:attachment":[{"href":"https:\/\/www.ets-bouteloup.fr\/refonte\/wp-json\/wp\/v2\/media?parent=2028"}],"curies":[{"name":"wp","href":"https:\/\/api.w.org\/{rel}","templated":true}]}}