{"id":2033,"date":"2021-11-01T12:03:17","date_gmt":"2021-11-01T11:03:17","guid":{"rendered":"https:\/\/www.ets-bouteloup.fr\/?page_id=2033"},"modified":"2025-05-07T16:59:21","modified_gmt":"2025-05-07T14:59:21","slug":"electricite-la-chapelle-rainsouin-jublains-sainte-suzanne","status":"publish","type":"page","link":"https:\/\/www.ets-bouteloup.fr\/refonte\/electricite-la-chapelle-rainsouin-jublains-sainte-suzanne\/","title":{"rendered":"&#8230; \u00c9lectricit\u00e9 La Chapelle-Rainsouin, Jublains, Sainte-Suzanne"},"content":{"rendered":"\t\t<div data-elementor-type=\"wp-page\" data-elementor-id=\"2033\" class=\"elementor elementor-2033\">\n\t\t\t\t<div class=\"elementor-element elementor-element-9925704 sec_h1 e-flex e-con-boxed coherence-container-background-zoom-no coherence-sticky-section-no elementor-invisible e-con e-parent\" data-id=\"9925704\" data-element_type=\"container\" data-settings=\"{&quot;animation&quot;:&quot;fadeInUp&quot;}\">\n\t\t\t\t\t<div class=\"e-con-inner\">\n\t\t<div class=\"elementor-element elementor-element-f7936ca e-con-full e-flex coherence-container-background-zoom-no coherence-sticky-section-no e-con e-child\" data-id=\"f7936ca\" data-element_type=\"container\" data-settings=\"{&quot;background_background&quot;:&quot;classic&quot;}\">\n\t\t<div class=\"elementor-element elementor-element-85a0add e-con-full animate_01 elementor-hidden-tablet elementor-hidden-mobile_extra elementor-hidden-mobile e-flex coherence-container-background-zoom-no coherence-sticky-section-no e-con e-child\" data-id=\"85a0add\" data-element_type=\"container\" data-settings=\"{&quot;position&quot;:&quot;absolute&quot;}\">\n\t\t\t\t<\/div>\n\t\t\t\t<\/div>\n\t\t<div class=\"elementor-element elementor-element-9b6899d e-con-full e-flex coherence-container-background-zoom-no coherence-sticky-section-no e-con e-child\" data-id=\"9b6899d\" data-element_type=\"container\" data-settings=\"{&quot;background_background&quot;:&quot;classic&quot;}\">\n\t\t\t\t<div class=\"elementor-element elementor-element-0c7e9e2 elementor-widget-divider--view-line elementor-widget elementor-widget-divider\" data-id=\"0c7e9e2\" data-element_type=\"widget\" data-widget_type=\"divider.default\">\n\t\t\t\t\t\t\t<div class=\"elementor-divider\">\n\t\t\t<span class=\"elementor-divider-separator\">\n\t\t\t\t\t\t<\/span>\n\t\t<\/div>\n\t\t\t\t\t\t<\/div>\n\t\t\t\t<div class=\"elementor-element elementor-element-66f40fb elementor-widget elementor-widget-coherence_Heading_widget\" data-id=\"66f40fb\" data-element_type=\"widget\" data-widget_type=\"coherence_Heading_widget.default\">\n\t\t\t\t<div class=\"elementor-widget-container\">\n\t\t\t\t\t<h1 class=\"coherence-heading elementor-heading-title\"><span class=\"separator-sup-title\">BOUTELOUP<\/span> <span class=\"coherence-heading-text\">Vous \u00eates \u00e0 la qu\u00eate d\u2019un professionnel sp\u00e9cialis\u00e9 en installation et d\u00e9pannage \u00e9lectrique \u00e0 La Chapelle-Rainsouin, Jublains, ou Sainte-Suzanne ? L\u2019entreprise BOUTELOUP est votre choix id\u00e9al, capable de r\u00e9aliser vos projets \u00e9lectriques, qu\u2019ils soient en construction ou en r\u00e9novation, dans toute la r\u00e9gion de la Mayenne 53<\/span>  <\/h1>\t\t\t\t<\/div>\n\t\t\t\t<\/div>\n\t\t\t\t<div class=\"elementor-element elementor-element-86505c4 elementor-widget elementor-widget-text-editor\" data-id=\"86505c4\" data-element_type=\"widget\" data-widget_type=\"text-editor.default\">\n\t\t\t\t\t\t\t\t\t<p>Si vous avez besoin d\u2019un sp\u00e9cialiste pour vos projets d\u2019\u00e9lectricit\u00e9 \u00e0 La Chapelle-Rainsouin, Jublains, Sainte-Suzanne, n\u2019h\u00e9sitez pas \u00e0 faire confiance aux \u00e9lectriciens aguerris de l\u2019entreprise BOUTELOUP.<\/p><p>Vous \u00eates aux prises avec une panne \u00e9lectrique ? Vous envisagez d\u2019installer de nouveaux appareils \u00e9lectriques ? Ou vous souhaitez moderniser votre r\u00e9seau actuel ? Partagez avec nous vos besoins. L\u2019entreprise BOUTELOUP est votre r\u00e9f\u00e9rence reconnue pour tous vos projets d\u2019\u00c9lectricit\u00e9 La Chapelle-Rainsouin, Jublains, Sainte-Suzanne.Nos \u00e9lectriciens qualifi\u00e9s sont toujours \u00e0 votre disposition, que ce soit pour un projet de construction ou de r\u00e9novation.<\/p><p>Pour toute demande d\u2019informations, ou pour un devis concernant une r\u00e9paration ou une installation \u00e9lectrique en Mayenne, faites-nous part de vos besoins, simplement en nous appelant au : 02 43 01 66 20. Nous sommes \u00e9galement \u00e0 votre \u00e9coute pour toute demande sp\u00e9cifique via notre formulaire de contact.<\/p>\t\t\t\t\t\t\t\t<\/div>\n\t\t\t\t<div class=\"elementor-element elementor-element-928e52e elementor-tablet-align-center elementor-widget elementor-widget-coherence-Button-widget\" data-id=\"928e52e\" data-element_type=\"widget\" data-widget_type=\"coherence-Button-widget.default\">\n\t\t\t\t<div class=\"elementor-widget-container\">\n\t\t\t\t\t<div class=\"elementor-button-wrapper coherence-button-wrapper\">\r\n    <a href=\"\/contact\/\" class=\"elementor-button-link elementor-button elementor-size-sm coherence-button-style-solid\" role=\"button\">\r\n        <span class=\"elementor-button-content-wrapper\">\r\n                        <span class=\"elementor-button-text\">Devis gratuit<\/span>\r\n        <\/span>\r\n    <\/a>\r\n<\/div>\t\t\t\t<\/div>\n\t\t\t\t<\/div>\n\t\t\t\t<\/div>\n\t\t\t\t\t<\/div>\n\t\t\t\t<\/div>\n\t\t<div class=\"elementor-element elementor-element-01d87cc e-flex e-con-boxed coherence-container-background-zoom-no coherence-sticky-section-no e-con e-parent\" data-id=\"01d87cc\" data-element_type=\"container\" data-settings=\"{&quot;background_background&quot;:&quot;classic&quot;}\">\n\t\t\t\t\t<div class=\"e-con-inner\">\n\t\t<div class=\"elementor-element elementor-element-204fa92 e-con-full e-flex coherence-container-background-zoom-no coherence-sticky-section-no elementor-invisible e-con e-child\" data-id=\"204fa92\" data-element_type=\"container\" data-settings=\"{&quot;background_background&quot;:&quot;classic&quot;,&quot;animation&quot;:&quot;slideInDown&quot;}\">\n\t\t\t\t<div class=\"elementor-element elementor-element-5e65baf elementor-widget-divider--view-line elementor-widget elementor-widget-divider\" data-id=\"5e65baf\" data-element_type=\"widget\" data-widget_type=\"divider.default\">\n\t\t\t\t\t\t\t<div class=\"elementor-divider\">\n\t\t\t<span class=\"elementor-divider-separator\">\n\t\t\t\t\t\t<\/span>\n\t\t<\/div>\n\t\t\t\t\t\t<\/div>\n\t\t\t\t<div class=\"elementor-element elementor-element-d5ce0b5 elementor-widget elementor-widget-coherence_Heading_widget\" data-id=\"d5ce0b5\" data-element_type=\"widget\" data-widget_type=\"coherence_Heading_widget.default\">\n\t\t\t\t<div class=\"elementor-widget-container\">\n\t\t\t\t\t<h2 class=\"coherence-heading elementor-heading-title\"> <span class=\"coherence-heading-text\">R\u00e9alisez votre projet d\u2019installation ou de r\u00e9paration \u00e9lectrique \u00e0 La Chapelle-Rainsouin, Jublains, Sainte-Suzanne avec l\u2019entreprise BOUTELOUP<\/span>  <\/h2>\t\t\t\t<\/div>\n\t\t\t\t<\/div>\n\t\t\t\t<\/div>\n\t\t<div class=\"elementor-element elementor-element-200f3f5 e-con-full e-flex coherence-container-background-zoom-no coherence-sticky-section-no e-con e-child\" data-id=\"200f3f5\" data-element_type=\"container\">\n\t\t<div class=\"elementor-element elementor-element-3ec2ff9 e-con-full e-flex coherence-container-background-zoom-no coherence-sticky-section-no e-con e-child\" data-id=\"3ec2ff9\" data-element_type=\"container\">\n\t\t<div class=\"elementor-element elementor-element-0075c03 e-con-full e-flex coherence-container-background-zoom-no coherence-sticky-section-no elementor-invisible e-con e-child\" data-id=\"0075c03\" data-element_type=\"container\" data-settings=\"{&quot;background_background&quot;:&quot;classic&quot;,&quot;animation&quot;:&quot;fadeInLeft&quot;}\">\n\t\t\t\t<div class=\"elementor-element elementor-element-2ff65a2 elementor-widget__width-initial elementor-widget-tablet_extra__width-initial elementor-widget elementor-widget-text-editor\" data-id=\"2ff65a2\" data-element_type=\"widget\" data-widget_type=\"text-editor.default\">\n\t\t\t\t\t\t\t\t\t<p>Nos prestations en plomberie :<\/p><p>L\u2019entreprise BOUTELOUP est \u00e9galement votre partenaire pour trouver des solutions en mati\u00e8re de sanitaires, la conception de syst\u00e8mes de plomberie ou des interventions de maintenance plus complexes comme la d\u00e9tection de fuites. Nos plombiers se rendent chez vous en Mayenne pour faire un diagnostic de votre plomberie. Nous effectuons vos projets de plomberie en construction neuve mais \u00e9galement en r\u00e9novation.<\/p><p>Nos plombiers ont les comp\u00e9tences pour r\u00e9gler aussi bien des probl\u00e8mes de connexion de vos appareils au r\u00e9seau d\u2019eau que pour trouver une fuite dans une installation de plomberie ancienne, intervenir sur une pompe\u2026 Forts de leur exp\u00e9rience en d\u00e9pannage, nos techniciens plombiers interviennent avec le m\u00eame professionnalisme pour d\u00e9boucher un conduit ou changer un joint us\u00e9 que pour remplacer une chaudi\u00e8re, des sanitaires, une robinetterie, une distribution hydraulique\u2026.<\/p>\t\t\t\t\t\t\t\t<\/div>\n\t\t\t\t<\/div>\n\t\t\t\t<\/div>\n\t\t<div class=\"elementor-element elementor-element-7df506a e-con-full animate_01 e-flex coherence-container-background-zoom-no coherence-sticky-section-no elementor-invisible e-con e-child\" data-id=\"7df506a\" data-element_type=\"container\" data-settings=\"{&quot;background_background&quot;:&quot;classic&quot;,&quot;animation&quot;:&quot;fadeInRight&quot;}\">\n\t\t\t\t<\/div>\n\t\t\t\t<\/div>\n\t\t\t\t\t<\/div>\n\t\t\t\t<\/div>\n\t\t<div class=\"elementor-element elementor-element-5614395 e-flex e-con-boxed coherence-container-background-zoom-no coherence-sticky-section-no e-con e-parent\" data-id=\"5614395\" data-element_type=\"container\" data-settings=\"{&quot;background_background&quot;:&quot;classic&quot;}\">\n\t\t\t\t\t<div class=\"e-con-inner\">\n\t\t<div class=\"elementor-element elementor-element-92fe206 e-con-full animated-slow e-flex coherence-container-background-zoom-no coherence-sticky-section-no elementor-invisible e-con e-child\" data-id=\"92fe206\" data-element_type=\"container\" data-settings=\"{&quot;background_background&quot;:&quot;classic&quot;,&quot;animation&quot;:&quot;bounceInRight&quot;}\">\n\t\t\t\t<div class=\"elementor-element elementor-element-abf4c0d elementor-widget__width-initial elementor-widget elementor-widget-text-editor\" data-id=\"abf4c0d\" data-element_type=\"widget\" data-widget_type=\"text-editor.default\">\n\t\t\t\t\t\t\t\t\t<p>Pour plus d\u2019informations sur nos prestations en plomberie et en \u00e9lectricit\u00e9, contactez l\u2019entreprise BOUTELOUP en MAYENNE (53). Nos conseillers sont \u00e0 votre disposition pour vous fournir un devis, n\u2019h\u00e9sitez pas \u00e0 nous pr\u00e9senter votre projet.<\/p>\t\t\t\t\t\t\t\t<\/div>\n\t\t\t\t<div class=\"elementor-element elementor-element-726a029 elementor-tablet-align-center elementor-align-center elementor-widget elementor-widget-coherence-Button-widget\" data-id=\"726a029\" data-element_type=\"widget\" data-widget_type=\"coherence-Button-widget.default\">\n\t\t\t\t<div class=\"elementor-widget-container\">\n\t\t\t\t\t<div class=\"elementor-button-wrapper coherence-button-wrapper\">\r\n    <a href=\"\/contact\/\" class=\"elementor-button-link elementor-button elementor-size-sm coherence-button-style-solid\" role=\"button\">\r\n        <span class=\"elementor-button-content-wrapper\">\r\n                        <span class=\"elementor-button-text\">Contactez-nous<\/span>\r\n        <\/span>\r\n    <\/a>\r\n<\/div>\t\t\t\t<\/div>\n\t\t\t\t<\/div>\n\t\t\t\t<\/div>\n\t\t\t\t\t<\/div>\n\t\t\t\t<\/div>\n\t\t\t\t<\/div>\n\t\t","protected":false},"excerpt":{"rendered":"<p>BOUTELOUP Vous \u00eates \u00e0 la qu\u00eate d\u2019un professionnel sp\u00e9cialis\u00e9 en installation et d\u00e9pannage \u00e9lectrique \u00e0 La Chapelle-Rainsouin, Jublains, ou Sainte-Suzanne ? L\u2019entreprise BOUTELOUP est votre choix id\u00e9al, capable de r\u00e9aliser vos projets \u00e9lectriques, qu\u2019ils soient en construction ou en r\u00e9novation, dans toute la r\u00e9gion de la Mayenne 53 Si vous avez besoin d\u2019un sp\u00e9cialiste pour [&hellip;]<\/p>\n","protected":false},"author":1,"featured_media":0,"parent":0,"menu_order":0,"comment_status":"closed","ping_status":"closed","template":"","meta":{"inline_featured_image":false,"footnotes":""},"class_list":["post-2033","page","type-page","status-publish","hentry"],"yoast_head":"<!-- This site is optimized with the Yoast SEO plugin v25.9 - https:\/\/yoast.com\/wordpress\/plugins\/seo\/ -->\n<title>\u00c9lectricit\u00e9 La Chapelle-Rainsouin, Jublains, Sainte-Suzanne<\/title>\n<meta name=\"description\" content=\"Besoin d&#039;un expert en travaux d&#039;\u00c9lectricit\u00e9 La Chapelle-Rainsouin, Jublains, Sainte-Suzanne ? BOUTELOUP est le professionnel qu&#039;il vous faut ! Installation et r\u00e9paration \u00e0 co\u00fbts r\u00e9duits !\" \/>\n<meta name=\"robots\" content=\"noindex, follow, max-snippet:-1, max-image-preview:large, max-video-preview:-1\" \/>\n<meta property=\"og:locale\" content=\"fr_FR\" \/>\n<meta property=\"og:type\" content=\"article\" \/>\n<meta property=\"og:title\" content=\"\u00c9lectricit\u00e9 La Chapelle-Rainsouin, Jublains, Sainte-Suzanne\" \/>\n<meta property=\"og:description\" content=\"Besoin d&#039;un expert en travaux d&#039;\u00c9lectricit\u00e9 La Chapelle-Rainsouin, Jublains, Sainte-Suzanne ? BOUTELOUP est le professionnel qu&#039;il vous faut ! Installation et r\u00e9paration \u00e0 co\u00fbts r\u00e9duits !\" \/>\n<meta property=\"og:url\" content=\"https:\/\/www.ets-bouteloup.fr\/refonte\/electricite-la-chapelle-rainsouin-jublains-sainte-suzanne\/\" \/>\n<meta property=\"og:site_name\" content=\"ETS BOUTELOUP\" \/>\n<meta property=\"article:modified_time\" content=\"2025-05-07T14:59:21+00:00\" \/>\n<meta name=\"twitter:card\" content=\"summary_large_image\" \/>\n<meta name=\"twitter:label1\" content=\"Dur\u00e9e de lecture estim\u00e9e\" \/>\n\t<meta name=\"twitter:data1\" content=\"2 minutes\" \/>\n<script type=\"application\/ld+json\" class=\"yoast-schema-graph\">{\"@context\":\"https:\/\/schema.org\",\"@graph\":[{\"@type\":\"WebPage\",\"@id\":\"https:\/\/www.ets-bouteloup.fr\/refonte\/electricite-la-chapelle-rainsouin-jublains-sainte-suzanne\/\",\"url\":\"https:\/\/www.ets-bouteloup.fr\/refonte\/electricite-la-chapelle-rainsouin-jublains-sainte-suzanne\/\",\"name\":\"\u00c9lectricit\u00e9 La Chapelle-Rainsouin, Jublains, Sainte-Suzanne\",\"isPartOf\":{\"@id\":\"https:\/\/www.ets-bouteloup.fr\/refonte\/#website\"},\"datePublished\":\"2021-11-01T11:03:17+00:00\",\"dateModified\":\"2025-05-07T14:59:21+00:00\",\"description\":\"Besoin d'un expert en travaux d'\u00c9lectricit\u00e9 La Chapelle-Rainsouin, Jublains, Sainte-Suzanne ? BOUTELOUP est le professionnel qu'il vous faut ! Installation et r\u00e9paration \u00e0 co\u00fbts r\u00e9duits !\",\"breadcrumb\":{\"@id\":\"https:\/\/www.ets-bouteloup.fr\/refonte\/electricite-la-chapelle-rainsouin-jublains-sainte-suzanne\/#breadcrumb\"},\"inLanguage\":\"fr-FR\",\"potentialAction\":[{\"@type\":\"ReadAction\",\"target\":[\"https:\/\/www.ets-bouteloup.fr\/refonte\/electricite-la-chapelle-rainsouin-jublains-sainte-suzanne\/\"]}]},{\"@type\":\"BreadcrumbList\",\"@id\":\"https:\/\/www.ets-bouteloup.fr\/refonte\/electricite-la-chapelle-rainsouin-jublains-sainte-suzanne\/#breadcrumb\",\"itemListElement\":[{\"@type\":\"ListItem\",\"position\":1,\"name\":\"Home\",\"item\":\"https:\/\/www.ets-bouteloup.fr\/refonte\/\"},{\"@type\":\"ListItem\",\"position\":2,\"name\":\"&#8230; \u00c9lectricit\u00e9 La Chapelle-Rainsouin, Jublains, Sainte-Suzanne\"}]},{\"@type\":\"WebSite\",\"@id\":\"https:\/\/www.ets-bouteloup.fr\/refonte\/#website\",\"url\":\"https:\/\/www.ets-bouteloup.fr\/refonte\/\",\"name\":\"ETS BOUTELOUP\",\"description\":\"\",\"potentialAction\":[{\"@type\":\"SearchAction\",\"target\":{\"@type\":\"EntryPoint\",\"urlTemplate\":\"https:\/\/www.ets-bouteloup.fr\/refonte\/?s={search_term_string}\"},\"query-input\":{\"@type\":\"PropertyValueSpecification\",\"valueRequired\":true,\"valueName\":\"search_term_string\"}}],\"inLanguage\":\"fr-FR\"}]}<\/script>\n<!-- \/ Yoast SEO plugin. -->","yoast_head_json":{"title":"\u00c9lectricit\u00e9 La Chapelle-Rainsouin, Jublains, Sainte-Suzanne","description":"Besoin d'un expert en travaux d'\u00c9lectricit\u00e9 La Chapelle-Rainsouin, Jublains, Sainte-Suzanne ? BOUTELOUP est le professionnel qu'il vous faut ! Installation et r\u00e9paration \u00e0 co\u00fbts r\u00e9duits !","robots":{"index":"noindex","follow":"follow","max-snippet":"max-snippet:-1","max-image-preview":"max-image-preview:large","max-video-preview":"max-video-preview:-1"},"og_locale":"fr_FR","og_type":"article","og_title":"\u00c9lectricit\u00e9 La Chapelle-Rainsouin, Jublains, Sainte-Suzanne","og_description":"Besoin d'un expert en travaux d'\u00c9lectricit\u00e9 La Chapelle-Rainsouin, Jublains, Sainte-Suzanne ? BOUTELOUP est le professionnel qu'il vous faut ! Installation et r\u00e9paration \u00e0 co\u00fbts r\u00e9duits !","og_url":"https:\/\/www.ets-bouteloup.fr\/refonte\/electricite-la-chapelle-rainsouin-jublains-sainte-suzanne\/","og_site_name":"ETS BOUTELOUP","article_modified_time":"2025-05-07T14:59:21+00:00","twitter_card":"summary_large_image","twitter_misc":{"Dur\u00e9e de lecture estim\u00e9e":"2 minutes"},"schema":{"@context":"https:\/\/schema.org","@graph":[{"@type":"WebPage","@id":"https:\/\/www.ets-bouteloup.fr\/refonte\/electricite-la-chapelle-rainsouin-jublains-sainte-suzanne\/","url":"https:\/\/www.ets-bouteloup.fr\/refonte\/electricite-la-chapelle-rainsouin-jublains-sainte-suzanne\/","name":"\u00c9lectricit\u00e9 La Chapelle-Rainsouin, Jublains, Sainte-Suzanne","isPartOf":{"@id":"https:\/\/www.ets-bouteloup.fr\/refonte\/#website"},"datePublished":"2021-11-01T11:03:17+00:00","dateModified":"2025-05-07T14:59:21+00:00","description":"Besoin d'un expert en travaux d'\u00c9lectricit\u00e9 La Chapelle-Rainsouin, Jublains, Sainte-Suzanne ? BOUTELOUP est le professionnel qu'il vous faut ! Installation et r\u00e9paration \u00e0 co\u00fbts r\u00e9duits !","breadcrumb":{"@id":"https:\/\/www.ets-bouteloup.fr\/refonte\/electricite-la-chapelle-rainsouin-jublains-sainte-suzanne\/#breadcrumb"},"inLanguage":"fr-FR","potentialAction":[{"@type":"ReadAction","target":["https:\/\/www.ets-bouteloup.fr\/refonte\/electricite-la-chapelle-rainsouin-jublains-sainte-suzanne\/"]}]},{"@type":"BreadcrumbList","@id":"https:\/\/www.ets-bouteloup.fr\/refonte\/electricite-la-chapelle-rainsouin-jublains-sainte-suzanne\/#breadcrumb","itemListElement":[{"@type":"ListItem","position":1,"name":"Home","item":"https:\/\/www.ets-bouteloup.fr\/refonte\/"},{"@type":"ListItem","position":2,"name":"&#8230; \u00c9lectricit\u00e9 La Chapelle-Rainsouin, Jublains, Sainte-Suzanne"}]},{"@type":"WebSite","@id":"https:\/\/www.ets-bouteloup.fr\/refonte\/#website","url":"https:\/\/www.ets-bouteloup.fr\/refonte\/","name":"ETS BOUTELOUP","description":"","potentialAction":[{"@type":"SearchAction","target":{"@type":"EntryPoint","urlTemplate":"https:\/\/www.ets-bouteloup.fr\/refonte\/?s={search_term_string}"},"query-input":{"@type":"PropertyValueSpecification","valueRequired":true,"valueName":"search_term_string"}}],"inLanguage":"fr-FR"}]}},"_links":{"self":[{"href":"https:\/\/www.ets-bouteloup.fr\/refonte\/wp-json\/wp\/v2\/pages\/2033","targetHints":{"allow":["GET"]}}],"collection":[{"href":"https:\/\/www.ets-bouteloup.fr\/refonte\/wp-json\/wp\/v2\/pages"}],"about":[{"href":"https:\/\/www.ets-bouteloup.fr\/refonte\/wp-json\/wp\/v2\/types\/page"}],"author":[{"embeddable":true,"href":"https:\/\/www.ets-bouteloup.fr\/refonte\/wp-json\/wp\/v2\/users\/1"}],"replies":[{"embeddable":true,"href":"https:\/\/www.ets-bouteloup.fr\/refonte\/wp-json\/wp\/v2\/comments?post=2033"}],"version-history":[{"count":1,"href":"https:\/\/www.ets-bouteloup.fr\/refonte\/wp-json\/wp\/v2\/pages\/2033\/revisions"}],"predecessor-version":[{"id":2528,"href":"https:\/\/www.ets-bouteloup.fr\/refonte\/wp-json\/wp\/v2\/pages\/2033\/revisions\/2528"}],"wp:attachment":[{"href":"https:\/\/www.ets-bouteloup.fr\/refonte\/wp-json\/wp\/v2\/media?parent=2033"}],"curies":[{"name":"wp","href":"https:\/\/api.w.org\/{rel}","templated":true}]}}