{"id":2039,"date":"2021-11-01T12:03:35","date_gmt":"2021-11-01T11:03:35","guid":{"rendered":"https:\/\/www.ets-bouteloup.fr\/?page_id=2039"},"modified":"2025-05-07T16:59:22","modified_gmt":"2025-05-07T14:59:22","slug":"plomberie-la-chapelle-rainsouin-jublains-sainte-suzanne","status":"publish","type":"page","link":"https:\/\/www.ets-bouteloup.fr\/refonte\/plomberie-la-chapelle-rainsouin-jublains-sainte-suzanne\/","title":{"rendered":"&#8230; Plomberie La Chapelle-Rainsouin, Jublains, Sainte-Suzanne"},"content":{"rendered":"\t\t<div data-elementor-type=\"wp-page\" data-elementor-id=\"2039\" class=\"elementor elementor-2039\">\n\t\t\t\t<div class=\"elementor-element elementor-element-92b68db sec_h1 e-flex e-con-boxed coherence-container-background-zoom-no coherence-sticky-section-no elementor-invisible e-con e-parent\" data-id=\"92b68db\" data-element_type=\"container\" data-settings=\"{&quot;animation&quot;:&quot;fadeInUp&quot;}\">\n\t\t\t\t\t<div class=\"e-con-inner\">\n\t\t<div class=\"elementor-element elementor-element-bf284e5 e-con-full e-flex coherence-container-background-zoom-no coherence-sticky-section-no e-con e-child\" data-id=\"bf284e5\" data-element_type=\"container\" data-settings=\"{&quot;background_background&quot;:&quot;classic&quot;}\">\n\t\t<div class=\"elementor-element elementor-element-8422b95 e-con-full animate_01 elementor-hidden-tablet elementor-hidden-mobile_extra elementor-hidden-mobile e-flex coherence-container-background-zoom-no coherence-sticky-section-no e-con e-child\" data-id=\"8422b95\" data-element_type=\"container\" data-settings=\"{&quot;position&quot;:&quot;absolute&quot;}\">\n\t\t\t\t<\/div>\n\t\t\t\t<\/div>\n\t\t<div class=\"elementor-element elementor-element-7192289 e-con-full e-flex coherence-container-background-zoom-no coherence-sticky-section-no e-con e-child\" data-id=\"7192289\" data-element_type=\"container\" data-settings=\"{&quot;background_background&quot;:&quot;classic&quot;}\">\n\t\t\t\t<div class=\"elementor-element elementor-element-837e80e elementor-widget-divider--view-line elementor-widget elementor-widget-divider\" data-id=\"837e80e\" data-element_type=\"widget\" data-widget_type=\"divider.default\">\n\t\t\t\t\t\t\t<div class=\"elementor-divider\">\n\t\t\t<span class=\"elementor-divider-separator\">\n\t\t\t\t\t\t<\/span>\n\t\t<\/div>\n\t\t\t\t\t\t<\/div>\n\t\t\t\t<div class=\"elementor-element elementor-element-47b2e36 elementor-widget elementor-widget-coherence_Heading_widget\" data-id=\"47b2e36\" data-element_type=\"widget\" data-widget_type=\"coherence_Heading_widget.default\">\n\t\t\t\t<div class=\"elementor-widget-container\">\n\t\t\t\t\t<h1 class=\"coherence-heading elementor-heading-title\"><span class=\"separator-sup-title\">BOUTELOUP<\/span> <span class=\"coherence-heading-text\">Si vous \u00eates \u00e0 la recherche d\u2019un professionnel comp\u00e9tent en plomberie dans les localit\u00e9s de La Chapelle-Rainsouin, Jublains, Sainte-Suzanne, Ets BOUTELOUP est votre choix id\u00e9al! Nous sommes pr\u00eats \u00e0 r\u00e9pondre \u00e0 vos besoins en mati\u00e8re de plomberie, que ce soit pour un projet de construction neuve ou une r\u00e9novation, dans tout le d\u00e9partement de la Mayenne 53<\/span>  <\/h1>\t\t\t\t<\/div>\n\t\t\t\t<\/div>\n\t\t\t\t<div class=\"elementor-element elementor-element-c62eb80 elementor-widget elementor-widget-text-editor\" data-id=\"c62eb80\" data-element_type=\"widget\" data-widget_type=\"text-editor.default\">\n\t\t\t\t\t\t\t\t\t<p>Ets BOUTELOUP fournit une gamme de services de plomberie La Chapelle-Rainsouin, Jublains, Sainte-Suzanne. Notre \u00e9quipe d\u2019artisans plombiers d\u00e9vou\u00e9s s\u2019engage \u00e0 vous offrir les meilleures prestations, depuis l\u2019installation jusqu\u2019\u00e0 la mise en service de vos \u00e9quipements sanitaires. Nous effectuons \u00e9galement des interventions de d\u00e9pannage et de r\u00e9paration de vos \u00e9quipements existants ou autres probl\u00e8mes li\u00e9s \u00e0 votre plomberie.<\/p><p>Si vous n\u00e9cessitez un expert en plomberie La Chapelle-Rainsouin, Jublains, Sainte-Suzanne, n\u2019h\u00e9sitez pas \u00e0 nous communiquer votre besoin au : 02 43 01 66 20.<\/p>\t\t\t\t\t\t\t\t<\/div>\n\t\t\t\t<div class=\"elementor-element elementor-element-0e86231 elementor-tablet-align-center elementor-widget elementor-widget-coherence-Button-widget\" data-id=\"0e86231\" data-element_type=\"widget\" data-widget_type=\"coherence-Button-widget.default\">\n\t\t\t\t<div class=\"elementor-widget-container\">\n\t\t\t\t\t<div class=\"elementor-button-wrapper coherence-button-wrapper\">\r\n    <a href=\"\/contact\/\" class=\"elementor-button-link elementor-button elementor-size-sm coherence-button-style-solid\" role=\"button\">\r\n        <span class=\"elementor-button-content-wrapper\">\r\n                        <span class=\"elementor-button-text\">Devis gratuit<\/span>\r\n        <\/span>\r\n    <\/a>\r\n<\/div>\t\t\t\t<\/div>\n\t\t\t\t<\/div>\n\t\t\t\t<\/div>\n\t\t\t\t\t<\/div>\n\t\t\t\t<\/div>\n\t\t<div class=\"elementor-element elementor-element-6d790a9 e-flex e-con-boxed coherence-container-background-zoom-no coherence-sticky-section-no e-con e-parent\" data-id=\"6d790a9\" data-element_type=\"container\" data-settings=\"{&quot;background_background&quot;:&quot;classic&quot;}\">\n\t\t\t\t\t<div class=\"e-con-inner\">\n\t\t<div class=\"elementor-element elementor-element-63886d8 e-con-full e-flex coherence-container-background-zoom-no coherence-sticky-section-no e-con e-child\" data-id=\"63886d8\" data-element_type=\"container\">\n\t\t<div class=\"elementor-element elementor-element-3d64126 e-con-full e-flex coherence-container-background-zoom-no coherence-sticky-section-no e-con e-child\" data-id=\"3d64126\" data-element_type=\"container\">\n\t\t<div class=\"elementor-element elementor-element-c817f52 e-con-full e-flex coherence-container-background-zoom-no coherence-sticky-section-no elementor-invisible e-con e-child\" data-id=\"c817f52\" data-element_type=\"container\" data-settings=\"{&quot;background_background&quot;:&quot;classic&quot;,&quot;animation&quot;:&quot;fadeInLeft&quot;}\">\n\t\t\t\t<div class=\"elementor-element elementor-element-b1a6c48 elementor-widget__width-initial elementor-widget-tablet_extra__width-initial elementor-widget elementor-widget-text-editor\" data-id=\"b1a6c48\" data-element_type=\"widget\" data-widget_type=\"text-editor.default\">\n\t\t\t\t\t\t\t\t\t<p>Nos prestations en plomberie La Chapelle-Rainsouin, Jublains, Sainte-Suzanne :<\/p><p>L\u2019entreprise BOUTELOUP se sp\u00e9cialise dans la r\u00e9solution de probl\u00e8mes li\u00e9s \u00e0 l\u2019installation de sanitaires, la conception de syst\u00e8mes de plomberie et la r\u00e9alisation de travaux de maintenance plus \u00e9labor\u00e9s. Nos plombiers se d\u00e9placent chez vous en Mayenne pour effectuer une analyse compl\u00e8te de votre plomberie. Nous accomplissons vos travaux de plomberie tant pour des constructions neuves que pour des r\u00e9novations.<\/p><p>Nos plombiers sont habilit\u00e9s \u00e0 traiter diverses probl\u00e9matiques, qu\u2019il s\u2019agisse du raccordement de vos \u00e9quipements au r\u00e9seau d\u2019eau, de la recherche d\u2019une fuite sur une ancienne installation de plomberie ou de l\u2019intervention sur une pompe. Sp\u00e9cialistes du d\u00e9pannage, nos techniciens interviennent avec la m\u00eame rigueur pour d\u00e9boucher une canalisation, changer un joint us\u00e9, remplacer une chaudi\u00e8re, des sanitaires, une robinetterie, une distribution hydraulique\u2026<\/p>\t\t\t\t\t\t\t\t<\/div>\n\t\t\t\t<\/div>\n\t\t\t\t<\/div>\n\t\t<div class=\"elementor-element elementor-element-f31afd1 e-con-full animate_01 e-flex coherence-container-background-zoom-no coherence-sticky-section-no elementor-invisible e-con e-child\" data-id=\"f31afd1\" data-element_type=\"container\" data-settings=\"{&quot;background_background&quot;:&quot;classic&quot;,&quot;animation&quot;:&quot;fadeInRight&quot;}\">\n\t\t\t\t<\/div>\n\t\t\t\t<\/div>\n\t\t\t\t\t<\/div>\n\t\t\t\t<\/div>\n\t\t<div class=\"elementor-element elementor-element-2b41ab3 e-flex e-con-boxed coherence-container-background-zoom-no coherence-sticky-section-no e-con e-parent\" data-id=\"2b41ab3\" data-element_type=\"container\" data-settings=\"{&quot;background_background&quot;:&quot;classic&quot;}\">\n\t\t\t\t\t<div class=\"e-con-inner\">\n\t\t<div class=\"elementor-element elementor-element-8cfb4cc e-con-full e-flex coherence-container-background-zoom-no coherence-sticky-section-no e-con e-child\" data-id=\"8cfb4cc\" data-element_type=\"container\">\n\t\t<div class=\"elementor-element elementor-element-fa9254b e-con-full e-flex coherence-container-background-zoom-no coherence-sticky-section-no elementor-invisible e-con e-child\" data-id=\"fa9254b\" data-element_type=\"container\" data-settings=\"{&quot;background_background&quot;:&quot;classic&quot;,&quot;animation&quot;:&quot;fadeInLeft&quot;}\">\n\t\t\t\t<\/div>\n\t\t<div class=\"elementor-element elementor-element-eaf6653 e-con-full e-flex coherence-container-background-zoom-no coherence-sticky-section-no elementor-invisible e-con e-child\" data-id=\"eaf6653\" data-element_type=\"container\" data-settings=\"{&quot;background_background&quot;:&quot;classic&quot;,&quot;animation&quot;:&quot;fadeInRight&quot;}\">\n\t\t\t\t<div class=\"elementor-element elementor-element-8252712 elementor-widget-divider--view-line elementor-widget elementor-widget-divider\" data-id=\"8252712\" data-element_type=\"widget\" data-widget_type=\"divider.default\">\n\t\t\t\t\t\t\t<div class=\"elementor-divider\">\n\t\t\t<span class=\"elementor-divider-separator\">\n\t\t\t\t\t\t<\/span>\n\t\t<\/div>\n\t\t\t\t\t\t<\/div>\n\t\t\t\t<div class=\"elementor-element elementor-element-c6d2fb5 elementor-widget elementor-widget-coherence_Heading_widget\" data-id=\"c6d2fb5\" data-element_type=\"widget\" data-widget_type=\"coherence_Heading_widget.default\">\n\t\t\t\t<div class=\"elementor-widget-container\">\n\t\t\t\t\t<h2 class=\"coherence-heading elementor-heading-title\"> <span class=\"coherence-heading-text\">Pour votre plomberie !! Faites appel \u00e0 l\u2019entreprise Bouteloup<\/span>  <\/h2>\t\t\t\t<\/div>\n\t\t\t\t<\/div>\n\t\t\t\t<div class=\"elementor-element elementor-element-1781e6a elementor-widget elementor-widget-text-editor\" data-id=\"1781e6a\" data-element_type=\"widget\" data-widget_type=\"text-editor.default\">\n\t\t\t\t\t\t\t\t\t<p>Nos prestations en \u00e9lectricit\u00e9 :<\/p><p>Vous comptez faire une installation en \u00e9lectricit\u00e9, contactez la soci\u00e9t\u00e9 BOUTELOUP bas\u00e9e en Mayenne( 53).<br \/>Envisagez-vous de faire une installation \u00e9lectrique ? Contactez BOUTELOUP, notre entreprise bas\u00e9e en Mayenne (53). L\u2019\u00e9lectricit\u00e9 est un \u00e9l\u00e9ment technique essentiel dans votre projet de r\u00e9novation, garantissant la protection des personnes et la s\u00e9curit\u00e9 des appareils. L\u2019installation \u00e9lectrique que BOUTELOUP envisagera de mettre en place respectera les normes en vigueur, offrant un excellent rapport qualit\u00e9-prix.<\/p><p>Nos experts sont sp\u00e9cialis\u00e9s dans l\u2019installation de domotique, de VMC simple et double flux, VMC hygror\u00e9glable et climatisation. Nous nous engageons \u00e0 vous conseiller sur le nombre et le type de prises \u00e0 installer, l\u2019\u00e9clairage et le choix des \u00e9quipements. Nous vous guiderons pour parfaire l\u2019harmonie de votre int\u00e9rieur et de votre ext\u00e9rieur, en valorisant votre d\u00e9cor et votre design.<\/p>\t\t\t\t\t\t\t\t<\/div>\n\t\t\t\t<\/div>\n\t\t\t\t<\/div>\n\t\t\t\t\t<\/div>\n\t\t\t\t<\/div>\n\t\t<div class=\"elementor-element elementor-element-619d699 e-flex e-con-boxed coherence-container-background-zoom-no coherence-sticky-section-no e-con e-parent\" data-id=\"619d699\" data-element_type=\"container\" data-settings=\"{&quot;background_background&quot;:&quot;classic&quot;}\">\n\t\t\t\t\t<div class=\"e-con-inner\">\n\t\t<div class=\"elementor-element elementor-element-186527e e-con-full animated-slow e-flex coherence-container-background-zoom-no coherence-sticky-section-no elementor-invisible e-con e-child\" data-id=\"186527e\" data-element_type=\"container\" data-settings=\"{&quot;background_background&quot;:&quot;classic&quot;,&quot;animation&quot;:&quot;bounceInRight&quot;}\">\n\t\t\t\t<div class=\"elementor-element elementor-element-66c4bc3 elementor-widget__width-initial elementor-widget elementor-widget-text-editor\" data-id=\"66c4bc3\" data-element_type=\"widget\" data-widget_type=\"text-editor.default\">\n\t\t\t\t\t\t\t\t\t<p>Pour plus d\u2019informations sur nos services de plomberie et d\u2019\u00e9lectricit\u00e9, contactez BOUTELOUP \u00e0 La Chapelle-Rainsouin, Jublains, Sainte-Suzanne. Nos conseillers seront ravis de vous fournir un devis, alors n\u2019h\u00e9sitez pas \u00e0 nous pr\u00e9senter votre projet<\/p>\t\t\t\t\t\t\t\t<\/div>\n\t\t\t\t<div class=\"elementor-element elementor-element-102b80d elementor-tablet-align-center elementor-align-center elementor-widget elementor-widget-coherence-Button-widget\" data-id=\"102b80d\" data-element_type=\"widget\" data-widget_type=\"coherence-Button-widget.default\">\n\t\t\t\t<div class=\"elementor-widget-container\">\n\t\t\t\t\t<div class=\"elementor-button-wrapper coherence-button-wrapper\">\r\n    <a href=\"\/contact\/\" class=\"elementor-button-link elementor-button elementor-size-sm coherence-button-style-solid\" role=\"button\">\r\n        <span class=\"elementor-button-content-wrapper\">\r\n                        <span class=\"elementor-button-text\">Contactez-nous<\/span>\r\n        <\/span>\r\n    <\/a>\r\n<\/div>\t\t\t\t<\/div>\n\t\t\t\t<\/div>\n\t\t\t\t<\/div>\n\t\t\t\t\t<\/div>\n\t\t\t\t<\/div>\n\t\t\t\t<\/div>\n\t\t","protected":false},"excerpt":{"rendered":"<p>BOUTELOUP Si vous \u00eates \u00e0 la recherche d\u2019un professionnel comp\u00e9tent en plomberie dans les localit\u00e9s de La Chapelle-Rainsouin, Jublains, Sainte-Suzanne, Ets BOUTELOUP est votre choix id\u00e9al! Nous sommes pr\u00eats \u00e0 r\u00e9pondre \u00e0 vos besoins en mati\u00e8re de plomberie, que ce soit pour un projet de construction neuve ou une r\u00e9novation, dans tout le d\u00e9partement de [&hellip;]<\/p>\n","protected":false},"author":1,"featured_media":0,"parent":0,"menu_order":0,"comment_status":"closed","ping_status":"closed","template":"","meta":{"inline_featured_image":false,"footnotes":""},"class_list":["post-2039","page","type-page","status-publish","hentry"],"yoast_head":"<!-- This site is optimized with the Yoast SEO plugin v25.9 - https:\/\/yoast.com\/wordpress\/plugins\/seo\/ -->\n<title>plomberie La Chapelle-Rainsouin, Jublains, Sainte-Suzanne<\/title>\n<meta name=\"description\" content=\"Vous cherchez un artisan sp\u00e9cialis\u00e9 en plomberie La Chapelle-Rainsouin, Jublains, Sainte-Suzanne ? Ets BOUTELOUP et le plombier reconnu qu&#039;il vous faut ! Faites-nous part de votre projet !\" \/>\n<meta name=\"robots\" content=\"noindex, follow, max-snippet:-1, max-image-preview:large, max-video-preview:-1\" \/>\n<meta property=\"og:locale\" content=\"fr_FR\" \/>\n<meta property=\"og:type\" content=\"article\" \/>\n<meta property=\"og:title\" content=\"plomberie La Chapelle-Rainsouin, Jublains, Sainte-Suzanne\" \/>\n<meta property=\"og:description\" content=\"Vous cherchez un artisan sp\u00e9cialis\u00e9 en plomberie La Chapelle-Rainsouin, Jublains, Sainte-Suzanne ? Ets BOUTELOUP et le plombier reconnu qu&#039;il vous faut ! Faites-nous part de votre projet !\" \/>\n<meta property=\"og:url\" content=\"https:\/\/www.ets-bouteloup.fr\/refonte\/plomberie-la-chapelle-rainsouin-jublains-sainte-suzanne\/\" \/>\n<meta property=\"og:site_name\" content=\"ETS BOUTELOUP\" \/>\n<meta property=\"article:modified_time\" content=\"2025-05-07T14:59:22+00:00\" \/>\n<meta name=\"twitter:card\" content=\"summary_large_image\" \/>\n<meta name=\"twitter:label1\" content=\"Dur\u00e9e de lecture estim\u00e9e\" \/>\n\t<meta name=\"twitter:data1\" content=\"3 minutes\" \/>\n<script type=\"application\/ld+json\" class=\"yoast-schema-graph\">{\"@context\":\"https:\/\/schema.org\",\"@graph\":[{\"@type\":\"WebPage\",\"@id\":\"https:\/\/www.ets-bouteloup.fr\/refonte\/plomberie-la-chapelle-rainsouin-jublains-sainte-suzanne\/\",\"url\":\"https:\/\/www.ets-bouteloup.fr\/refonte\/plomberie-la-chapelle-rainsouin-jublains-sainte-suzanne\/\",\"name\":\"plomberie La Chapelle-Rainsouin, Jublains, Sainte-Suzanne\",\"isPartOf\":{\"@id\":\"https:\/\/www.ets-bouteloup.fr\/refonte\/#website\"},\"datePublished\":\"2021-11-01T11:03:35+00:00\",\"dateModified\":\"2025-05-07T14:59:22+00:00\",\"description\":\"Vous cherchez un artisan sp\u00e9cialis\u00e9 en plomberie La Chapelle-Rainsouin, Jublains, Sainte-Suzanne ? Ets BOUTELOUP et le plombier reconnu qu'il vous faut ! Faites-nous part de votre projet !\",\"breadcrumb\":{\"@id\":\"https:\/\/www.ets-bouteloup.fr\/refonte\/plomberie-la-chapelle-rainsouin-jublains-sainte-suzanne\/#breadcrumb\"},\"inLanguage\":\"fr-FR\",\"potentialAction\":[{\"@type\":\"ReadAction\",\"target\":[\"https:\/\/www.ets-bouteloup.fr\/refonte\/plomberie-la-chapelle-rainsouin-jublains-sainte-suzanne\/\"]}]},{\"@type\":\"BreadcrumbList\",\"@id\":\"https:\/\/www.ets-bouteloup.fr\/refonte\/plomberie-la-chapelle-rainsouin-jublains-sainte-suzanne\/#breadcrumb\",\"itemListElement\":[{\"@type\":\"ListItem\",\"position\":1,\"name\":\"Home\",\"item\":\"https:\/\/www.ets-bouteloup.fr\/refonte\/\"},{\"@type\":\"ListItem\",\"position\":2,\"name\":\"&#8230; Plomberie La Chapelle-Rainsouin, Jublains, Sainte-Suzanne\"}]},{\"@type\":\"WebSite\",\"@id\":\"https:\/\/www.ets-bouteloup.fr\/refonte\/#website\",\"url\":\"https:\/\/www.ets-bouteloup.fr\/refonte\/\",\"name\":\"ETS BOUTELOUP\",\"description\":\"\",\"potentialAction\":[{\"@type\":\"SearchAction\",\"target\":{\"@type\":\"EntryPoint\",\"urlTemplate\":\"https:\/\/www.ets-bouteloup.fr\/refonte\/?s={search_term_string}\"},\"query-input\":{\"@type\":\"PropertyValueSpecification\",\"valueRequired\":true,\"valueName\":\"search_term_string\"}}],\"inLanguage\":\"fr-FR\"}]}<\/script>\n<!-- \/ Yoast SEO plugin. -->","yoast_head_json":{"title":"plomberie La Chapelle-Rainsouin, Jublains, Sainte-Suzanne","description":"Vous cherchez un artisan sp\u00e9cialis\u00e9 en plomberie La Chapelle-Rainsouin, Jublains, Sainte-Suzanne ? Ets BOUTELOUP et le plombier reconnu qu'il vous faut ! Faites-nous part de votre projet !","robots":{"index":"noindex","follow":"follow","max-snippet":"max-snippet:-1","max-image-preview":"max-image-preview:large","max-video-preview":"max-video-preview:-1"},"og_locale":"fr_FR","og_type":"article","og_title":"plomberie La Chapelle-Rainsouin, Jublains, Sainte-Suzanne","og_description":"Vous cherchez un artisan sp\u00e9cialis\u00e9 en plomberie La Chapelle-Rainsouin, Jublains, Sainte-Suzanne ? Ets BOUTELOUP et le plombier reconnu qu'il vous faut ! Faites-nous part de votre projet !","og_url":"https:\/\/www.ets-bouteloup.fr\/refonte\/plomberie-la-chapelle-rainsouin-jublains-sainte-suzanne\/","og_site_name":"ETS BOUTELOUP","article_modified_time":"2025-05-07T14:59:22+00:00","twitter_card":"summary_large_image","twitter_misc":{"Dur\u00e9e de lecture estim\u00e9e":"3 minutes"},"schema":{"@context":"https:\/\/schema.org","@graph":[{"@type":"WebPage","@id":"https:\/\/www.ets-bouteloup.fr\/refonte\/plomberie-la-chapelle-rainsouin-jublains-sainte-suzanne\/","url":"https:\/\/www.ets-bouteloup.fr\/refonte\/plomberie-la-chapelle-rainsouin-jublains-sainte-suzanne\/","name":"plomberie La Chapelle-Rainsouin, Jublains, Sainte-Suzanne","isPartOf":{"@id":"https:\/\/www.ets-bouteloup.fr\/refonte\/#website"},"datePublished":"2021-11-01T11:03:35+00:00","dateModified":"2025-05-07T14:59:22+00:00","description":"Vous cherchez un artisan sp\u00e9cialis\u00e9 en plomberie La Chapelle-Rainsouin, Jublains, Sainte-Suzanne ? Ets BOUTELOUP et le plombier reconnu qu'il vous faut ! Faites-nous part de votre projet !","breadcrumb":{"@id":"https:\/\/www.ets-bouteloup.fr\/refonte\/plomberie-la-chapelle-rainsouin-jublains-sainte-suzanne\/#breadcrumb"},"inLanguage":"fr-FR","potentialAction":[{"@type":"ReadAction","target":["https:\/\/www.ets-bouteloup.fr\/refonte\/plomberie-la-chapelle-rainsouin-jublains-sainte-suzanne\/"]}]},{"@type":"BreadcrumbList","@id":"https:\/\/www.ets-bouteloup.fr\/refonte\/plomberie-la-chapelle-rainsouin-jublains-sainte-suzanne\/#breadcrumb","itemListElement":[{"@type":"ListItem","position":1,"name":"Home","item":"https:\/\/www.ets-bouteloup.fr\/refonte\/"},{"@type":"ListItem","position":2,"name":"&#8230; Plomberie La Chapelle-Rainsouin, Jublains, Sainte-Suzanne"}]},{"@type":"WebSite","@id":"https:\/\/www.ets-bouteloup.fr\/refonte\/#website","url":"https:\/\/www.ets-bouteloup.fr\/refonte\/","name":"ETS BOUTELOUP","description":"","potentialAction":[{"@type":"SearchAction","target":{"@type":"EntryPoint","urlTemplate":"https:\/\/www.ets-bouteloup.fr\/refonte\/?s={search_term_string}"},"query-input":{"@type":"PropertyValueSpecification","valueRequired":true,"valueName":"search_term_string"}}],"inLanguage":"fr-FR"}]}},"_links":{"self":[{"href":"https:\/\/www.ets-bouteloup.fr\/refonte\/wp-json\/wp\/v2\/pages\/2039","targetHints":{"allow":["GET"]}}],"collection":[{"href":"https:\/\/www.ets-bouteloup.fr\/refonte\/wp-json\/wp\/v2\/pages"}],"about":[{"href":"https:\/\/www.ets-bouteloup.fr\/refonte\/wp-json\/wp\/v2\/types\/page"}],"author":[{"embeddable":true,"href":"https:\/\/www.ets-bouteloup.fr\/refonte\/wp-json\/wp\/v2\/users\/1"}],"replies":[{"embeddable":true,"href":"https:\/\/www.ets-bouteloup.fr\/refonte\/wp-json\/wp\/v2\/comments?post=2039"}],"version-history":[{"count":1,"href":"https:\/\/www.ets-bouteloup.fr\/refonte\/wp-json\/wp\/v2\/pages\/2039\/revisions"}],"predecessor-version":[{"id":2542,"href":"https:\/\/www.ets-bouteloup.fr\/refonte\/wp-json\/wp\/v2\/pages\/2039\/revisions\/2542"}],"wp:attachment":[{"href":"https:\/\/www.ets-bouteloup.fr\/refonte\/wp-json\/wp\/v2\/media?parent=2039"}],"curies":[{"name":"wp","href":"https:\/\/api.w.org\/{rel}","templated":true}]}}