{"id":2040,"date":"2021-11-01T12:03:44","date_gmt":"2021-11-01T11:03:44","guid":{"rendered":"https:\/\/www.ets-bouteloup.fr\/?page_id=2040"},"modified":"2025-05-07T16:59:22","modified_gmt":"2025-05-07T14:59:22","slug":"salle-de-bain-cle-en-main-vaiges-montsurs","status":"publish","type":"page","link":"https:\/\/www.ets-bouteloup.fr\/refonte\/salle-de-bain-cle-en-main-vaiges-montsurs\/","title":{"rendered":"&#8230; Salle de bain cl\u00e9 en main Vaiges, Monts\u00fbrs"},"content":{"rendered":"\t\t<div data-elementor-type=\"wp-page\" data-elementor-id=\"2040\" class=\"elementor elementor-2040\">\n\t\t\t\t<div class=\"elementor-element elementor-element-3026aed sec_h1 e-flex e-con-boxed coherence-container-background-zoom-no coherence-sticky-section-no elementor-invisible e-con e-parent\" data-id=\"3026aed\" data-element_type=\"container\" data-settings=\"{&quot;animation&quot;:&quot;fadeInUp&quot;}\">\n\t\t\t\t\t<div class=\"e-con-inner\">\n\t\t<div class=\"elementor-element elementor-element-717c5ca e-con-full e-flex coherence-container-background-zoom-no coherence-sticky-section-no e-con e-child\" data-id=\"717c5ca\" data-element_type=\"container\" data-settings=\"{&quot;background_background&quot;:&quot;classic&quot;}\">\n\t\t<div class=\"elementor-element elementor-element-d8096f3 e-con-full animate_01 elementor-hidden-tablet elementor-hidden-mobile_extra elementor-hidden-mobile e-flex coherence-container-background-zoom-no coherence-sticky-section-no e-con e-child\" data-id=\"d8096f3\" data-element_type=\"container\" data-settings=\"{&quot;position&quot;:&quot;absolute&quot;}\">\n\t\t\t\t<\/div>\n\t\t\t\t<\/div>\n\t\t<div class=\"elementor-element elementor-element-75202bb e-con-full e-flex coherence-container-background-zoom-no coherence-sticky-section-no e-con e-child\" data-id=\"75202bb\" data-element_type=\"container\" data-settings=\"{&quot;background_background&quot;:&quot;classic&quot;}\">\n\t\t\t\t<div class=\"elementor-element elementor-element-c20a66d elementor-widget-divider--view-line elementor-widget elementor-widget-divider\" data-id=\"c20a66d\" data-element_type=\"widget\" data-widget_type=\"divider.default\">\n\t\t\t\t\t\t\t<div class=\"elementor-divider\">\n\t\t\t<span class=\"elementor-divider-separator\">\n\t\t\t\t\t\t<\/span>\n\t\t<\/div>\n\t\t\t\t\t\t<\/div>\n\t\t\t\t<div class=\"elementor-element elementor-element-ecc292b elementor-widget elementor-widget-coherence_Heading_widget\" data-id=\"ecc292b\" data-element_type=\"widget\" data-widget_type=\"coherence_Heading_widget.default\">\n\t\t\t\t<div class=\"elementor-widget-container\">\n\t\t\t\t\t<h1 class=\"coherence-heading elementor-heading-title\"><span class=\"separator-sup-title\">BOUTELOUP<\/span> <span class=\"coherence-heading-text\">Si vous \u00eates \u00e0 la recherche d\u2019un professionnel pour refaire votre salle de bain dans la r\u00e9gion de Mayenne 53, n\u2019h\u00e9sitez pas \u00e0 consulter Ets BOUTELOUP. Ils sont vos experts en cr\u00e9ation de salles de bain cl\u00e9 en main \u00e0 Vaiges et Monts\u00fbrs<\/span>  <\/h1>\t\t\t\t<\/div>\n\t\t\t\t<\/div>\n\t\t\t\t<div class=\"elementor-element elementor-element-109a0c7 elementor-widget elementor-widget-text-editor\" data-id=\"109a0c7\" data-element_type=\"widget\" data-widget_type=\"text-editor.default\">\n\t\t\t\t\t\t\t\t\t<p>Besoin de renouveler votre espace priv\u00e9 ? Envisagez-vous de remettre \u00e0 neuf vos installations sanitaires ou \u00e9lectriques ? Faites confiance \u00e0 l\u2019expertise de BOUTELOUP. Ils sont vos sp\u00e9cialistes en conception de salle de bain cl\u00e9 en main Vaiges, Monts\u00fbrs.<\/p><p>Notre \u00e9quipe est compos\u00e9e d\u2019artisans comp\u00e9tents dans divers domaines. Nous intervenons pour des clients professionnels et particuliers dans toute la r\u00e9gion de Mayenne pour diff\u00e9rents projets de construction ou de r\u00e9novation de salle de bain.<\/p><p>Offrez \u00e0 votre espace intime un souffle de fraicheur, d\u2019utilit\u00e9 et de s\u00e9curit\u00e9 avec nos solutions d\u2019agencement de salle de bain cl\u00e9 en main Vaiges, Monts\u00fbrs.<\/p>\t\t\t\t\t\t\t\t<\/div>\n\t\t\t\t<div class=\"elementor-element elementor-element-b124f29 elementor-tablet-align-center elementor-widget elementor-widget-coherence-Button-widget\" data-id=\"b124f29\" data-element_type=\"widget\" data-widget_type=\"coherence-Button-widget.default\">\n\t\t\t\t<div class=\"elementor-widget-container\">\n\t\t\t\t\t<div class=\"elementor-button-wrapper coherence-button-wrapper\">\r\n    <a href=\"\/contact\/\" class=\"elementor-button-link elementor-button elementor-size-sm coherence-button-style-solid\" role=\"button\">\r\n        <span class=\"elementor-button-content-wrapper\">\r\n                        <span class=\"elementor-button-text\">Devis gratuit<\/span>\r\n        <\/span>\r\n    <\/a>\r\n<\/div>\t\t\t\t<\/div>\n\t\t\t\t<\/div>\n\t\t\t\t<\/div>\n\t\t\t\t\t<\/div>\n\t\t\t\t<\/div>\n\t\t<div class=\"elementor-element elementor-element-cebc6e5 e-flex e-con-boxed coherence-container-background-zoom-no coherence-sticky-section-no e-con e-parent\" data-id=\"cebc6e5\" data-element_type=\"container\" data-settings=\"{&quot;background_background&quot;:&quot;classic&quot;}\">\n\t\t\t\t\t<div class=\"e-con-inner\">\n\t\t<div class=\"elementor-element elementor-element-378f285 e-con-full e-flex coherence-container-background-zoom-no coherence-sticky-section-no e-con e-child\" data-id=\"378f285\" data-element_type=\"container\">\n\t\t<div class=\"elementor-element elementor-element-b2fc309 e-con-full e-flex coherence-container-background-zoom-no coherence-sticky-section-no e-con e-child\" data-id=\"b2fc309\" data-element_type=\"container\">\n\t\t<div class=\"elementor-element elementor-element-8b1d761 e-con-full e-flex coherence-container-background-zoom-no coherence-sticky-section-no elementor-invisible e-con e-child\" data-id=\"8b1d761\" data-element_type=\"container\" data-settings=\"{&quot;background_background&quot;:&quot;classic&quot;,&quot;animation&quot;:&quot;fadeInLeft&quot;}\">\n\t\t\t\t<div class=\"elementor-element elementor-element-7797849 elementor-widget__width-initial elementor-widget-tablet_extra__width-initial elementor-widget elementor-widget-text-editor\" data-id=\"7797849\" data-element_type=\"widget\" data-widget_type=\"text-editor.default\">\n\t\t\t\t\t\t\t\t\t<p>Chez BOUTELOUP, nous avons toutes les comp\u00e9tences n\u00e9cessaires pour transformer votre salle de bain selon vos souhaits, la moderniser, l\u2019am\u00e9liorer esth\u00e9tiquement, la rendre plus fonctionnelle et confortable. Nos collaborateurs \u00e9laborent une \u00e9tude technique en amont pour garantir un r\u00e9sultat impeccable. Peu importe la taille, la forme ou les couleurs de votre salle de bain, chez BOUTELOUP, nous la r\u00e9am\u00e9nageons enti\u00e8rement selon vos pr\u00e9f\u00e9rences.<\/p><p>BOUTELOUP propose \u00e9galement des services pour am\u00e9nager des salles de bains pour les personnes \u00e0 mobilit\u00e9 r\u00e9duite (PMR), des spas, et des salles de bains cl\u00e9 en main.<\/p>\t\t\t\t\t\t\t\t<\/div>\n\t\t\t\t<\/div>\n\t\t\t\t<\/div>\n\t\t<div class=\"elementor-element elementor-element-8dc038e e-con-full animate_01 e-flex coherence-container-background-zoom-no coherence-sticky-section-no elementor-invisible e-con e-child\" data-id=\"8dc038e\" data-element_type=\"container\" data-settings=\"{&quot;background_background&quot;:&quot;classic&quot;,&quot;animation&quot;:&quot;fadeInRight&quot;}\">\n\t\t\t\t<\/div>\n\t\t\t\t<\/div>\n\t\t\t\t\t<\/div>\n\t\t\t\t<\/div>\n\t\t<div class=\"elementor-element elementor-element-f05fa6f e-flex e-con-boxed coherence-container-background-zoom-no coherence-sticky-section-no e-con e-parent\" data-id=\"f05fa6f\" data-element_type=\"container\" data-settings=\"{&quot;background_background&quot;:&quot;classic&quot;}\">\n\t\t\t\t\t<div class=\"e-con-inner\">\n\t\t<div class=\"elementor-element elementor-element-7b2fe0d e-con-full e-flex coherence-container-background-zoom-no coherence-sticky-section-no e-con e-child\" data-id=\"7b2fe0d\" data-element_type=\"container\">\n\t\t<div class=\"elementor-element elementor-element-730a51f e-con-full e-flex coherence-container-background-zoom-no coherence-sticky-section-no elementor-invisible e-con e-child\" data-id=\"730a51f\" data-element_type=\"container\" data-settings=\"{&quot;background_background&quot;:&quot;classic&quot;,&quot;animation&quot;:&quot;fadeInLeft&quot;}\">\n\t\t\t\t<\/div>\n\t\t<div class=\"elementor-element elementor-element-c26cfd9 e-con-full e-flex coherence-container-background-zoom-no coherence-sticky-section-no elementor-invisible e-con e-child\" data-id=\"c26cfd9\" data-element_type=\"container\" data-settings=\"{&quot;background_background&quot;:&quot;classic&quot;,&quot;animation&quot;:&quot;fadeInRight&quot;}\">\n\t\t\t\t<div class=\"elementor-element elementor-element-8998c87 elementor-widget-divider--view-line elementor-widget elementor-widget-divider\" data-id=\"8998c87\" data-element_type=\"widget\" data-widget_type=\"divider.default\">\n\t\t\t\t\t\t\t<div class=\"elementor-divider\">\n\t\t\t<span class=\"elementor-divider-separator\">\n\t\t\t\t\t\t<\/span>\n\t\t<\/div>\n\t\t\t\t\t\t<\/div>\n\t\t\t\t<div class=\"elementor-element elementor-element-621bb25 elementor-widget elementor-widget-coherence_Heading_widget\" data-id=\"621bb25\" data-element_type=\"widget\" data-widget_type=\"coherence_Heading_widget.default\">\n\t\t\t\t<div class=\"elementor-widget-container\">\n\t\t\t\t\t<h2 class=\"coherence-heading elementor-heading-title\"> <span class=\"coherence-heading-text\">Nos services de haute qualit\u00e9 pour votre salle de bain cl\u00e9 en main \u00e0 Vaiges, Monts\u00fbrs incluent :<\/span>  <\/h2>\t\t\t\t<\/div>\n\t\t\t\t<\/div>\n\t\t\t\t<div class=\"elementor-element elementor-element-2b38198 elementor-widget elementor-widget-text-editor\" data-id=\"2b38198\" data-element_type=\"widget\" data-widget_type=\"text-editor.default\">\n\t\t\t\t\t\t\t\t\t<ul>\n<li>Agencement<\/li>\n<li>Douche<\/li>\n<li>Baignoire<\/li>\n<li>Lavabos et vasques<\/li>\n<li>Robinetterie<\/li>\n<li>Meubles et accessoires de salle de bain<\/li>\n<li>Douches \u00e0 l\u2019italienne<\/li>\n<li>Niche dans la douche<\/li>\n<li>WC suspendu<\/li>\n<li>Carrelage<\/li>\n<\/ul>\t\t\t\t\t\t\t\t<\/div>\n\t\t\t\t<\/div>\n\t\t\t\t<\/div>\n\t\t\t\t\t<\/div>\n\t\t\t\t<\/div>\n\t\t<div class=\"elementor-element elementor-element-3f85ee9 e-flex e-con-boxed coherence-container-background-zoom-no coherence-sticky-section-no e-con e-parent\" data-id=\"3f85ee9\" data-element_type=\"container\" data-settings=\"{&quot;background_background&quot;:&quot;classic&quot;}\">\n\t\t\t\t\t<div class=\"e-con-inner\">\n\t\t<div class=\"elementor-element elementor-element-c6b6cd7 e-con-full animated-slow e-flex coherence-container-background-zoom-no coherence-sticky-section-no elementor-invisible e-con e-child\" data-id=\"c6b6cd7\" data-element_type=\"container\" data-settings=\"{&quot;background_background&quot;:&quot;classic&quot;,&quot;animation&quot;:&quot;bounceInRight&quot;}\">\n\t\t\t\t<div class=\"elementor-element elementor-element-281a61a elementor-widget__width-initial elementor-widget elementor-widget-text-editor\" data-id=\"281a61a\" data-element_type=\"widget\" data-widget_type=\"text-editor.default\">\n\t\t\t\t\t\t\t\t\tPour toute information concernant votre projet de r\u00e9novation ou de cr\u00e9ation de votre salle de bain sur mesure, l\u2019entreprise BOUTELOUP est \u00e0 votre \u00e9coute.\t\t\t\t\t\t\t\t<\/div>\n\t\t\t\t<div class=\"elementor-element elementor-element-017ee3d elementor-tablet-align-center elementor-align-center elementor-widget elementor-widget-coherence-Button-widget\" data-id=\"017ee3d\" data-element_type=\"widget\" data-widget_type=\"coherence-Button-widget.default\">\n\t\t\t\t<div class=\"elementor-widget-container\">\n\t\t\t\t\t<div class=\"elementor-button-wrapper coherence-button-wrapper\">\r\n    <a href=\"\/contact\/\" class=\"elementor-button-link elementor-button elementor-size-sm coherence-button-style-solid\" role=\"button\">\r\n        <span class=\"elementor-button-content-wrapper\">\r\n                        <span class=\"elementor-button-text\">Contactez-nous<\/span>\r\n        <\/span>\r\n    <\/a>\r\n<\/div>\t\t\t\t<\/div>\n\t\t\t\t<\/div>\n\t\t\t\t<\/div>\n\t\t\t\t\t<\/div>\n\t\t\t\t<\/div>\n\t\t\t\t<\/div>\n\t\t","protected":false},"excerpt":{"rendered":"<p>BOUTELOUP Si vous \u00eates \u00e0 la recherche d\u2019un professionnel pour refaire votre salle de bain dans la r\u00e9gion de Mayenne 53, n\u2019h\u00e9sitez pas \u00e0 consulter Ets BOUTELOUP. Ils sont vos experts en cr\u00e9ation de salles de bain cl\u00e9 en main \u00e0 Vaiges et Monts\u00fbrs Besoin de renouveler votre espace priv\u00e9 ? Envisagez-vous de remettre \u00e0 [&hellip;]<\/p>\n","protected":false},"author":1,"featured_media":0,"parent":0,"menu_order":0,"comment_status":"closed","ping_status":"closed","template":"","meta":{"inline_featured_image":false,"footnotes":""},"class_list":["post-2040","page","type-page","status-publish","hentry"],"yoast_head":"<!-- This site is optimized with the Yoast SEO plugin v25.9 - https:\/\/yoast.com\/wordpress\/plugins\/seo\/ -->\n<title>salle de bain cl\u00e9 en main Vaiges, Monts\u00fbrs \u2013 BOUTELOUP<\/title>\n<meta name=\"description\" content=\"L\u2019entreprise BOUTELOUP est qualifi\u00e9e et reconnue pour la r\u00e9novation ou la cr\u00e9ation de salle de bain cl\u00e9 en main Vaiges, Monts\u00fbrs.\" \/>\n<meta name=\"robots\" content=\"noindex, follow, max-snippet:-1, max-image-preview:large, max-video-preview:-1\" \/>\n<meta property=\"og:locale\" content=\"fr_FR\" \/>\n<meta property=\"og:type\" content=\"article\" \/>\n<meta property=\"og:title\" content=\"salle de bain cl\u00e9 en main Vaiges, Monts\u00fbrs \u2013 BOUTELOUP\" \/>\n<meta property=\"og:description\" content=\"L\u2019entreprise BOUTELOUP est qualifi\u00e9e et reconnue pour la r\u00e9novation ou la cr\u00e9ation de salle de bain cl\u00e9 en main Vaiges, Monts\u00fbrs.\" \/>\n<meta property=\"og:url\" content=\"https:\/\/www.ets-bouteloup.fr\/refonte\/salle-de-bain-cle-en-main-vaiges-montsurs\/\" \/>\n<meta property=\"og:site_name\" content=\"ETS BOUTELOUP\" \/>\n<meta property=\"article:modified_time\" content=\"2025-05-07T14:59:22+00:00\" \/>\n<meta name=\"twitter:card\" content=\"summary_large_image\" \/>\n<meta name=\"twitter:label1\" content=\"Dur\u00e9e de lecture estim\u00e9e\" \/>\n\t<meta name=\"twitter:data1\" content=\"2 minutes\" \/>\n<script type=\"application\/ld+json\" class=\"yoast-schema-graph\">{\"@context\":\"https:\/\/schema.org\",\"@graph\":[{\"@type\":\"WebPage\",\"@id\":\"https:\/\/www.ets-bouteloup.fr\/refonte\/salle-de-bain-cle-en-main-vaiges-montsurs\/\",\"url\":\"https:\/\/www.ets-bouteloup.fr\/refonte\/salle-de-bain-cle-en-main-vaiges-montsurs\/\",\"name\":\"salle de bain cl\u00e9 en main Vaiges, Monts\u00fbrs \u2013 BOUTELOUP\",\"isPartOf\":{\"@id\":\"https:\/\/www.ets-bouteloup.fr\/refonte\/#website\"},\"datePublished\":\"2021-11-01T11:03:44+00:00\",\"dateModified\":\"2025-05-07T14:59:22+00:00\",\"description\":\"L\u2019entreprise BOUTELOUP est qualifi\u00e9e et reconnue pour la r\u00e9novation ou la cr\u00e9ation de salle de bain cl\u00e9 en main Vaiges, Monts\u00fbrs.\",\"breadcrumb\":{\"@id\":\"https:\/\/www.ets-bouteloup.fr\/refonte\/salle-de-bain-cle-en-main-vaiges-montsurs\/#breadcrumb\"},\"inLanguage\":\"fr-FR\",\"potentialAction\":[{\"@type\":\"ReadAction\",\"target\":[\"https:\/\/www.ets-bouteloup.fr\/refonte\/salle-de-bain-cle-en-main-vaiges-montsurs\/\"]}]},{\"@type\":\"BreadcrumbList\",\"@id\":\"https:\/\/www.ets-bouteloup.fr\/refonte\/salle-de-bain-cle-en-main-vaiges-montsurs\/#breadcrumb\",\"itemListElement\":[{\"@type\":\"ListItem\",\"position\":1,\"name\":\"Home\",\"item\":\"https:\/\/www.ets-bouteloup.fr\/refonte\/\"},{\"@type\":\"ListItem\",\"position\":2,\"name\":\"&#8230; Salle de bain cl\u00e9 en main Vaiges, Monts\u00fbrs\"}]},{\"@type\":\"WebSite\",\"@id\":\"https:\/\/www.ets-bouteloup.fr\/refonte\/#website\",\"url\":\"https:\/\/www.ets-bouteloup.fr\/refonte\/\",\"name\":\"ETS BOUTELOUP\",\"description\":\"\",\"potentialAction\":[{\"@type\":\"SearchAction\",\"target\":{\"@type\":\"EntryPoint\",\"urlTemplate\":\"https:\/\/www.ets-bouteloup.fr\/refonte\/?s={search_term_string}\"},\"query-input\":{\"@type\":\"PropertyValueSpecification\",\"valueRequired\":true,\"valueName\":\"search_term_string\"}}],\"inLanguage\":\"fr-FR\"}]}<\/script>\n<!-- \/ Yoast SEO plugin. -->","yoast_head_json":{"title":"salle de bain cl\u00e9 en main Vaiges, Monts\u00fbrs \u2013 BOUTELOUP","description":"L\u2019entreprise BOUTELOUP est qualifi\u00e9e et reconnue pour la r\u00e9novation ou la cr\u00e9ation de salle de bain cl\u00e9 en main Vaiges, Monts\u00fbrs.","robots":{"index":"noindex","follow":"follow","max-snippet":"max-snippet:-1","max-image-preview":"max-image-preview:large","max-video-preview":"max-video-preview:-1"},"og_locale":"fr_FR","og_type":"article","og_title":"salle de bain cl\u00e9 en main Vaiges, Monts\u00fbrs \u2013 BOUTELOUP","og_description":"L\u2019entreprise BOUTELOUP est qualifi\u00e9e et reconnue pour la r\u00e9novation ou la cr\u00e9ation de salle de bain cl\u00e9 en main Vaiges, Monts\u00fbrs.","og_url":"https:\/\/www.ets-bouteloup.fr\/refonte\/salle-de-bain-cle-en-main-vaiges-montsurs\/","og_site_name":"ETS BOUTELOUP","article_modified_time":"2025-05-07T14:59:22+00:00","twitter_card":"summary_large_image","twitter_misc":{"Dur\u00e9e de lecture estim\u00e9e":"2 minutes"},"schema":{"@context":"https:\/\/schema.org","@graph":[{"@type":"WebPage","@id":"https:\/\/www.ets-bouteloup.fr\/refonte\/salle-de-bain-cle-en-main-vaiges-montsurs\/","url":"https:\/\/www.ets-bouteloup.fr\/refonte\/salle-de-bain-cle-en-main-vaiges-montsurs\/","name":"salle de bain cl\u00e9 en main Vaiges, Monts\u00fbrs \u2013 BOUTELOUP","isPartOf":{"@id":"https:\/\/www.ets-bouteloup.fr\/refonte\/#website"},"datePublished":"2021-11-01T11:03:44+00:00","dateModified":"2025-05-07T14:59:22+00:00","description":"L\u2019entreprise BOUTELOUP est qualifi\u00e9e et reconnue pour la r\u00e9novation ou la cr\u00e9ation de salle de bain cl\u00e9 en main Vaiges, Monts\u00fbrs.","breadcrumb":{"@id":"https:\/\/www.ets-bouteloup.fr\/refonte\/salle-de-bain-cle-en-main-vaiges-montsurs\/#breadcrumb"},"inLanguage":"fr-FR","potentialAction":[{"@type":"ReadAction","target":["https:\/\/www.ets-bouteloup.fr\/refonte\/salle-de-bain-cle-en-main-vaiges-montsurs\/"]}]},{"@type":"BreadcrumbList","@id":"https:\/\/www.ets-bouteloup.fr\/refonte\/salle-de-bain-cle-en-main-vaiges-montsurs\/#breadcrumb","itemListElement":[{"@type":"ListItem","position":1,"name":"Home","item":"https:\/\/www.ets-bouteloup.fr\/refonte\/"},{"@type":"ListItem","position":2,"name":"&#8230; Salle de bain cl\u00e9 en main Vaiges, Monts\u00fbrs"}]},{"@type":"WebSite","@id":"https:\/\/www.ets-bouteloup.fr\/refonte\/#website","url":"https:\/\/www.ets-bouteloup.fr\/refonte\/","name":"ETS BOUTELOUP","description":"","potentialAction":[{"@type":"SearchAction","target":{"@type":"EntryPoint","urlTemplate":"https:\/\/www.ets-bouteloup.fr\/refonte\/?s={search_term_string}"},"query-input":{"@type":"PropertyValueSpecification","valueRequired":true,"valueName":"search_term_string"}}],"inLanguage":"fr-FR"}]}},"_links":{"self":[{"href":"https:\/\/www.ets-bouteloup.fr\/refonte\/wp-json\/wp\/v2\/pages\/2040","targetHints":{"allow":["GET"]}}],"collection":[{"href":"https:\/\/www.ets-bouteloup.fr\/refonte\/wp-json\/wp\/v2\/pages"}],"about":[{"href":"https:\/\/www.ets-bouteloup.fr\/refonte\/wp-json\/wp\/v2\/types\/page"}],"author":[{"embeddable":true,"href":"https:\/\/www.ets-bouteloup.fr\/refonte\/wp-json\/wp\/v2\/users\/1"}],"replies":[{"embeddable":true,"href":"https:\/\/www.ets-bouteloup.fr\/refonte\/wp-json\/wp\/v2\/comments?post=2040"}],"version-history":[{"count":1,"href":"https:\/\/www.ets-bouteloup.fr\/refonte\/wp-json\/wp\/v2\/pages\/2040\/revisions"}],"predecessor-version":[{"id":2546,"href":"https:\/\/www.ets-bouteloup.fr\/refonte\/wp-json\/wp\/v2\/pages\/2040\/revisions\/2546"}],"wp:attachment":[{"href":"https:\/\/www.ets-bouteloup.fr\/refonte\/wp-json\/wp\/v2\/media?parent=2040"}],"curies":[{"name":"wp","href":"https:\/\/api.w.org\/{rel}","templated":true}]}}