{"id":2120,"date":"2021-11-02T08:45:27","date_gmt":"2021-11-02T07:45:27","guid":{"rendered":"https:\/\/www.ets-bouteloup.fr\/?page_id=2120"},"modified":"2025-05-07T16:59:21","modified_gmt":"2025-05-07T14:59:21","slug":"entretien-chaudiere-fioul-et-gaz-bais","status":"publish","type":"page","link":"https:\/\/www.ets-bouteloup.fr\/refonte\/entretien-chaudiere-fioul-et-gaz-bais\/","title":{"rendered":"&#8230; Entretien chaudi\u00e8re fioul et gaz Bais"},"content":{"rendered":"\t\t<div data-elementor-type=\"wp-page\" data-elementor-id=\"2120\" class=\"elementor elementor-2120\">\n\t\t\t\t<div class=\"elementor-element elementor-element-2282dbd sec_h1 e-flex e-con-boxed coherence-container-background-zoom-no coherence-sticky-section-no elementor-invisible e-con e-parent\" data-id=\"2282dbd\" data-element_type=\"container\" data-settings=\"{&quot;animation&quot;:&quot;fadeInUp&quot;}\">\n\t\t\t\t\t<div class=\"e-con-inner\">\n\t\t<div class=\"elementor-element elementor-element-415196d e-con-full e-flex coherence-container-background-zoom-no coherence-sticky-section-no e-con e-child\" data-id=\"415196d\" data-element_type=\"container\" data-settings=\"{&quot;background_background&quot;:&quot;classic&quot;}\">\n\t\t<div class=\"elementor-element elementor-element-be8d39b e-con-full animate_01 elementor-hidden-tablet elementor-hidden-mobile_extra elementor-hidden-mobile e-flex coherence-container-background-zoom-no coherence-sticky-section-no e-con e-child\" data-id=\"be8d39b\" data-element_type=\"container\" data-settings=\"{&quot;position&quot;:&quot;absolute&quot;}\">\n\t\t\t\t<\/div>\n\t\t\t\t<\/div>\n\t\t<div class=\"elementor-element elementor-element-166e7bd e-con-full e-flex coherence-container-background-zoom-no coherence-sticky-section-no e-con e-child\" data-id=\"166e7bd\" data-element_type=\"container\" data-settings=\"{&quot;background_background&quot;:&quot;classic&quot;}\">\n\t\t\t\t<div class=\"elementor-element elementor-element-bf6f702 elementor-widget-divider--view-line elementor-widget elementor-widget-divider\" data-id=\"bf6f702\" data-element_type=\"widget\" data-widget_type=\"divider.default\">\n\t\t\t\t\t\t\t<div class=\"elementor-divider\">\n\t\t\t<span class=\"elementor-divider-separator\">\n\t\t\t\t\t\t<\/span>\n\t\t<\/div>\n\t\t\t\t\t\t<\/div>\n\t\t\t\t<div class=\"elementor-element elementor-element-fee6c6c elementor-widget elementor-widget-coherence_Heading_widget\" data-id=\"fee6c6c\" data-element_type=\"widget\" data-widget_type=\"coherence_Heading_widget.default\">\n\t\t\t\t<div class=\"elementor-widget-container\">\n\t\t\t\t\t<h1 class=\"coherence-heading elementor-heading-title\"><span class=\"separator-sup-title\">BOUTELOUP<\/span> <span class=\"coherence-heading-text\">Votre sp\u00e9cialiste en entretien chaudi\u00e8re fioul et gaz Bais<\/span>  <\/h1>\t\t\t\t<\/div>\n\t\t\t\t<\/div>\n\t\t\t\t<div class=\"elementor-element elementor-element-405883b elementor-widget elementor-widget-text-editor\" data-id=\"405883b\" data-element_type=\"widget\" data-widget_type=\"text-editor.default\">\n\t\t\t\t\t\t\t\t\t<p>Vous cherchez un sp\u00e9cialiste en entretien chaudi\u00e8re fioul et gaz Bais ? Adressez-vous \u00e0 BOUTELOUP pour satisfaire toutes vos demandes.<\/p><p>Sp\u00e9cialis\u00e9s dans le domaine de chauffage et de plomberie, nous d\u00e9ployons tous nos efforts afin de vous livrer des prestations \u00e0 la hauteur de vos attentes. En effet, nous nous mettons \u00e0 votre disposition pour effectuer l\u2019entretien chaudi\u00e8re fioul et gaz Bais en fonction de vos besoins. Quel que soit le type de votre chauffage, nous saurons vous apporter une solution adapt\u00e9e \u00e0 vos envies. De plus, nos artisans confirm\u00e9s vous assurent un travail de qualit\u00e9 alliant performance et efficacit\u00e9.<\/p><p>Soucieux de vous satisfaire, nous intervenons en toute r\u00e9activit\u00e9 pour r\u00e9aliser l\u2019entretien chaudi\u00e8re fioul et gaz Bais dans le respect des d\u00e9lais impartis. En outre, nous vous proposons des contrats de maintenance pour un r\u00e9sultat durable au fil du temps.<\/p><p>Pour de plus amples renseignements, n\u2019h\u00e9sitez pas \u00e0 nous contacter au 02 43 01 66 20 ou via notre formulaire de contact.<\/p>\t\t\t\t\t\t\t\t<\/div>\n\t\t\t\t<div class=\"elementor-element elementor-element-e16338b elementor-tablet-align-center elementor-widget elementor-widget-coherence-Button-widget\" data-id=\"e16338b\" data-element_type=\"widget\" data-widget_type=\"coherence-Button-widget.default\">\n\t\t\t\t<div class=\"elementor-widget-container\">\n\t\t\t\t\t<div class=\"elementor-button-wrapper coherence-button-wrapper\">\r\n    <a href=\"\/contact\/\" class=\"elementor-button-link elementor-button elementor-size-sm coherence-button-style-solid\" role=\"button\">\r\n        <span class=\"elementor-button-content-wrapper\">\r\n                        <span class=\"elementor-button-text\">Devis gratuit<\/span>\r\n        <\/span>\r\n    <\/a>\r\n<\/div>\t\t\t\t<\/div>\n\t\t\t\t<\/div>\n\t\t\t\t<\/div>\n\t\t\t\t\t<\/div>\n\t\t\t\t<\/div>\n\t\t<div class=\"elementor-element elementor-element-9947f6d e-flex e-con-boxed coherence-container-background-zoom-no coherence-sticky-section-no e-con e-parent\" data-id=\"9947f6d\" data-element_type=\"container\" data-settings=\"{&quot;background_background&quot;:&quot;classic&quot;}\">\n\t\t\t\t\t<div class=\"e-con-inner\">\n\t\t<div class=\"elementor-element elementor-element-1a22b48 e-con-full e-flex coherence-container-background-zoom-no coherence-sticky-section-no elementor-invisible e-con e-child\" data-id=\"1a22b48\" data-element_type=\"container\" data-settings=\"{&quot;background_background&quot;:&quot;classic&quot;,&quot;animation&quot;:&quot;slideInDown&quot;}\">\n\t\t\t\t<div class=\"elementor-element elementor-element-c9e9c09 elementor-widget-divider--view-line elementor-widget elementor-widget-divider\" data-id=\"c9e9c09\" data-element_type=\"widget\" data-widget_type=\"divider.default\">\n\t\t\t\t\t\t\t<div class=\"elementor-divider\">\n\t\t\t<span class=\"elementor-divider-separator\">\n\t\t\t\t\t\t<\/span>\n\t\t<\/div>\n\t\t\t\t\t\t<\/div>\n\t\t\t\t<div class=\"elementor-element elementor-element-ca3e163 elementor-widget__width-initial elementor-widget-laptop__width-initial elementor-widget elementor-widget-coherence_Heading_widget\" data-id=\"ca3e163\" data-element_type=\"widget\" data-widget_type=\"coherence_Heading_widget.default\">\n\t\t\t\t<div class=\"elementor-widget-container\">\n\t\t\t\t\t<h2 class=\"coherence-heading elementor-heading-title\"> <span class=\"coherence-heading-text\">Optez pour nos services d\u2019entretien chaudi\u00e8re fioul et gaz Bais<\/span>  <\/h2>\t\t\t\t<\/div>\n\t\t\t\t<\/div>\n\t\t\t\t<\/div>\n\t\t<div class=\"elementor-element elementor-element-6ed842d e-con-full e-flex coherence-container-background-zoom-no coherence-sticky-section-no e-con e-child\" data-id=\"6ed842d\" data-element_type=\"container\">\n\t\t<div class=\"elementor-element elementor-element-cb38f0d e-con-full e-flex coherence-container-background-zoom-no coherence-sticky-section-no e-con e-child\" data-id=\"cb38f0d\" data-element_type=\"container\">\n\t\t<div class=\"elementor-element elementor-element-d5bcece e-con-full e-flex coherence-container-background-zoom-no coherence-sticky-section-no elementor-invisible e-con e-child\" data-id=\"d5bcece\" data-element_type=\"container\" data-settings=\"{&quot;background_background&quot;:&quot;classic&quot;,&quot;animation&quot;:&quot;fadeInLeft&quot;}\">\n\t\t\t\t<div class=\"elementor-element elementor-element-447fe6b elementor-widget__width-initial elementor-widget-tablet_extra__width-initial elementor-widget elementor-widget-text-editor\" data-id=\"447fe6b\" data-element_type=\"widget\" data-widget_type=\"text-editor.default\">\n\t\t\t\t\t\t\t\t\tReconnu pour ses comp\u00e9tences et son professionnalisme, notre artisan chauffagiste est en mesure de vous proposer une panoplie de prestations qui r\u00e9pondent parfaitement \u00e0 vos besoins de d\u00e9pannage de chauffage.\n\nEn effet, il intervient au niveau de vos travaux de :\t\t\t\t\t\t\t\t<\/div>\n\t\t\t\t<div class=\"elementor-element elementor-element-78bf06c elementor-widget__width-initial elementor-widget-tablet_extra__width-initial elementor-widget elementor-widget-text-editor\" data-id=\"78bf06c\" data-element_type=\"widget\" data-widget_type=\"text-editor.default\">\n\t\t\t\t\t\t\t\t\t<ul>\n \t<li>D\u00e9pannage et entretien,<\/li>\n<li>D\u00e9sembouage des circuits de chauffage,<\/li>\n<li>D\u00e9tartrage des appareils de chauffages,<\/li>\n<li>Analyse de combustion,<\/li>\n<li>Remise en route de chaudi\u00e8re,<\/li>\n<li>Ramonage des conduits des fum\u00e9es de chaudi\u00e8re,<\/li>\n<li>R\u00e9novation et remplacement de syst\u00e8me de chauffage\u2026<\/li>\n<\/ul>\t\t\t\t\t\t\t\t<\/div>\n\t\t\t\t<div class=\"elementor-element elementor-element-7094340 elementor-widget__width-initial elementor-widget-tablet_extra__width-initial elementor-widget elementor-widget-text-editor\" data-id=\"7094340\" data-element_type=\"widget\" data-widget_type=\"text-editor.default\">\n\t\t\t\t\t\t\t\t\tNous intervenons aupr\u00e8s des particuliers et des professionnels et nous nous engageons \u00e0 vous apporter des solutions performantes \u00e0 la hauteur de vos attentes.\t\t\t\t\t\t\t\t<\/div>\n\t\t\t\t<\/div>\n\t\t\t\t<\/div>\n\t\t<div class=\"elementor-element elementor-element-518ddcb e-con-full animate_01 e-flex coherence-container-background-zoom-no coherence-sticky-section-no elementor-invisible e-con e-child\" data-id=\"518ddcb\" data-element_type=\"container\" data-settings=\"{&quot;background_background&quot;:&quot;classic&quot;,&quot;animation&quot;:&quot;fadeInRight&quot;}\">\n\t\t\t\t<\/div>\n\t\t\t\t<\/div>\n\t\t\t\t\t<\/div>\n\t\t\t\t<\/div>\n\t\t<div class=\"elementor-element elementor-element-b9360bf e-flex e-con-boxed coherence-container-background-zoom-no coherence-sticky-section-no e-con e-parent\" data-id=\"b9360bf\" data-element_type=\"container\" data-settings=\"{&quot;background_background&quot;:&quot;classic&quot;}\">\n\t\t\t\t\t<div class=\"e-con-inner\">\n\t\t<div class=\"elementor-element elementor-element-af147a1 e-con-full e-flex coherence-container-background-zoom-no coherence-sticky-section-no e-con e-child\" data-id=\"af147a1\" data-element_type=\"container\">\n\t\t<div class=\"elementor-element elementor-element-b3db034 e-con-full e-flex coherence-container-background-zoom-no coherence-sticky-section-no elementor-invisible e-con e-child\" data-id=\"b3db034\" data-element_type=\"container\" data-settings=\"{&quot;background_background&quot;:&quot;classic&quot;,&quot;animation&quot;:&quot;fadeInLeft&quot;}\">\n\t\t\t\t<\/div>\n\t\t<div class=\"elementor-element elementor-element-e3b20df e-con-full e-flex coherence-container-background-zoom-no coherence-sticky-section-no elementor-invisible e-con e-child\" data-id=\"e3b20df\" data-element_type=\"container\" data-settings=\"{&quot;background_background&quot;:&quot;classic&quot;,&quot;animation&quot;:&quot;fadeInRight&quot;}\">\n\t\t\t\t<div class=\"elementor-element elementor-element-43db8a2 elementor-widget-divider--view-line elementor-widget elementor-widget-divider\" data-id=\"43db8a2\" data-element_type=\"widget\" data-widget_type=\"divider.default\">\n\t\t\t\t\t\t\t<div class=\"elementor-divider\">\n\t\t\t<span class=\"elementor-divider-separator\">\n\t\t\t\t\t\t<\/span>\n\t\t<\/div>\n\t\t\t\t\t\t<\/div>\n\t\t\t\t<div class=\"elementor-element elementor-element-70c58fa elementor-widget elementor-widget-coherence_Heading_widget\" data-id=\"70c58fa\" data-element_type=\"widget\" data-widget_type=\"coherence_Heading_widget.default\">\n\t\t\t\t<div class=\"elementor-widget-container\">\n\t\t\t\t\t<h2 class=\"coherence-heading elementor-heading-title\"> <span class=\"coherence-heading-text\">Optez pour nos prestations de d\u00e9pannage de plomberie !<\/span>  <\/h2>\t\t\t\t<\/div>\n\t\t\t\t<\/div>\n\t\t\t\t<div class=\"elementor-element elementor-element-02be9c6 elementor-widget elementor-widget-text-editor\" data-id=\"02be9c6\" data-element_type=\"widget\" data-widget_type=\"text-editor.default\">\n\t\t\t\t\t\t\t\t\tNotre \u00e9quipe comp\u00e9tente et polyvalente vous assure un service de d\u00e9pannage en mati\u00e8re de plomberie et sanitaire, et ce, \u00e0 travers une large gamme de prestations adapt\u00e9es \u00e0 vos besoins, notamment :\t\t\t\t\t\t\t\t<\/div>\n\t\t\t\t<div class=\"elementor-element elementor-element-3aff5e9 elementor-widget elementor-widget-text-editor\" data-id=\"3aff5e9\" data-element_type=\"widget\" data-widget_type=\"text-editor.default\">\n\t\t\t\t\t\t\t\t\t<ul>\n \t<li>Le d\u00e9pannage de fuite de gaz et de fuite sanitaire,<\/li>\n<li>Le d\u00e9pannage de fuite d\u2019eau,<\/li>\n<li>L\u2019entretien et le remplacement de chaudi\u00e8re,<\/li>\n<li>Le d\u00e9pannage de radiateur,<\/li>\n<li>L\u2019entretien de sanitaires,<\/li>\n<li>L\u2019entretien, la maintenance et le remplacement de chauffe-eau,<\/li>\n<li>Le d\u00e9bouchage de canalisations,<\/li>\n<li>L\u2019entretien des circuits de radiateurs\u2026<\/li>\n<\/ul>\t\t\t\t\t\t\t\t<\/div>\n\t\t\t\t<div class=\"elementor-element elementor-element-3043f61 elementor-widget elementor-widget-text-editor\" data-id=\"3043f61\" data-element_type=\"widget\" data-widget_type=\"text-editor.default\">\n\t\t\t\t\t\t\t\t\t<p>Nos plombiers exp\u00e9riment\u00e9s vous garantissent un travail minutieux et une intervention rapide ad\u00e9quates \u00e0 vos besoins et \u00e0 votre budget.<\/p><p>Gage de proximit\u00e9, nous nous d\u00e9pla\u00e7ons \u00e0 Sainte-Suzanne, Sabl\u00e9-sur-Sarthe, Martign\u00e9-sur-Mayenne, Monts\u00fbrs, Evron et Villaines-la-Juhel mais \u00e9galement partout en Mayenne (53).<\/p>\t\t\t\t\t\t\t\t<\/div>\n\t\t\t\t<\/div>\n\t\t\t\t<\/div>\n\t\t\t\t\t<\/div>\n\t\t\t\t<\/div>\n\t\t<div class=\"elementor-element elementor-element-b471e75 e-flex e-con-boxed coherence-container-background-zoom-no coherence-sticky-section-no e-con e-parent\" data-id=\"b471e75\" data-element_type=\"container\" data-settings=\"{&quot;background_background&quot;:&quot;classic&quot;}\">\n\t\t\t\t\t<div class=\"e-con-inner\">\n\t\t<div class=\"elementor-element elementor-element-cc0b170 e-con-full animated-slow e-flex coherence-container-background-zoom-no coherence-sticky-section-no elementor-invisible e-con e-child\" data-id=\"cc0b170\" data-element_type=\"container\" data-settings=\"{&quot;background_background&quot;:&quot;classic&quot;,&quot;animation&quot;:&quot;bounceInRight&quot;}\">\n\t\t\t\t<div class=\"elementor-element elementor-element-1fd694c elementor-widget__width-initial elementor-widget elementor-widget-text-editor\" data-id=\"1fd694c\" data-element_type=\"widget\" data-widget_type=\"text-editor.default\">\n\t\t\t\t\t\t\t\t\t<p>Pour une demande de d\u00e9pannage de plomberie, appelez le : 02 43 01 66 20 !<\/p>\t\t\t\t\t\t\t\t<\/div>\n\t\t\t\t<div class=\"elementor-element elementor-element-6715876 elementor-tablet-align-center elementor-align-center elementor-widget elementor-widget-coherence-Button-widget\" data-id=\"6715876\" data-element_type=\"widget\" data-widget_type=\"coherence-Button-widget.default\">\n\t\t\t\t<div class=\"elementor-widget-container\">\n\t\t\t\t\t<div class=\"elementor-button-wrapper coherence-button-wrapper\">\r\n    <a href=\"\/contact\/\" class=\"elementor-button-link elementor-button elementor-size-sm coherence-button-style-solid\" role=\"button\">\r\n        <span class=\"elementor-button-content-wrapper\">\r\n                        <span class=\"elementor-button-text\">Contactez-nous<\/span>\r\n        <\/span>\r\n    <\/a>\r\n<\/div>\t\t\t\t<\/div>\n\t\t\t\t<\/div>\n\t\t\t\t<\/div>\n\t\t\t\t\t<\/div>\n\t\t\t\t<\/div>\n\t\t\t\t<\/div>\n\t\t","protected":false},"excerpt":{"rendered":"<p>BOUTELOUP Votre sp\u00e9cialiste en entretien chaudi\u00e8re fioul et gaz Bais Vous cherchez un sp\u00e9cialiste en entretien chaudi\u00e8re fioul et gaz Bais ? Adressez-vous \u00e0 BOUTELOUP pour satisfaire toutes vos demandes. Sp\u00e9cialis\u00e9s dans le domaine de chauffage et de plomberie, nous d\u00e9ployons tous nos efforts afin de vous livrer des prestations \u00e0 la hauteur de vos [&hellip;]<\/p>\n","protected":false},"author":1,"featured_media":862,"parent":0,"menu_order":0,"comment_status":"closed","ping_status":"closed","template":"","meta":{"inline_featured_image":false,"footnotes":""},"class_list":["post-2120","page","type-page","status-publish","has-post-thumbnail","hentry"],"yoast_head":"<!-- This site is optimized with the Yoast SEO plugin v25.9 - https:\/\/yoast.com\/wordpress\/plugins\/seo\/ -->\n<title>Entretien chaudi\u00e8re fioul et gaz Bais - BOUTELOUP<\/title>\n<meta name=\"description\" content=\"Vous cherchez un sp\u00e9cialiste en entretien chaudi\u00e8re fioul et gaz Bais ? Adressez-vous \u00e0 BOUTELOUP en contactant le 02 43 01 66 20\" \/>\n<meta name=\"robots\" content=\"noindex, follow, max-snippet:-1, max-image-preview:large, max-video-preview:-1\" \/>\n<meta property=\"og:locale\" content=\"fr_FR\" \/>\n<meta property=\"og:type\" content=\"article\" \/>\n<meta property=\"og:title\" content=\"Entretien chaudi\u00e8re fioul et gaz Bais - BOUTELOUP\" \/>\n<meta property=\"og:description\" content=\"Vous cherchez un sp\u00e9cialiste en entretien chaudi\u00e8re fioul et gaz Bais ? Adressez-vous \u00e0 BOUTELOUP en contactant le 02 43 01 66 20\" \/>\n<meta property=\"og:url\" content=\"https:\/\/www.ets-bouteloup.fr\/refonte\/entretien-chaudiere-fioul-et-gaz-bais\/\" \/>\n<meta property=\"og:site_name\" content=\"ETS BOUTELOUP\" \/>\n<meta property=\"article:modified_time\" content=\"2025-05-07T14:59:21+00:00\" \/>\n<meta name=\"twitter:card\" content=\"summary_large_image\" \/>\n<meta name=\"twitter:label1\" content=\"Dur\u00e9e de lecture estim\u00e9e\" \/>\n\t<meta name=\"twitter:data1\" content=\"3 minutes\" \/>\n<script type=\"application\/ld+json\" class=\"yoast-schema-graph\">{\"@context\":\"https:\/\/schema.org\",\"@graph\":[{\"@type\":\"WebPage\",\"@id\":\"https:\/\/www.ets-bouteloup.fr\/refonte\/entretien-chaudiere-fioul-et-gaz-bais\/\",\"url\":\"https:\/\/www.ets-bouteloup.fr\/refonte\/entretien-chaudiere-fioul-et-gaz-bais\/\",\"name\":\"Entretien chaudi\u00e8re fioul et gaz Bais - BOUTELOUP\",\"isPartOf\":{\"@id\":\"https:\/\/www.ets-bouteloup.fr\/refonte\/#website\"},\"primaryImageOfPage\":{\"@id\":\"https:\/\/www.ets-bouteloup.fr\/refonte\/entretien-chaudiere-fioul-et-gaz-bais\/#primaryimage\"},\"image\":{\"@id\":\"https:\/\/www.ets-bouteloup.fr\/refonte\/entretien-chaudiere-fioul-et-gaz-bais\/#primaryimage\"},\"thumbnailUrl\":\"\",\"datePublished\":\"2021-11-02T07:45:27+00:00\",\"dateModified\":\"2025-05-07T14:59:21+00:00\",\"description\":\"Vous cherchez un sp\u00e9cialiste en entretien chaudi\u00e8re fioul et gaz Bais ? Adressez-vous \u00e0 BOUTELOUP en contactant le 02 43 01 66 20\",\"breadcrumb\":{\"@id\":\"https:\/\/www.ets-bouteloup.fr\/refonte\/entretien-chaudiere-fioul-et-gaz-bais\/#breadcrumb\"},\"inLanguage\":\"fr-FR\",\"potentialAction\":[{\"@type\":\"ReadAction\",\"target\":[\"https:\/\/www.ets-bouteloup.fr\/refonte\/entretien-chaudiere-fioul-et-gaz-bais\/\"]}]},{\"@type\":\"ImageObject\",\"inLanguage\":\"fr-FR\",\"@id\":\"https:\/\/www.ets-bouteloup.fr\/refonte\/entretien-chaudiere-fioul-et-gaz-bais\/#primaryimage\",\"url\":\"\",\"contentUrl\":\"\"},{\"@type\":\"BreadcrumbList\",\"@id\":\"https:\/\/www.ets-bouteloup.fr\/refonte\/entretien-chaudiere-fioul-et-gaz-bais\/#breadcrumb\",\"itemListElement\":[{\"@type\":\"ListItem\",\"position\":1,\"name\":\"Home\",\"item\":\"https:\/\/www.ets-bouteloup.fr\/refonte\/\"},{\"@type\":\"ListItem\",\"position\":2,\"name\":\"&#8230; Entretien chaudi\u00e8re fioul et gaz Bais\"}]},{\"@type\":\"WebSite\",\"@id\":\"https:\/\/www.ets-bouteloup.fr\/refonte\/#website\",\"url\":\"https:\/\/www.ets-bouteloup.fr\/refonte\/\",\"name\":\"ETS BOUTELOUP\",\"description\":\"\",\"potentialAction\":[{\"@type\":\"SearchAction\",\"target\":{\"@type\":\"EntryPoint\",\"urlTemplate\":\"https:\/\/www.ets-bouteloup.fr\/refonte\/?s={search_term_string}\"},\"query-input\":{\"@type\":\"PropertyValueSpecification\",\"valueRequired\":true,\"valueName\":\"search_term_string\"}}],\"inLanguage\":\"fr-FR\"}]}<\/script>\n<!-- \/ Yoast SEO plugin. -->","yoast_head_json":{"title":"Entretien chaudi\u00e8re fioul et gaz Bais - BOUTELOUP","description":"Vous cherchez un sp\u00e9cialiste en entretien chaudi\u00e8re fioul et gaz Bais ? Adressez-vous \u00e0 BOUTELOUP en contactant le 02 43 01 66 20","robots":{"index":"noindex","follow":"follow","max-snippet":"max-snippet:-1","max-image-preview":"max-image-preview:large","max-video-preview":"max-video-preview:-1"},"og_locale":"fr_FR","og_type":"article","og_title":"Entretien chaudi\u00e8re fioul et gaz Bais - BOUTELOUP","og_description":"Vous cherchez un sp\u00e9cialiste en entretien chaudi\u00e8re fioul et gaz Bais ? Adressez-vous \u00e0 BOUTELOUP en contactant le 02 43 01 66 20","og_url":"https:\/\/www.ets-bouteloup.fr\/refonte\/entretien-chaudiere-fioul-et-gaz-bais\/","og_site_name":"ETS BOUTELOUP","article_modified_time":"2025-05-07T14:59:21+00:00","twitter_card":"summary_large_image","twitter_misc":{"Dur\u00e9e de lecture estim\u00e9e":"3 minutes"},"schema":{"@context":"https:\/\/schema.org","@graph":[{"@type":"WebPage","@id":"https:\/\/www.ets-bouteloup.fr\/refonte\/entretien-chaudiere-fioul-et-gaz-bais\/","url":"https:\/\/www.ets-bouteloup.fr\/refonte\/entretien-chaudiere-fioul-et-gaz-bais\/","name":"Entretien chaudi\u00e8re fioul et gaz Bais - BOUTELOUP","isPartOf":{"@id":"https:\/\/www.ets-bouteloup.fr\/refonte\/#website"},"primaryImageOfPage":{"@id":"https:\/\/www.ets-bouteloup.fr\/refonte\/entretien-chaudiere-fioul-et-gaz-bais\/#primaryimage"},"image":{"@id":"https:\/\/www.ets-bouteloup.fr\/refonte\/entretien-chaudiere-fioul-et-gaz-bais\/#primaryimage"},"thumbnailUrl":"","datePublished":"2021-11-02T07:45:27+00:00","dateModified":"2025-05-07T14:59:21+00:00","description":"Vous cherchez un sp\u00e9cialiste en entretien chaudi\u00e8re fioul et gaz Bais ? Adressez-vous \u00e0 BOUTELOUP en contactant le 02 43 01 66 20","breadcrumb":{"@id":"https:\/\/www.ets-bouteloup.fr\/refonte\/entretien-chaudiere-fioul-et-gaz-bais\/#breadcrumb"},"inLanguage":"fr-FR","potentialAction":[{"@type":"ReadAction","target":["https:\/\/www.ets-bouteloup.fr\/refonte\/entretien-chaudiere-fioul-et-gaz-bais\/"]}]},{"@type":"ImageObject","inLanguage":"fr-FR","@id":"https:\/\/www.ets-bouteloup.fr\/refonte\/entretien-chaudiere-fioul-et-gaz-bais\/#primaryimage","url":"","contentUrl":""},{"@type":"BreadcrumbList","@id":"https:\/\/www.ets-bouteloup.fr\/refonte\/entretien-chaudiere-fioul-et-gaz-bais\/#breadcrumb","itemListElement":[{"@type":"ListItem","position":1,"name":"Home","item":"https:\/\/www.ets-bouteloup.fr\/refonte\/"},{"@type":"ListItem","position":2,"name":"&#8230; Entretien chaudi\u00e8re fioul et gaz Bais"}]},{"@type":"WebSite","@id":"https:\/\/www.ets-bouteloup.fr\/refonte\/#website","url":"https:\/\/www.ets-bouteloup.fr\/refonte\/","name":"ETS BOUTELOUP","description":"","potentialAction":[{"@type":"SearchAction","target":{"@type":"EntryPoint","urlTemplate":"https:\/\/www.ets-bouteloup.fr\/refonte\/?s={search_term_string}"},"query-input":{"@type":"PropertyValueSpecification","valueRequired":true,"valueName":"search_term_string"}}],"inLanguage":"fr-FR"}]}},"_links":{"self":[{"href":"https:\/\/www.ets-bouteloup.fr\/refonte\/wp-json\/wp\/v2\/pages\/2120","targetHints":{"allow":["GET"]}}],"collection":[{"href":"https:\/\/www.ets-bouteloup.fr\/refonte\/wp-json\/wp\/v2\/pages"}],"about":[{"href":"https:\/\/www.ets-bouteloup.fr\/refonte\/wp-json\/wp\/v2\/types\/page"}],"author":[{"embeddable":true,"href":"https:\/\/www.ets-bouteloup.fr\/refonte\/wp-json\/wp\/v2\/users\/1"}],"replies":[{"embeddable":true,"href":"https:\/\/www.ets-bouteloup.fr\/refonte\/wp-json\/wp\/v2\/comments?post=2120"}],"version-history":[{"count":1,"href":"https:\/\/www.ets-bouteloup.fr\/refonte\/wp-json\/wp\/v2\/pages\/2120\/revisions"}],"predecessor-version":[{"id":2533,"href":"https:\/\/www.ets-bouteloup.fr\/refonte\/wp-json\/wp\/v2\/pages\/2120\/revisions\/2533"}],"wp:featuredmedia":[{"embeddable":true,"href":"https:\/\/www.ets-bouteloup.fr\/refonte\/wp-json\/"}],"wp:attachment":[{"href":"https:\/\/www.ets-bouteloup.fr\/refonte\/wp-json\/wp\/v2\/media?parent=2120"}],"curies":[{"name":"wp","href":"https:\/\/api.w.org\/{rel}","templated":true}]}}