{"id":2124,"date":"2021-11-02T08:45:29","date_gmt":"2021-11-02T07:45:29","guid":{"rendered":"https:\/\/www.ets-bouteloup.fr\/?page_id=2124"},"modified":"2025-05-07T16:59:21","modified_gmt":"2025-05-07T14:59:21","slug":"entretien-chaudiere-fioul-et-gaz-vilaine-la-juhel","status":"publish","type":"page","link":"https:\/\/www.ets-bouteloup.fr\/refonte\/entretien-chaudiere-fioul-et-gaz-vilaine-la-juhel\/","title":{"rendered":"&#8230; Entretien chaudi\u00e8re fioul et gaz Vilaine la Juhel"},"content":{"rendered":"\t\t<div data-elementor-type=\"wp-page\" data-elementor-id=\"2124\" class=\"elementor elementor-2124\">\n\t\t\t\t<div class=\"elementor-element elementor-element-997f2b5 sec_h1 e-flex e-con-boxed coherence-container-background-zoom-no coherence-sticky-section-no elementor-invisible e-con e-parent\" data-id=\"997f2b5\" data-element_type=\"container\" data-settings=\"{&quot;animation&quot;:&quot;fadeInUp&quot;}\">\n\t\t\t\t\t<div class=\"e-con-inner\">\n\t\t<div class=\"elementor-element elementor-element-76abd1f e-con-full e-flex coherence-container-background-zoom-no coherence-sticky-section-no e-con e-child\" data-id=\"76abd1f\" data-element_type=\"container\" data-settings=\"{&quot;background_background&quot;:&quot;classic&quot;}\">\n\t\t<div class=\"elementor-element elementor-element-4a9406d e-con-full animate_01 elementor-hidden-tablet elementor-hidden-mobile_extra elementor-hidden-mobile e-flex coherence-container-background-zoom-no coherence-sticky-section-no e-con e-child\" data-id=\"4a9406d\" data-element_type=\"container\" data-settings=\"{&quot;position&quot;:&quot;absolute&quot;}\">\n\t\t\t\t<\/div>\n\t\t\t\t<\/div>\n\t\t<div class=\"elementor-element elementor-element-73bf249 e-con-full e-flex coherence-container-background-zoom-no coherence-sticky-section-no e-con e-child\" data-id=\"73bf249\" data-element_type=\"container\" data-settings=\"{&quot;background_background&quot;:&quot;classic&quot;}\">\n\t\t\t\t<div class=\"elementor-element elementor-element-d0435dd elementor-widget-divider--view-line elementor-widget elementor-widget-divider\" data-id=\"d0435dd\" data-element_type=\"widget\" data-widget_type=\"divider.default\">\n\t\t\t\t\t\t\t<div class=\"elementor-divider\">\n\t\t\t<span class=\"elementor-divider-separator\">\n\t\t\t\t\t\t<\/span>\n\t\t<\/div>\n\t\t\t\t\t\t<\/div>\n\t\t\t\t<div class=\"elementor-element elementor-element-949eac6 elementor-widget elementor-widget-coherence_Heading_widget\" data-id=\"949eac6\" data-element_type=\"widget\" data-widget_type=\"coherence_Heading_widget.default\">\n\t\t\t\t<div class=\"elementor-widget-container\">\n\t\t\t\t\t<h1 class=\"coherence-heading elementor-heading-title\"><span class=\"separator-sup-title\">BOUTELOUP<\/span> <span class=\"coherence-heading-text\">Votre sp\u00e9cialiste en entretien chaudi\u00e8re fioul et gaz Vilaine la Juhel<\/span>  <\/h1>\t\t\t\t<\/div>\n\t\t\t\t<\/div>\n\t\t\t\t<div class=\"elementor-element elementor-element-7e57dc7 elementor-widget elementor-widget-text-editor\" data-id=\"7e57dc7\" data-element_type=\"widget\" data-widget_type=\"text-editor.default\">\n\t\t\t\t\t\t\t\t\t<p>Si vous recherchez un expert pour l\u2019entretien chaudi\u00e8re fioul et gaz Vilaine la Juhel, BOUTELOUP est l\u00e0 pour r\u00e9pondre \u00e0 tous vos besoins.<\/p><p>En tant que sp\u00e9cialistes en chauffage et plomberie, nous nous effor\u00e7ons de fournir des services \u00e0 la hauteur de vos attentes. Nous mettons \u00e0 votre disposition notre expertise pour effectuer l\u2019entretien chaudi\u00e8re fioul et gaz Vilaine la Juhel , en fonction de vos besoins. Peu importe le type de chauffage que vous poss\u00e9dez, nous serons en mesure de vous offrir une solution adapt\u00e9e \u00e0 vos pr\u00e9f\u00e9rences. De plus, nos artisans exp\u00e9riment\u00e9s vous garantissent un travail de qualit\u00e9, alliant performance et efficacit\u00e9.<\/p><p>Dans le souci de votre satisfaction, nous intervenons rapidement pour r\u00e9aliser l\u2019entretien chaudi\u00e8re fioul et gaz Vilaine la Juhel en respectant les d\u00e9lais convenus. De plus, nous proposons des contrats de maintenance pour assurer des r\u00e9sultats durables au fil du temps.<\/p><p>N\u2019h\u00e9sitez pas \u00e0 nous contacter au 02 43 01 66 20 ou en utilisant notre formulaire de contact pour obtenir plus d\u2019informations.<\/p>\t\t\t\t\t\t\t\t<\/div>\n\t\t\t\t<div class=\"elementor-element elementor-element-30deedb elementor-tablet-align-center elementor-widget elementor-widget-coherence-Button-widget\" data-id=\"30deedb\" data-element_type=\"widget\" data-widget_type=\"coherence-Button-widget.default\">\n\t\t\t\t<div class=\"elementor-widget-container\">\n\t\t\t\t\t<div class=\"elementor-button-wrapper coherence-button-wrapper\">\r\n    <a href=\"\/contact\/\" class=\"elementor-button-link elementor-button elementor-size-sm coherence-button-style-solid\" role=\"button\">\r\n        <span class=\"elementor-button-content-wrapper\">\r\n                        <span class=\"elementor-button-text\">Devis gratuit<\/span>\r\n        <\/span>\r\n    <\/a>\r\n<\/div>\t\t\t\t<\/div>\n\t\t\t\t<\/div>\n\t\t\t\t<\/div>\n\t\t\t\t\t<\/div>\n\t\t\t\t<\/div>\n\t\t<div class=\"elementor-element elementor-element-0374479 e-flex e-con-boxed coherence-container-background-zoom-no coherence-sticky-section-no e-con e-parent\" data-id=\"0374479\" data-element_type=\"container\" data-settings=\"{&quot;background_background&quot;:&quot;classic&quot;}\">\n\t\t\t\t\t<div class=\"e-con-inner\">\n\t\t<div class=\"elementor-element elementor-element-d996805 e-con-full e-flex coherence-container-background-zoom-no coherence-sticky-section-no elementor-invisible e-con e-child\" data-id=\"d996805\" data-element_type=\"container\" data-settings=\"{&quot;background_background&quot;:&quot;classic&quot;,&quot;animation&quot;:&quot;slideInDown&quot;}\">\n\t\t\t\t<div class=\"elementor-element elementor-element-0806dda elementor-widget-divider--view-line elementor-widget elementor-widget-divider\" data-id=\"0806dda\" data-element_type=\"widget\" data-widget_type=\"divider.default\">\n\t\t\t\t\t\t\t<div class=\"elementor-divider\">\n\t\t\t<span class=\"elementor-divider-separator\">\n\t\t\t\t\t\t<\/span>\n\t\t<\/div>\n\t\t\t\t\t\t<\/div>\n\t\t\t\t<div class=\"elementor-element elementor-element-b0c386c elementor-widget__width-initial elementor-widget-laptop__width-initial elementor-widget elementor-widget-coherence_Heading_widget\" data-id=\"b0c386c\" data-element_type=\"widget\" data-widget_type=\"coherence_Heading_widget.default\">\n\t\t\t\t<div class=\"elementor-widget-container\">\n\t\t\t\t\t<h2 class=\"coherence-heading elementor-heading-title\"> <span class=\"coherence-heading-text\">Pour b\u00e9n\u00e9ficier de nos services d\u2019entretien chaudi\u00e8re fioul et gaz Vilaine la Juhel<\/span>  <\/h2>\t\t\t\t<\/div>\n\t\t\t\t<\/div>\n\t\t\t\t<\/div>\n\t\t<div class=\"elementor-element elementor-element-0b176bd e-con-full e-flex coherence-container-background-zoom-no coherence-sticky-section-no e-con e-child\" data-id=\"0b176bd\" data-element_type=\"container\">\n\t\t<div class=\"elementor-element elementor-element-8e53310 e-con-full e-flex coherence-container-background-zoom-no coherence-sticky-section-no e-con e-child\" data-id=\"8e53310\" data-element_type=\"container\">\n\t\t<div class=\"elementor-element elementor-element-aaa0625 e-con-full e-flex coherence-container-background-zoom-no coherence-sticky-section-no elementor-invisible e-con e-child\" data-id=\"aaa0625\" data-element_type=\"container\" data-settings=\"{&quot;background_background&quot;:&quot;classic&quot;,&quot;animation&quot;:&quot;fadeInLeft&quot;}\">\n\t\t\t\t<div class=\"elementor-element elementor-element-cf3aa5d elementor-widget__width-initial elementor-widget-tablet_extra__width-initial elementor-widget elementor-widget-text-editor\" data-id=\"cf3aa5d\" data-element_type=\"widget\" data-widget_type=\"text-editor.default\">\n\t\t\t\t\t\t\t\t\tChoisissez BOUTELOUP. Nous sommes reconnus pour nos comp\u00e9tences et notre professionnalisme, et nous sommes en mesure de vous offrir une gamme compl\u00e8te de prestations r\u00e9pondant parfaitement \u00e0 vos besoins de d\u00e9pannage de chauffage.\n\nNotre artisan chauffagiste intervient pour :\t\t\t\t\t\t\t\t<\/div>\n\t\t\t\t<div class=\"elementor-element elementor-element-343462a elementor-widget__width-initial elementor-widget-tablet_extra__width-initial elementor-widget elementor-widget-text-editor\" data-id=\"343462a\" data-element_type=\"widget\" data-widget_type=\"text-editor.default\">\n\t\t\t\t\t\t\t\t\t<ul>\n \t<li>D\u00e9pannage et entretien,<\/li>\n<li>D\u00e9sembouage des circuits de chauffage,<\/li>\n<li>D\u00e9tartrage des appareils de chauffages,<\/li>\n<li>Analyse de combustion,<\/li>\n<li>Remise en route de chaudi\u00e8re,<\/li>\n<li>Ramonage des conduits des fum\u00e9es de chaudi\u00e8re,<\/li>\n<li>R\u00e9novation et remplacement de syst\u00e8me de chauffage\u2026<\/li>\n<\/ul>\t\t\t\t\t\t\t\t<\/div>\n\t\t\t\t<div class=\"elementor-element elementor-element-ffcaba0 elementor-widget__width-initial elementor-widget-tablet_extra__width-initial elementor-widget elementor-widget-text-editor\" data-id=\"ffcaba0\" data-element_type=\"widget\" data-widget_type=\"text-editor.default\">\n\t\t\t\t\t\t\t\t\tNous servons les particuliers et les professionnels, et nous nous engageons \u00e0 vous fournir des solutions performantes qui r\u00e9pondent \u00e0 vos attentes.\t\t\t\t\t\t\t\t<\/div>\n\t\t\t\t<\/div>\n\t\t\t\t<\/div>\n\t\t<div class=\"elementor-element elementor-element-002e679 e-con-full animate_01 e-flex coherence-container-background-zoom-no coherence-sticky-section-no elementor-invisible e-con e-child\" data-id=\"002e679\" data-element_type=\"container\" data-settings=\"{&quot;background_background&quot;:&quot;classic&quot;,&quot;animation&quot;:&quot;fadeInRight&quot;}\">\n\t\t\t\t<\/div>\n\t\t\t\t<\/div>\n\t\t\t\t\t<\/div>\n\t\t\t\t<\/div>\n\t\t<div class=\"elementor-element elementor-element-687cb2c e-flex e-con-boxed coherence-container-background-zoom-no coherence-sticky-section-no e-con e-parent\" data-id=\"687cb2c\" data-element_type=\"container\" data-settings=\"{&quot;background_background&quot;:&quot;classic&quot;}\">\n\t\t\t\t\t<div class=\"e-con-inner\">\n\t\t<div class=\"elementor-element elementor-element-ce06dc5 e-con-full e-flex coherence-container-background-zoom-no coherence-sticky-section-no e-con e-child\" data-id=\"ce06dc5\" data-element_type=\"container\">\n\t\t<div class=\"elementor-element elementor-element-626bfd8 e-con-full e-flex coherence-container-background-zoom-no coherence-sticky-section-no elementor-invisible e-con e-child\" data-id=\"626bfd8\" data-element_type=\"container\" data-settings=\"{&quot;background_background&quot;:&quot;classic&quot;,&quot;animation&quot;:&quot;fadeInLeft&quot;}\">\n\t\t\t\t<\/div>\n\t\t<div class=\"elementor-element elementor-element-37cf713 e-con-full e-flex coherence-container-background-zoom-no coherence-sticky-section-no elementor-invisible e-con e-child\" data-id=\"37cf713\" data-element_type=\"container\" data-settings=\"{&quot;background_background&quot;:&quot;classic&quot;,&quot;animation&quot;:&quot;fadeInRight&quot;}\">\n\t\t\t\t<div class=\"elementor-element elementor-element-025c56a elementor-widget-divider--view-line elementor-widget elementor-widget-divider\" data-id=\"025c56a\" data-element_type=\"widget\" data-widget_type=\"divider.default\">\n\t\t\t\t\t\t\t<div class=\"elementor-divider\">\n\t\t\t<span class=\"elementor-divider-separator\">\n\t\t\t\t\t\t<\/span>\n\t\t<\/div>\n\t\t\t\t\t\t<\/div>\n\t\t\t\t<div class=\"elementor-element elementor-element-c04995e elementor-widget elementor-widget-coherence_Heading_widget\" data-id=\"c04995e\" data-element_type=\"widget\" data-widget_type=\"coherence_Heading_widget.default\">\n\t\t\t\t<div class=\"elementor-widget-container\">\n\t\t\t\t\t<h2 class=\"coherence-heading elementor-heading-title\"> <span class=\"coherence-heading-text\">Contactez-nous d\u00e8s maintenant pour profiter de nos services de d\u00e9pannage en plomberie !<\/span>  <\/h2>\t\t\t\t<\/div>\n\t\t\t\t<\/div>\n\t\t\t\t<div class=\"elementor-element elementor-element-498f971 elementor-widget elementor-widget-text-editor\" data-id=\"498f971\" data-element_type=\"widget\" data-widget_type=\"text-editor.default\">\n\t\t\t\t\t\t\t\t\tNotre \u00e9quipe comp\u00e9tente et polyvalente est l\u00e0 pour vous offrir un service de d\u00e9pannage en plomberie et sanitaire, avec une large gamme de prestations adapt\u00e9es \u00e0 vos besoins, notamment :\t\t\t\t\t\t\t\t<\/div>\n\t\t\t\t<div class=\"elementor-element elementor-element-afb3aa4 elementor-widget elementor-widget-text-editor\" data-id=\"afb3aa4\" data-element_type=\"widget\" data-widget_type=\"text-editor.default\">\n\t\t\t\t\t\t\t\t\t<ul>\n \t<li>Le d\u00e9pannage de fuite de gaz et de fuite sanitaire,<\/li>\n<li>Le d\u00e9pannage de fuite d\u2019eau,<\/li>\n<li>L\u2019entretien et le remplacement de chaudi\u00e8re,<\/li>\n<li>Le d\u00e9pannage de radiateur,<\/li>\n<li>L\u2019entretien de sanitaires,<\/li>\n<li>L\u2019entretien, la maintenance et le remplacement de chauffe-eau,<\/li>\n<li>Le d\u00e9bouchage de canalisations,<\/li>\n<li>L\u2019entretien des circuits de radiateurs\u2026<\/li>\n<\/ul>\t\t\t\t\t\t\t\t<\/div>\n\t\t\t\t<div class=\"elementor-element elementor-element-2339f98 elementor-widget elementor-widget-text-editor\" data-id=\"2339f98\" data-element_type=\"widget\" data-widget_type=\"text-editor.default\">\n\t\t\t\t\t\t\t\t\tNos plombiers exp\u00e9riment\u00e9s vous garantissent un travail minutieux et une intervention rapide, en fonction de vos besoins et de votre budget.\n\nNous nous d\u00e9pla\u00e7ons \u00e0 Sainte-Suzanne, Sabl\u00e9-sur-Sarthe, Martign\u00e9-sur-Mayenne, Monts\u00fbrs, Evron et Villaines-la-Juhel, ainsi que dans toute la Mayenne (53), pour \u00eatre proches de vous.\t\t\t\t\t\t\t\t<\/div>\n\t\t\t\t<\/div>\n\t\t\t\t<\/div>\n\t\t\t\t\t<\/div>\n\t\t\t\t<\/div>\n\t\t<div class=\"elementor-element elementor-element-b003be3 e-flex e-con-boxed coherence-container-background-zoom-no coherence-sticky-section-no e-con e-parent\" data-id=\"b003be3\" data-element_type=\"container\" data-settings=\"{&quot;background_background&quot;:&quot;classic&quot;}\">\n\t\t\t\t\t<div class=\"e-con-inner\">\n\t\t<div class=\"elementor-element elementor-element-0b606f8 e-con-full animated-slow e-flex coherence-container-background-zoom-no coherence-sticky-section-no elementor-invisible e-con e-child\" data-id=\"0b606f8\" data-element_type=\"container\" data-settings=\"{&quot;background_background&quot;:&quot;classic&quot;,&quot;animation&quot;:&quot;bounceInRight&quot;}\">\n\t\t\t\t<div class=\"elementor-element elementor-element-eae738a elementor-widget__width-initial elementor-widget elementor-widget-text-editor\" data-id=\"eae738a\" data-element_type=\"widget\" data-widget_type=\"text-editor.default\">\n\t\t\t\t\t\t\t\t\t<p>Pour une demande de d\u00e9pannage de plomberie, appelez le : 02 43 01 66 20 !<\/p>\t\t\t\t\t\t\t\t<\/div>\n\t\t\t\t<div class=\"elementor-element elementor-element-b325d6a elementor-tablet-align-center elementor-align-center elementor-widget elementor-widget-coherence-Button-widget\" data-id=\"b325d6a\" data-element_type=\"widget\" data-widget_type=\"coherence-Button-widget.default\">\n\t\t\t\t<div class=\"elementor-widget-container\">\n\t\t\t\t\t<div class=\"elementor-button-wrapper coherence-button-wrapper\">\r\n    <a href=\"\/contact\/\" class=\"elementor-button-link elementor-button elementor-size-sm coherence-button-style-solid\" role=\"button\">\r\n        <span class=\"elementor-button-content-wrapper\">\r\n                        <span class=\"elementor-button-text\">Contactez-nous<\/span>\r\n        <\/span>\r\n    <\/a>\r\n<\/div>\t\t\t\t<\/div>\n\t\t\t\t<\/div>\n\t\t\t\t<\/div>\n\t\t\t\t\t<\/div>\n\t\t\t\t<\/div>\n\t\t\t\t<\/div>\n\t\t","protected":false},"excerpt":{"rendered":"<p>BOUTELOUP Votre sp\u00e9cialiste en entretien chaudi\u00e8re fioul et gaz Vilaine la Juhel Si vous recherchez un expert pour l\u2019entretien chaudi\u00e8re fioul et gaz Vilaine la Juhel, BOUTELOUP est l\u00e0 pour r\u00e9pondre \u00e0 tous vos besoins. En tant que sp\u00e9cialistes en chauffage et plomberie, nous nous effor\u00e7ons de fournir des services \u00e0 la hauteur de vos [&hellip;]<\/p>\n","protected":false},"author":1,"featured_media":862,"parent":0,"menu_order":0,"comment_status":"closed","ping_status":"closed","template":"","meta":{"inline_featured_image":false,"footnotes":""},"class_list":["post-2124","page","type-page","status-publish","has-post-thumbnail","hentry"],"yoast_head":"<!-- This site is optimized with the Yoast SEO plugin v25.9 - https:\/\/yoast.com\/wordpress\/plugins\/seo\/ -->\n<title>Entretien chaudi\u00e8re fioul et gaz Vilaine la Juhel - BOUTELOUP<\/title>\n<meta name=\"description\" content=\"Vous cherchez un sp\u00e9cialiste en entretien chaudi\u00e8re fioul et gaz Vilaine la Juhel ? Adressez-vous \u00e0 BOUTELOUP en contactant le 02 43 01 66 20\" \/>\n<meta name=\"robots\" content=\"noindex, follow, max-snippet:-1, max-image-preview:large, max-video-preview:-1\" \/>\n<meta property=\"og:locale\" content=\"fr_FR\" \/>\n<meta property=\"og:type\" content=\"article\" \/>\n<meta property=\"og:title\" content=\"Entretien chaudi\u00e8re fioul et gaz Vilaine la Juhel - BOUTELOUP\" \/>\n<meta property=\"og:description\" content=\"Vous cherchez un sp\u00e9cialiste en entretien chaudi\u00e8re fioul et gaz Vilaine la Juhel ? Adressez-vous \u00e0 BOUTELOUP en contactant le 02 43 01 66 20\" \/>\n<meta property=\"og:url\" content=\"https:\/\/www.ets-bouteloup.fr\/refonte\/entretien-chaudiere-fioul-et-gaz-vilaine-la-juhel\/\" \/>\n<meta property=\"og:site_name\" content=\"ETS BOUTELOUP\" \/>\n<meta property=\"article:modified_time\" content=\"2025-05-07T14:59:21+00:00\" \/>\n<meta name=\"twitter:card\" content=\"summary_large_image\" \/>\n<meta name=\"twitter:label1\" content=\"Dur\u00e9e de lecture estim\u00e9e\" \/>\n\t<meta name=\"twitter:data1\" content=\"3 minutes\" \/>\n<script type=\"application\/ld+json\" class=\"yoast-schema-graph\">{\"@context\":\"https:\/\/schema.org\",\"@graph\":[{\"@type\":\"WebPage\",\"@id\":\"https:\/\/www.ets-bouteloup.fr\/refonte\/entretien-chaudiere-fioul-et-gaz-vilaine-la-juhel\/\",\"url\":\"https:\/\/www.ets-bouteloup.fr\/refonte\/entretien-chaudiere-fioul-et-gaz-vilaine-la-juhel\/\",\"name\":\"Entretien chaudi\u00e8re fioul et gaz Vilaine la Juhel - BOUTELOUP\",\"isPartOf\":{\"@id\":\"https:\/\/www.ets-bouteloup.fr\/refonte\/#website\"},\"primaryImageOfPage\":{\"@id\":\"https:\/\/www.ets-bouteloup.fr\/refonte\/entretien-chaudiere-fioul-et-gaz-vilaine-la-juhel\/#primaryimage\"},\"image\":{\"@id\":\"https:\/\/www.ets-bouteloup.fr\/refonte\/entretien-chaudiere-fioul-et-gaz-vilaine-la-juhel\/#primaryimage\"},\"thumbnailUrl\":\"\",\"datePublished\":\"2021-11-02T07:45:29+00:00\",\"dateModified\":\"2025-05-07T14:59:21+00:00\",\"description\":\"Vous cherchez un sp\u00e9cialiste en entretien chaudi\u00e8re fioul et gaz Vilaine la Juhel ? Adressez-vous \u00e0 BOUTELOUP en contactant le 02 43 01 66 20\",\"breadcrumb\":{\"@id\":\"https:\/\/www.ets-bouteloup.fr\/refonte\/entretien-chaudiere-fioul-et-gaz-vilaine-la-juhel\/#breadcrumb\"},\"inLanguage\":\"fr-FR\",\"potentialAction\":[{\"@type\":\"ReadAction\",\"target\":[\"https:\/\/www.ets-bouteloup.fr\/refonte\/entretien-chaudiere-fioul-et-gaz-vilaine-la-juhel\/\"]}]},{\"@type\":\"ImageObject\",\"inLanguage\":\"fr-FR\",\"@id\":\"https:\/\/www.ets-bouteloup.fr\/refonte\/entretien-chaudiere-fioul-et-gaz-vilaine-la-juhel\/#primaryimage\",\"url\":\"\",\"contentUrl\":\"\"},{\"@type\":\"BreadcrumbList\",\"@id\":\"https:\/\/www.ets-bouteloup.fr\/refonte\/entretien-chaudiere-fioul-et-gaz-vilaine-la-juhel\/#breadcrumb\",\"itemListElement\":[{\"@type\":\"ListItem\",\"position\":1,\"name\":\"Home\",\"item\":\"https:\/\/www.ets-bouteloup.fr\/refonte\/\"},{\"@type\":\"ListItem\",\"position\":2,\"name\":\"&#8230; Entretien chaudi\u00e8re fioul et gaz Vilaine la Juhel\"}]},{\"@type\":\"WebSite\",\"@id\":\"https:\/\/www.ets-bouteloup.fr\/refonte\/#website\",\"url\":\"https:\/\/www.ets-bouteloup.fr\/refonte\/\",\"name\":\"ETS BOUTELOUP\",\"description\":\"\",\"potentialAction\":[{\"@type\":\"SearchAction\",\"target\":{\"@type\":\"EntryPoint\",\"urlTemplate\":\"https:\/\/www.ets-bouteloup.fr\/refonte\/?s={search_term_string}\"},\"query-input\":{\"@type\":\"PropertyValueSpecification\",\"valueRequired\":true,\"valueName\":\"search_term_string\"}}],\"inLanguage\":\"fr-FR\"}]}<\/script>\n<!-- \/ Yoast SEO plugin. -->","yoast_head_json":{"title":"Entretien chaudi\u00e8re fioul et gaz Vilaine la Juhel - BOUTELOUP","description":"Vous cherchez un sp\u00e9cialiste en entretien chaudi\u00e8re fioul et gaz Vilaine la Juhel ? Adressez-vous \u00e0 BOUTELOUP en contactant le 02 43 01 66 20","robots":{"index":"noindex","follow":"follow","max-snippet":"max-snippet:-1","max-image-preview":"max-image-preview:large","max-video-preview":"max-video-preview:-1"},"og_locale":"fr_FR","og_type":"article","og_title":"Entretien chaudi\u00e8re fioul et gaz Vilaine la Juhel - BOUTELOUP","og_description":"Vous cherchez un sp\u00e9cialiste en entretien chaudi\u00e8re fioul et gaz Vilaine la Juhel ? Adressez-vous \u00e0 BOUTELOUP en contactant le 02 43 01 66 20","og_url":"https:\/\/www.ets-bouteloup.fr\/refonte\/entretien-chaudiere-fioul-et-gaz-vilaine-la-juhel\/","og_site_name":"ETS BOUTELOUP","article_modified_time":"2025-05-07T14:59:21+00:00","twitter_card":"summary_large_image","twitter_misc":{"Dur\u00e9e de lecture estim\u00e9e":"3 minutes"},"schema":{"@context":"https:\/\/schema.org","@graph":[{"@type":"WebPage","@id":"https:\/\/www.ets-bouteloup.fr\/refonte\/entretien-chaudiere-fioul-et-gaz-vilaine-la-juhel\/","url":"https:\/\/www.ets-bouteloup.fr\/refonte\/entretien-chaudiere-fioul-et-gaz-vilaine-la-juhel\/","name":"Entretien chaudi\u00e8re fioul et gaz Vilaine la Juhel - BOUTELOUP","isPartOf":{"@id":"https:\/\/www.ets-bouteloup.fr\/refonte\/#website"},"primaryImageOfPage":{"@id":"https:\/\/www.ets-bouteloup.fr\/refonte\/entretien-chaudiere-fioul-et-gaz-vilaine-la-juhel\/#primaryimage"},"image":{"@id":"https:\/\/www.ets-bouteloup.fr\/refonte\/entretien-chaudiere-fioul-et-gaz-vilaine-la-juhel\/#primaryimage"},"thumbnailUrl":"","datePublished":"2021-11-02T07:45:29+00:00","dateModified":"2025-05-07T14:59:21+00:00","description":"Vous cherchez un sp\u00e9cialiste en entretien chaudi\u00e8re fioul et gaz Vilaine la Juhel ? Adressez-vous \u00e0 BOUTELOUP en contactant le 02 43 01 66 20","breadcrumb":{"@id":"https:\/\/www.ets-bouteloup.fr\/refonte\/entretien-chaudiere-fioul-et-gaz-vilaine-la-juhel\/#breadcrumb"},"inLanguage":"fr-FR","potentialAction":[{"@type":"ReadAction","target":["https:\/\/www.ets-bouteloup.fr\/refonte\/entretien-chaudiere-fioul-et-gaz-vilaine-la-juhel\/"]}]},{"@type":"ImageObject","inLanguage":"fr-FR","@id":"https:\/\/www.ets-bouteloup.fr\/refonte\/entretien-chaudiere-fioul-et-gaz-vilaine-la-juhel\/#primaryimage","url":"","contentUrl":""},{"@type":"BreadcrumbList","@id":"https:\/\/www.ets-bouteloup.fr\/refonte\/entretien-chaudiere-fioul-et-gaz-vilaine-la-juhel\/#breadcrumb","itemListElement":[{"@type":"ListItem","position":1,"name":"Home","item":"https:\/\/www.ets-bouteloup.fr\/refonte\/"},{"@type":"ListItem","position":2,"name":"&#8230; Entretien chaudi\u00e8re fioul et gaz Vilaine la Juhel"}]},{"@type":"WebSite","@id":"https:\/\/www.ets-bouteloup.fr\/refonte\/#website","url":"https:\/\/www.ets-bouteloup.fr\/refonte\/","name":"ETS BOUTELOUP","description":"","potentialAction":[{"@type":"SearchAction","target":{"@type":"EntryPoint","urlTemplate":"https:\/\/www.ets-bouteloup.fr\/refonte\/?s={search_term_string}"},"query-input":{"@type":"PropertyValueSpecification","valueRequired":true,"valueName":"search_term_string"}}],"inLanguage":"fr-FR"}]}},"_links":{"self":[{"href":"https:\/\/www.ets-bouteloup.fr\/refonte\/wp-json\/wp\/v2\/pages\/2124","targetHints":{"allow":["GET"]}}],"collection":[{"href":"https:\/\/www.ets-bouteloup.fr\/refonte\/wp-json\/wp\/v2\/pages"}],"about":[{"href":"https:\/\/www.ets-bouteloup.fr\/refonte\/wp-json\/wp\/v2\/types\/page"}],"author":[{"embeddable":true,"href":"https:\/\/www.ets-bouteloup.fr\/refonte\/wp-json\/wp\/v2\/users\/1"}],"replies":[{"embeddable":true,"href":"https:\/\/www.ets-bouteloup.fr\/refonte\/wp-json\/wp\/v2\/comments?post=2124"}],"version-history":[{"count":1,"href":"https:\/\/www.ets-bouteloup.fr\/refonte\/wp-json\/wp\/v2\/pages\/2124\/revisions"}],"predecessor-version":[{"id":2540,"href":"https:\/\/www.ets-bouteloup.fr\/refonte\/wp-json\/wp\/v2\/pages\/2124\/revisions\/2540"}],"wp:featuredmedia":[{"embeddable":true,"href":"https:\/\/www.ets-bouteloup.fr\/refonte\/wp-json\/"}],"wp:attachment":[{"href":"https:\/\/www.ets-bouteloup.fr\/refonte\/wp-json\/wp\/v2\/media?parent=2124"}],"curies":[{"name":"wp","href":"https:\/\/api.w.org\/{rel}","templated":true}]}}