{"id":2125,"date":"2021-11-02T08:45:29","date_gmt":"2021-11-02T07:45:29","guid":{"rendered":"https:\/\/www.ets-bouteloup.fr\/?page_id=2125"},"modified":"2025-05-07T16:59:21","modified_gmt":"2025-05-07T14:59:21","slug":"entretien-chaudiere-fioul-et-gaz-mayenne-53","status":"publish","type":"page","link":"https:\/\/www.ets-bouteloup.fr\/refonte\/entretien-chaudiere-fioul-et-gaz-mayenne-53\/","title":{"rendered":"&#8230; Entretien chaudi\u00e8re fioul et gaz Mayenne 53"},"content":{"rendered":"\t\t<div data-elementor-type=\"wp-page\" data-elementor-id=\"2125\" class=\"elementor elementor-2125\">\n\t\t\t\t<div class=\"elementor-element elementor-element-ebb45d3 sec_h1 e-flex e-con-boxed coherence-container-background-zoom-no coherence-sticky-section-no elementor-invisible e-con e-parent\" data-id=\"ebb45d3\" data-element_type=\"container\" data-settings=\"{&quot;animation&quot;:&quot;fadeInUp&quot;}\">\n\t\t\t\t\t<div class=\"e-con-inner\">\n\t\t<div class=\"elementor-element elementor-element-3d5fccd e-con-full e-flex coherence-container-background-zoom-no coherence-sticky-section-no e-con e-child\" data-id=\"3d5fccd\" data-element_type=\"container\" data-settings=\"{&quot;background_background&quot;:&quot;classic&quot;}\">\n\t\t<div class=\"elementor-element elementor-element-4d08f53 e-con-full animate_01 elementor-hidden-tablet elementor-hidden-mobile_extra elementor-hidden-mobile e-flex coherence-container-background-zoom-no coherence-sticky-section-no e-con e-child\" data-id=\"4d08f53\" data-element_type=\"container\" data-settings=\"{&quot;position&quot;:&quot;absolute&quot;}\">\n\t\t\t\t<\/div>\n\t\t\t\t<\/div>\n\t\t<div class=\"elementor-element elementor-element-30aeae8 e-con-full e-flex coherence-container-background-zoom-no coherence-sticky-section-no e-con e-child\" data-id=\"30aeae8\" data-element_type=\"container\" data-settings=\"{&quot;background_background&quot;:&quot;classic&quot;}\">\n\t\t\t\t<div class=\"elementor-element elementor-element-7c138a0 elementor-widget-divider--view-line elementor-widget elementor-widget-divider\" data-id=\"7c138a0\" data-element_type=\"widget\" data-widget_type=\"divider.default\">\n\t\t\t\t\t\t\t<div class=\"elementor-divider\">\n\t\t\t<span class=\"elementor-divider-separator\">\n\t\t\t\t\t\t<\/span>\n\t\t<\/div>\n\t\t\t\t\t\t<\/div>\n\t\t\t\t<div class=\"elementor-element elementor-element-f7d6c37 elementor-widget elementor-widget-coherence_Heading_widget\" data-id=\"f7d6c37\" data-element_type=\"widget\" data-widget_type=\"coherence_Heading_widget.default\">\n\t\t\t\t<div class=\"elementor-widget-container\">\n\t\t\t\t\t<h1 class=\"coherence-heading elementor-heading-title\"><span class=\"separator-sup-title\">BOUTELOUP<\/span> <span class=\"coherence-heading-text\">Votre sp\u00e9cialiste en entretien chaudi\u00e8re fioul et gaz Mayenne 53<\/span>  <\/h1>\t\t\t\t<\/div>\n\t\t\t\t<\/div>\n\t\t\t\t<div class=\"elementor-element elementor-element-dffe10a elementor-widget elementor-widget-text-editor\" data-id=\"dffe10a\" data-element_type=\"widget\" data-widget_type=\"text-editor.default\">\n\t\t\t\t\t\t\t\t\t<p>Si vous \u00eates \u00e0 la recherche d\u2019un expert en entretien chaudi\u00e8re fioul et gaz Mayenne 53 , n\u2019h\u00e9sitez pas \u00e0 faire appel \u00e0 BOUTELOUP pour r\u00e9pondre \u00e0 tous vos besoins.<\/p><p>En tant que professionnels dans le secteur du chauffage et de la plomberie, nous nous engageons \u00e0 fournir des services \u00e0 la mesure de vos exigences. En fait, nous sommes \u00e0 votre service pour effectuer l\u2019entretien chaudi\u00e8re fioul et gaz Mayenne 53 selon vos sp\u00e9cifications. Peu importe la nature de votre syst\u00e8me de chauffage, nous sommes en mesure de vous fournir une solution sur mesure en fonction de vos d\u00e9sirs. Nos artisans chevronn\u00e9s vous garantissent un travail de haute qualit\u00e9 qui combine performance et efficacit\u00e9.<\/p><p>Toujours d\u00e9sireux de vous contenter, nous agissons avec promptitude pour accomplir l\u2019entretien chaudi\u00e8re fioul et gaz Mayenne 53 en respectant les d\u00e9lais prescrits. De plus, nous offrons des contrats d\u2019entretien pour un r\u00e9sultat durable au fil des ann\u00e9es.<\/p><p>Pour plus d\u2019informations, n\u2019h\u00e9sitez pas \u00e0 nous appeler au 02 43 01 66 20 ou \u00e0 utiliser notre formulaire de contact.<\/p>\t\t\t\t\t\t\t\t<\/div>\n\t\t\t\t<div class=\"elementor-element elementor-element-a030e71 elementor-tablet-align-center elementor-widget elementor-widget-coherence-Button-widget\" data-id=\"a030e71\" data-element_type=\"widget\" data-widget_type=\"coherence-Button-widget.default\">\n\t\t\t\t<div class=\"elementor-widget-container\">\n\t\t\t\t\t<div class=\"elementor-button-wrapper coherence-button-wrapper\">\r\n    <a href=\"\/contact\/\" class=\"elementor-button-link elementor-button elementor-size-sm coherence-button-style-solid\" role=\"button\">\r\n        <span class=\"elementor-button-content-wrapper\">\r\n                        <span class=\"elementor-button-text\">Devis gratuit<\/span>\r\n        <\/span>\r\n    <\/a>\r\n<\/div>\t\t\t\t<\/div>\n\t\t\t\t<\/div>\n\t\t\t\t<\/div>\n\t\t\t\t\t<\/div>\n\t\t\t\t<\/div>\n\t\t<div class=\"elementor-element elementor-element-522a49b e-flex e-con-boxed coherence-container-background-zoom-no coherence-sticky-section-no e-con e-parent\" data-id=\"522a49b\" data-element_type=\"container\" data-settings=\"{&quot;background_background&quot;:&quot;classic&quot;}\">\n\t\t\t\t\t<div class=\"e-con-inner\">\n\t\t<div class=\"elementor-element elementor-element-a6c9847 e-con-full e-flex coherence-container-background-zoom-no coherence-sticky-section-no elementor-invisible e-con e-child\" data-id=\"a6c9847\" data-element_type=\"container\" data-settings=\"{&quot;background_background&quot;:&quot;classic&quot;,&quot;animation&quot;:&quot;slideInDown&quot;}\">\n\t\t\t\t<div class=\"elementor-element elementor-element-4c0aa57 elementor-widget-divider--view-line elementor-widget elementor-widget-divider\" data-id=\"4c0aa57\" data-element_type=\"widget\" data-widget_type=\"divider.default\">\n\t\t\t\t\t\t\t<div class=\"elementor-divider\">\n\t\t\t<span class=\"elementor-divider-separator\">\n\t\t\t\t\t\t<\/span>\n\t\t<\/div>\n\t\t\t\t\t\t<\/div>\n\t\t\t\t<div class=\"elementor-element elementor-element-c5ffc05 elementor-widget__width-initial elementor-widget-laptop__width-initial elementor-widget elementor-widget-coherence_Heading_widget\" data-id=\"c5ffc05\" data-element_type=\"widget\" data-widget_type=\"coherence_Heading_widget.default\">\n\t\t\t\t<div class=\"elementor-widget-container\">\n\t\t\t\t\t<h2 class=\"coherence-heading elementor-heading-title\"> <span class=\"coherence-heading-text\">Choisissez nos services de maintenance de chaudi\u00e8res \u00e0 fioul et gaz dans le 53 \u00e0 Mayenne<\/span>  <\/h2>\t\t\t\t<\/div>\n\t\t\t\t<\/div>\n\t\t\t\t<\/div>\n\t\t<div class=\"elementor-element elementor-element-90e3663 e-con-full e-flex coherence-container-background-zoom-no coherence-sticky-section-no e-con e-child\" data-id=\"90e3663\" data-element_type=\"container\">\n\t\t<div class=\"elementor-element elementor-element-6a7a427 e-con-full e-flex coherence-container-background-zoom-no coherence-sticky-section-no e-con e-child\" data-id=\"6a7a427\" data-element_type=\"container\">\n\t\t<div class=\"elementor-element elementor-element-bd3ade8 e-con-full e-flex coherence-container-background-zoom-no coherence-sticky-section-no elementor-invisible e-con e-child\" data-id=\"bd3ade8\" data-element_type=\"container\" data-settings=\"{&quot;background_background&quot;:&quot;classic&quot;,&quot;animation&quot;:&quot;fadeInLeft&quot;}\">\n\t\t\t\t<div class=\"elementor-element elementor-element-c1a17a2 elementor-widget__width-initial elementor-widget-tablet_extra__width-initial elementor-widget elementor-widget-text-editor\" data-id=\"c1a17a2\" data-element_type=\"widget\" data-widget_type=\"text-editor.default\">\n\t\t\t\t\t\t\t\t\t<p>Notre chauffagiste est reconnu pour son expertise et son professionnalisme et est capable de vous offrir une gamme de services qui r\u00e9pondent parfaitement \u00e0 vos besoins en mati\u00e8re de d\u00e9pannage de chauffage.<\/p><p>Il intervient notamment dans :<\/p>\t\t\t\t\t\t\t\t<\/div>\n\t\t\t\t<div class=\"elementor-element elementor-element-3687c89 elementor-widget__width-initial elementor-widget-tablet_extra__width-initial elementor-widget elementor-widget-text-editor\" data-id=\"3687c89\" data-element_type=\"widget\" data-widget_type=\"text-editor.default\">\n\t\t\t\t\t\t\t\t\t<ul>\n \t<li>D\u00e9pannage et entretien,<\/li>\n<li>D\u00e9sembouage des circuits de chauffage,<\/li>\n<li>D\u00e9tartrage des appareils de chauffages,<\/li>\n<li>Analyse de combustion,<\/li>\n<li>Remise en route de chaudi\u00e8re,<\/li>\n<li>Ramonage des conduits des fum\u00e9es de chaudi\u00e8re,<\/li>\n<li>R\u00e9novation et remplacement de syst\u00e8me de chauffage\u2026<\/li>\n<\/ul>\t\t\t\t\t\t\t\t<\/div>\n\t\t\t\t<div class=\"elementor-element elementor-element-861366e elementor-widget__width-initial elementor-widget-tablet_extra__width-initial elementor-widget elementor-widget-text-editor\" data-id=\"861366e\" data-element_type=\"widget\" data-widget_type=\"text-editor.default\">\n\t\t\t\t\t\t\t\t\tNous travaillons avec des particuliers et des professionnels, et nous nous engageons \u00e0 vous apporter des solutions efficaces qui r\u00e9pondent \u00e0 vos attentes.\t\t\t\t\t\t\t\t<\/div>\n\t\t\t\t<\/div>\n\t\t\t\t<\/div>\n\t\t<div class=\"elementor-element elementor-element-a2c7e02 e-con-full animate_01 e-flex coherence-container-background-zoom-no coherence-sticky-section-no elementor-invisible e-con e-child\" data-id=\"a2c7e02\" data-element_type=\"container\" data-settings=\"{&quot;background_background&quot;:&quot;classic&quot;,&quot;animation&quot;:&quot;fadeInRight&quot;}\">\n\t\t\t\t<\/div>\n\t\t\t\t<\/div>\n\t\t\t\t\t<\/div>\n\t\t\t\t<\/div>\n\t\t<div class=\"elementor-element elementor-element-7274afc e-flex e-con-boxed coherence-container-background-zoom-no coherence-sticky-section-no e-con e-parent\" data-id=\"7274afc\" data-element_type=\"container\" data-settings=\"{&quot;background_background&quot;:&quot;classic&quot;}\">\n\t\t\t\t\t<div class=\"e-con-inner\">\n\t\t<div class=\"elementor-element elementor-element-6ae9930 e-con-full e-flex coherence-container-background-zoom-no coherence-sticky-section-no e-con e-child\" data-id=\"6ae9930\" data-element_type=\"container\">\n\t\t<div class=\"elementor-element elementor-element-99e9e50 e-con-full e-flex coherence-container-background-zoom-no coherence-sticky-section-no elementor-invisible e-con e-child\" data-id=\"99e9e50\" data-element_type=\"container\" data-settings=\"{&quot;background_background&quot;:&quot;classic&quot;,&quot;animation&quot;:&quot;fadeInLeft&quot;}\">\n\t\t\t\t<\/div>\n\t\t<div class=\"elementor-element elementor-element-05bde3e e-con-full e-flex coherence-container-background-zoom-no coherence-sticky-section-no elementor-invisible e-con e-child\" data-id=\"05bde3e\" data-element_type=\"container\" data-settings=\"{&quot;background_background&quot;:&quot;classic&quot;,&quot;animation&quot;:&quot;fadeInRight&quot;}\">\n\t\t\t\t<div class=\"elementor-element elementor-element-b370bc5 elementor-widget-divider--view-line elementor-widget elementor-widget-divider\" data-id=\"b370bc5\" data-element_type=\"widget\" data-widget_type=\"divider.default\">\n\t\t\t\t\t\t\t<div class=\"elementor-divider\">\n\t\t\t<span class=\"elementor-divider-separator\">\n\t\t\t\t\t\t<\/span>\n\t\t<\/div>\n\t\t\t\t\t\t<\/div>\n\t\t\t\t<div class=\"elementor-element elementor-element-4d0f75f elementor-widget elementor-widget-coherence_Heading_widget\" data-id=\"4d0f75f\" data-element_type=\"widget\" data-widget_type=\"coherence_Heading_widget.default\">\n\t\t\t\t<div class=\"elementor-widget-container\">\n\t\t\t\t\t<h2 class=\"coherence-heading elementor-heading-title\"> <span class=\"coherence-heading-text\">Choisissez nos services de plomberie d\u2019urgence !<\/span>  <\/h2>\t\t\t\t<\/div>\n\t\t\t\t<\/div>\n\t\t\t\t<div class=\"elementor-element elementor-element-8323bcf elementor-widget elementor-widget-text-editor\" data-id=\"8323bcf\" data-element_type=\"widget\" data-widget_type=\"text-editor.default\">\n\t\t\t\t\t\t\t\t\tNotre \u00e9quipe comp\u00e9tente et polyvalente vous propose un service d\u2019urgence en mati\u00e8re de plomberie et de sanitaire, \u00e0 travers un large \u00e9ventail de services adapt\u00e9s \u00e0 vos besoins, notamment :\t\t\t\t\t\t\t\t<\/div>\n\t\t\t\t<div class=\"elementor-element elementor-element-d0b4ac3 elementor-widget elementor-widget-text-editor\" data-id=\"d0b4ac3\" data-element_type=\"widget\" data-widget_type=\"text-editor.default\">\n\t\t\t\t\t\t\t\t\t<ul>\n \t<li>Le d\u00e9pannage de fuite de gaz et de fuite sanitaire,<\/li>\n<li>Le d\u00e9pannage de fuite d\u2019eau,<\/li>\n<li>L\u2019entretien et le remplacement de chaudi\u00e8re,<\/li>\n<li>Le d\u00e9pannage de radiateur,<\/li>\n<li>L\u2019entretien de sanitaires,<\/li>\n<li>L\u2019entretien, la maintenance et le remplacement de chauffe-eau,<\/li>\n<li>Le d\u00e9bouchage de canalisations,<\/li>\n<li>L\u2019entretien des circuits de radiateurs\u2026<\/li>\n<\/ul>\t\t\t\t\t\t\t\t<\/div>\n\t\t\t\t<div class=\"elementor-element elementor-element-37d36ac elementor-widget elementor-widget-text-editor\" data-id=\"37d36ac\" data-element_type=\"widget\" data-widget_type=\"text-editor.default\">\n\t\t\t\t\t\t\t\t\t<p>Nos professionnels de la plomberie, forts de leur exp\u00e9rience, s\u2019engagent \u00e0 fournir un service pr\u00e9cis et \u00e0 intervenir rapidement, en fonction de vos exigences et de vos moyens financiers.<\/p><p>T\u00e9moignant de notre engagement local, nous nous rendons non seulement \u00e0 Sainte-Suzanne, Sabl\u00e9-sur-Sarthe, Martign\u00e9-sur-Mayenne, Monts\u00fbrs, Evron et Villaines-la-Juhel, mais aussi dans toute la r\u00e9gion de la Mayenne (53).<\/p>\t\t\t\t\t\t\t\t<\/div>\n\t\t\t\t<\/div>\n\t\t\t\t<\/div>\n\t\t\t\t\t<\/div>\n\t\t\t\t<\/div>\n\t\t<div class=\"elementor-element elementor-element-928daea e-flex e-con-boxed coherence-container-background-zoom-no coherence-sticky-section-no e-con e-parent\" data-id=\"928daea\" data-element_type=\"container\" data-settings=\"{&quot;background_background&quot;:&quot;classic&quot;}\">\n\t\t\t\t\t<div class=\"e-con-inner\">\n\t\t<div class=\"elementor-element elementor-element-5540395 e-con-full animated-slow e-flex coherence-container-background-zoom-no coherence-sticky-section-no elementor-invisible e-con e-child\" data-id=\"5540395\" data-element_type=\"container\" data-settings=\"{&quot;background_background&quot;:&quot;classic&quot;,&quot;animation&quot;:&quot;bounceInRight&quot;}\">\n\t\t\t\t<div class=\"elementor-element elementor-element-b56ebce elementor-widget__width-initial elementor-widget elementor-widget-text-editor\" data-id=\"b56ebce\" data-element_type=\"widget\" data-widget_type=\"text-editor.default\">\n\t\t\t\t\t\t\t\t\t<p>Pour une demande de d\u00e9pannage de plomberie, appelez le : 02 43 01 66 20 !<\/p>\t\t\t\t\t\t\t\t<\/div>\n\t\t\t\t<div class=\"elementor-element elementor-element-0109b5c elementor-tablet-align-center elementor-align-center elementor-widget elementor-widget-coherence-Button-widget\" data-id=\"0109b5c\" data-element_type=\"widget\" data-widget_type=\"coherence-Button-widget.default\">\n\t\t\t\t<div class=\"elementor-widget-container\">\n\t\t\t\t\t<div class=\"elementor-button-wrapper coherence-button-wrapper\">\r\n    <a href=\"\/contact\/\" class=\"elementor-button-link elementor-button elementor-size-sm coherence-button-style-solid\" role=\"button\">\r\n        <span class=\"elementor-button-content-wrapper\">\r\n                        <span class=\"elementor-button-text\">Contactez-nous<\/span>\r\n        <\/span>\r\n    <\/a>\r\n<\/div>\t\t\t\t<\/div>\n\t\t\t\t<\/div>\n\t\t\t\t<\/div>\n\t\t\t\t\t<\/div>\n\t\t\t\t<\/div>\n\t\t\t\t<\/div>\n\t\t","protected":false},"excerpt":{"rendered":"<p>BOUTELOUP Votre sp\u00e9cialiste en entretien chaudi\u00e8re fioul et gaz Mayenne 53 Si vous \u00eates \u00e0 la recherche d\u2019un expert en entretien chaudi\u00e8re fioul et gaz Mayenne 53 , n\u2019h\u00e9sitez pas \u00e0 faire appel \u00e0 BOUTELOUP pour r\u00e9pondre \u00e0 tous vos besoins. En tant que professionnels dans le secteur du chauffage et de la plomberie, nous [&hellip;]<\/p>\n","protected":false},"author":1,"featured_media":862,"parent":0,"menu_order":0,"comment_status":"closed","ping_status":"closed","template":"","meta":{"inline_featured_image":false,"footnotes":""},"class_list":["post-2125","page","type-page","status-publish","has-post-thumbnail","hentry"],"yoast_head":"<!-- This site is optimized with the Yoast SEO plugin v25.9 - https:\/\/yoast.com\/wordpress\/plugins\/seo\/ -->\n<title>Entretien chaudi\u00e8re fioul et gaz Mayenne 53 - BOUTELOUP<\/title>\n<meta name=\"description\" content=\"Vous cherchez un sp\u00e9cialiste en entretien chaudi\u00e8re fioul et gaz Mayenne 53 ? Adressez-vous \u00e0 BOUTELOUP en contactant le 02 43 01 66 20\" \/>\n<meta name=\"robots\" content=\"noindex, follow, max-snippet:-1, max-image-preview:large, max-video-preview:-1\" \/>\n<meta property=\"og:locale\" content=\"fr_FR\" \/>\n<meta property=\"og:type\" content=\"article\" \/>\n<meta property=\"og:title\" content=\"Entretien chaudi\u00e8re fioul et gaz Mayenne 53 - BOUTELOUP\" \/>\n<meta property=\"og:description\" content=\"Vous cherchez un sp\u00e9cialiste en entretien chaudi\u00e8re fioul et gaz Mayenne 53 ? Adressez-vous \u00e0 BOUTELOUP en contactant le 02 43 01 66 20\" \/>\n<meta property=\"og:url\" content=\"https:\/\/www.ets-bouteloup.fr\/refonte\/entretien-chaudiere-fioul-et-gaz-mayenne-53\/\" \/>\n<meta property=\"og:site_name\" content=\"ETS BOUTELOUP\" \/>\n<meta property=\"article:modified_time\" content=\"2025-05-07T14:59:21+00:00\" \/>\n<meta name=\"twitter:card\" content=\"summary_large_image\" \/>\n<meta name=\"twitter:label1\" content=\"Dur\u00e9e de lecture estim\u00e9e\" \/>\n\t<meta name=\"twitter:data1\" content=\"3 minutes\" \/>\n<script type=\"application\/ld+json\" class=\"yoast-schema-graph\">{\"@context\":\"https:\/\/schema.org\",\"@graph\":[{\"@type\":\"WebPage\",\"@id\":\"https:\/\/www.ets-bouteloup.fr\/refonte\/entretien-chaudiere-fioul-et-gaz-mayenne-53\/\",\"url\":\"https:\/\/www.ets-bouteloup.fr\/refonte\/entretien-chaudiere-fioul-et-gaz-mayenne-53\/\",\"name\":\"Entretien chaudi\u00e8re fioul et gaz Mayenne 53 - BOUTELOUP\",\"isPartOf\":{\"@id\":\"https:\/\/www.ets-bouteloup.fr\/refonte\/#website\"},\"primaryImageOfPage\":{\"@id\":\"https:\/\/www.ets-bouteloup.fr\/refonte\/entretien-chaudiere-fioul-et-gaz-mayenne-53\/#primaryimage\"},\"image\":{\"@id\":\"https:\/\/www.ets-bouteloup.fr\/refonte\/entretien-chaudiere-fioul-et-gaz-mayenne-53\/#primaryimage\"},\"thumbnailUrl\":\"\",\"datePublished\":\"2021-11-02T07:45:29+00:00\",\"dateModified\":\"2025-05-07T14:59:21+00:00\",\"description\":\"Vous cherchez un sp\u00e9cialiste en entretien chaudi\u00e8re fioul et gaz Mayenne 53 ? Adressez-vous \u00e0 BOUTELOUP en contactant le 02 43 01 66 20\",\"breadcrumb\":{\"@id\":\"https:\/\/www.ets-bouteloup.fr\/refonte\/entretien-chaudiere-fioul-et-gaz-mayenne-53\/#breadcrumb\"},\"inLanguage\":\"fr-FR\",\"potentialAction\":[{\"@type\":\"ReadAction\",\"target\":[\"https:\/\/www.ets-bouteloup.fr\/refonte\/entretien-chaudiere-fioul-et-gaz-mayenne-53\/\"]}]},{\"@type\":\"ImageObject\",\"inLanguage\":\"fr-FR\",\"@id\":\"https:\/\/www.ets-bouteloup.fr\/refonte\/entretien-chaudiere-fioul-et-gaz-mayenne-53\/#primaryimage\",\"url\":\"\",\"contentUrl\":\"\"},{\"@type\":\"BreadcrumbList\",\"@id\":\"https:\/\/www.ets-bouteloup.fr\/refonte\/entretien-chaudiere-fioul-et-gaz-mayenne-53\/#breadcrumb\",\"itemListElement\":[{\"@type\":\"ListItem\",\"position\":1,\"name\":\"Home\",\"item\":\"https:\/\/www.ets-bouteloup.fr\/refonte\/\"},{\"@type\":\"ListItem\",\"position\":2,\"name\":\"&#8230; Entretien chaudi\u00e8re fioul et gaz Mayenne 53\"}]},{\"@type\":\"WebSite\",\"@id\":\"https:\/\/www.ets-bouteloup.fr\/refonte\/#website\",\"url\":\"https:\/\/www.ets-bouteloup.fr\/refonte\/\",\"name\":\"ETS BOUTELOUP\",\"description\":\"\",\"potentialAction\":[{\"@type\":\"SearchAction\",\"target\":{\"@type\":\"EntryPoint\",\"urlTemplate\":\"https:\/\/www.ets-bouteloup.fr\/refonte\/?s={search_term_string}\"},\"query-input\":{\"@type\":\"PropertyValueSpecification\",\"valueRequired\":true,\"valueName\":\"search_term_string\"}}],\"inLanguage\":\"fr-FR\"}]}<\/script>\n<!-- \/ Yoast SEO plugin. -->","yoast_head_json":{"title":"Entretien chaudi\u00e8re fioul et gaz Mayenne 53 - BOUTELOUP","description":"Vous cherchez un sp\u00e9cialiste en entretien chaudi\u00e8re fioul et gaz Mayenne 53 ? Adressez-vous \u00e0 BOUTELOUP en contactant le 02 43 01 66 20","robots":{"index":"noindex","follow":"follow","max-snippet":"max-snippet:-1","max-image-preview":"max-image-preview:large","max-video-preview":"max-video-preview:-1"},"og_locale":"fr_FR","og_type":"article","og_title":"Entretien chaudi\u00e8re fioul et gaz Mayenne 53 - BOUTELOUP","og_description":"Vous cherchez un sp\u00e9cialiste en entretien chaudi\u00e8re fioul et gaz Mayenne 53 ? Adressez-vous \u00e0 BOUTELOUP en contactant le 02 43 01 66 20","og_url":"https:\/\/www.ets-bouteloup.fr\/refonte\/entretien-chaudiere-fioul-et-gaz-mayenne-53\/","og_site_name":"ETS BOUTELOUP","article_modified_time":"2025-05-07T14:59:21+00:00","twitter_card":"summary_large_image","twitter_misc":{"Dur\u00e9e de lecture estim\u00e9e":"3 minutes"},"schema":{"@context":"https:\/\/schema.org","@graph":[{"@type":"WebPage","@id":"https:\/\/www.ets-bouteloup.fr\/refonte\/entretien-chaudiere-fioul-et-gaz-mayenne-53\/","url":"https:\/\/www.ets-bouteloup.fr\/refonte\/entretien-chaudiere-fioul-et-gaz-mayenne-53\/","name":"Entretien chaudi\u00e8re fioul et gaz Mayenne 53 - BOUTELOUP","isPartOf":{"@id":"https:\/\/www.ets-bouteloup.fr\/refonte\/#website"},"primaryImageOfPage":{"@id":"https:\/\/www.ets-bouteloup.fr\/refonte\/entretien-chaudiere-fioul-et-gaz-mayenne-53\/#primaryimage"},"image":{"@id":"https:\/\/www.ets-bouteloup.fr\/refonte\/entretien-chaudiere-fioul-et-gaz-mayenne-53\/#primaryimage"},"thumbnailUrl":"","datePublished":"2021-11-02T07:45:29+00:00","dateModified":"2025-05-07T14:59:21+00:00","description":"Vous cherchez un sp\u00e9cialiste en entretien chaudi\u00e8re fioul et gaz Mayenne 53 ? Adressez-vous \u00e0 BOUTELOUP en contactant le 02 43 01 66 20","breadcrumb":{"@id":"https:\/\/www.ets-bouteloup.fr\/refonte\/entretien-chaudiere-fioul-et-gaz-mayenne-53\/#breadcrumb"},"inLanguage":"fr-FR","potentialAction":[{"@type":"ReadAction","target":["https:\/\/www.ets-bouteloup.fr\/refonte\/entretien-chaudiere-fioul-et-gaz-mayenne-53\/"]}]},{"@type":"ImageObject","inLanguage":"fr-FR","@id":"https:\/\/www.ets-bouteloup.fr\/refonte\/entretien-chaudiere-fioul-et-gaz-mayenne-53\/#primaryimage","url":"","contentUrl":""},{"@type":"BreadcrumbList","@id":"https:\/\/www.ets-bouteloup.fr\/refonte\/entretien-chaudiere-fioul-et-gaz-mayenne-53\/#breadcrumb","itemListElement":[{"@type":"ListItem","position":1,"name":"Home","item":"https:\/\/www.ets-bouteloup.fr\/refonte\/"},{"@type":"ListItem","position":2,"name":"&#8230; Entretien chaudi\u00e8re fioul et gaz Mayenne 53"}]},{"@type":"WebSite","@id":"https:\/\/www.ets-bouteloup.fr\/refonte\/#website","url":"https:\/\/www.ets-bouteloup.fr\/refonte\/","name":"ETS BOUTELOUP","description":"","potentialAction":[{"@type":"SearchAction","target":{"@type":"EntryPoint","urlTemplate":"https:\/\/www.ets-bouteloup.fr\/refonte\/?s={search_term_string}"},"query-input":{"@type":"PropertyValueSpecification","valueRequired":true,"valueName":"search_term_string"}}],"inLanguage":"fr-FR"}]}},"_links":{"self":[{"href":"https:\/\/www.ets-bouteloup.fr\/refonte\/wp-json\/wp\/v2\/pages\/2125","targetHints":{"allow":["GET"]}}],"collection":[{"href":"https:\/\/www.ets-bouteloup.fr\/refonte\/wp-json\/wp\/v2\/pages"}],"about":[{"href":"https:\/\/www.ets-bouteloup.fr\/refonte\/wp-json\/wp\/v2\/types\/page"}],"author":[{"embeddable":true,"href":"https:\/\/www.ets-bouteloup.fr\/refonte\/wp-json\/wp\/v2\/users\/1"}],"replies":[{"embeddable":true,"href":"https:\/\/www.ets-bouteloup.fr\/refonte\/wp-json\/wp\/v2\/comments?post=2125"}],"version-history":[{"count":1,"href":"https:\/\/www.ets-bouteloup.fr\/refonte\/wp-json\/wp\/v2\/pages\/2125\/revisions"}],"predecessor-version":[{"id":2536,"href":"https:\/\/www.ets-bouteloup.fr\/refonte\/wp-json\/wp\/v2\/pages\/2125\/revisions\/2536"}],"wp:featuredmedia":[{"embeddable":true,"href":"https:\/\/www.ets-bouteloup.fr\/refonte\/wp-json\/"}],"wp:attachment":[{"href":"https:\/\/www.ets-bouteloup.fr\/refonte\/wp-json\/wp\/v2\/media?parent=2125"}],"curies":[{"name":"wp","href":"https:\/\/api.w.org\/{rel}","templated":true}]}}