{"id":2126,"date":"2021-11-02T08:45:30","date_gmt":"2021-11-02T07:45:30","guid":{"rendered":"https:\/\/www.ets-bouteloup.fr\/?page_id=2126"},"modified":"2025-05-07T16:59:21","modified_gmt":"2025-05-07T14:59:21","slug":"entretien-chaudiere-fioul-et-gaz-sille-le-guillaume","status":"publish","type":"page","link":"https:\/\/www.ets-bouteloup.fr\/refonte\/entretien-chaudiere-fioul-et-gaz-sille-le-guillaume\/","title":{"rendered":"&#8230; Entretien chaudi\u00e8re fioul et gaz Sill\u00e9 le Guillaume"},"content":{"rendered":"\t\t<div data-elementor-type=\"wp-page\" data-elementor-id=\"2126\" class=\"elementor elementor-2126\">\n\t\t\t\t<div class=\"elementor-element elementor-element-f2a6b72 sec_h1 e-flex e-con-boxed coherence-container-background-zoom-no coherence-sticky-section-no elementor-invisible e-con e-parent\" data-id=\"f2a6b72\" data-element_type=\"container\" data-settings=\"{&quot;animation&quot;:&quot;fadeInUp&quot;}\">\n\t\t\t\t\t<div class=\"e-con-inner\">\n\t\t<div class=\"elementor-element elementor-element-7c9aaaa e-con-full e-flex coherence-container-background-zoom-no coherence-sticky-section-no e-con e-child\" data-id=\"7c9aaaa\" data-element_type=\"container\" data-settings=\"{&quot;background_background&quot;:&quot;classic&quot;}\">\n\t\t<div class=\"elementor-element elementor-element-f1325cf e-con-full animate_01 elementor-hidden-tablet elementor-hidden-mobile_extra elementor-hidden-mobile e-flex coherence-container-background-zoom-no coherence-sticky-section-no e-con e-child\" data-id=\"f1325cf\" data-element_type=\"container\" data-settings=\"{&quot;position&quot;:&quot;absolute&quot;}\">\n\t\t\t\t<\/div>\n\t\t\t\t<\/div>\n\t\t<div class=\"elementor-element elementor-element-9b70e02 e-con-full e-flex coherence-container-background-zoom-no coherence-sticky-section-no e-con e-child\" data-id=\"9b70e02\" data-element_type=\"container\" data-settings=\"{&quot;background_background&quot;:&quot;classic&quot;}\">\n\t\t\t\t<div class=\"elementor-element elementor-element-765bb63 elementor-widget-divider--view-line elementor-widget elementor-widget-divider\" data-id=\"765bb63\" data-element_type=\"widget\" data-widget_type=\"divider.default\">\n\t\t\t\t\t\t\t<div class=\"elementor-divider\">\n\t\t\t<span class=\"elementor-divider-separator\">\n\t\t\t\t\t\t<\/span>\n\t\t<\/div>\n\t\t\t\t\t\t<\/div>\n\t\t\t\t<div class=\"elementor-element elementor-element-cc125e4 elementor-widget elementor-widget-coherence_Heading_widget\" data-id=\"cc125e4\" data-element_type=\"widget\" data-widget_type=\"coherence_Heading_widget.default\">\n\t\t\t\t<div class=\"elementor-widget-container\">\n\t\t\t\t\t<h1 class=\"coherence-heading elementor-heading-title\"><span class=\"separator-sup-title\">BOUTELOUP<\/span> <span class=\"coherence-heading-text\">Votre sp\u00e9cialiste en entretien chaudi\u00e8re fioul et gaz Sill\u00e9 le Guillaume<\/span>  <\/h1>\t\t\t\t<\/div>\n\t\t\t\t<\/div>\n\t\t\t\t<div class=\"elementor-element elementor-element-c28de4f elementor-widget elementor-widget-text-editor\" data-id=\"c28de4f\" data-element_type=\"widget\" data-widget_type=\"text-editor.default\">\n\t\t\t\t\t\t\t\t\t<p>Si vous recherchez un expert en entretien chaudi\u00e8re fioul et gaz Sill\u00e9 le Guillaume , BOUTELOUP est l\u2019adresse \u00e0 contacter pour r\u00e9pondre \u00e0 toutes vos demandes.<\/p><p>Nous sommes sp\u00e9cialis\u00e9s dans le domaine du chauffage et de la plomberie, et nous mettons tout en \u0153uvre pour vous fournir des services \u00e0 la hauteur de vos attentes. Notre \u00e9quipe est \u00e0 votre disposition pour effectuer l\u2019entretien chaudi\u00e8re fioul et gaz Sill\u00e9 le Guillaume en fonction de vos besoins. Quel que soit le type de votre syst\u00e8me de chauffage, nous sommes en mesure de vous proposer une solution adapt\u00e9e \u00e0 vos pr\u00e9f\u00e9rences. De plus, nos artisans exp\u00e9riment\u00e9s vous garantissent un travail de qualit\u00e9, alliant performance et efficacit\u00e9.<\/p><p>Nous sommes soucieux de votre satisfaction et nous intervenons rapidement pour r\u00e9aliser l\u2019entretien chaudi\u00e8re fioul et gaz Sill\u00e9 le Guillaume dans les d\u00e9lais impartis. De plus, nous proposons des contrats de maintenance pour assurer des r\u00e9sultats durables dans le temps.<\/p><p>N\u2019h\u00e9sitez pas \u00e0 nous contacter au 02 43 01 66 20 ou via notre formulaire de contact pour obtenir de plus amples informations.<\/p>\t\t\t\t\t\t\t\t<\/div>\n\t\t\t\t<div class=\"elementor-element elementor-element-f213ce3 elementor-tablet-align-center elementor-widget elementor-widget-coherence-Button-widget\" data-id=\"f213ce3\" data-element_type=\"widget\" data-widget_type=\"coherence-Button-widget.default\">\n\t\t\t\t<div class=\"elementor-widget-container\">\n\t\t\t\t\t<div class=\"elementor-button-wrapper coherence-button-wrapper\">\r\n    <a href=\"\/contact\/\" class=\"elementor-button-link elementor-button elementor-size-sm coherence-button-style-solid\" role=\"button\">\r\n        <span class=\"elementor-button-content-wrapper\">\r\n                        <span class=\"elementor-button-text\">Devis gratuit<\/span>\r\n        <\/span>\r\n    <\/a>\r\n<\/div>\t\t\t\t<\/div>\n\t\t\t\t<\/div>\n\t\t\t\t<\/div>\n\t\t\t\t\t<\/div>\n\t\t\t\t<\/div>\n\t\t<div class=\"elementor-element elementor-element-3f4a10d e-flex e-con-boxed coherence-container-background-zoom-no coherence-sticky-section-no e-con e-parent\" data-id=\"3f4a10d\" data-element_type=\"container\" data-settings=\"{&quot;background_background&quot;:&quot;classic&quot;}\">\n\t\t\t\t\t<div class=\"e-con-inner\">\n\t\t<div class=\"elementor-element elementor-element-30fc41d e-con-full e-flex coherence-container-background-zoom-no coherence-sticky-section-no elementor-invisible e-con e-child\" data-id=\"30fc41d\" data-element_type=\"container\" data-settings=\"{&quot;background_background&quot;:&quot;classic&quot;,&quot;animation&quot;:&quot;slideInDown&quot;}\">\n\t\t\t\t<div class=\"elementor-element elementor-element-bcdc436 elementor-widget-divider--view-line elementor-widget elementor-widget-divider\" data-id=\"bcdc436\" data-element_type=\"widget\" data-widget_type=\"divider.default\">\n\t\t\t\t\t\t\t<div class=\"elementor-divider\">\n\t\t\t<span class=\"elementor-divider-separator\">\n\t\t\t\t\t\t<\/span>\n\t\t<\/div>\n\t\t\t\t\t\t<\/div>\n\t\t\t\t<div class=\"elementor-element elementor-element-03a4691 elementor-widget__width-initial elementor-widget-laptop__width-initial elementor-widget elementor-widget-coherence_Heading_widget\" data-id=\"03a4691\" data-element_type=\"widget\" data-widget_type=\"coherence_Heading_widget.default\">\n\t\t\t\t<div class=\"elementor-widget-container\">\n\t\t\t\t\t<h2 class=\"coherence-heading elementor-heading-title\"> <span class=\"coherence-heading-text\">Pour profiter de nos services d\u2019entretien de chaudi\u00e8res fioul et gaz \u00e0 Sill\u00e9 le Guillaume, optez pour notre artisan chauffagiste reconnu pour ses comp\u00e9tences et son professionnalisme<\/span>  <\/h2>\t\t\t\t<\/div>\n\t\t\t\t<\/div>\n\t\t\t\t<\/div>\n\t\t<div class=\"elementor-element elementor-element-7f0bf18 e-con-full e-flex coherence-container-background-zoom-no coherence-sticky-section-no e-con e-child\" data-id=\"7f0bf18\" data-element_type=\"container\">\n\t\t<div class=\"elementor-element elementor-element-1b3d04c e-con-full e-flex coherence-container-background-zoom-no coherence-sticky-section-no e-con e-child\" data-id=\"1b3d04c\" data-element_type=\"container\">\n\t\t<div class=\"elementor-element elementor-element-e2bed50 e-con-full e-flex coherence-container-background-zoom-no coherence-sticky-section-no elementor-invisible e-con e-child\" data-id=\"e2bed50\" data-element_type=\"container\" data-settings=\"{&quot;background_background&quot;:&quot;classic&quot;,&quot;animation&quot;:&quot;fadeInLeft&quot;}\">\n\t\t\t\t<div class=\"elementor-element elementor-element-7eaf090 elementor-widget__width-initial elementor-widget-tablet_extra__width-initial elementor-widget elementor-widget-text-editor\" data-id=\"7eaf090\" data-element_type=\"widget\" data-widget_type=\"text-editor.default\">\n\t\t\t\t\t\t\t\t\tNous vous offrons une gamme compl\u00e8te de prestations r\u00e9pondant parfaitement \u00e0 vos besoins en mati\u00e8re de d\u00e9pannage de chauffage.\nNos interventions incluent notamment :\t\t\t\t\t\t\t\t<\/div>\n\t\t\t\t<div class=\"elementor-element elementor-element-b6a0805 elementor-widget__width-initial elementor-widget-tablet_extra__width-initial elementor-widget elementor-widget-text-editor\" data-id=\"b6a0805\" data-element_type=\"widget\" data-widget_type=\"text-editor.default\">\n\t\t\t\t\t\t\t\t\t<ul>\n \t<li>D\u00e9pannage et entretien,<\/li>\n<li>D\u00e9sembouage des circuits de chauffage,<\/li>\n<li>D\u00e9tartrage des appareils de chauffages,<\/li>\n<li>Analyse de combustion,<\/li>\n<li>Remise en route de chaudi\u00e8re,<\/li>\n<li>Ramonage des conduits des fum\u00e9es de chaudi\u00e8re,<\/li>\n<li>R\u00e9novation et remplacement de syst\u00e8me de chauffage\u2026<\/li>\n<\/ul>\t\t\t\t\t\t\t\t<\/div>\n\t\t\t\t<div class=\"elementor-element elementor-element-637bd75 elementor-widget__width-initial elementor-widget-tablet_extra__width-initial elementor-widget elementor-widget-text-editor\" data-id=\"637bd75\" data-element_type=\"widget\" data-widget_type=\"text-editor.default\">\n\t\t\t\t\t\t\t\t\tNous intervenons aussi bien chez les particuliers que chez les professionnels, et nous nous engageons \u00e0 vous fournir des solutions performantes r\u00e9pondant \u00e0 vos attentes.\t\t\t\t\t\t\t\t<\/div>\n\t\t\t\t<\/div>\n\t\t\t\t<\/div>\n\t\t<div class=\"elementor-element elementor-element-43e1974 e-con-full animate_01 e-flex coherence-container-background-zoom-no coherence-sticky-section-no elementor-invisible e-con e-child\" data-id=\"43e1974\" data-element_type=\"container\" data-settings=\"{&quot;background_background&quot;:&quot;classic&quot;,&quot;animation&quot;:&quot;fadeInRight&quot;}\">\n\t\t\t\t<\/div>\n\t\t\t\t<\/div>\n\t\t\t\t\t<\/div>\n\t\t\t\t<\/div>\n\t\t<div class=\"elementor-element elementor-element-89b6c61 e-flex e-con-boxed coherence-container-background-zoom-no coherence-sticky-section-no e-con e-parent\" data-id=\"89b6c61\" data-element_type=\"container\" data-settings=\"{&quot;background_background&quot;:&quot;classic&quot;}\">\n\t\t\t\t\t<div class=\"e-con-inner\">\n\t\t<div class=\"elementor-element elementor-element-3e861b1 e-con-full e-flex coherence-container-background-zoom-no coherence-sticky-section-no e-con e-child\" data-id=\"3e861b1\" data-element_type=\"container\">\n\t\t<div class=\"elementor-element elementor-element-fccfd29 e-con-full e-flex coherence-container-background-zoom-no coherence-sticky-section-no elementor-invisible e-con e-child\" data-id=\"fccfd29\" data-element_type=\"container\" data-settings=\"{&quot;background_background&quot;:&quot;classic&quot;,&quot;animation&quot;:&quot;fadeInLeft&quot;}\">\n\t\t\t\t<\/div>\n\t\t<div class=\"elementor-element elementor-element-4777eb0 e-con-full e-flex coherence-container-background-zoom-no coherence-sticky-section-no elementor-invisible e-con e-child\" data-id=\"4777eb0\" data-element_type=\"container\" data-settings=\"{&quot;background_background&quot;:&quot;classic&quot;,&quot;animation&quot;:&quot;fadeInRight&quot;}\">\n\t\t\t\t<div class=\"elementor-element elementor-element-e3585ab elementor-widget-divider--view-line elementor-widget elementor-widget-divider\" data-id=\"e3585ab\" data-element_type=\"widget\" data-widget_type=\"divider.default\">\n\t\t\t\t\t\t\t<div class=\"elementor-divider\">\n\t\t\t<span class=\"elementor-divider-separator\">\n\t\t\t\t\t\t<\/span>\n\t\t<\/div>\n\t\t\t\t\t\t<\/div>\n\t\t\t\t<div class=\"elementor-element elementor-element-eb4af09 elementor-widget elementor-widget-coherence_Heading_widget\" data-id=\"eb4af09\" data-element_type=\"widget\" data-widget_type=\"coherence_Heading_widget.default\">\n\t\t\t\t<div class=\"elementor-widget-container\">\n\t\t\t\t\t<h2 class=\"coherence-heading elementor-heading-title\"> <span class=\"coherence-heading-text\">Choisissez nos services de d\u00e9pannage en plomberie !<\/span>  <\/h2>\t\t\t\t<\/div>\n\t\t\t\t<\/div>\n\t\t\t\t<div class=\"elementor-element elementor-element-6bba9ac elementor-widget elementor-widget-text-editor\" data-id=\"6bba9ac\" data-element_type=\"widget\" data-widget_type=\"text-editor.default\">\n\t\t\t\t\t\t\t\t\tNotre \u00e9quipe comp\u00e9tente et polyvalente vous propose un service de d\u00e9pannage en plomberie et sanitaire, avec une large gamme de prestations adapt\u00e9es \u00e0 vos besoins, notamment :\t\t\t\t\t\t\t\t<\/div>\n\t\t\t\t<div class=\"elementor-element elementor-element-b5cc106 elementor-widget elementor-widget-text-editor\" data-id=\"b5cc106\" data-element_type=\"widget\" data-widget_type=\"text-editor.default\">\n\t\t\t\t\t\t\t\t\t<ul>\n \t<li>Le d\u00e9pannage de fuite de gaz et de fuite sanitaire,<\/li>\n<li>Le d\u00e9pannage de fuite d\u2019eau,<\/li>\n<li>L\u2019entretien et le remplacement de chaudi\u00e8re,<\/li>\n<li>Le d\u00e9pannage de radiateur,<\/li>\n<li>L\u2019entretien de sanitaires,<\/li>\n<li>L\u2019entretien, la maintenance et le remplacement de chauffe-eau,<\/li>\n<li>Le d\u00e9bouchage de canalisations,<\/li>\n<li>L\u2019entretien des circuits de radiateurs\u2026<\/li>\n<\/ul>\t\t\t\t\t\t\t\t<\/div>\n\t\t\t\t<div class=\"elementor-element elementor-element-251e07f elementor-widget elementor-widget-text-editor\" data-id=\"251e07f\" data-element_type=\"widget\" data-widget_type=\"text-editor.default\">\n\t\t\t\t\t\t\t\t\tNos plombiers exp\u00e9riment\u00e9s vous garantissent un travail minutieux et une intervention rapide, adapt\u00e9s \u00e0 vos besoins et \u00e0 votre budget.\n\nNous nous d\u00e9pla\u00e7ons \u00e0 Sainte-Suzanne, Sabl\u00e9-sur-Sarthe, Martign\u00e9-sur-Mayenne, Monts\u00fbrs, Evron, Villaines-la-Juhel et dans toute la Mayenne (53) pour \u00eatre proches de vous.\t\t\t\t\t\t\t\t<\/div>\n\t\t\t\t<\/div>\n\t\t\t\t<\/div>\n\t\t\t\t\t<\/div>\n\t\t\t\t<\/div>\n\t\t<div class=\"elementor-element elementor-element-f5af760 e-flex e-con-boxed coherence-container-background-zoom-no coherence-sticky-section-no e-con e-parent\" data-id=\"f5af760\" data-element_type=\"container\" data-settings=\"{&quot;background_background&quot;:&quot;classic&quot;}\">\n\t\t\t\t\t<div class=\"e-con-inner\">\n\t\t<div class=\"elementor-element elementor-element-3b6ca84 e-con-full animated-slow e-flex coherence-container-background-zoom-no coherence-sticky-section-no elementor-invisible e-con e-child\" data-id=\"3b6ca84\" data-element_type=\"container\" data-settings=\"{&quot;background_background&quot;:&quot;classic&quot;,&quot;animation&quot;:&quot;bounceInRight&quot;}\">\n\t\t\t\t<div class=\"elementor-element elementor-element-7326ab7 elementor-widget__width-initial elementor-widget elementor-widget-text-editor\" data-id=\"7326ab7\" data-element_type=\"widget\" data-widget_type=\"text-editor.default\">\n\t\t\t\t\t\t\t\t\t<p>Pour une demande de d\u00e9pannage de plomberie, appelez le : 02 43 01 66 20 !<\/p>\t\t\t\t\t\t\t\t<\/div>\n\t\t\t\t<div class=\"elementor-element elementor-element-26df7ad elementor-tablet-align-center elementor-align-center elementor-widget elementor-widget-coherence-Button-widget\" data-id=\"26df7ad\" data-element_type=\"widget\" data-widget_type=\"coherence-Button-widget.default\">\n\t\t\t\t<div class=\"elementor-widget-container\">\n\t\t\t\t\t<div class=\"elementor-button-wrapper coherence-button-wrapper\">\r\n    <a href=\"\/contact\/\" class=\"elementor-button-link elementor-button elementor-size-sm coherence-button-style-solid\" role=\"button\">\r\n        <span class=\"elementor-button-content-wrapper\">\r\n                        <span class=\"elementor-button-text\">Contactez-nous<\/span>\r\n        <\/span>\r\n    <\/a>\r\n<\/div>\t\t\t\t<\/div>\n\t\t\t\t<\/div>\n\t\t\t\t<\/div>\n\t\t\t\t\t<\/div>\n\t\t\t\t<\/div>\n\t\t\t\t<\/div>\n\t\t","protected":false},"excerpt":{"rendered":"<p>BOUTELOUP Votre sp\u00e9cialiste en entretien chaudi\u00e8re fioul et gaz Sill\u00e9 le Guillaume Si vous recherchez un expert en entretien chaudi\u00e8re fioul et gaz Sill\u00e9 le Guillaume , BOUTELOUP est l\u2019adresse \u00e0 contacter pour r\u00e9pondre \u00e0 toutes vos demandes. Nous sommes sp\u00e9cialis\u00e9s dans le domaine du chauffage et de la plomberie, et nous mettons tout en [&hellip;]<\/p>\n","protected":false},"author":1,"featured_media":862,"parent":0,"menu_order":0,"comment_status":"closed","ping_status":"closed","template":"","meta":{"inline_featured_image":false,"footnotes":""},"class_list":["post-2126","page","type-page","status-publish","has-post-thumbnail","hentry"],"yoast_head":"<!-- This site is optimized with the Yoast SEO plugin v25.9 - https:\/\/yoast.com\/wordpress\/plugins\/seo\/ -->\n<title>Entretien chaudi\u00e8re fioul et gaz Sill\u00e9 le Guillaume - BOUTELOUP<\/title>\n<meta name=\"description\" content=\"Vous cherchez un sp\u00e9cialiste en entretien chaudi\u00e8re fioul et gaz Sill\u00e9 le Guillaume ? Adressez-vous \u00e0 BOUTELOUP en contactant le 02 43 01 66 20\" \/>\n<meta name=\"robots\" content=\"noindex, follow, max-snippet:-1, max-image-preview:large, max-video-preview:-1\" \/>\n<meta property=\"og:locale\" content=\"fr_FR\" \/>\n<meta property=\"og:type\" content=\"article\" \/>\n<meta property=\"og:title\" content=\"Entretien chaudi\u00e8re fioul et gaz Sill\u00e9 le Guillaume - BOUTELOUP\" \/>\n<meta property=\"og:description\" content=\"Vous cherchez un sp\u00e9cialiste en entretien chaudi\u00e8re fioul et gaz Sill\u00e9 le Guillaume ? Adressez-vous \u00e0 BOUTELOUP en contactant le 02 43 01 66 20\" \/>\n<meta property=\"og:url\" content=\"https:\/\/www.ets-bouteloup.fr\/refonte\/entretien-chaudiere-fioul-et-gaz-sille-le-guillaume\/\" \/>\n<meta property=\"og:site_name\" content=\"ETS BOUTELOUP\" \/>\n<meta property=\"article:modified_time\" content=\"2025-05-07T14:59:21+00:00\" \/>\n<meta name=\"twitter:card\" content=\"summary_large_image\" \/>\n<meta name=\"twitter:label1\" content=\"Dur\u00e9e de lecture estim\u00e9e\" \/>\n\t<meta name=\"twitter:data1\" content=\"3 minutes\" \/>\n<script type=\"application\/ld+json\" class=\"yoast-schema-graph\">{\"@context\":\"https:\/\/schema.org\",\"@graph\":[{\"@type\":\"WebPage\",\"@id\":\"https:\/\/www.ets-bouteloup.fr\/refonte\/entretien-chaudiere-fioul-et-gaz-sille-le-guillaume\/\",\"url\":\"https:\/\/www.ets-bouteloup.fr\/refonte\/entretien-chaudiere-fioul-et-gaz-sille-le-guillaume\/\",\"name\":\"Entretien chaudi\u00e8re fioul et gaz Sill\u00e9 le Guillaume - BOUTELOUP\",\"isPartOf\":{\"@id\":\"https:\/\/www.ets-bouteloup.fr\/refonte\/#website\"},\"primaryImageOfPage\":{\"@id\":\"https:\/\/www.ets-bouteloup.fr\/refonte\/entretien-chaudiere-fioul-et-gaz-sille-le-guillaume\/#primaryimage\"},\"image\":{\"@id\":\"https:\/\/www.ets-bouteloup.fr\/refonte\/entretien-chaudiere-fioul-et-gaz-sille-le-guillaume\/#primaryimage\"},\"thumbnailUrl\":\"\",\"datePublished\":\"2021-11-02T07:45:30+00:00\",\"dateModified\":\"2025-05-07T14:59:21+00:00\",\"description\":\"Vous cherchez un sp\u00e9cialiste en entretien chaudi\u00e8re fioul et gaz Sill\u00e9 le Guillaume ? Adressez-vous \u00e0 BOUTELOUP en contactant le 02 43 01 66 20\",\"breadcrumb\":{\"@id\":\"https:\/\/www.ets-bouteloup.fr\/refonte\/entretien-chaudiere-fioul-et-gaz-sille-le-guillaume\/#breadcrumb\"},\"inLanguage\":\"fr-FR\",\"potentialAction\":[{\"@type\":\"ReadAction\",\"target\":[\"https:\/\/www.ets-bouteloup.fr\/refonte\/entretien-chaudiere-fioul-et-gaz-sille-le-guillaume\/\"]}]},{\"@type\":\"ImageObject\",\"inLanguage\":\"fr-FR\",\"@id\":\"https:\/\/www.ets-bouteloup.fr\/refonte\/entretien-chaudiere-fioul-et-gaz-sille-le-guillaume\/#primaryimage\",\"url\":\"\",\"contentUrl\":\"\"},{\"@type\":\"BreadcrumbList\",\"@id\":\"https:\/\/www.ets-bouteloup.fr\/refonte\/entretien-chaudiere-fioul-et-gaz-sille-le-guillaume\/#breadcrumb\",\"itemListElement\":[{\"@type\":\"ListItem\",\"position\":1,\"name\":\"Home\",\"item\":\"https:\/\/www.ets-bouteloup.fr\/refonte\/\"},{\"@type\":\"ListItem\",\"position\":2,\"name\":\"&#8230; Entretien chaudi\u00e8re fioul et gaz Sill\u00e9 le Guillaume\"}]},{\"@type\":\"WebSite\",\"@id\":\"https:\/\/www.ets-bouteloup.fr\/refonte\/#website\",\"url\":\"https:\/\/www.ets-bouteloup.fr\/refonte\/\",\"name\":\"ETS BOUTELOUP\",\"description\":\"\",\"potentialAction\":[{\"@type\":\"SearchAction\",\"target\":{\"@type\":\"EntryPoint\",\"urlTemplate\":\"https:\/\/www.ets-bouteloup.fr\/refonte\/?s={search_term_string}\"},\"query-input\":{\"@type\":\"PropertyValueSpecification\",\"valueRequired\":true,\"valueName\":\"search_term_string\"}}],\"inLanguage\":\"fr-FR\"}]}<\/script>\n<!-- \/ Yoast SEO plugin. -->","yoast_head_json":{"title":"Entretien chaudi\u00e8re fioul et gaz Sill\u00e9 le Guillaume - BOUTELOUP","description":"Vous cherchez un sp\u00e9cialiste en entretien chaudi\u00e8re fioul et gaz Sill\u00e9 le Guillaume ? Adressez-vous \u00e0 BOUTELOUP en contactant le 02 43 01 66 20","robots":{"index":"noindex","follow":"follow","max-snippet":"max-snippet:-1","max-image-preview":"max-image-preview:large","max-video-preview":"max-video-preview:-1"},"og_locale":"fr_FR","og_type":"article","og_title":"Entretien chaudi\u00e8re fioul et gaz Sill\u00e9 le Guillaume - BOUTELOUP","og_description":"Vous cherchez un sp\u00e9cialiste en entretien chaudi\u00e8re fioul et gaz Sill\u00e9 le Guillaume ? Adressez-vous \u00e0 BOUTELOUP en contactant le 02 43 01 66 20","og_url":"https:\/\/www.ets-bouteloup.fr\/refonte\/entretien-chaudiere-fioul-et-gaz-sille-le-guillaume\/","og_site_name":"ETS BOUTELOUP","article_modified_time":"2025-05-07T14:59:21+00:00","twitter_card":"summary_large_image","twitter_misc":{"Dur\u00e9e de lecture estim\u00e9e":"3 minutes"},"schema":{"@context":"https:\/\/schema.org","@graph":[{"@type":"WebPage","@id":"https:\/\/www.ets-bouteloup.fr\/refonte\/entretien-chaudiere-fioul-et-gaz-sille-le-guillaume\/","url":"https:\/\/www.ets-bouteloup.fr\/refonte\/entretien-chaudiere-fioul-et-gaz-sille-le-guillaume\/","name":"Entretien chaudi\u00e8re fioul et gaz Sill\u00e9 le Guillaume - BOUTELOUP","isPartOf":{"@id":"https:\/\/www.ets-bouteloup.fr\/refonte\/#website"},"primaryImageOfPage":{"@id":"https:\/\/www.ets-bouteloup.fr\/refonte\/entretien-chaudiere-fioul-et-gaz-sille-le-guillaume\/#primaryimage"},"image":{"@id":"https:\/\/www.ets-bouteloup.fr\/refonte\/entretien-chaudiere-fioul-et-gaz-sille-le-guillaume\/#primaryimage"},"thumbnailUrl":"","datePublished":"2021-11-02T07:45:30+00:00","dateModified":"2025-05-07T14:59:21+00:00","description":"Vous cherchez un sp\u00e9cialiste en entretien chaudi\u00e8re fioul et gaz Sill\u00e9 le Guillaume ? Adressez-vous \u00e0 BOUTELOUP en contactant le 02 43 01 66 20","breadcrumb":{"@id":"https:\/\/www.ets-bouteloup.fr\/refonte\/entretien-chaudiere-fioul-et-gaz-sille-le-guillaume\/#breadcrumb"},"inLanguage":"fr-FR","potentialAction":[{"@type":"ReadAction","target":["https:\/\/www.ets-bouteloup.fr\/refonte\/entretien-chaudiere-fioul-et-gaz-sille-le-guillaume\/"]}]},{"@type":"ImageObject","inLanguage":"fr-FR","@id":"https:\/\/www.ets-bouteloup.fr\/refonte\/entretien-chaudiere-fioul-et-gaz-sille-le-guillaume\/#primaryimage","url":"","contentUrl":""},{"@type":"BreadcrumbList","@id":"https:\/\/www.ets-bouteloup.fr\/refonte\/entretien-chaudiere-fioul-et-gaz-sille-le-guillaume\/#breadcrumb","itemListElement":[{"@type":"ListItem","position":1,"name":"Home","item":"https:\/\/www.ets-bouteloup.fr\/refonte\/"},{"@type":"ListItem","position":2,"name":"&#8230; Entretien chaudi\u00e8re fioul et gaz Sill\u00e9 le Guillaume"}]},{"@type":"WebSite","@id":"https:\/\/www.ets-bouteloup.fr\/refonte\/#website","url":"https:\/\/www.ets-bouteloup.fr\/refonte\/","name":"ETS BOUTELOUP","description":"","potentialAction":[{"@type":"SearchAction","target":{"@type":"EntryPoint","urlTemplate":"https:\/\/www.ets-bouteloup.fr\/refonte\/?s={search_term_string}"},"query-input":{"@type":"PropertyValueSpecification","valueRequired":true,"valueName":"search_term_string"}}],"inLanguage":"fr-FR"}]}},"_links":{"self":[{"href":"https:\/\/www.ets-bouteloup.fr\/refonte\/wp-json\/wp\/v2\/pages\/2126","targetHints":{"allow":["GET"]}}],"collection":[{"href":"https:\/\/www.ets-bouteloup.fr\/refonte\/wp-json\/wp\/v2\/pages"}],"about":[{"href":"https:\/\/www.ets-bouteloup.fr\/refonte\/wp-json\/wp\/v2\/types\/page"}],"author":[{"embeddable":true,"href":"https:\/\/www.ets-bouteloup.fr\/refonte\/wp-json\/wp\/v2\/users\/1"}],"replies":[{"embeddable":true,"href":"https:\/\/www.ets-bouteloup.fr\/refonte\/wp-json\/wp\/v2\/comments?post=2126"}],"version-history":[{"count":1,"href":"https:\/\/www.ets-bouteloup.fr\/refonte\/wp-json\/wp\/v2\/pages\/2126\/revisions"}],"predecessor-version":[{"id":2538,"href":"https:\/\/www.ets-bouteloup.fr\/refonte\/wp-json\/wp\/v2\/pages\/2126\/revisions\/2538"}],"wp:featuredmedia":[{"embeddable":true,"href":"https:\/\/www.ets-bouteloup.fr\/refonte\/wp-json\/"}],"wp:attachment":[{"href":"https:\/\/www.ets-bouteloup.fr\/refonte\/wp-json\/wp\/v2\/media?parent=2126"}],"curies":[{"name":"wp","href":"https:\/\/api.w.org\/{rel}","templated":true}]}}