{"id":421,"date":"2017-04-04T12:10:31","date_gmt":"2017-04-04T10:10:31","guid":{"rendered":"http:\/\/www.ets-bouteloup.fr\/?page_id=421"},"modified":"2025-05-07T16:59:18","modified_gmt":"2025-05-07T14:59:18","slug":"chauffage-en-mayenne-53","status":"publish","type":"page","link":"https:\/\/www.ets-bouteloup.fr\/refonte\/chauffage-en-mayenne-53\/","title":{"rendered":".. Chauffage en Mayenne 53"},"content":{"rendered":"\t\t<div data-elementor-type=\"wp-page\" data-elementor-id=\"421\" class=\"elementor elementor-421\">\n\t\t\t\t<div class=\"elementor-element elementor-element-34cb1ad sec_h1 e-flex e-con-boxed coherence-container-background-zoom-no coherence-sticky-section-no elementor-invisible e-con e-parent\" data-id=\"34cb1ad\" data-element_type=\"container\" data-settings=\"{&quot;animation&quot;:&quot;fadeInUp&quot;}\">\n\t\t\t\t\t<div class=\"e-con-inner\">\n\t\t<div class=\"elementor-element elementor-element-ccc8021 e-con-full e-flex coherence-container-background-zoom-no coherence-sticky-section-no e-con e-child\" data-id=\"ccc8021\" data-element_type=\"container\" data-settings=\"{&quot;background_background&quot;:&quot;classic&quot;}\">\n\t\t<div class=\"elementor-element elementor-element-4555219 e-con-full animate_01 elementor-hidden-tablet elementor-hidden-mobile_extra elementor-hidden-mobile e-flex coherence-container-background-zoom-no coherence-sticky-section-no e-con e-child\" data-id=\"4555219\" data-element_type=\"container\" data-settings=\"{&quot;position&quot;:&quot;absolute&quot;}\">\n\t\t\t\t<\/div>\n\t\t\t\t<\/div>\n\t\t<div class=\"elementor-element elementor-element-d049807 e-con-full e-flex coherence-container-background-zoom-no coherence-sticky-section-no e-con e-child\" data-id=\"d049807\" data-element_type=\"container\" data-settings=\"{&quot;background_background&quot;:&quot;classic&quot;}\">\n\t\t\t\t<div class=\"elementor-element elementor-element-d315b08 elementor-widget-divider--view-line elementor-widget elementor-widget-divider\" data-id=\"d315b08\" data-element_type=\"widget\" data-widget_type=\"divider.default\">\n\t\t\t\t\t\t\t<div class=\"elementor-divider\">\n\t\t\t<span class=\"elementor-divider-separator\">\n\t\t\t\t\t\t<\/span>\n\t\t<\/div>\n\t\t\t\t\t\t<\/div>\n\t\t\t\t<div class=\"elementor-element elementor-element-fd1a2ff elementor-widget elementor-widget-coherence_Heading_widget\" data-id=\"fd1a2ff\" data-element_type=\"widget\" data-widget_type=\"coherence_Heading_widget.default\">\n\t\t\t\t<div class=\"elementor-widget-container\">\n\t\t\t\t\t<h1 class=\"coherence-heading elementor-heading-title\"><span class=\"separator-sup-title\">BOUTELOUP<\/span> <span class=\"coherence-heading-text\">Recherchez-vous un sp\u00e9cialiste reconnu en chauffage dans le d\u00e9partement de la Mayenne (53) ? L\u2019entreprise BOUTELOUP est \u00e0 votre service. Nous sommes votre partenaire de choix pour l\u2019installation et la r\u00e9paration de vos syst\u00e8mes de chauffage en Mayenne (53).<\/span>  <\/h1>\t\t\t\t<\/div>\n\t\t\t\t<\/div>\n\t\t\t\t<div class=\"elementor-element elementor-element-50141af elementor-widget elementor-widget-text-editor\" data-id=\"50141af\" data-element_type=\"widget\" data-widget_type=\"text-editor.default\">\n\t\t\t\t\t\t\t\t\t<p>L\u2019entreprise BOUTELOUP offre une large gamme de services, incluant l\u2019installation, l\u2019activation et la r\u00e9paration de votre Chauffage en Mayenne (53). Que ce soit pour votre ballon d\u2019eau chaude, chaudi\u00e8re, radiateur, br\u00fbleur, chauffe-eau, nous sommes l\u00e0 pour vous aider.<\/p><p>Nos artisans chauffagistes vous guident et vous soutiennent dans le choix de votre syst\u00e8me de Chauffage en Mayenne (53), e plus appropri\u00e9 \u00e0 vos besoins. Nos experts se d\u00e9placent \u00e0 votre domicile ou \u00e0 votre \u00e9tablissement pour r\u00e9aliser un bilan thermique et une estimation financi\u00e8re de votre projet.<\/p>\t\t\t\t\t\t\t\t<\/div>\n\t\t\t\t<div class=\"elementor-element elementor-element-a839c80 elementor-tablet-align-center elementor-widget elementor-widget-coherence-Button-widget\" data-id=\"a839c80\" data-element_type=\"widget\" data-widget_type=\"coherence-Button-widget.default\">\n\t\t\t\t<div class=\"elementor-widget-container\">\n\t\t\t\t\t<div class=\"elementor-button-wrapper coherence-button-wrapper\">\r\n    <a href=\"\/contact\/\" class=\"elementor-button-link elementor-button elementor-size-sm coherence-button-style-solid\" role=\"button\">\r\n        <span class=\"elementor-button-content-wrapper\">\r\n                        <span class=\"elementor-button-text\">Devis gratuit<\/span>\r\n        <\/span>\r\n    <\/a>\r\n<\/div>\t\t\t\t<\/div>\n\t\t\t\t<\/div>\n\t\t\t\t<\/div>\n\t\t\t\t\t<\/div>\n\t\t\t\t<\/div>\n\t\t<div class=\"elementor-element elementor-element-5337825 e-flex e-con-boxed coherence-container-background-zoom-no coherence-sticky-section-no e-con e-parent\" data-id=\"5337825\" data-element_type=\"container\" data-settings=\"{&quot;background_background&quot;:&quot;classic&quot;}\">\n\t\t\t\t\t<div class=\"e-con-inner\">\n\t\t<div class=\"elementor-element elementor-element-a976827 e-con-full e-flex coherence-container-background-zoom-no coherence-sticky-section-no e-con e-child\" data-id=\"a976827\" data-element_type=\"container\">\n\t\t<div class=\"elementor-element elementor-element-f5a3801 e-con-full e-flex coherence-container-background-zoom-no coherence-sticky-section-no e-con e-child\" data-id=\"f5a3801\" data-element_type=\"container\">\n\t\t<div class=\"elementor-element elementor-element-edcd9d6 e-con-full e-flex coherence-container-background-zoom-no coherence-sticky-section-no elementor-invisible e-con e-child\" data-id=\"edcd9d6\" data-element_type=\"container\" data-settings=\"{&quot;background_background&quot;:&quot;classic&quot;,&quot;animation&quot;:&quot;fadeInLeft&quot;}\">\n\t\t\t\t<div class=\"elementor-element elementor-element-743e72d elementor-widget__width-initial elementor-widget-tablet_extra__width-initial elementor-widget elementor-widget-text-editor\" data-id=\"743e72d\" data-element_type=\"widget\" data-widget_type=\"text-editor.default\">\n\t\t\t\t\t\t\t\t\t<p>Nos plombiers sont sp\u00e9cialement d\u00e9di\u00e9s \u00e0 l\u2019installation et \u00e0 l\u2019activation de chaudi\u00e8res et syst\u00e8mes de production d\u2019eau chaude. Nous sommes en mesure de vous proposer toutes les options de chauffages disponibles sur le march\u00e9, de la chaudi\u00e8re \u00e0 gaz \u00e0 la pompe \u00e0 chaleur, de la solution de chauffage la plus \u00e9conomique \u00e0 la moins rentable.<\/p><p>Votre choix de solution de chauffage est crucial. Il vous permettra de r\u00e9aliser des \u00e9conomies d\u2019\u00e9nergie tout au long de la dur\u00e9e de vie de votre installation. Nos gestionnaires de compte sont l\u00e0 pour vous conseiller.<\/p>\t\t\t\t\t\t\t\t<\/div>\n\t\t\t\t<\/div>\n\t\t\t\t<\/div>\n\t\t<div class=\"elementor-element elementor-element-adc4e86 e-con-full animate_01 e-flex coherence-container-background-zoom-no coherence-sticky-section-no elementor-invisible e-con e-child\" data-id=\"adc4e86\" data-element_type=\"container\" data-settings=\"{&quot;background_background&quot;:&quot;classic&quot;,&quot;animation&quot;:&quot;fadeInRight&quot;}\">\n\t\t\t\t<\/div>\n\t\t\t\t<\/div>\n\t\t\t\t\t<\/div>\n\t\t\t\t<\/div>\n\t\t<div class=\"elementor-element elementor-element-6df288b e-flex e-con-boxed coherence-container-background-zoom-no coherence-sticky-section-no e-con e-parent\" data-id=\"6df288b\" data-element_type=\"container\" data-settings=\"{&quot;background_background&quot;:&quot;classic&quot;}\">\n\t\t\t\t\t<div class=\"e-con-inner\">\n\t\t<div class=\"elementor-element elementor-element-b2ddc31 e-con-full e-flex coherence-container-background-zoom-no coherence-sticky-section-no elementor-invisible e-con e-child\" data-id=\"b2ddc31\" data-element_type=\"container\" data-settings=\"{&quot;background_background&quot;:&quot;classic&quot;,&quot;animation&quot;:&quot;slideInDown&quot;}\">\n\t\t\t\t<div class=\"elementor-element elementor-element-62b7ef7 elementor-widget-divider--view-line elementor-widget elementor-widget-divider\" data-id=\"62b7ef7\" data-element_type=\"widget\" data-widget_type=\"divider.default\">\n\t\t\t\t\t\t\t<div class=\"elementor-divider\">\n\t\t\t<span class=\"elementor-divider-separator\">\n\t\t\t\t\t\t<\/span>\n\t\t<\/div>\n\t\t\t\t\t\t<\/div>\n\t\t\t\t<div class=\"elementor-element elementor-element-88904cb elementor-widget__width-initial elementor-widget elementor-widget-coherence_Heading_widget\" data-id=\"88904cb\" data-element_type=\"widget\" data-widget_type=\"coherence_Heading_widget.default\">\n\t\t\t\t<div class=\"elementor-widget-container\">\n\t\t\t\t\t<h2 class=\"coherence-heading elementor-heading-title\"> <span class=\"coherence-heading-text\">Nous intervenons sur plusieurs solutions de chauffage en Mayenne (53) :<\/span>  <\/h2>\t\t\t\t<\/div>\n\t\t\t\t<\/div>\n\t\t\t\t<\/div>\n\t\t<div class=\"elementor-element elementor-element-f02f223 e-con-full e-flex coherence-container-background-zoom-no coherence-sticky-section-no e-con e-child\" data-id=\"f02f223\" data-element_type=\"container\">\n\t\t<div class=\"elementor-element elementor-element-ff1d730 e-con-full e-flex coherence-container-background-zoom-no coherence-sticky-section-no e-con e-child\" data-id=\"ff1d730\" data-element_type=\"container\">\n\t\t<div class=\"elementor-element elementor-element-5521cab e-con-full e-flex coherence-sticky-section-no elementor-invisible e-con e-child\" data-id=\"5521cab\" data-element_type=\"container\" data-settings=\"{&quot;background_background&quot;:&quot;classic&quot;,&quot;animation&quot;:&quot;fadeInLeft&quot;}\">\n\t\t\t\t<div class=\"elementor-element elementor-element-b2b4c43 elementor-widget elementor-widget-heading\" data-id=\"b2b4c43\" data-element_type=\"widget\" data-widget_type=\"heading.default\">\n\t\t\t\t\t<h3 class=\"elementor-heading-title elementor-size-default\">La chaudi\u00e8re \u00e0 gaz<\/h3>\t\t\t\t<\/div>\n\t\t\t\t<div class=\"elementor-element elementor-element-25e2c98 elementor-widget elementor-widget-text-editor\" data-id=\"25e2c98\" data-element_type=\"widget\" data-widget_type=\"text-editor.default\">\n\t\t\t\t\t\t\t\t\tNomm\u00e9e la chaudi\u00e8re haute performance \u00e9nerg\u00e9tique, elle convient tr\u00e8s bien pour les projets de construction que pour ceux de r\u00e9novation. Elle se consid\u00e8re au centre du syst\u00e8me de chauffage et de production d\u2019eau chaude et est \u00e0 la fois confortable, \u00e9conomique, et respectueuse de l\u2019environnement\n\nEn installant une chaudi\u00e8re \u00e0 condensation, vous b\u00e9n\u00e9ficiez de plusieurs avantages :\nEn installant une chaudi\u00e8re \u00e0 condensation vous b\u00e9n\u00e9ficierez des avantages suivants :\t\t\t\t\t\t\t\t<\/div>\n\t\t\t\t<\/div>\n\t\t<div class=\"elementor-element elementor-element-c31986a e-con-full e-flex coherence-sticky-section-no elementor-invisible e-con e-child\" data-id=\"c31986a\" data-element_type=\"container\" data-settings=\"{&quot;background_background&quot;:&quot;classic&quot;,&quot;animation&quot;:&quot;fadeInLeft&quot;}\">\n\t\t\t\t<div class=\"elementor-element elementor-element-b589e0a elementor-widget elementor-widget-heading\" data-id=\"b589e0a\" data-element_type=\"widget\" data-widget_type=\"heading.default\">\n\t\t\t\t\t<h3 class=\"elementor-heading-title elementor-size-default\">La chaudi\u00e8re \u00e0 fioul<\/h3>\t\t\t\t<\/div>\n\t\t\t\t<div class=\"elementor-element elementor-element-93c0e7c elementor-widget elementor-widget-text-editor\" data-id=\"93c0e7c\" data-element_type=\"widget\" data-widget_type=\"text-editor.default\">\n\t\t\t\t\t\t\t\t\t<p>Nous disposons d\u2019une large gamme de chaudi\u00e8res fioul, produits de marque r\u00e9put\u00e9e, avec des prix raisonnables.<\/p><p>Les chaudi\u00e8res au fioul vous permettront d\u2019\u00e9conomiser l\u2019\u00e9nergie en comparaison avec une chaudi\u00e8re traditionnelle.<\/p>\t\t\t\t\t\t\t\t<\/div>\n\t\t\t\t<\/div>\n\t\t<div class=\"elementor-element elementor-element-d80975f e-con-full e-flex coherence-sticky-section-no elementor-invisible e-con e-child\" data-id=\"d80975f\" data-element_type=\"container\" data-settings=\"{&quot;background_background&quot;:&quot;classic&quot;,&quot;animation&quot;:&quot;fadeInLeft&quot;}\">\n\t\t\t\t<div class=\"elementor-element elementor-element-e1ea7b5 elementor-widget elementor-widget-heading\" data-id=\"e1ea7b5\" data-element_type=\"widget\" data-widget_type=\"heading.default\">\n\t\t\t\t\t<h3 class=\"elementor-heading-title elementor-size-default\">La chaudi\u00e8re \u00e9lectrique<\/h3>\t\t\t\t<\/div>\n\t\t\t\t<div class=\"elementor-element elementor-element-0aa3686 elementor-widget elementor-widget-text-editor\" data-id=\"0aa3686\" data-element_type=\"widget\" data-widget_type=\"text-editor.default\">\n\t\t\t\t\t\t\t\t\t<p>La chaudi\u00e8re \u00e9lectrique est d\u2019une efficacit\u00e9 incontournable, et d\u2019une facilit\u00e9 d\u2019installation incomparable.<\/p><p>L\u2019entreprise BOUTELOUP vous propose une s\u00e9lection de meilleurs produits du march\u00e9 dans une gamme de prix plus que comp\u00e9titive.<\/p>\t\t\t\t\t\t\t\t<\/div>\n\t\t\t\t<\/div>\n\t\t<div class=\"elementor-element elementor-element-e755581 e-con-full e-flex coherence-sticky-section-no elementor-invisible e-con e-child\" data-id=\"e755581\" data-element_type=\"container\" data-settings=\"{&quot;background_background&quot;:&quot;classic&quot;,&quot;animation&quot;:&quot;fadeInLeft&quot;}\">\n\t\t\t\t<div class=\"elementor-element elementor-element-fe2ac62 elementor-widget elementor-widget-heading\" data-id=\"fe2ac62\" data-element_type=\"widget\" data-widget_type=\"heading.default\">\n\t\t\t\t\t<h3 class=\"elementor-heading-title elementor-size-default\">La pompe \u00e0 chaleur<\/h3>\t\t\t\t<\/div>\n\t\t\t\t<div class=\"elementor-element elementor-element-d73e9b9 elementor-widget elementor-widget-text-editor\" data-id=\"d73e9b9\" data-element_type=\"widget\" data-widget_type=\"text-editor.default\">\n\t\t\t\t\t\t\t\t\t<p><strong>PAC a\u00e9rothermiques :<\/strong><br \/>Une pompe \u00e0 chaleur a\u00e9rothermique capte les calories pr\u00e9sentes dans l\u2019air pour les transf\u00e9rer dans le r\u00e9seau d\u2019eau et de chauffage du b\u00e2timent, d\u2019o\u00f9 l\u2019appellation de pompe \u00e0 chaleur air\/eau.<br \/>L\u2019a\u00e9rothermie est une solution de confort \u00e9conomique et sobre en CO2. Selon les caract\u00e9ristiques de votre logement et vos \u00e9metteurs de chauffage, les pompes \u00e0 chaleur a\u00e9rothermiques peuvent garantir : Le chauffage &#8211; L\u2019eau chaude sanitaire &#8211; Le rafra\u00eechissement<\/p><p><strong>PAC g\u00e9othermiques :<\/strong><br \/>La pompe \u00e0 chaleur g\u00e9othermique capte les calories contenues dans le sol pour les transf\u00e9rer au circuit d\u2019eau de chauffage de la maison. D\u2019o\u00f9 l\u2019appellation de pompe \u00e0 chaleur eau\/eau.<br \/>Il existe trois solutions pour transf\u00e9rer la chaleur. Une fois que les capteurs sont en place, un fluide circule \u00e0 l\u2019int\u00e9rieur de ces capteurs pour capter les calories et les transporter jusqu\u2019\u00e0 la pompe \u00e0 chaleur. Ensuite, un autre fluide circule entre la pompe \u00e0 chaleur et les \u00e9metteurs de chaleur situ\u00e9s dans la maison (radiateurs, ventilo-convecteur, plancher chauffant, etc.<\/p>\t\t\t\t\t\t\t\t<\/div>\n\t\t\t\t<\/div>\n\t\t<div class=\"elementor-element elementor-element-54e912f e-con-full e-flex coherence-sticky-section-no elementor-invisible e-con e-child\" data-id=\"54e912f\" data-element_type=\"container\" data-settings=\"{&quot;background_background&quot;:&quot;classic&quot;,&quot;animation&quot;:&quot;fadeInLeft&quot;}\">\n\t\t\t\t<div class=\"elementor-element elementor-element-ba5b9e7 elementor-widget elementor-widget-heading\" data-id=\"ba5b9e7\" data-element_type=\"widget\" data-widget_type=\"heading.default\">\n\t\t\t\t\t<h3 class=\"elementor-heading-title elementor-size-default\">Le chauffe-eau thermodynamique<\/h3>\t\t\t\t<\/div>\n\t\t\t\t<div class=\"elementor-element elementor-element-9dedfae elementor-widget elementor-widget-text-editor\" data-id=\"9dedfae\" data-element_type=\"widget\" data-widget_type=\"text-editor.default\">\n\t\t\t\t\t\t\t\t\t<p>Il s\u2019agit d\u2019un dispositif alliant un ballon de stockage d\u2019eau chaude et une pompe \u00e0 chaleur \u00e9lectrique (PAC) \u00ab air \/eau \u00bb, il permet d\u2019\u00e9conomiser de l\u2019\u00e9nergie par rapport au chauffe-eau \u00e9lectrique. Il s\u2019agit, de ce fait, d\u2019une alternative \u00e0 la fois \u00e9conomique et \u00e9cologique dans la mesure o\u00f9 ce dispositif vous permet d\u2019\u00e9conomiser de l\u2019\u00e9nergie et de l\u2019eau.<\/p><p>Avec un chauffe-eau thermodynamique, vous produisez uniquement votre eau chaude sanitaire \u00e0 l\u2019aide d\u2019une pompe \u00e0 chaleur \u00e9lectrique, vous b\u00e9n\u00e9ficiez ainsi des avantages suivants : Des \u00e9conomies d\u2019\u00e9nergie par rapport \u00e0 un ballon d\u2019eau classique \u2013 Une installation facile en maison individuelle.<\/p>\t\t\t\t\t\t\t\t<\/div>\n\t\t\t\t<\/div>\n\t\t\t\t<\/div>\n\t\t\t\t<\/div>\n\t\t\t\t\t<\/div>\n\t\t\t\t<\/div>\n\t\t<div class=\"elementor-element elementor-element-91dfe84 e-flex e-con-boxed coherence-container-background-zoom-no coherence-sticky-section-no e-con e-parent\" data-id=\"91dfe84\" data-element_type=\"container\" data-settings=\"{&quot;background_background&quot;:&quot;classic&quot;}\">\n\t\t\t\t\t<div class=\"e-con-inner\">\n\t\t<div class=\"elementor-element elementor-element-7e3ed51 e-con-full animated-slow e-flex coherence-container-background-zoom-no coherence-sticky-section-no elementor-invisible e-con e-child\" data-id=\"7e3ed51\" data-element_type=\"container\" data-settings=\"{&quot;background_background&quot;:&quot;classic&quot;,&quot;animation&quot;:&quot;bounceInRight&quot;}\">\n\t\t\t\t<div class=\"elementor-element elementor-element-125f37f elementor-widget__width-initial elementor-widget elementor-widget-text-editor\" data-id=\"125f37f\" data-element_type=\"widget\" data-widget_type=\"text-editor.default\">\n\t\t\t\t\t\t\t\t\tAvec l\u2019entreprise BOUTELOUP, la garantie satisfaction !!!\nVous souhaitez faire installer le syst\u00e8me de chauffage le plus ad\u00e9quat, contactez-nous. Nous vous accueillons en MAYENNE (53).\t\t\t\t\t\t\t\t<\/div>\n\t\t\t\t<div class=\"elementor-element elementor-element-a730ff9 elementor-tablet-align-center elementor-align-center elementor-widget elementor-widget-coherence-Button-widget\" data-id=\"a730ff9\" data-element_type=\"widget\" data-widget_type=\"coherence-Button-widget.default\">\n\t\t\t\t<div class=\"elementor-widget-container\">\n\t\t\t\t\t<div class=\"elementor-button-wrapper coherence-button-wrapper\">\r\n    <a href=\"\/contact\/\" class=\"elementor-button-link elementor-button elementor-size-sm coherence-button-style-solid\" role=\"button\">\r\n        <span class=\"elementor-button-content-wrapper\">\r\n                        <span class=\"elementor-button-text\">Contactez-nous<\/span>\r\n        <\/span>\r\n    <\/a>\r\n<\/div>\t\t\t\t<\/div>\n\t\t\t\t<\/div>\n\t\t\t\t<\/div>\n\t\t\t\t\t<\/div>\n\t\t\t\t<\/div>\n\t\t\t\t<\/div>\n\t\t","protected":false},"excerpt":{"rendered":"<p>BOUTELOUP Recherchez-vous un sp\u00e9cialiste reconnu en chauffage dans le d\u00e9partement de la Mayenne (53) ? L\u2019entreprise BOUTELOUP est \u00e0 votre service. Nous sommes votre partenaire de choix pour l\u2019installation et la r\u00e9paration de vos syst\u00e8mes de chauffage en Mayenne (53). L\u2019entreprise BOUTELOUP offre une large gamme de services, incluant l\u2019installation, l\u2019activation et la r\u00e9paration de [&hellip;]<\/p>\n","protected":false},"author":1,"featured_media":0,"parent":0,"menu_order":0,"comment_status":"closed","ping_status":"closed","template":"","meta":{"inline_featured_image":false,"footnotes":""},"class_list":["post-421","page","type-page","status-publish","hentry"],"yoast_head":"<!-- This site is optimized with the Yoast SEO plugin v25.9 - https:\/\/yoast.com\/wordpress\/plugins\/seo\/ -->\n<title>Chauffage en Mayenne (53) \u2013 Ets BOUTELOUP - Installation et d\u00e9pannage<\/title>\n<meta name=\"description\" content=\"Trouvez les meilleures solutions chauffage en Mayenne (53) chez L&#039;Ets BOUTELOUP. Etude, installation et d\u00e9pannage \u00e0 co\u00fbts et d\u00e9lais de r\u00e9alisation r\u00e9duits !\" \/>\n<meta name=\"robots\" content=\"noindex, follow, max-snippet:-1, max-image-preview:large, max-video-preview:-1\" \/>\n<meta property=\"og:locale\" content=\"fr_FR\" \/>\n<meta property=\"og:type\" content=\"article\" \/>\n<meta property=\"og:title\" content=\"Chauffage en Mayenne (53) \u2013 Ets BOUTELOUP - Installation et d\u00e9pannage\" \/>\n<meta property=\"og:description\" content=\"Trouvez les meilleures solutions chauffage en Mayenne (53) chez L&#039;Ets BOUTELOUP. Etude, installation et d\u00e9pannage \u00e0 co\u00fbts et d\u00e9lais de r\u00e9alisation r\u00e9duits !\" \/>\n<meta property=\"og:url\" content=\"https:\/\/www.ets-bouteloup.fr\/refonte\/chauffage-en-mayenne-53\/\" \/>\n<meta property=\"og:site_name\" content=\"ETS BOUTELOUP\" \/>\n<meta property=\"article:modified_time\" content=\"2025-05-07T14:59:18+00:00\" \/>\n<meta name=\"twitter:card\" content=\"summary_large_image\" \/>\n<meta name=\"twitter:label1\" content=\"Dur\u00e9e de lecture estim\u00e9e\" \/>\n\t<meta name=\"twitter:data1\" content=\"4 minutes\" \/>\n<script type=\"application\/ld+json\" class=\"yoast-schema-graph\">{\"@context\":\"https:\/\/schema.org\",\"@graph\":[{\"@type\":\"WebPage\",\"@id\":\"https:\/\/www.ets-bouteloup.fr\/refonte\/chauffage-en-mayenne-53\/\",\"url\":\"https:\/\/www.ets-bouteloup.fr\/refonte\/chauffage-en-mayenne-53\/\",\"name\":\"Chauffage en Mayenne (53) \u2013 Ets BOUTELOUP - Installation et d\u00e9pannage\",\"isPartOf\":{\"@id\":\"https:\/\/www.ets-bouteloup.fr\/refonte\/#website\"},\"datePublished\":\"2017-04-04T10:10:31+00:00\",\"dateModified\":\"2025-05-07T14:59:18+00:00\",\"description\":\"Trouvez les meilleures solutions chauffage en Mayenne (53) chez L'Ets BOUTELOUP. Etude, installation et d\u00e9pannage \u00e0 co\u00fbts et d\u00e9lais de r\u00e9alisation r\u00e9duits !\",\"breadcrumb\":{\"@id\":\"https:\/\/www.ets-bouteloup.fr\/refonte\/chauffage-en-mayenne-53\/#breadcrumb\"},\"inLanguage\":\"fr-FR\",\"potentialAction\":[{\"@type\":\"ReadAction\",\"target\":[\"https:\/\/www.ets-bouteloup.fr\/refonte\/chauffage-en-mayenne-53\/\"]}]},{\"@type\":\"BreadcrumbList\",\"@id\":\"https:\/\/www.ets-bouteloup.fr\/refonte\/chauffage-en-mayenne-53\/#breadcrumb\",\"itemListElement\":[{\"@type\":\"ListItem\",\"position\":1,\"name\":\"Home\",\"item\":\"https:\/\/www.ets-bouteloup.fr\/refonte\/\"},{\"@type\":\"ListItem\",\"position\":2,\"name\":\".. Chauffage en Mayenne 53\"}]},{\"@type\":\"WebSite\",\"@id\":\"https:\/\/www.ets-bouteloup.fr\/refonte\/#website\",\"url\":\"https:\/\/www.ets-bouteloup.fr\/refonte\/\",\"name\":\"ETS BOUTELOUP\",\"description\":\"\",\"potentialAction\":[{\"@type\":\"SearchAction\",\"target\":{\"@type\":\"EntryPoint\",\"urlTemplate\":\"https:\/\/www.ets-bouteloup.fr\/refonte\/?s={search_term_string}\"},\"query-input\":{\"@type\":\"PropertyValueSpecification\",\"valueRequired\":true,\"valueName\":\"search_term_string\"}}],\"inLanguage\":\"fr-FR\"}]}<\/script>\n<!-- \/ Yoast SEO plugin. -->","yoast_head_json":{"title":"Chauffage en Mayenne (53) \u2013 Ets BOUTELOUP - Installation et d\u00e9pannage","description":"Trouvez les meilleures solutions chauffage en Mayenne (53) chez L'Ets BOUTELOUP. Etude, installation et d\u00e9pannage \u00e0 co\u00fbts et d\u00e9lais de r\u00e9alisation r\u00e9duits !","robots":{"index":"noindex","follow":"follow","max-snippet":"max-snippet:-1","max-image-preview":"max-image-preview:large","max-video-preview":"max-video-preview:-1"},"og_locale":"fr_FR","og_type":"article","og_title":"Chauffage en Mayenne (53) \u2013 Ets BOUTELOUP - Installation et d\u00e9pannage","og_description":"Trouvez les meilleures solutions chauffage en Mayenne (53) chez L'Ets BOUTELOUP. Etude, installation et d\u00e9pannage \u00e0 co\u00fbts et d\u00e9lais de r\u00e9alisation r\u00e9duits !","og_url":"https:\/\/www.ets-bouteloup.fr\/refonte\/chauffage-en-mayenne-53\/","og_site_name":"ETS BOUTELOUP","article_modified_time":"2025-05-07T14:59:18+00:00","twitter_card":"summary_large_image","twitter_misc":{"Dur\u00e9e de lecture estim\u00e9e":"4 minutes"},"schema":{"@context":"https:\/\/schema.org","@graph":[{"@type":"WebPage","@id":"https:\/\/www.ets-bouteloup.fr\/refonte\/chauffage-en-mayenne-53\/","url":"https:\/\/www.ets-bouteloup.fr\/refonte\/chauffage-en-mayenne-53\/","name":"Chauffage en Mayenne (53) \u2013 Ets BOUTELOUP - Installation et d\u00e9pannage","isPartOf":{"@id":"https:\/\/www.ets-bouteloup.fr\/refonte\/#website"},"datePublished":"2017-04-04T10:10:31+00:00","dateModified":"2025-05-07T14:59:18+00:00","description":"Trouvez les meilleures solutions chauffage en Mayenne (53) chez L'Ets BOUTELOUP. Etude, installation et d\u00e9pannage \u00e0 co\u00fbts et d\u00e9lais de r\u00e9alisation r\u00e9duits !","breadcrumb":{"@id":"https:\/\/www.ets-bouteloup.fr\/refonte\/chauffage-en-mayenne-53\/#breadcrumb"},"inLanguage":"fr-FR","potentialAction":[{"@type":"ReadAction","target":["https:\/\/www.ets-bouteloup.fr\/refonte\/chauffage-en-mayenne-53\/"]}]},{"@type":"BreadcrumbList","@id":"https:\/\/www.ets-bouteloup.fr\/refonte\/chauffage-en-mayenne-53\/#breadcrumb","itemListElement":[{"@type":"ListItem","position":1,"name":"Home","item":"https:\/\/www.ets-bouteloup.fr\/refonte\/"},{"@type":"ListItem","position":2,"name":".. Chauffage en Mayenne 53"}]},{"@type":"WebSite","@id":"https:\/\/www.ets-bouteloup.fr\/refonte\/#website","url":"https:\/\/www.ets-bouteloup.fr\/refonte\/","name":"ETS BOUTELOUP","description":"","potentialAction":[{"@type":"SearchAction","target":{"@type":"EntryPoint","urlTemplate":"https:\/\/www.ets-bouteloup.fr\/refonte\/?s={search_term_string}"},"query-input":{"@type":"PropertyValueSpecification","valueRequired":true,"valueName":"search_term_string"}}],"inLanguage":"fr-FR"}]}},"_links":{"self":[{"href":"https:\/\/www.ets-bouteloup.fr\/refonte\/wp-json\/wp\/v2\/pages\/421","targetHints":{"allow":["GET"]}}],"collection":[{"href":"https:\/\/www.ets-bouteloup.fr\/refonte\/wp-json\/wp\/v2\/pages"}],"about":[{"href":"https:\/\/www.ets-bouteloup.fr\/refonte\/wp-json\/wp\/v2\/types\/page"}],"author":[{"embeddable":true,"href":"https:\/\/www.ets-bouteloup.fr\/refonte\/wp-json\/wp\/v2\/users\/1"}],"replies":[{"embeddable":true,"href":"https:\/\/www.ets-bouteloup.fr\/refonte\/wp-json\/wp\/v2\/comments?post=421"}],"version-history":[{"count":1,"href":"https:\/\/www.ets-bouteloup.fr\/refonte\/wp-json\/wp\/v2\/pages\/421\/revisions"}],"predecessor-version":[{"id":2494,"href":"https:\/\/www.ets-bouteloup.fr\/refonte\/wp-json\/wp\/v2\/pages\/421\/revisions\/2494"}],"wp:attachment":[{"href":"https:\/\/www.ets-bouteloup.fr\/refonte\/wp-json\/wp\/v2\/media?parent=421"}],"curies":[{"name":"wp","href":"https:\/\/api.w.org\/{rel}","templated":true}]}}