{"id":431,"date":"2017-04-04T12:49:11","date_gmt":"2017-04-04T10:49:11","guid":{"rendered":"http:\/\/www.ets-bouteloup.fr\/?page_id=431"},"modified":"2025-05-07T16:59:19","modified_gmt":"2025-05-07T14:59:19","slug":"electricite-en-mayenne-53","status":"publish","type":"page","link":"https:\/\/www.ets-bouteloup.fr\/refonte\/electricite-en-mayenne-53\/","title":{"rendered":".. \u00c9lectricit\u00e9 en Mayenne 53"},"content":{"rendered":"\t\t<div data-elementor-type=\"wp-page\" data-elementor-id=\"431\" class=\"elementor elementor-431\">\n\t\t\t\t<div class=\"elementor-element elementor-element-c9d520e sec_h1 e-flex e-con-boxed coherence-container-background-zoom-no coherence-sticky-section-no elementor-invisible e-con e-parent\" data-id=\"c9d520e\" data-element_type=\"container\" data-settings=\"{&quot;animation&quot;:&quot;fadeInUp&quot;}\">\n\t\t\t\t\t<div class=\"e-con-inner\">\n\t\t<div class=\"elementor-element elementor-element-b89f4a8 e-con-full e-flex coherence-container-background-zoom-no coherence-sticky-section-no e-con e-child\" data-id=\"b89f4a8\" data-element_type=\"container\" data-settings=\"{&quot;background_background&quot;:&quot;classic&quot;}\">\n\t\t<div class=\"elementor-element elementor-element-22a23aa e-con-full animate_01 elementor-hidden-tablet elementor-hidden-mobile_extra elementor-hidden-mobile e-flex coherence-container-background-zoom-no coherence-sticky-section-no e-con e-child\" data-id=\"22a23aa\" data-element_type=\"container\" data-settings=\"{&quot;position&quot;:&quot;absolute&quot;}\">\n\t\t\t\t<\/div>\n\t\t\t\t<\/div>\n\t\t<div class=\"elementor-element elementor-element-8c86562 e-con-full e-flex coherence-container-background-zoom-no coherence-sticky-section-no e-con e-child\" data-id=\"8c86562\" data-element_type=\"container\" data-settings=\"{&quot;background_background&quot;:&quot;classic&quot;}\">\n\t\t\t\t<div class=\"elementor-element elementor-element-c9bb1cc elementor-widget-divider--view-line elementor-widget elementor-widget-divider\" data-id=\"c9bb1cc\" data-element_type=\"widget\" data-widget_type=\"divider.default\">\n\t\t\t\t\t\t\t<div class=\"elementor-divider\">\n\t\t\t<span class=\"elementor-divider-separator\">\n\t\t\t\t\t\t<\/span>\n\t\t<\/div>\n\t\t\t\t\t\t<\/div>\n\t\t\t\t<div class=\"elementor-element elementor-element-4edd141 elementor-widget elementor-widget-coherence_Heading_widget\" data-id=\"4edd141\" data-element_type=\"widget\" data-widget_type=\"coherence_Heading_widget.default\">\n\t\t\t\t<div class=\"elementor-widget-container\">\n\t\t\t\t\t<h1 class=\"coherence-heading elementor-heading-title\"><span class=\"separator-sup-title\">BOUTELOUP<\/span> <span class=\"coherence-heading-text\">Si vous \u00eates \u00e0 la qu\u00eate d\u2019un sp\u00e9cialiste en montage et maintenance \u00e9lectrique dans le d\u00e9partement de Mayenne (53), pensez \u00e0 Ets BOUTELOUP. Nous sommes pr\u00eats \u00e0 prendre en charge vos travaux d\u2019\u00e9lectricit\u00e9, que ce soit dans un contexte de r\u00e9novation ou de construction, dans tout le d\u00e9partement de Mayenne 53<\/span>  <\/h1>\t\t\t\t<\/div>\n\t\t\t\t<\/div>\n\t\t\t\t<div class=\"elementor-element elementor-element-e15eecc elementor-widget elementor-widget-text-editor\" data-id=\"e15eecc\" data-element_type=\"widget\" data-widget_type=\"text-editor.default\">\n\t\t\t\t\t\t\t\t\tEn cas de besoin d\u2019un professionnel pour g\u00e9rer vos travaux \u00e9lectriques dans le d\u00e9partement de Mayenne (53), sollicitez l\u2019expertise des \u00e9lectriciens comp\u00e9tents de Ets BOUTELOUP.\n\nEn cas de panne \u00e9lectrique, pour installer de nouveaux dispositifs \u00e9lectriques ou pour r\u00e9nover votre syst\u00e8me actuel, partagez vos exigences avec nous. Ets BOUTELOUP se positionne en tant que votre r\u00e9f\u00e9rence pour tous vos travaux d\u2019\u00e9lectricit\u00e9 en Mayenne (53). que vous soyez en phase de construction ou de r\u00e9novation, nos \u00e9lectriciens d\u00e9vou\u00e9s sont \u00e0 votre disposition.\n\nPour obtenir des renseignements ou un devis pour des travaux de r\u00e9paration ou d\u2019installation \u00e9lectrique en Mayenne, contactez-nous simplement au : 02 43 01 66 20. Nous sommes \u00e9galement \u00e0 votre \u00e9coute pour toutes requ\u00eates sp\u00e9cifiques via notre formulaire de contact.\t\t\t\t\t\t\t\t<\/div>\n\t\t\t\t<div class=\"elementor-element elementor-element-42c821d elementor-tablet-align-center elementor-widget elementor-widget-coherence-Button-widget\" data-id=\"42c821d\" data-element_type=\"widget\" data-widget_type=\"coherence-Button-widget.default\">\n\t\t\t\t<div class=\"elementor-widget-container\">\n\t\t\t\t\t<div class=\"elementor-button-wrapper coherence-button-wrapper\">\r\n    <a href=\"\/contact\/\" class=\"elementor-button-link elementor-button elementor-size-sm coherence-button-style-solid\" role=\"button\">\r\n        <span class=\"elementor-button-content-wrapper\">\r\n                        <span class=\"elementor-button-text\">Devis gratuit<\/span>\r\n        <\/span>\r\n    <\/a>\r\n<\/div>\t\t\t\t<\/div>\n\t\t\t\t<\/div>\n\t\t\t\t<\/div>\n\t\t\t\t\t<\/div>\n\t\t\t\t<\/div>\n\t\t<div class=\"elementor-element elementor-element-3317cfd e-flex e-con-boxed coherence-container-background-zoom-no coherence-sticky-section-no e-con e-parent\" data-id=\"3317cfd\" data-element_type=\"container\" data-settings=\"{&quot;background_background&quot;:&quot;classic&quot;}\">\n\t\t\t\t\t<div class=\"e-con-inner\">\n\t\t<div class=\"elementor-element elementor-element-8781dd7 e-con-full e-flex coherence-container-background-zoom-no coherence-sticky-section-no elementor-invisible e-con e-child\" data-id=\"8781dd7\" data-element_type=\"container\" data-settings=\"{&quot;background_background&quot;:&quot;classic&quot;,&quot;animation&quot;:&quot;slideInDown&quot;}\">\n\t\t\t\t<div class=\"elementor-element elementor-element-c29ed2e elementor-widget-divider--view-line elementor-widget elementor-widget-divider\" data-id=\"c29ed2e\" data-element_type=\"widget\" data-widget_type=\"divider.default\">\n\t\t\t\t\t\t\t<div class=\"elementor-divider\">\n\t\t\t<span class=\"elementor-divider-separator\">\n\t\t\t\t\t\t<\/span>\n\t\t<\/div>\n\t\t\t\t\t\t<\/div>\n\t\t\t\t<div class=\"elementor-element elementor-element-f5b75b6 elementor-widget elementor-widget-coherence_Heading_widget\" data-id=\"f5b75b6\" data-element_type=\"widget\" data-widget_type=\"coherence_Heading_widget.default\">\n\t\t\t\t<div class=\"elementor-widget-container\">\n\t\t\t\t\t<h2 class=\"coherence-heading elementor-heading-title\"> <span class=\"coherence-heading-text\">R\u00e9alisez votre projet d\u2019installation ou de d\u00e9pannage \u00e9lectrique en Mayenne (53) avec Ets BOUTELOUP.<\/span>  <\/h2>\t\t\t\t<\/div>\n\t\t\t\t<\/div>\n\t\t\t\t<\/div>\n\t\t<div class=\"elementor-element elementor-element-38d59c1 e-con-full e-flex coherence-container-background-zoom-no coherence-sticky-section-no e-con e-child\" data-id=\"38d59c1\" data-element_type=\"container\">\n\t\t<div class=\"elementor-element elementor-element-eb3d5a4 e-con-full e-flex coherence-container-background-zoom-no coherence-sticky-section-no e-con e-child\" data-id=\"eb3d5a4\" data-element_type=\"container\">\n\t\t<div class=\"elementor-element elementor-element-d915561 e-con-full e-flex coherence-container-background-zoom-no coherence-sticky-section-no elementor-invisible e-con e-child\" data-id=\"d915561\" data-element_type=\"container\" data-settings=\"{&quot;background_background&quot;:&quot;classic&quot;,&quot;animation&quot;:&quot;fadeInLeft&quot;}\">\n\t\t\t\t<div class=\"elementor-element elementor-element-8d24e37 elementor-widget__width-initial elementor-widget-tablet_extra__width-initial elementor-widget elementor-widget-text-editor\" data-id=\"8d24e37\" data-element_type=\"widget\" data-widget_type=\"text-editor.default\">\n\t\t\t\t\t\t\t\t\t<p>Nos prestations en plomberie :<br \/>La soci\u00e9t\u00e9 BOUTELOUP est comp\u00e9tente pour trouver des solutions pour l\u2019am\u00e9nagement de sanitaires, la cr\u00e9ation d\u2019installations ou des travaux de maintenance plus complexes comme la d\u00e9tection de fuites. Nos plombiers se d\u00e9placent chez vous en Mayenne pour effectuer une \u00e9tude sur votre plomberie. Nous effectuons vos travaux de plomberie dans le cadre de constructions neuves, mais aussi lors de r\u00e9novations.<\/p><p>Nos plombiers sont comp\u00e9tents pour g\u00e9rer aussi bien des probl\u00e8mes de connexion de vos \u00e9quipements au r\u00e9seau d\u2019eau que pour d\u00e9tecter une fuite sur une installation de plomberie ancienne, intervenir sur une pompe\u2026 Sp\u00e9cialistes du d\u00e9pannage, nos techniciens plombiers interviennent avec la m\u00eame rigueur pour d\u00e9boucher une canalisation ou remplacer un joint us\u00e9 que pour changer une chaudi\u00e8re, des sanitaires, une robinetterie, une distribution hydraulique\u2026<\/p>\t\t\t\t\t\t\t\t<\/div>\n\t\t\t\t<\/div>\n\t\t\t\t<\/div>\n\t\t<div class=\"elementor-element elementor-element-01e8d8a e-con-full animate_01 e-flex coherence-container-background-zoom-no coherence-sticky-section-no elementor-invisible e-con e-child\" data-id=\"01e8d8a\" data-element_type=\"container\" data-settings=\"{&quot;background_background&quot;:&quot;classic&quot;,&quot;animation&quot;:&quot;fadeInRight&quot;}\">\n\t\t\t\t<\/div>\n\t\t\t\t<\/div>\n\t\t\t\t\t<\/div>\n\t\t\t\t<\/div>\n\t\t<div class=\"elementor-element elementor-element-d6029b4 e-flex e-con-boxed coherence-container-background-zoom-no coherence-sticky-section-no e-con e-parent\" data-id=\"d6029b4\" data-element_type=\"container\" data-settings=\"{&quot;background_background&quot;:&quot;classic&quot;}\">\n\t\t\t\t\t<div class=\"e-con-inner\">\n\t\t<div class=\"elementor-element elementor-element-d6f6b0e e-con-full animated-slow e-flex coherence-container-background-zoom-no coherence-sticky-section-no elementor-invisible e-con e-child\" data-id=\"d6f6b0e\" data-element_type=\"container\" data-settings=\"{&quot;background_background&quot;:&quot;classic&quot;,&quot;animation&quot;:&quot;bounceInRight&quot;}\">\n\t\t\t\t<div class=\"elementor-element elementor-element-67b1e4c elementor-widget__width-initial elementor-widget elementor-widget-text-editor\" data-id=\"67b1e4c\" data-element_type=\"widget\" data-widget_type=\"text-editor.default\">\n\t\t\t\t\t\t\t\t\tPour davantage de pr\u00e9cisions concernant nos services de plomberie et d\u2019\u00e9lectricit\u00e9, n\u2019h\u00e9sitez pas \u00e0 contacter la soci\u00e9t\u00e9 BOUTELOUP en Mayenne (53), nos conseillers sont en mesure de vous fournir un devis, soumettez-nous votre projet sans h\u00e9sitation.\t\t\t\t\t\t\t\t<\/div>\n\t\t\t\t<div class=\"elementor-element elementor-element-367b4b0 elementor-tablet-align-center elementor-align-center elementor-widget elementor-widget-coherence-Button-widget\" data-id=\"367b4b0\" data-element_type=\"widget\" data-widget_type=\"coherence-Button-widget.default\">\n\t\t\t\t<div class=\"elementor-widget-container\">\n\t\t\t\t\t<div class=\"elementor-button-wrapper coherence-button-wrapper\">\r\n    <a href=\"\/contact\/\" class=\"elementor-button-link elementor-button elementor-size-sm coherence-button-style-solid\" role=\"button\">\r\n        <span class=\"elementor-button-content-wrapper\">\r\n                        <span class=\"elementor-button-text\">Contactez-nous<\/span>\r\n        <\/span>\r\n    <\/a>\r\n<\/div>\t\t\t\t<\/div>\n\t\t\t\t<\/div>\n\t\t\t\t<\/div>\n\t\t\t\t\t<\/div>\n\t\t\t\t<\/div>\n\t\t\t\t<\/div>\n\t\t","protected":false},"excerpt":{"rendered":"<p>BOUTELOUP Si vous \u00eates \u00e0 la qu\u00eate d\u2019un sp\u00e9cialiste en montage et maintenance \u00e9lectrique dans le d\u00e9partement de Mayenne (53), pensez \u00e0 Ets BOUTELOUP. Nous sommes pr\u00eats \u00e0 prendre en charge vos travaux d\u2019\u00e9lectricit\u00e9, que ce soit dans un contexte de r\u00e9novation ou de construction, dans tout le d\u00e9partement de Mayenne 53 En cas de [&hellip;]<\/p>\n","protected":false},"author":1,"featured_media":0,"parent":0,"menu_order":0,"comment_status":"closed","ping_status":"closed","template":"","meta":{"inline_featured_image":false,"footnotes":""},"class_list":["post-431","page","type-page","status-publish","hentry"],"yoast_head":"<!-- This site is optimized with the Yoast SEO plugin v25.9 - https:\/\/yoast.com\/wordpress\/plugins\/seo\/ -->\n<title>\u00c9lectricit\u00e9 en Mayenne (53) \u2013 L\u2019entreprise BOUTELOUP - Installation et r\u00e9paration<\/title>\n<meta name=\"description\" content=\"Besoin d&#039;un expert en travaux d&#039;\u00e9lectricit\u00e9 en Mayenne (53) ? BOUTELOUP est le professionnel qu&#039;il vous faut ! Installation et r\u00e9paration \u00e0 co\u00fbts r\u00e9duits !\" \/>\n<meta name=\"robots\" content=\"noindex, follow, max-snippet:-1, max-image-preview:large, max-video-preview:-1\" \/>\n<meta property=\"og:locale\" content=\"fr_FR\" \/>\n<meta property=\"og:type\" content=\"article\" \/>\n<meta property=\"og:title\" content=\"\u00c9lectricit\u00e9 en Mayenne (53) \u2013 L\u2019entreprise BOUTELOUP - Installation et r\u00e9paration\" \/>\n<meta property=\"og:description\" content=\"Besoin d&#039;un expert en travaux d&#039;\u00e9lectricit\u00e9 en Mayenne (53) ? BOUTELOUP est le professionnel qu&#039;il vous faut ! Installation et r\u00e9paration \u00e0 co\u00fbts r\u00e9duits !\" \/>\n<meta property=\"og:url\" content=\"https:\/\/www.ets-bouteloup.fr\/refonte\/electricite-en-mayenne-53\/\" \/>\n<meta property=\"og:site_name\" content=\"ETS BOUTELOUP\" \/>\n<meta property=\"article:modified_time\" content=\"2025-05-07T14:59:19+00:00\" \/>\n<meta name=\"twitter:card\" content=\"summary_large_image\" \/>\n<meta name=\"twitter:label1\" content=\"Dur\u00e9e de lecture estim\u00e9e\" \/>\n\t<meta name=\"twitter:data1\" content=\"2 minutes\" \/>\n<script type=\"application\/ld+json\" class=\"yoast-schema-graph\">{\"@context\":\"https:\/\/schema.org\",\"@graph\":[{\"@type\":\"WebPage\",\"@id\":\"https:\/\/www.ets-bouteloup.fr\/refonte\/electricite-en-mayenne-53\/\",\"url\":\"https:\/\/www.ets-bouteloup.fr\/refonte\/electricite-en-mayenne-53\/\",\"name\":\"\u00c9lectricit\u00e9 en Mayenne (53) \u2013 L\u2019entreprise BOUTELOUP - Installation et r\u00e9paration\",\"isPartOf\":{\"@id\":\"https:\/\/www.ets-bouteloup.fr\/refonte\/#website\"},\"datePublished\":\"2017-04-04T10:49:11+00:00\",\"dateModified\":\"2025-05-07T14:59:19+00:00\",\"description\":\"Besoin d'un expert en travaux d'\u00e9lectricit\u00e9 en Mayenne (53) ? BOUTELOUP est le professionnel qu'il vous faut ! Installation et r\u00e9paration \u00e0 co\u00fbts r\u00e9duits !\",\"breadcrumb\":{\"@id\":\"https:\/\/www.ets-bouteloup.fr\/refonte\/electricite-en-mayenne-53\/#breadcrumb\"},\"inLanguage\":\"fr-FR\",\"potentialAction\":[{\"@type\":\"ReadAction\",\"target\":[\"https:\/\/www.ets-bouteloup.fr\/refonte\/electricite-en-mayenne-53\/\"]}]},{\"@type\":\"BreadcrumbList\",\"@id\":\"https:\/\/www.ets-bouteloup.fr\/refonte\/electricite-en-mayenne-53\/#breadcrumb\",\"itemListElement\":[{\"@type\":\"ListItem\",\"position\":1,\"name\":\"Home\",\"item\":\"https:\/\/www.ets-bouteloup.fr\/refonte\/\"},{\"@type\":\"ListItem\",\"position\":2,\"name\":\".. \u00c9lectricit\u00e9 en Mayenne 53\"}]},{\"@type\":\"WebSite\",\"@id\":\"https:\/\/www.ets-bouteloup.fr\/refonte\/#website\",\"url\":\"https:\/\/www.ets-bouteloup.fr\/refonte\/\",\"name\":\"ETS BOUTELOUP\",\"description\":\"\",\"potentialAction\":[{\"@type\":\"SearchAction\",\"target\":{\"@type\":\"EntryPoint\",\"urlTemplate\":\"https:\/\/www.ets-bouteloup.fr\/refonte\/?s={search_term_string}\"},\"query-input\":{\"@type\":\"PropertyValueSpecification\",\"valueRequired\":true,\"valueName\":\"search_term_string\"}}],\"inLanguage\":\"fr-FR\"}]}<\/script>\n<!-- \/ Yoast SEO plugin. -->","yoast_head_json":{"title":"\u00c9lectricit\u00e9 en Mayenne (53) \u2013 L\u2019entreprise BOUTELOUP - Installation et r\u00e9paration","description":"Besoin d'un expert en travaux d'\u00e9lectricit\u00e9 en Mayenne (53) ? BOUTELOUP est le professionnel qu'il vous faut ! Installation et r\u00e9paration \u00e0 co\u00fbts r\u00e9duits !","robots":{"index":"noindex","follow":"follow","max-snippet":"max-snippet:-1","max-image-preview":"max-image-preview:large","max-video-preview":"max-video-preview:-1"},"og_locale":"fr_FR","og_type":"article","og_title":"\u00c9lectricit\u00e9 en Mayenne (53) \u2013 L\u2019entreprise BOUTELOUP - Installation et r\u00e9paration","og_description":"Besoin d'un expert en travaux d'\u00e9lectricit\u00e9 en Mayenne (53) ? BOUTELOUP est le professionnel qu'il vous faut ! Installation et r\u00e9paration \u00e0 co\u00fbts r\u00e9duits !","og_url":"https:\/\/www.ets-bouteloup.fr\/refonte\/electricite-en-mayenne-53\/","og_site_name":"ETS BOUTELOUP","article_modified_time":"2025-05-07T14:59:19+00:00","twitter_card":"summary_large_image","twitter_misc":{"Dur\u00e9e de lecture estim\u00e9e":"2 minutes"},"schema":{"@context":"https:\/\/schema.org","@graph":[{"@type":"WebPage","@id":"https:\/\/www.ets-bouteloup.fr\/refonte\/electricite-en-mayenne-53\/","url":"https:\/\/www.ets-bouteloup.fr\/refonte\/electricite-en-mayenne-53\/","name":"\u00c9lectricit\u00e9 en Mayenne (53) \u2013 L\u2019entreprise BOUTELOUP - Installation et r\u00e9paration","isPartOf":{"@id":"https:\/\/www.ets-bouteloup.fr\/refonte\/#website"},"datePublished":"2017-04-04T10:49:11+00:00","dateModified":"2025-05-07T14:59:19+00:00","description":"Besoin d'un expert en travaux d'\u00e9lectricit\u00e9 en Mayenne (53) ? BOUTELOUP est le professionnel qu'il vous faut ! Installation et r\u00e9paration \u00e0 co\u00fbts r\u00e9duits !","breadcrumb":{"@id":"https:\/\/www.ets-bouteloup.fr\/refonte\/electricite-en-mayenne-53\/#breadcrumb"},"inLanguage":"fr-FR","potentialAction":[{"@type":"ReadAction","target":["https:\/\/www.ets-bouteloup.fr\/refonte\/electricite-en-mayenne-53\/"]}]},{"@type":"BreadcrumbList","@id":"https:\/\/www.ets-bouteloup.fr\/refonte\/electricite-en-mayenne-53\/#breadcrumb","itemListElement":[{"@type":"ListItem","position":1,"name":"Home","item":"https:\/\/www.ets-bouteloup.fr\/refonte\/"},{"@type":"ListItem","position":2,"name":".. \u00c9lectricit\u00e9 en Mayenne 53"}]},{"@type":"WebSite","@id":"https:\/\/www.ets-bouteloup.fr\/refonte\/#website","url":"https:\/\/www.ets-bouteloup.fr\/refonte\/","name":"ETS BOUTELOUP","description":"","potentialAction":[{"@type":"SearchAction","target":{"@type":"EntryPoint","urlTemplate":"https:\/\/www.ets-bouteloup.fr\/refonte\/?s={search_term_string}"},"query-input":{"@type":"PropertyValueSpecification","valueRequired":true,"valueName":"search_term_string"}}],"inLanguage":"fr-FR"}]}},"_links":{"self":[{"href":"https:\/\/www.ets-bouteloup.fr\/refonte\/wp-json\/wp\/v2\/pages\/431","targetHints":{"allow":["GET"]}}],"collection":[{"href":"https:\/\/www.ets-bouteloup.fr\/refonte\/wp-json\/wp\/v2\/pages"}],"about":[{"href":"https:\/\/www.ets-bouteloup.fr\/refonte\/wp-json\/wp\/v2\/types\/page"}],"author":[{"embeddable":true,"href":"https:\/\/www.ets-bouteloup.fr\/refonte\/wp-json\/wp\/v2\/users\/1"}],"replies":[{"embeddable":true,"href":"https:\/\/www.ets-bouteloup.fr\/refonte\/wp-json\/wp\/v2\/comments?post=431"}],"version-history":[{"count":1,"href":"https:\/\/www.ets-bouteloup.fr\/refonte\/wp-json\/wp\/v2\/pages\/431\/revisions"}],"predecessor-version":[{"id":2499,"href":"https:\/\/www.ets-bouteloup.fr\/refonte\/wp-json\/wp\/v2\/pages\/431\/revisions\/2499"}],"wp:attachment":[{"href":"https:\/\/www.ets-bouteloup.fr\/refonte\/wp-json\/wp\/v2\/media?parent=431"}],"curies":[{"name":"wp","href":"https:\/\/api.w.org\/{rel}","templated":true}]}}