{"id":451,"date":"2017-04-04T13:51:04","date_gmt":"2017-04-04T11:51:04","guid":{"rendered":"http:\/\/www.ets-bouteloup.fr\/?page_id=451"},"modified":"2025-05-07T16:59:18","modified_gmt":"2025-05-07T14:59:18","slug":"chauffage-a-vilaine-la-juhel","status":"publish","type":"page","link":"https:\/\/www.ets-bouteloup.fr\/refonte\/chauffage-a-vilaine-la-juhel\/","title":{"rendered":".. Chauffage \u00e0 Vilaine la Juhel"},"content":{"rendered":"\t\t<div data-elementor-type=\"wp-page\" data-elementor-id=\"451\" class=\"elementor elementor-451\">\n\t\t\t\t<div class=\"elementor-element elementor-element-493249f sec_h1 e-flex e-con-boxed coherence-container-background-zoom-no coherence-sticky-section-no elementor-invisible e-con e-parent\" data-id=\"493249f\" data-element_type=\"container\" data-settings=\"{&quot;animation&quot;:&quot;fadeInUp&quot;}\">\n\t\t\t\t\t<div class=\"e-con-inner\">\n\t\t<div class=\"elementor-element elementor-element-5ebdbd2 e-con-full e-flex coherence-container-background-zoom-no coherence-sticky-section-no e-con e-child\" data-id=\"5ebdbd2\" data-element_type=\"container\" data-settings=\"{&quot;background_background&quot;:&quot;classic&quot;}\">\n\t\t<div class=\"elementor-element elementor-element-67543ae e-con-full animate_01 elementor-hidden-tablet elementor-hidden-mobile_extra elementor-hidden-mobile e-flex coherence-container-background-zoom-no coherence-sticky-section-no e-con e-child\" data-id=\"67543ae\" data-element_type=\"container\" data-settings=\"{&quot;position&quot;:&quot;absolute&quot;}\">\n\t\t\t\t<\/div>\n\t\t\t\t<\/div>\n\t\t<div class=\"elementor-element elementor-element-378f281 e-con-full e-flex coherence-container-background-zoom-no coherence-sticky-section-no e-con e-child\" data-id=\"378f281\" data-element_type=\"container\" data-settings=\"{&quot;background_background&quot;:&quot;classic&quot;}\">\n\t\t\t\t<div class=\"elementor-element elementor-element-57aa8e0 elementor-widget-divider--view-line elementor-widget elementor-widget-divider\" data-id=\"57aa8e0\" data-element_type=\"widget\" data-widget_type=\"divider.default\">\n\t\t\t\t\t\t\t<div class=\"elementor-divider\">\n\t\t\t<span class=\"elementor-divider-separator\">\n\t\t\t\t\t\t<\/span>\n\t\t<\/div>\n\t\t\t\t\t\t<\/div>\n\t\t\t\t<div class=\"elementor-element elementor-element-fe35053 elementor-widget elementor-widget-coherence_Heading_widget\" data-id=\"fe35053\" data-element_type=\"widget\" data-widget_type=\"coherence_Heading_widget.default\">\n\t\t\t\t<div class=\"elementor-widget-container\">\n\t\t\t\t\t<h1 class=\"coherence-heading elementor-heading-title\"><span class=\"separator-sup-title\">BOUTELOUP<\/span> <span class=\"coherence-heading-text\">Si vous \u00eates \u00e0 la recherche d\u2019un sp\u00e9cialiste du chauffage de confiance \u00e0 Vilaine la Juhel, n\u2019h\u00e9sitez pas \u00e0 contacter l\u2019entreprise BOUTELOUP. C\u2019est votre point de r\u00e9f\u00e9rence pour l\u2019installation et la r\u00e9paration de syst\u00e8mes de Chauffage \u00e0 Vilaine la Juhel.<\/span>  <\/h1>\t\t\t\t<\/div>\n\t\t\t\t<\/div>\n\t\t\t\t<div class=\"elementor-element elementor-element-2b22cd6 elementor-widget elementor-widget-text-editor\" data-id=\"2b22cd6\" data-element_type=\"widget\" data-widget_type=\"text-editor.default\">\n\t\t\t\t\t\t\t\t\t<p>L\u2019entreprise BOUTELOUP offre une vaste gamme de services, allant de l\u2019installation \u00e0 la mise en marche et la r\u00e9paration de votre Chauffage \u00e0 Vilaine la Juhel. Nous sommes comp\u00e9tents pour intervenir sur votre ballon d\u2019eau chaude, votre chaudi\u00e8re, votre radiateur, votre br\u00fbleur et votre chauffe-eau, entre autres.<\/p><p>Nos techniciens du chauffage vous fourniront des conseils avis\u00e9s et vous accompagneront dans le choix du syst\u00e8me de Chauffage \u00e0 Vilaine la Juhel, qui correspondra le mieux \u00e0 vos besoins. Nos sp\u00e9cialistes du chauffage se d\u00e9placeront \u00e9galement \u00e0 votre domicile ou dans votre entreprise pour effectuer une analyse thermique et une \u00e9tude d\u00e9taill\u00e9e de votre projet.<\/p>\t\t\t\t\t\t\t\t<\/div>\n\t\t\t\t<div class=\"elementor-element elementor-element-4ff1493 elementor-tablet-align-center elementor-widget elementor-widget-coherence-Button-widget\" data-id=\"4ff1493\" data-element_type=\"widget\" data-widget_type=\"coherence-Button-widget.default\">\n\t\t\t\t<div class=\"elementor-widget-container\">\n\t\t\t\t\t<div class=\"elementor-button-wrapper coherence-button-wrapper\">\r\n    <a href=\"\/contact\/\" class=\"elementor-button-link elementor-button elementor-size-sm coherence-button-style-solid\" role=\"button\">\r\n        <span class=\"elementor-button-content-wrapper\">\r\n                        <span class=\"elementor-button-text\">Devis gratuit<\/span>\r\n        <\/span>\r\n    <\/a>\r\n<\/div>\t\t\t\t<\/div>\n\t\t\t\t<\/div>\n\t\t\t\t<\/div>\n\t\t\t\t\t<\/div>\n\t\t\t\t<\/div>\n\t\t<div class=\"elementor-element elementor-element-8e59ef8 e-flex e-con-boxed coherence-container-background-zoom-no coherence-sticky-section-no e-con e-parent\" data-id=\"8e59ef8\" data-element_type=\"container\" data-settings=\"{&quot;background_background&quot;:&quot;classic&quot;}\">\n\t\t\t\t\t<div class=\"e-con-inner\">\n\t\t<div class=\"elementor-element elementor-element-5bc9e97 e-con-full e-flex coherence-container-background-zoom-no coherence-sticky-section-no e-con e-child\" data-id=\"5bc9e97\" data-element_type=\"container\">\n\t\t<div class=\"elementor-element elementor-element-d02b360 e-con-full e-flex coherence-container-background-zoom-no coherence-sticky-section-no e-con e-child\" data-id=\"d02b360\" data-element_type=\"container\">\n\t\t<div class=\"elementor-element elementor-element-fb1490e e-con-full e-flex coherence-container-background-zoom-no coherence-sticky-section-no elementor-invisible e-con e-child\" data-id=\"fb1490e\" data-element_type=\"container\" data-settings=\"{&quot;background_background&quot;:&quot;classic&quot;,&quot;animation&quot;:&quot;fadeInLeft&quot;}\">\n\t\t\t\t<div class=\"elementor-element elementor-element-c9c5e3c elementor-widget__width-initial elementor-widget-tablet_extra__width-initial elementor-widget elementor-widget-text-editor\" data-id=\"c9c5e3c\" data-element_type=\"widget\" data-widget_type=\"text-editor.default\">\n\t\t\t\t\t\t\t\t\t<p>Nos plombiers se consacrent enti\u00e8rement \u00e0 l\u2019installation et la mise en marche de chaudi\u00e8res et de syst\u00e8mes de production d\u2019eau chaude sanitaire. Nous sommes en mesure de vous offrir toutes les solutions de chauffages disponibles sur le march\u00e9, de la chaudi\u00e8re \u00e0 gaz \u00e0 la pompe \u00e0 chaleur, du syst\u00e8me de chauffage le plus \u00e9conomique au moins rentable.<\/p><p>Le choix de la solution de chauffage qui sera retenue est essentiel pour vous. Il vous permettra de r\u00e9aliser des \u00e9conomies d\u2019\u00e9nergie tout au long de la dur\u00e9e de vie de votre installation. Nos responsables commerciaux sont \u00e0 votre disposition pour vous conseiller.<\/p>\t\t\t\t\t\t\t\t<\/div>\n\t\t\t\t<\/div>\n\t\t\t\t<\/div>\n\t\t<div class=\"elementor-element elementor-element-822e936 e-con-full animate_01 e-flex coherence-container-background-zoom-no coherence-sticky-section-no elementor-invisible e-con e-child\" data-id=\"822e936\" data-element_type=\"container\" data-settings=\"{&quot;background_background&quot;:&quot;classic&quot;,&quot;animation&quot;:&quot;fadeInRight&quot;}\">\n\t\t\t\t<\/div>\n\t\t\t\t<\/div>\n\t\t\t\t\t<\/div>\n\t\t\t\t<\/div>\n\t\t<div class=\"elementor-element elementor-element-c068674 e-flex e-con-boxed coherence-container-background-zoom-no coherence-sticky-section-no e-con e-parent\" data-id=\"c068674\" data-element_type=\"container\" data-settings=\"{&quot;background_background&quot;:&quot;classic&quot;}\">\n\t\t\t\t\t<div class=\"e-con-inner\">\n\t\t<div class=\"elementor-element elementor-element-d2dcdfc e-con-full e-flex coherence-container-background-zoom-no coherence-sticky-section-no elementor-invisible e-con e-child\" data-id=\"d2dcdfc\" data-element_type=\"container\" data-settings=\"{&quot;background_background&quot;:&quot;classic&quot;,&quot;animation&quot;:&quot;slideInDown&quot;}\">\n\t\t\t\t<div class=\"elementor-element elementor-element-306b724 elementor-widget-divider--view-line elementor-widget elementor-widget-divider\" data-id=\"306b724\" data-element_type=\"widget\" data-widget_type=\"divider.default\">\n\t\t\t\t\t\t\t<div class=\"elementor-divider\">\n\t\t\t<span class=\"elementor-divider-separator\">\n\t\t\t\t\t\t<\/span>\n\t\t<\/div>\n\t\t\t\t\t\t<\/div>\n\t\t\t\t<div class=\"elementor-element elementor-element-60d53f0 elementor-widget__width-initial elementor-widget elementor-widget-coherence_Heading_widget\" data-id=\"60d53f0\" data-element_type=\"widget\" data-widget_type=\"coherence_Heading_widget.default\">\n\t\t\t\t<div class=\"elementor-widget-container\">\n\t\t\t\t\t<h2 class=\"coherence-heading elementor-heading-title\"> <span class=\"coherence-heading-text\">Nous intervenons sur plusieurs types de syst\u00e8mes de chauffage \u00e0 Vilaine la Juhel :<\/span>  <\/h2>\t\t\t\t<\/div>\n\t\t\t\t<\/div>\n\t\t\t\t<\/div>\n\t\t<div class=\"elementor-element elementor-element-d7c3a30 e-con-full e-flex coherence-container-background-zoom-no coherence-sticky-section-no e-con e-child\" data-id=\"d7c3a30\" data-element_type=\"container\">\n\t\t<div class=\"elementor-element elementor-element-221bfb2 e-con-full e-flex coherence-container-background-zoom-no coherence-sticky-section-no e-con e-child\" data-id=\"221bfb2\" data-element_type=\"container\">\n\t\t<div class=\"elementor-element elementor-element-6297572 e-con-full e-flex coherence-sticky-section-no elementor-invisible e-con e-child\" data-id=\"6297572\" data-element_type=\"container\" data-settings=\"{&quot;background_background&quot;:&quot;classic&quot;,&quot;animation&quot;:&quot;fadeInLeft&quot;}\">\n\t\t\t\t<div class=\"elementor-element elementor-element-eb94795 elementor-widget elementor-widget-heading\" data-id=\"eb94795\" data-element_type=\"widget\" data-widget_type=\"heading.default\">\n\t\t\t\t\t<h3 class=\"elementor-heading-title elementor-size-default\">La chaudi\u00e8re \u00e0 gaz<\/h3>\t\t\t\t<\/div>\n\t\t\t\t<div class=\"elementor-element elementor-element-732f15f elementor-widget elementor-widget-text-editor\" data-id=\"732f15f\" data-element_type=\"widget\" data-widget_type=\"text-editor.default\">\n\t\t\t\t\t\t\t\t\tNomm\u00e9e la chaudi\u00e8re haute performance \u00e9nerg\u00e9tique, elle convient tr\u00e8s bien pour les projets de construction que pour ceux de r\u00e9novation. Elle se consid\u00e8re au centre du syst\u00e8me de chauffage et de production d\u2019eau chaude et est \u00e0 la fois confortable, \u00e9conomique, et respectueuse de l\u2019environnement\n\nEn installant une chaudi\u00e8re \u00e0 condensation, vous b\u00e9n\u00e9ficiez de plusieurs avantages :\nEn installant une chaudi\u00e8re \u00e0 condensation vous b\u00e9n\u00e9ficierez des avantages suivants :\t\t\t\t\t\t\t\t<\/div>\n\t\t\t\t<\/div>\n\t\t<div class=\"elementor-element elementor-element-cdcb70a e-con-full e-flex coherence-sticky-section-no elementor-invisible e-con e-child\" data-id=\"cdcb70a\" data-element_type=\"container\" data-settings=\"{&quot;background_background&quot;:&quot;classic&quot;,&quot;animation&quot;:&quot;fadeInLeft&quot;}\">\n\t\t\t\t<div class=\"elementor-element elementor-element-fe6abc8 elementor-widget elementor-widget-heading\" data-id=\"fe6abc8\" data-element_type=\"widget\" data-widget_type=\"heading.default\">\n\t\t\t\t\t<h3 class=\"elementor-heading-title elementor-size-default\">La chaudi\u00e8re \u00e0 fioul<\/h3>\t\t\t\t<\/div>\n\t\t\t\t<div class=\"elementor-element elementor-element-e3c6a5a elementor-widget elementor-widget-text-editor\" data-id=\"e3c6a5a\" data-element_type=\"widget\" data-widget_type=\"text-editor.default\">\n\t\t\t\t\t\t\t\t\t<p>Nous disposons d\u2019une large gamme de chaudi\u00e8res fioul, produits de marque r\u00e9put\u00e9e, avec des prix raisonnables.<\/p><p>Les chaudi\u00e8res au fioul vous permettront d\u2019\u00e9conomiser l\u2019\u00e9nergie en comparaison avec une chaudi\u00e8re traditionnelle.<\/p>\t\t\t\t\t\t\t\t<\/div>\n\t\t\t\t<\/div>\n\t\t<div class=\"elementor-element elementor-element-3844864 e-con-full e-flex coherence-sticky-section-no elementor-invisible e-con e-child\" data-id=\"3844864\" data-element_type=\"container\" data-settings=\"{&quot;background_background&quot;:&quot;classic&quot;,&quot;animation&quot;:&quot;fadeInLeft&quot;}\">\n\t\t\t\t<div class=\"elementor-element elementor-element-d848760 elementor-widget elementor-widget-heading\" data-id=\"d848760\" data-element_type=\"widget\" data-widget_type=\"heading.default\">\n\t\t\t\t\t<h3 class=\"elementor-heading-title elementor-size-default\">La chaudi\u00e8re \u00e9lectrique<\/h3>\t\t\t\t<\/div>\n\t\t\t\t<div class=\"elementor-element elementor-element-ef32f81 elementor-widget elementor-widget-text-editor\" data-id=\"ef32f81\" data-element_type=\"widget\" data-widget_type=\"text-editor.default\">\n\t\t\t\t\t\t\t\t\t<p>La chaudi\u00e8re \u00e9lectrique est d\u2019une efficacit\u00e9 incontournable, et d\u2019une facilit\u00e9 d\u2019installation incomparable.<\/p><p>L\u2019entreprise BOUTELOUP vous propose une s\u00e9lection de meilleurs produits du march\u00e9 dans une gamme de prix plus que comp\u00e9titive.<\/p>\t\t\t\t\t\t\t\t<\/div>\n\t\t\t\t<\/div>\n\t\t<div class=\"elementor-element elementor-element-b41f2d0 e-con-full e-flex coherence-sticky-section-no elementor-invisible e-con e-child\" data-id=\"b41f2d0\" data-element_type=\"container\" data-settings=\"{&quot;background_background&quot;:&quot;classic&quot;,&quot;animation&quot;:&quot;fadeInLeft&quot;}\">\n\t\t\t\t<div class=\"elementor-element elementor-element-ce83352 elementor-widget elementor-widget-heading\" data-id=\"ce83352\" data-element_type=\"widget\" data-widget_type=\"heading.default\">\n\t\t\t\t\t<h3 class=\"elementor-heading-title elementor-size-default\">La pompe \u00e0 chaleur<\/h3>\t\t\t\t<\/div>\n\t\t\t\t<div class=\"elementor-element elementor-element-0c7062e elementor-widget elementor-widget-text-editor\" data-id=\"0c7062e\" data-element_type=\"widget\" data-widget_type=\"text-editor.default\">\n\t\t\t\t\t\t\t\t\t<p><strong>PAC a\u00e9rothermiques :<\/strong><br \/>Une pompe \u00e0 chaleur a\u00e9rothermique capte les calories pr\u00e9sentes dans l\u2019air pour les transf\u00e9rer dans le r\u00e9seau d\u2019eau et de chauffage du b\u00e2timent, d\u2019o\u00f9 l\u2019appellation de pompe \u00e0 chaleur air\/eau.<br \/>L\u2019a\u00e9rothermie est une solution de confort \u00e9conomique et sobre en CO2. Selon les caract\u00e9ristiques de votre logement et vos \u00e9metteurs de chauffage, les pompes \u00e0 chaleur a\u00e9rothermiques peuvent garantir : Le chauffage &#8211; L\u2019eau chaude sanitaire &#8211; Le rafra\u00eechissement<\/p><p><strong>PAC g\u00e9othermiques :<\/strong><br \/>La pompe \u00e0 chaleur g\u00e9othermique capte les calories contenues dans le sol pour les transf\u00e9rer au circuit d\u2019eau de chauffage de la maison. D\u2019o\u00f9 l\u2019appellation de pompe \u00e0 chaleur eau\/eau.<br \/>Il existe trois solutions pour transf\u00e9rer la chaleur. Une fois que les capteurs sont en place, un fluide circule \u00e0 l\u2019int\u00e9rieur de ces capteurs pour capter les calories et les transporter jusqu\u2019\u00e0 la pompe \u00e0 chaleur. Ensuite, un autre fluide circule entre la pompe \u00e0 chaleur et les \u00e9metteurs de chaleur situ\u00e9s dans la maison (radiateurs, ventilo-convecteur, plancher chauffant, etc.<\/p>\t\t\t\t\t\t\t\t<\/div>\n\t\t\t\t<\/div>\n\t\t<div class=\"elementor-element elementor-element-28931fd e-con-full e-flex coherence-sticky-section-no elementor-invisible e-con e-child\" data-id=\"28931fd\" data-element_type=\"container\" data-settings=\"{&quot;background_background&quot;:&quot;classic&quot;,&quot;animation&quot;:&quot;fadeInLeft&quot;}\">\n\t\t\t\t<div class=\"elementor-element elementor-element-4302f2c elementor-widget elementor-widget-heading\" data-id=\"4302f2c\" data-element_type=\"widget\" data-widget_type=\"heading.default\">\n\t\t\t\t\t<h3 class=\"elementor-heading-title elementor-size-default\">Le chauffe-eau thermodynamique<\/h3>\t\t\t\t<\/div>\n\t\t\t\t<div class=\"elementor-element elementor-element-31c9c2b elementor-widget elementor-widget-text-editor\" data-id=\"31c9c2b\" data-element_type=\"widget\" data-widget_type=\"text-editor.default\">\n\t\t\t\t\t\t\t\t\t<p>Il s\u2019agit d\u2019un dispositif alliant un ballon de stockage d\u2019eau chaude et une pompe \u00e0 chaleur \u00e9lectrique (PAC) \u00ab air \/eau \u00bb, il permet d\u2019\u00e9conomiser de l\u2019\u00e9nergie par rapport au chauffe-eau \u00e9lectrique. Il s\u2019agit, de ce fait, d\u2019une alternative \u00e0 la fois \u00e9conomique et \u00e9cologique dans la mesure o\u00f9 ce dispositif vous permet d\u2019\u00e9conomiser de l\u2019\u00e9nergie et de l\u2019eau.<\/p><p>Avec un chauffe-eau thermodynamique, vous produisez uniquement votre eau chaude sanitaire \u00e0 l\u2019aide d\u2019une pompe \u00e0 chaleur \u00e9lectrique, vous b\u00e9n\u00e9ficiez ainsi des avantages suivants : Des \u00e9conomies d\u2019\u00e9nergie par rapport \u00e0 un ballon d\u2019eau classique \u2013 Une installation facile en maison individuelle.<\/p>\t\t\t\t\t\t\t\t<\/div>\n\t\t\t\t<\/div>\n\t\t\t\t<\/div>\n\t\t\t\t<\/div>\n\t\t\t\t\t<\/div>\n\t\t\t\t<\/div>\n\t\t<div class=\"elementor-element elementor-element-6820a1e e-flex e-con-boxed coherence-container-background-zoom-no coherence-sticky-section-no e-con e-parent\" data-id=\"6820a1e\" data-element_type=\"container\" data-settings=\"{&quot;background_background&quot;:&quot;classic&quot;}\">\n\t\t\t\t\t<div class=\"e-con-inner\">\n\t\t<div class=\"elementor-element elementor-element-a62714f e-con-full animated-slow e-flex coherence-container-background-zoom-no coherence-sticky-section-no elementor-invisible e-con e-child\" data-id=\"a62714f\" data-element_type=\"container\" data-settings=\"{&quot;background_background&quot;:&quot;classic&quot;,&quot;animation&quot;:&quot;bounceInRight&quot;}\">\n\t\t\t\t<div class=\"elementor-element elementor-element-7236277 elementor-widget__width-initial elementor-widget elementor-widget-text-editor\" data-id=\"7236277\" data-element_type=\"widget\" data-widget_type=\"text-editor.default\">\n\t\t\t\t\t\t\t\t\tAvec l\u2019entreprise BOUTELOUP, la garantie satisfaction !!!\nVous souhaitez faire installer le syst\u00e8me de chauffage le plus ad\u00e9quat, contactez-nous. Nous vous accueillons en MAYENNE (53).\t\t\t\t\t\t\t\t<\/div>\n\t\t\t\t<div class=\"elementor-element elementor-element-d632e20 elementor-tablet-align-center elementor-align-center elementor-widget elementor-widget-coherence-Button-widget\" data-id=\"d632e20\" data-element_type=\"widget\" data-widget_type=\"coherence-Button-widget.default\">\n\t\t\t\t<div class=\"elementor-widget-container\">\n\t\t\t\t\t<div class=\"elementor-button-wrapper coherence-button-wrapper\">\r\n    <a href=\"\/contact\/\" class=\"elementor-button-link elementor-button elementor-size-sm coherence-button-style-solid\" role=\"button\">\r\n        <span class=\"elementor-button-content-wrapper\">\r\n                        <span class=\"elementor-button-text\">Contactez-nous<\/span>\r\n        <\/span>\r\n    <\/a>\r\n<\/div>\t\t\t\t<\/div>\n\t\t\t\t<\/div>\n\t\t\t\t<\/div>\n\t\t\t\t\t<\/div>\n\t\t\t\t<\/div>\n\t\t\t\t<\/div>\n\t\t","protected":false},"excerpt":{"rendered":"<p>BOUTELOUP Si vous \u00eates \u00e0 la recherche d\u2019un sp\u00e9cialiste du chauffage de confiance \u00e0 Vilaine la Juhel, n\u2019h\u00e9sitez pas \u00e0 contacter l\u2019entreprise BOUTELOUP. C\u2019est votre point de r\u00e9f\u00e9rence pour l\u2019installation et la r\u00e9paration de syst\u00e8mes de Chauffage \u00e0 Vilaine la Juhel. L\u2019entreprise BOUTELOUP offre une vaste gamme de services, allant de l\u2019installation \u00e0 la mise [&hellip;]<\/p>\n","protected":false},"author":1,"featured_media":0,"parent":0,"menu_order":0,"comment_status":"closed","ping_status":"closed","template":"","meta":{"inline_featured_image":false,"footnotes":""},"class_list":["post-451","page","type-page","status-publish","hentry"],"yoast_head":"<!-- This site is optimized with the Yoast SEO plugin v25.9 - https:\/\/yoast.com\/wordpress\/plugins\/seo\/ -->\n<title>Chauffage \u00e0 Vilaine la Juhel \u2013 Ets BOUTELOUP - Installation et d\u00e9pannage<\/title>\n<meta name=\"description\" content=\"Trouvez les meilleures solutions Chauffage \u00e0 Vilaine la Juhel chez L&#039;Ets BOUTELOUP. Etude, installation et d\u00e9pannage \u00e0 co\u00fbts r\u00e9duits !\" \/>\n<meta name=\"robots\" content=\"noindex, follow, max-snippet:-1, max-image-preview:large, max-video-preview:-1\" \/>\n<meta property=\"og:locale\" content=\"fr_FR\" \/>\n<meta property=\"og:type\" content=\"article\" \/>\n<meta property=\"og:title\" content=\"Chauffage \u00e0 Vilaine la Juhel \u2013 Ets BOUTELOUP - Installation et d\u00e9pannage\" \/>\n<meta property=\"og:description\" content=\"Trouvez les meilleures solutions Chauffage \u00e0 Vilaine la Juhel chez L&#039;Ets BOUTELOUP. Etude, installation et d\u00e9pannage \u00e0 co\u00fbts r\u00e9duits !\" \/>\n<meta property=\"og:url\" content=\"https:\/\/www.ets-bouteloup.fr\/refonte\/chauffage-a-vilaine-la-juhel\/\" \/>\n<meta property=\"og:site_name\" content=\"ETS BOUTELOUP\" \/>\n<meta property=\"article:modified_time\" content=\"2025-05-07T14:59:18+00:00\" \/>\n<meta name=\"twitter:card\" content=\"summary_large_image\" \/>\n<meta name=\"twitter:label1\" content=\"Dur\u00e9e de lecture estim\u00e9e\" \/>\n\t<meta name=\"twitter:data1\" content=\"4 minutes\" \/>\n<script type=\"application\/ld+json\" class=\"yoast-schema-graph\">{\"@context\":\"https:\/\/schema.org\",\"@graph\":[{\"@type\":\"WebPage\",\"@id\":\"https:\/\/www.ets-bouteloup.fr\/refonte\/chauffage-a-vilaine-la-juhel\/\",\"url\":\"https:\/\/www.ets-bouteloup.fr\/refonte\/chauffage-a-vilaine-la-juhel\/\",\"name\":\"Chauffage \u00e0 Vilaine la Juhel \u2013 Ets BOUTELOUP - Installation et d\u00e9pannage\",\"isPartOf\":{\"@id\":\"https:\/\/www.ets-bouteloup.fr\/refonte\/#website\"},\"datePublished\":\"2017-04-04T11:51:04+00:00\",\"dateModified\":\"2025-05-07T14:59:18+00:00\",\"description\":\"Trouvez les meilleures solutions Chauffage \u00e0 Vilaine la Juhel chez L'Ets BOUTELOUP. Etude, installation et d\u00e9pannage \u00e0 co\u00fbts r\u00e9duits !\",\"breadcrumb\":{\"@id\":\"https:\/\/www.ets-bouteloup.fr\/refonte\/chauffage-a-vilaine-la-juhel\/#breadcrumb\"},\"inLanguage\":\"fr-FR\",\"potentialAction\":[{\"@type\":\"ReadAction\",\"target\":[\"https:\/\/www.ets-bouteloup.fr\/refonte\/chauffage-a-vilaine-la-juhel\/\"]}]},{\"@type\":\"BreadcrumbList\",\"@id\":\"https:\/\/www.ets-bouteloup.fr\/refonte\/chauffage-a-vilaine-la-juhel\/#breadcrumb\",\"itemListElement\":[{\"@type\":\"ListItem\",\"position\":1,\"name\":\"Home\",\"item\":\"https:\/\/www.ets-bouteloup.fr\/refonte\/\"},{\"@type\":\"ListItem\",\"position\":2,\"name\":\".. Chauffage \u00e0 Vilaine la Juhel\"}]},{\"@type\":\"WebSite\",\"@id\":\"https:\/\/www.ets-bouteloup.fr\/refonte\/#website\",\"url\":\"https:\/\/www.ets-bouteloup.fr\/refonte\/\",\"name\":\"ETS BOUTELOUP\",\"description\":\"\",\"potentialAction\":[{\"@type\":\"SearchAction\",\"target\":{\"@type\":\"EntryPoint\",\"urlTemplate\":\"https:\/\/www.ets-bouteloup.fr\/refonte\/?s={search_term_string}\"},\"query-input\":{\"@type\":\"PropertyValueSpecification\",\"valueRequired\":true,\"valueName\":\"search_term_string\"}}],\"inLanguage\":\"fr-FR\"}]}<\/script>\n<!-- \/ Yoast SEO plugin. -->","yoast_head_json":{"title":"Chauffage \u00e0 Vilaine la Juhel \u2013 Ets BOUTELOUP - Installation et d\u00e9pannage","description":"Trouvez les meilleures solutions Chauffage \u00e0 Vilaine la Juhel chez L'Ets BOUTELOUP. Etude, installation et d\u00e9pannage \u00e0 co\u00fbts r\u00e9duits !","robots":{"index":"noindex","follow":"follow","max-snippet":"max-snippet:-1","max-image-preview":"max-image-preview:large","max-video-preview":"max-video-preview:-1"},"og_locale":"fr_FR","og_type":"article","og_title":"Chauffage \u00e0 Vilaine la Juhel \u2013 Ets BOUTELOUP - Installation et d\u00e9pannage","og_description":"Trouvez les meilleures solutions Chauffage \u00e0 Vilaine la Juhel chez L'Ets BOUTELOUP. Etude, installation et d\u00e9pannage \u00e0 co\u00fbts r\u00e9duits !","og_url":"https:\/\/www.ets-bouteloup.fr\/refonte\/chauffage-a-vilaine-la-juhel\/","og_site_name":"ETS BOUTELOUP","article_modified_time":"2025-05-07T14:59:18+00:00","twitter_card":"summary_large_image","twitter_misc":{"Dur\u00e9e de lecture estim\u00e9e":"4 minutes"},"schema":{"@context":"https:\/\/schema.org","@graph":[{"@type":"WebPage","@id":"https:\/\/www.ets-bouteloup.fr\/refonte\/chauffage-a-vilaine-la-juhel\/","url":"https:\/\/www.ets-bouteloup.fr\/refonte\/chauffage-a-vilaine-la-juhel\/","name":"Chauffage \u00e0 Vilaine la Juhel \u2013 Ets BOUTELOUP - Installation et d\u00e9pannage","isPartOf":{"@id":"https:\/\/www.ets-bouteloup.fr\/refonte\/#website"},"datePublished":"2017-04-04T11:51:04+00:00","dateModified":"2025-05-07T14:59:18+00:00","description":"Trouvez les meilleures solutions Chauffage \u00e0 Vilaine la Juhel chez L'Ets BOUTELOUP. Etude, installation et d\u00e9pannage \u00e0 co\u00fbts r\u00e9duits !","breadcrumb":{"@id":"https:\/\/www.ets-bouteloup.fr\/refonte\/chauffage-a-vilaine-la-juhel\/#breadcrumb"},"inLanguage":"fr-FR","potentialAction":[{"@type":"ReadAction","target":["https:\/\/www.ets-bouteloup.fr\/refonte\/chauffage-a-vilaine-la-juhel\/"]}]},{"@type":"BreadcrumbList","@id":"https:\/\/www.ets-bouteloup.fr\/refonte\/chauffage-a-vilaine-la-juhel\/#breadcrumb","itemListElement":[{"@type":"ListItem","position":1,"name":"Home","item":"https:\/\/www.ets-bouteloup.fr\/refonte\/"},{"@type":"ListItem","position":2,"name":".. Chauffage \u00e0 Vilaine la Juhel"}]},{"@type":"WebSite","@id":"https:\/\/www.ets-bouteloup.fr\/refonte\/#website","url":"https:\/\/www.ets-bouteloup.fr\/refonte\/","name":"ETS BOUTELOUP","description":"","potentialAction":[{"@type":"SearchAction","target":{"@type":"EntryPoint","urlTemplate":"https:\/\/www.ets-bouteloup.fr\/refonte\/?s={search_term_string}"},"query-input":{"@type":"PropertyValueSpecification","valueRequired":true,"valueName":"search_term_string"}}],"inLanguage":"fr-FR"}]}},"_links":{"self":[{"href":"https:\/\/www.ets-bouteloup.fr\/refonte\/wp-json\/wp\/v2\/pages\/451","targetHints":{"allow":["GET"]}}],"collection":[{"href":"https:\/\/www.ets-bouteloup.fr\/refonte\/wp-json\/wp\/v2\/pages"}],"about":[{"href":"https:\/\/www.ets-bouteloup.fr\/refonte\/wp-json\/wp\/v2\/types\/page"}],"author":[{"embeddable":true,"href":"https:\/\/www.ets-bouteloup.fr\/refonte\/wp-json\/wp\/v2\/users\/1"}],"replies":[{"embeddable":true,"href":"https:\/\/www.ets-bouteloup.fr\/refonte\/wp-json\/wp\/v2\/comments?post=451"}],"version-history":[{"count":1,"href":"https:\/\/www.ets-bouteloup.fr\/refonte\/wp-json\/wp\/v2\/pages\/451\/revisions"}],"predecessor-version":[{"id":2493,"href":"https:\/\/www.ets-bouteloup.fr\/refonte\/wp-json\/wp\/v2\/pages\/451\/revisions\/2493"}],"wp:attachment":[{"href":"https:\/\/www.ets-bouteloup.fr\/refonte\/wp-json\/wp\/v2\/media?parent=451"}],"curies":[{"name":"wp","href":"https:\/\/api.w.org\/{rel}","templated":true}]}}