{"id":471,"date":"2017-04-04T15:15:28","date_gmt":"2017-04-04T13:15:28","guid":{"rendered":"http:\/\/www.ets-bouteloup.fr\/?page_id=471"},"modified":"2025-05-07T16:59:18","modified_gmt":"2025-05-07T14:59:18","slug":"electricite-a-sille-le-guillaume","status":"publish","type":"page","link":"https:\/\/www.ets-bouteloup.fr\/refonte\/electricite-a-sille-le-guillaume\/","title":{"rendered":".. \u00c9lectricit\u00e9 \u00e0 Sill\u00e9 le Guillaume"},"content":{"rendered":"\t\t<div data-elementor-type=\"wp-page\" data-elementor-id=\"471\" class=\"elementor elementor-471\">\n\t\t\t\t<div class=\"elementor-element elementor-element-907ad16 sec_h1 e-flex e-con-boxed coherence-container-background-zoom-no coherence-sticky-section-no elementor-invisible e-con e-parent\" data-id=\"907ad16\" data-element_type=\"container\" data-settings=\"{&quot;animation&quot;:&quot;fadeInUp&quot;}\">\n\t\t\t\t\t<div class=\"e-con-inner\">\n\t\t<div class=\"elementor-element elementor-element-013abbb e-con-full e-flex coherence-container-background-zoom-no coherence-sticky-section-no e-con e-child\" data-id=\"013abbb\" data-element_type=\"container\" data-settings=\"{&quot;background_background&quot;:&quot;classic&quot;}\">\n\t\t<div class=\"elementor-element elementor-element-d94fee9 e-con-full animate_01 elementor-hidden-tablet elementor-hidden-mobile_extra elementor-hidden-mobile e-flex coherence-container-background-zoom-no coherence-sticky-section-no e-con e-child\" data-id=\"d94fee9\" data-element_type=\"container\" data-settings=\"{&quot;position&quot;:&quot;absolute&quot;}\">\n\t\t\t\t<\/div>\n\t\t\t\t<\/div>\n\t\t<div class=\"elementor-element elementor-element-3f6961c e-con-full e-flex coherence-container-background-zoom-no coherence-sticky-section-no e-con e-child\" data-id=\"3f6961c\" data-element_type=\"container\" data-settings=\"{&quot;background_background&quot;:&quot;classic&quot;}\">\n\t\t\t\t<div class=\"elementor-element elementor-element-8f8154d elementor-widget-divider--view-line elementor-widget elementor-widget-divider\" data-id=\"8f8154d\" data-element_type=\"widget\" data-widget_type=\"divider.default\">\n\t\t\t\t\t\t\t<div class=\"elementor-divider\">\n\t\t\t<span class=\"elementor-divider-separator\">\n\t\t\t\t\t\t<\/span>\n\t\t<\/div>\n\t\t\t\t\t\t<\/div>\n\t\t\t\t<div class=\"elementor-element elementor-element-3185e50 elementor-widget elementor-widget-coherence_Heading_widget\" data-id=\"3185e50\" data-element_type=\"widget\" data-widget_type=\"coherence_Heading_widget.default\">\n\t\t\t\t<div class=\"elementor-widget-container\">\n\t\t\t\t\t<h1 class=\"coherence-heading elementor-heading-title\"><span class=\"separator-sup-title\">BOUTELOUP<\/span> <span class=\"coherence-heading-text\">Si vous \u00eates en qu\u00eate d\u2019un professionnel qualifi\u00e9 pour vos projets d\u2019installation et de r\u00e9paration \u00e9lectrique \u00e0 Sill\u00e9 le Guillaume, l\u2019entreprise BOUTELOUP est le choix id\u00e9al. Nous effectuons toutes sortes de travaux \u00e9lectriques, que ce soit pour un nouveau b\u00e2timent ou pour une r\u00e9novation, et ce dans toute la r\u00e9gion de Mayenne 53<\/span>  <\/h1>\t\t\t\t<\/div>\n\t\t\t\t<\/div>\n\t\t\t\t<div class=\"elementor-element elementor-element-1d79854 elementor-widget elementor-widget-text-editor\" data-id=\"1d79854\" data-element_type=\"widget\" data-widget_type=\"text-editor.default\">\n\t\t\t\t\t\t\t\t\t<p>Si vous \u00eates \u00e0 la recherche d\u2019un artisan pour vos travaux d\u2019\u00e9lectricit\u00e9 \u00e0 Sill\u00e9 le Guillaume, faites appel aux \u00e9lectriciens exp\u00e9riment\u00e9s de l\u2019Ets BOUTELOUP.<\/p><p>Vous avez besoin de d\u00e9pannage pour une coupure d\u2019\u00e9lectricit\u00e9 ? Ou vous d\u00e9sirez installer de nouveaux appareils \u00e9lectriques, ou r\u00e9viser votre syst\u00e8me \u00e9lectrique actuel ? N\u2019h\u00e9sitez pas \u00e0 nous contacter. L\u2019entreprise BOUTELOUP est largement reconnue pour son expertise en mati\u00e8re d\u2019\u00e9lectricit\u00e9 \u00e0 Sill\u00e9 le Guillaume. Nos \u00e9lectriciens qualifi\u00e9s sont toujours \u00e0 votre disposition, que ce soit pour un projet de construction ou de r\u00e9novation.<\/p><p>Pour toute demande d\u2019information ou un devis pour des travaux d\u2019installation \u00e9lectrique en Mayenne, contactez-nous simplement par t\u00e9l\u00e9phone au : 02 43 01 66 20. Nous sommes \u00e9galement \u00e0 votre \u00e9coute pour toutes demandes sp\u00e9cifiques via notre formulaire de contact.<\/p>\t\t\t\t\t\t\t\t<\/div>\n\t\t\t\t<div class=\"elementor-element elementor-element-2627ea1 elementor-tablet-align-center elementor-widget elementor-widget-coherence-Button-widget\" data-id=\"2627ea1\" data-element_type=\"widget\" data-widget_type=\"coherence-Button-widget.default\">\n\t\t\t\t<div class=\"elementor-widget-container\">\n\t\t\t\t\t<div class=\"elementor-button-wrapper coherence-button-wrapper\">\r\n    <a href=\"\/contact\/\" class=\"elementor-button-link elementor-button elementor-size-sm coherence-button-style-solid\" role=\"button\">\r\n        <span class=\"elementor-button-content-wrapper\">\r\n                        <span class=\"elementor-button-text\">Devis gratuit<\/span>\r\n        <\/span>\r\n    <\/a>\r\n<\/div>\t\t\t\t<\/div>\n\t\t\t\t<\/div>\n\t\t\t\t<\/div>\n\t\t\t\t\t<\/div>\n\t\t\t\t<\/div>\n\t\t<div class=\"elementor-element elementor-element-b6217fb e-flex e-con-boxed coherence-container-background-zoom-no coherence-sticky-section-no e-con e-parent\" data-id=\"b6217fb\" data-element_type=\"container\" data-settings=\"{&quot;background_background&quot;:&quot;classic&quot;}\">\n\t\t\t\t\t<div class=\"e-con-inner\">\n\t\t<div class=\"elementor-element elementor-element-2b485bc e-con-full e-flex coherence-container-background-zoom-no coherence-sticky-section-no elementor-invisible e-con e-child\" data-id=\"2b485bc\" data-element_type=\"container\" data-settings=\"{&quot;background_background&quot;:&quot;classic&quot;,&quot;animation&quot;:&quot;slideInDown&quot;}\">\n\t\t\t\t<div class=\"elementor-element elementor-element-c52650b elementor-widget-divider--view-line elementor-widget elementor-widget-divider\" data-id=\"c52650b\" data-element_type=\"widget\" data-widget_type=\"divider.default\">\n\t\t\t\t\t\t\t<div class=\"elementor-divider\">\n\t\t\t<span class=\"elementor-divider-separator\">\n\t\t\t\t\t\t<\/span>\n\t\t<\/div>\n\t\t\t\t\t\t<\/div>\n\t\t\t\t<div class=\"elementor-element elementor-element-dde92a6 elementor-widget elementor-widget-coherence_Heading_widget\" data-id=\"dde92a6\" data-element_type=\"widget\" data-widget_type=\"coherence_Heading_widget.default\">\n\t\t\t\t<div class=\"elementor-widget-container\">\n\t\t\t\t\t<h2 class=\"coherence-heading elementor-heading-title\"> <span class=\"coherence-heading-text\">R\u00e9alisez votre projet d\u2019installation ou de r\u00e9paration \u00e9lectrique \u00e0 Sill\u00e9 le Guillaume avec l\u2019entreprise BOUTELOUP<\/span>  <\/h2>\t\t\t\t<\/div>\n\t\t\t\t<\/div>\n\t\t\t\t<\/div>\n\t\t<div class=\"elementor-element elementor-element-21171e7 e-con-full e-flex coherence-container-background-zoom-no coherence-sticky-section-no e-con e-child\" data-id=\"21171e7\" data-element_type=\"container\">\n\t\t<div class=\"elementor-element elementor-element-25a58fb e-con-full e-flex coherence-container-background-zoom-no coherence-sticky-section-no e-con e-child\" data-id=\"25a58fb\" data-element_type=\"container\">\n\t\t<div class=\"elementor-element elementor-element-81302b0 e-con-full e-flex coherence-container-background-zoom-no coherence-sticky-section-no elementor-invisible e-con e-child\" data-id=\"81302b0\" data-element_type=\"container\" data-settings=\"{&quot;background_background&quot;:&quot;classic&quot;,&quot;animation&quot;:&quot;fadeInLeft&quot;}\">\n\t\t\t\t<div class=\"elementor-element elementor-element-b8b1ba3 elementor-widget__width-initial elementor-widget-tablet_extra__width-initial elementor-widget elementor-widget-text-editor\" data-id=\"b8b1ba3\" data-element_type=\"widget\" data-widget_type=\"text-editor.default\">\n\t\t\t\t\t\t\t\t\t<p>Nos prestations en plomberie :<br \/>En ce qui concerne la plomberie, nous intervenons \u00e9galement pour vous aider \u00e0 trouver des solutions pour l\u2019installation de sanitaires, la conception des syst\u00e8mes ou pour des travaux de maintenance plus complexes tels que la d\u00e9tection de fuites. Nos plombiers se d\u00e9placent \u00e0 domicile dans toute la Mayenne pour \u00e9valuer votre syst\u00e8me de plomberie. Nous r\u00e9alisons vos travaux de plomberie que ce soit pour une nouvelle construction ou une r\u00e9novation.<\/p><p>Nos plombiers sont comp\u00e9tents pour r\u00e9soudre tous types de probl\u00e8mes, que ce soit pour le raccordement de vos \u00e9quipements au r\u00e9seau d\u2019eau, pour la recherche de fuites sur une ancienne installation de plomberie, pour intervenir sur une pompe, etc. Nos techniciens plombiers sp\u00e9cialistes du d\u00e9pannage interviennent avec le m\u00eame professionnalisme pour d\u00e9boucher un tuyau, changer un joint us\u00e9, remplacer une chaudi\u00e8re, des sanitaires, une robinetterie, un syst\u00e8me de distribution hydraulique, etc.<\/p>\t\t\t\t\t\t\t\t<\/div>\n\t\t\t\t<\/div>\n\t\t\t\t<\/div>\n\t\t<div class=\"elementor-element elementor-element-f88c798 e-con-full animate_01 e-flex coherence-container-background-zoom-no coherence-sticky-section-no elementor-invisible e-con e-child\" data-id=\"f88c798\" data-element_type=\"container\" data-settings=\"{&quot;background_background&quot;:&quot;classic&quot;,&quot;animation&quot;:&quot;fadeInRight&quot;}\">\n\t\t\t\t<\/div>\n\t\t\t\t<\/div>\n\t\t\t\t\t<\/div>\n\t\t\t\t<\/div>\n\t\t<div class=\"elementor-element elementor-element-08dea47 e-flex e-con-boxed coherence-container-background-zoom-no coherence-sticky-section-no e-con e-parent\" data-id=\"08dea47\" data-element_type=\"container\" data-settings=\"{&quot;background_background&quot;:&quot;classic&quot;}\">\n\t\t\t\t\t<div class=\"e-con-inner\">\n\t\t<div class=\"elementor-element elementor-element-45e620a e-con-full animated-slow e-flex coherence-container-background-zoom-no coherence-sticky-section-no elementor-invisible e-con e-child\" data-id=\"45e620a\" data-element_type=\"container\" data-settings=\"{&quot;background_background&quot;:&quot;classic&quot;,&quot;animation&quot;:&quot;bounceInRight&quot;}\">\n\t\t\t\t<div class=\"elementor-element elementor-element-11212cb elementor-widget__width-initial elementor-widget elementor-widget-text-editor\" data-id=\"11212cb\" data-element_type=\"widget\" data-widget_type=\"text-editor.default\">\n\t\t\t\t\t\t\t\t\tPour plus d\u2019informations sur nos services de plomberie et d\u2019\u00e9lectricit\u00e9,\ncontactez l\u2019entreprise BOUTELOUP \u00e0 Sill\u00e9 le Guillaume, nos conseillers sont pr\u00eats \u00e0 vous fournir un devis, n\u2019h\u00e9sitez pas \u00e0 nous faire part de votre projet.\t\t\t\t\t\t\t\t<\/div>\n\t\t\t\t<div class=\"elementor-element elementor-element-66b93c6 elementor-tablet-align-center elementor-align-center elementor-widget elementor-widget-coherence-Button-widget\" data-id=\"66b93c6\" data-element_type=\"widget\" data-widget_type=\"coherence-Button-widget.default\">\n\t\t\t\t<div class=\"elementor-widget-container\">\n\t\t\t\t\t<div class=\"elementor-button-wrapper coherence-button-wrapper\">\r\n    <a href=\"\/contact\/\" class=\"elementor-button-link elementor-button elementor-size-sm coherence-button-style-solid\" role=\"button\">\r\n        <span class=\"elementor-button-content-wrapper\">\r\n                        <span class=\"elementor-button-text\">Contactez-nous<\/span>\r\n        <\/span>\r\n    <\/a>\r\n<\/div>\t\t\t\t<\/div>\n\t\t\t\t<\/div>\n\t\t\t\t<\/div>\n\t\t\t\t\t<\/div>\n\t\t\t\t<\/div>\n\t\t\t\t<\/div>\n\t\t","protected":false},"excerpt":{"rendered":"<p>BOUTELOUP Si vous \u00eates en qu\u00eate d\u2019un professionnel qualifi\u00e9 pour vos projets d\u2019installation et de r\u00e9paration \u00e9lectrique \u00e0 Sill\u00e9 le Guillaume, l\u2019entreprise BOUTELOUP est le choix id\u00e9al. Nous effectuons toutes sortes de travaux \u00e9lectriques, que ce soit pour un nouveau b\u00e2timent ou pour une r\u00e9novation, et ce dans toute la r\u00e9gion de Mayenne 53 Si [&hellip;]<\/p>\n","protected":false},"author":1,"featured_media":0,"parent":0,"menu_order":0,"comment_status":"closed","ping_status":"closed","template":"","meta":{"inline_featured_image":false,"footnotes":""},"class_list":["post-471","page","type-page","status-publish","hentry"],"yoast_head":"<!-- This site is optimized with the Yoast SEO plugin v25.9 - https:\/\/yoast.com\/wordpress\/plugins\/seo\/ -->\n<title>\u00e9lectricit\u00e9 \u00e0 Sill\u00e9 le Guillaume \u2013 L\u2019entreprise BOUTELOUP - Installation et r\u00e9paration<\/title>\n<meta name=\"description\" content=\"Besoin d&#039;un expert en travaux d&#039;\u00e9lectricit\u00e9 \u00e0 Sill\u00e9 le Guillaume ? BOUTELOUP le professionnel qu&#039;il vous faut ! Installation et r\u00e9paration \u00e0 co\u00fbts r\u00e9duits !\" \/>\n<meta name=\"robots\" content=\"noindex, follow, max-snippet:-1, max-image-preview:large, max-video-preview:-1\" \/>\n<meta property=\"og:locale\" content=\"fr_FR\" \/>\n<meta property=\"og:type\" content=\"article\" \/>\n<meta property=\"og:title\" content=\"\u00e9lectricit\u00e9 \u00e0 Sill\u00e9 le Guillaume \u2013 L\u2019entreprise BOUTELOUP - Installation et r\u00e9paration\" \/>\n<meta property=\"og:description\" content=\"Besoin d&#039;un expert en travaux d&#039;\u00e9lectricit\u00e9 \u00e0 Sill\u00e9 le Guillaume ? BOUTELOUP le professionnel qu&#039;il vous faut ! Installation et r\u00e9paration \u00e0 co\u00fbts r\u00e9duits !\" \/>\n<meta property=\"og:url\" content=\"https:\/\/www.ets-bouteloup.fr\/refonte\/electricite-a-sille-le-guillaume\/\" \/>\n<meta property=\"og:site_name\" content=\"ETS BOUTELOUP\" \/>\n<meta property=\"article:modified_time\" content=\"2025-05-07T14:59:18+00:00\" \/>\n<meta name=\"twitter:card\" content=\"summary_large_image\" \/>\n<meta name=\"twitter:label1\" content=\"Dur\u00e9e de lecture estim\u00e9e\" \/>\n\t<meta name=\"twitter:data1\" content=\"2 minutes\" \/>\n<script type=\"application\/ld+json\" class=\"yoast-schema-graph\">{\"@context\":\"https:\/\/schema.org\",\"@graph\":[{\"@type\":\"WebPage\",\"@id\":\"https:\/\/www.ets-bouteloup.fr\/refonte\/electricite-a-sille-le-guillaume\/\",\"url\":\"https:\/\/www.ets-bouteloup.fr\/refonte\/electricite-a-sille-le-guillaume\/\",\"name\":\"\u00e9lectricit\u00e9 \u00e0 Sill\u00e9 le Guillaume \u2013 L\u2019entreprise BOUTELOUP - Installation et r\u00e9paration\",\"isPartOf\":{\"@id\":\"https:\/\/www.ets-bouteloup.fr\/refonte\/#website\"},\"datePublished\":\"2017-04-04T13:15:28+00:00\",\"dateModified\":\"2025-05-07T14:59:18+00:00\",\"description\":\"Besoin d'un expert en travaux d'\u00e9lectricit\u00e9 \u00e0 Sill\u00e9 le Guillaume ? BOUTELOUP le professionnel qu'il vous faut ! Installation et r\u00e9paration \u00e0 co\u00fbts r\u00e9duits !\",\"breadcrumb\":{\"@id\":\"https:\/\/www.ets-bouteloup.fr\/refonte\/electricite-a-sille-le-guillaume\/#breadcrumb\"},\"inLanguage\":\"fr-FR\",\"potentialAction\":[{\"@type\":\"ReadAction\",\"target\":[\"https:\/\/www.ets-bouteloup.fr\/refonte\/electricite-a-sille-le-guillaume\/\"]}]},{\"@type\":\"BreadcrumbList\",\"@id\":\"https:\/\/www.ets-bouteloup.fr\/refonte\/electricite-a-sille-le-guillaume\/#breadcrumb\",\"itemListElement\":[{\"@type\":\"ListItem\",\"position\":1,\"name\":\"Home\",\"item\":\"https:\/\/www.ets-bouteloup.fr\/refonte\/\"},{\"@type\":\"ListItem\",\"position\":2,\"name\":\".. \u00c9lectricit\u00e9 \u00e0 Sill\u00e9 le Guillaume\"}]},{\"@type\":\"WebSite\",\"@id\":\"https:\/\/www.ets-bouteloup.fr\/refonte\/#website\",\"url\":\"https:\/\/www.ets-bouteloup.fr\/refonte\/\",\"name\":\"ETS BOUTELOUP\",\"description\":\"\",\"potentialAction\":[{\"@type\":\"SearchAction\",\"target\":{\"@type\":\"EntryPoint\",\"urlTemplate\":\"https:\/\/www.ets-bouteloup.fr\/refonte\/?s={search_term_string}\"},\"query-input\":{\"@type\":\"PropertyValueSpecification\",\"valueRequired\":true,\"valueName\":\"search_term_string\"}}],\"inLanguage\":\"fr-FR\"}]}<\/script>\n<!-- \/ Yoast SEO plugin. -->","yoast_head_json":{"title":"\u00e9lectricit\u00e9 \u00e0 Sill\u00e9 le Guillaume \u2013 L\u2019entreprise BOUTELOUP - Installation et r\u00e9paration","description":"Besoin d'un expert en travaux d'\u00e9lectricit\u00e9 \u00e0 Sill\u00e9 le Guillaume ? BOUTELOUP le professionnel qu'il vous faut ! Installation et r\u00e9paration \u00e0 co\u00fbts r\u00e9duits !","robots":{"index":"noindex","follow":"follow","max-snippet":"max-snippet:-1","max-image-preview":"max-image-preview:large","max-video-preview":"max-video-preview:-1"},"og_locale":"fr_FR","og_type":"article","og_title":"\u00e9lectricit\u00e9 \u00e0 Sill\u00e9 le Guillaume \u2013 L\u2019entreprise BOUTELOUP - Installation et r\u00e9paration","og_description":"Besoin d'un expert en travaux d'\u00e9lectricit\u00e9 \u00e0 Sill\u00e9 le Guillaume ? BOUTELOUP le professionnel qu'il vous faut ! Installation et r\u00e9paration \u00e0 co\u00fbts r\u00e9duits !","og_url":"https:\/\/www.ets-bouteloup.fr\/refonte\/electricite-a-sille-le-guillaume\/","og_site_name":"ETS BOUTELOUP","article_modified_time":"2025-05-07T14:59:18+00:00","twitter_card":"summary_large_image","twitter_misc":{"Dur\u00e9e de lecture estim\u00e9e":"2 minutes"},"schema":{"@context":"https:\/\/schema.org","@graph":[{"@type":"WebPage","@id":"https:\/\/www.ets-bouteloup.fr\/refonte\/electricite-a-sille-le-guillaume\/","url":"https:\/\/www.ets-bouteloup.fr\/refonte\/electricite-a-sille-le-guillaume\/","name":"\u00e9lectricit\u00e9 \u00e0 Sill\u00e9 le Guillaume \u2013 L\u2019entreprise BOUTELOUP - Installation et r\u00e9paration","isPartOf":{"@id":"https:\/\/www.ets-bouteloup.fr\/refonte\/#website"},"datePublished":"2017-04-04T13:15:28+00:00","dateModified":"2025-05-07T14:59:18+00:00","description":"Besoin d'un expert en travaux d'\u00e9lectricit\u00e9 \u00e0 Sill\u00e9 le Guillaume ? BOUTELOUP le professionnel qu'il vous faut ! Installation et r\u00e9paration \u00e0 co\u00fbts r\u00e9duits !","breadcrumb":{"@id":"https:\/\/www.ets-bouteloup.fr\/refonte\/electricite-a-sille-le-guillaume\/#breadcrumb"},"inLanguage":"fr-FR","potentialAction":[{"@type":"ReadAction","target":["https:\/\/www.ets-bouteloup.fr\/refonte\/electricite-a-sille-le-guillaume\/"]}]},{"@type":"BreadcrumbList","@id":"https:\/\/www.ets-bouteloup.fr\/refonte\/electricite-a-sille-le-guillaume\/#breadcrumb","itemListElement":[{"@type":"ListItem","position":1,"name":"Home","item":"https:\/\/www.ets-bouteloup.fr\/refonte\/"},{"@type":"ListItem","position":2,"name":".. \u00c9lectricit\u00e9 \u00e0 Sill\u00e9 le Guillaume"}]},{"@type":"WebSite","@id":"https:\/\/www.ets-bouteloup.fr\/refonte\/#website","url":"https:\/\/www.ets-bouteloup.fr\/refonte\/","name":"ETS BOUTELOUP","description":"","potentialAction":[{"@type":"SearchAction","target":{"@type":"EntryPoint","urlTemplate":"https:\/\/www.ets-bouteloup.fr\/refonte\/?s={search_term_string}"},"query-input":{"@type":"PropertyValueSpecification","valueRequired":true,"valueName":"search_term_string"}}],"inLanguage":"fr-FR"}]}},"_links":{"self":[{"href":"https:\/\/www.ets-bouteloup.fr\/refonte\/wp-json\/wp\/v2\/pages\/471","targetHints":{"allow":["GET"]}}],"collection":[{"href":"https:\/\/www.ets-bouteloup.fr\/refonte\/wp-json\/wp\/v2\/pages"}],"about":[{"href":"https:\/\/www.ets-bouteloup.fr\/refonte\/wp-json\/wp\/v2\/types\/page"}],"author":[{"embeddable":true,"href":"https:\/\/www.ets-bouteloup.fr\/refonte\/wp-json\/wp\/v2\/users\/1"}],"replies":[{"embeddable":true,"href":"https:\/\/www.ets-bouteloup.fr\/refonte\/wp-json\/wp\/v2\/comments?post=471"}],"version-history":[{"count":1,"href":"https:\/\/www.ets-bouteloup.fr\/refonte\/wp-json\/wp\/v2\/pages\/471\/revisions"}],"predecessor-version":[{"id":2497,"href":"https:\/\/www.ets-bouteloup.fr\/refonte\/wp-json\/wp\/v2\/pages\/471\/revisions\/2497"}],"wp:attachment":[{"href":"https:\/\/www.ets-bouteloup.fr\/refonte\/wp-json\/wp\/v2\/media?parent=471"}],"curies":[{"name":"wp","href":"https:\/\/api.w.org\/{rel}","templated":true}]}}