{"id":484,"date":"2017-04-04T15:29:42","date_gmt":"2017-04-04T13:29:42","guid":{"rendered":"http:\/\/www.ets-bouteloup.fr\/?page_id=484"},"modified":"2025-05-07T16:59:19","modified_gmt":"2025-05-07T14:59:19","slug":"plomberie-a-vilaine-la-juhel","status":"publish","type":"page","link":"https:\/\/www.ets-bouteloup.fr\/refonte\/plomberie-a-vilaine-la-juhel\/","title":{"rendered":".. Plomberie \u00e0 Vilaine la Juhel"},"content":{"rendered":"\t\t<div data-elementor-type=\"wp-page\" data-elementor-id=\"484\" class=\"elementor elementor-484\">\n\t\t\t\t<div class=\"elementor-element elementor-element-96d2b1a sec_h1 e-flex e-con-boxed coherence-container-background-zoom-no coherence-sticky-section-no elementor-invisible e-con e-parent\" data-id=\"96d2b1a\" data-element_type=\"container\" data-settings=\"{&quot;animation&quot;:&quot;fadeInUp&quot;}\">\n\t\t\t\t\t<div class=\"e-con-inner\">\n\t\t<div class=\"elementor-element elementor-element-a00c90f e-con-full e-flex coherence-container-background-zoom-no coherence-sticky-section-no e-con e-child\" data-id=\"a00c90f\" data-element_type=\"container\" data-settings=\"{&quot;background_background&quot;:&quot;classic&quot;}\">\n\t\t<div class=\"elementor-element elementor-element-7f178e9 e-con-full animate_01 elementor-hidden-tablet elementor-hidden-mobile_extra elementor-hidden-mobile e-flex coherence-container-background-zoom-no coherence-sticky-section-no e-con e-child\" data-id=\"7f178e9\" data-element_type=\"container\" data-settings=\"{&quot;position&quot;:&quot;absolute&quot;}\">\n\t\t\t\t<\/div>\n\t\t\t\t<\/div>\n\t\t<div class=\"elementor-element elementor-element-dc651c0 e-con-full e-flex coherence-container-background-zoom-no coherence-sticky-section-no e-con e-child\" data-id=\"dc651c0\" data-element_type=\"container\" data-settings=\"{&quot;background_background&quot;:&quot;classic&quot;}\">\n\t\t\t\t<div class=\"elementor-element elementor-element-324f7f2 elementor-widget-divider--view-line elementor-widget elementor-widget-divider\" data-id=\"324f7f2\" data-element_type=\"widget\" data-widget_type=\"divider.default\">\n\t\t\t\t\t\t\t<div class=\"elementor-divider\">\n\t\t\t<span class=\"elementor-divider-separator\">\n\t\t\t\t\t\t<\/span>\n\t\t<\/div>\n\t\t\t\t\t\t<\/div>\n\t\t\t\t<div class=\"elementor-element elementor-element-44da255 elementor-widget elementor-widget-coherence_Heading_widget\" data-id=\"44da255\" data-element_type=\"widget\" data-widget_type=\"coherence_Heading_widget.default\">\n\t\t\t\t<div class=\"elementor-widget-container\">\n\t\t\t\t\t<h1 class=\"coherence-heading elementor-heading-title\"><span class=\"separator-sup-title\">BOUTELOUP<\/span> <span class=\"coherence-heading-text\">Recherchez-vous un expert en plomberie \u00e0 Vilaine la Juhel ? L\u2019entreprise BOUTELOUP est le professionnel de confiance pour tous vos besoins de plomberie. Partagez-nous votre projet, que ce soit pour une construction neuve ou une r\u00e9novation, nous intervenons dans toute la r\u00e9gion de la Mayenne 53<\/span>  <\/h1>\t\t\t\t<\/div>\n\t\t\t\t<\/div>\n\t\t\t\t<div class=\"elementor-element elementor-element-9eac63d elementor-widget elementor-widget-text-editor\" data-id=\"9eac63d\" data-element_type=\"widget\" data-widget_type=\"text-editor.default\">\n\t\t\t\t\t\t\t\t\t<p>Ets L\u2019entreprise BOUTELOUP offre un service personnalis\u00e9 pour tous vos projets de construction ou de r\u00e9novation de plomberie \u00e0 Vilaine la Juhel. Notre \u00e9quipe d\u2019artisans qualifi\u00e9s s\u2019engage \u00e0 vous fournir des prestations de qualit\u00e9 en mati\u00e8re d\u2019installation et de mise en service de votre mat\u00e9riel sanitaire.<\/p><p>Nous proposons \u00e9galement des interventions de d\u00e9pannage et de r\u00e9paration de vos \u00e9quipements existants et de toutes autres probl\u00e9matiques li\u00e9es \u00e0 la plomberie.<\/p><p>Si vous avez besoin d\u2019un expert en plomberie \u00e0 Vilaine la Juhel, n\u2019h\u00e9sitez pas \u00e0 nous contacter au : 02 43 01 66 20.<\/p>\t\t\t\t\t\t\t\t<\/div>\n\t\t\t\t<div class=\"elementor-element elementor-element-c439b23 elementor-tablet-align-center elementor-widget elementor-widget-coherence-Button-widget\" data-id=\"c439b23\" data-element_type=\"widget\" data-widget_type=\"coherence-Button-widget.default\">\n\t\t\t\t<div class=\"elementor-widget-container\">\n\t\t\t\t\t<div class=\"elementor-button-wrapper coherence-button-wrapper\">\r\n    <a href=\"\/contact\/\" class=\"elementor-button-link elementor-button elementor-size-sm coherence-button-style-solid\" role=\"button\">\r\n        <span class=\"elementor-button-content-wrapper\">\r\n                        <span class=\"elementor-button-text\">Devis gratuit<\/span>\r\n        <\/span>\r\n    <\/a>\r\n<\/div>\t\t\t\t<\/div>\n\t\t\t\t<\/div>\n\t\t\t\t<\/div>\n\t\t\t\t\t<\/div>\n\t\t\t\t<\/div>\n\t\t<div class=\"elementor-element elementor-element-d1b9ceb e-flex e-con-boxed coherence-container-background-zoom-no coherence-sticky-section-no e-con e-parent\" data-id=\"d1b9ceb\" data-element_type=\"container\" data-settings=\"{&quot;background_background&quot;:&quot;classic&quot;}\">\n\t\t\t\t\t<div class=\"e-con-inner\">\n\t\t<div class=\"elementor-element elementor-element-4070422 e-con-full e-flex coherence-container-background-zoom-no coherence-sticky-section-no e-con e-child\" data-id=\"4070422\" data-element_type=\"container\">\n\t\t<div class=\"elementor-element elementor-element-584bad9 e-con-full e-flex coherence-container-background-zoom-no coherence-sticky-section-no e-con e-child\" data-id=\"584bad9\" data-element_type=\"container\">\n\t\t<div class=\"elementor-element elementor-element-9141111 e-con-full e-flex coherence-container-background-zoom-no coherence-sticky-section-no elementor-invisible e-con e-child\" data-id=\"9141111\" data-element_type=\"container\" data-settings=\"{&quot;background_background&quot;:&quot;classic&quot;,&quot;animation&quot;:&quot;fadeInLeft&quot;}\">\n\t\t\t\t<div class=\"elementor-element elementor-element-79d3e96 elementor-widget__width-initial elementor-widget-tablet_extra__width-initial elementor-widget elementor-widget-text-editor\" data-id=\"79d3e96\" data-element_type=\"widget\" data-widget_type=\"text-editor.default\">\n\t\t\t\t\t\t\t\t\t<p>Nos prestations en plomberie \u00e0 Vilaine la Juhel :<\/p><p>BOUTELOUP offre des solutions pour l\u2019installation de vos sanitaires, la conception de vos installations de plomberie et les interventions de maintenance les plus complexes. Nos plombiers se d\u00e9placent \u00e0 votre domicile dans la Mayenne pour \u00e9valuer votre installation de plomberie. Nous effectuons des travaux de plomberie pour les constructions neuves et les r\u00e9novations.<\/p><p>Nos artisans sont comp\u00e9tents pour r\u00e9soudre des probl\u00e8mes d\u2019installation de vos \u00e9quipements au r\u00e9seau d\u2019eau, pour d\u00e9tecter une fuite sur une ancienne installation de plomberie, pour intervenir sur une pompe\u2026 Sp\u00e9cialistes du d\u00e9pannage, nos techniciens interviennent avec professionnalisme, que ce soit pour d\u00e9boucher une canalisation, changer un joint us\u00e9, remplacer une chaudi\u00e8re, des sanitaires, une robinetterie, une distribution hydraulique\u2026<\/p>\t\t\t\t\t\t\t\t<\/div>\n\t\t\t\t<\/div>\n\t\t\t\t<\/div>\n\t\t<div class=\"elementor-element elementor-element-100a7bf e-con-full animate_01 e-flex coherence-container-background-zoom-no coherence-sticky-section-no elementor-invisible e-con e-child\" data-id=\"100a7bf\" data-element_type=\"container\" data-settings=\"{&quot;background_background&quot;:&quot;classic&quot;,&quot;animation&quot;:&quot;fadeInRight&quot;}\">\n\t\t\t\t<\/div>\n\t\t\t\t<\/div>\n\t\t\t\t\t<\/div>\n\t\t\t\t<\/div>\n\t\t<div class=\"elementor-element elementor-element-ca9f4b4 e-flex e-con-boxed coherence-container-background-zoom-no coherence-sticky-section-no e-con e-parent\" data-id=\"ca9f4b4\" data-element_type=\"container\" data-settings=\"{&quot;background_background&quot;:&quot;classic&quot;}\">\n\t\t\t\t\t<div class=\"e-con-inner\">\n\t\t<div class=\"elementor-element elementor-element-e4a01d4 e-con-full e-flex coherence-container-background-zoom-no coherence-sticky-section-no e-con e-child\" data-id=\"e4a01d4\" data-element_type=\"container\">\n\t\t<div class=\"elementor-element elementor-element-40b4e6d e-con-full e-flex coherence-container-background-zoom-no coherence-sticky-section-no elementor-invisible e-con e-child\" data-id=\"40b4e6d\" data-element_type=\"container\" data-settings=\"{&quot;background_background&quot;:&quot;classic&quot;,&quot;animation&quot;:&quot;fadeInLeft&quot;}\">\n\t\t\t\t<\/div>\n\t\t<div class=\"elementor-element elementor-element-722d83a e-con-full e-flex coherence-container-background-zoom-no coherence-sticky-section-no elementor-invisible e-con e-child\" data-id=\"722d83a\" data-element_type=\"container\" data-settings=\"{&quot;background_background&quot;:&quot;classic&quot;,&quot;animation&quot;:&quot;fadeInRight&quot;}\">\n\t\t\t\t<div class=\"elementor-element elementor-element-de6ec9d elementor-widget-divider--view-line elementor-widget elementor-widget-divider\" data-id=\"de6ec9d\" data-element_type=\"widget\" data-widget_type=\"divider.default\">\n\t\t\t\t\t\t\t<div class=\"elementor-divider\">\n\t\t\t<span class=\"elementor-divider-separator\">\n\t\t\t\t\t\t<\/span>\n\t\t<\/div>\n\t\t\t\t\t\t<\/div>\n\t\t\t\t<div class=\"elementor-element elementor-element-9b55426 elementor-widget elementor-widget-coherence_Heading_widget\" data-id=\"9b55426\" data-element_type=\"widget\" data-widget_type=\"coherence_Heading_widget.default\">\n\t\t\t\t<div class=\"elementor-widget-container\">\n\t\t\t\t\t<h2 class=\"coherence-heading elementor-heading-title\"> <span class=\"coherence-heading-text\">Pour votre plomberie ! Faites appel \u00e0 l\u2019entreprise Bouteloup.<\/span>  <\/h2>\t\t\t\t<\/div>\n\t\t\t\t<\/div>\n\t\t\t\t<div class=\"elementor-element elementor-element-8775e98 elementor-widget elementor-widget-text-editor\" data-id=\"8775e98\" data-element_type=\"widget\" data-widget_type=\"text-editor.default\">\n\t\t\t\t\t\t\t\t\t<p>Nos prestations en \u00e9lectricit\u00e9 :<\/p><p>Envisagez-vous une installation \u00e9lectrique ? contactez la soci\u00e9t\u00e9 BOUTELOUP bas\u00e9e en Mayenne( 53).<br \/>L\u2019\u00e9lectricit\u00e9 est un \u00e9l\u00e9ment crucial dans votre projet de r\u00e9novation, elle assure la s\u00e9curit\u00e9 des personnes et des appareils gr\u00e2ce \u00e0 des protections hautement sensibles. L\u2019installation \u00e9lectrique que BOUTELOUP effectuera respectera les normes minimales requises, en tenant compte de la superficie du logement, pour un excellent rapport qualit\u00e9\/prix.<\/p><p>Nos sp\u00e9cialistes sont comp\u00e9tents pour l\u2019installation de syst\u00e8mes domotiques, de VMC simple et double flux, de VMC hygror\u00e9glable ainsi que de la climatisation. Nous sommes l\u00e0 pour vous conseiller sur le choix et le nombre de prises, l\u2019\u00e9clairage et les types d\u2019appareils. Nous vous aiderons \u00e0 harmoniser votre int\u00e9rieur et votre ext\u00e9rieur, en mettant en valeur la d\u00e9coration et le design.<\/p>\t\t\t\t\t\t\t\t<\/div>\n\t\t\t\t<\/div>\n\t\t\t\t<\/div>\n\t\t\t\t\t<\/div>\n\t\t\t\t<\/div>\n\t\t<div class=\"elementor-element elementor-element-e910f55 e-flex e-con-boxed coherence-container-background-zoom-no coherence-sticky-section-no e-con e-parent\" data-id=\"e910f55\" data-element_type=\"container\" data-settings=\"{&quot;background_background&quot;:&quot;classic&quot;}\">\n\t\t\t\t\t<div class=\"e-con-inner\">\n\t\t<div class=\"elementor-element elementor-element-a7aa597 e-con-full animated-slow e-flex coherence-container-background-zoom-no coherence-sticky-section-no elementor-invisible e-con e-child\" data-id=\"a7aa597\" data-element_type=\"container\" data-settings=\"{&quot;background_background&quot;:&quot;classic&quot;,&quot;animation&quot;:&quot;bounceInRight&quot;}\">\n\t\t\t\t<div class=\"elementor-element elementor-element-99c1e7a elementor-widget__width-initial elementor-widget elementor-widget-text-editor\" data-id=\"99c1e7a\" data-element_type=\"widget\" data-widget_type=\"text-editor.default\">\n\t\t\t\t\t\t\t\t\tPour plus d\u2019informations sur nos services en plomberie et \u00e9lectricit\u00e9, contactez l\u2019entreprise BOUTELOUP en Mayenne (53), nos conseillers sont pr\u00eats \u00e0 vous fournir un devis. N\u2019h\u00e9sitez pas \u00e0 nous confier votre projet.\t\t\t\t\t\t\t\t<\/div>\n\t\t\t\t<div class=\"elementor-element elementor-element-7d198e8 elementor-tablet-align-center elementor-align-center elementor-widget elementor-widget-coherence-Button-widget\" data-id=\"7d198e8\" data-element_type=\"widget\" data-widget_type=\"coherence-Button-widget.default\">\n\t\t\t\t<div class=\"elementor-widget-container\">\n\t\t\t\t\t<div class=\"elementor-button-wrapper coherence-button-wrapper\">\r\n    <a href=\"\/contact\/\" class=\"elementor-button-link elementor-button elementor-size-sm coherence-button-style-solid\" role=\"button\">\r\n        <span class=\"elementor-button-content-wrapper\">\r\n                        <span class=\"elementor-button-text\">Contactez-nous<\/span>\r\n        <\/span>\r\n    <\/a>\r\n<\/div>\t\t\t\t<\/div>\n\t\t\t\t<\/div>\n\t\t\t\t<\/div>\n\t\t\t\t\t<\/div>\n\t\t\t\t<\/div>\n\t\t\t\t<\/div>\n\t\t","protected":false},"excerpt":{"rendered":"<p>BOUTELOUP Recherchez-vous un expert en plomberie \u00e0 Vilaine la Juhel ? L\u2019entreprise BOUTELOUP est le professionnel de confiance pour tous vos besoins de plomberie. Partagez-nous votre projet, que ce soit pour une construction neuve ou une r\u00e9novation, nous intervenons dans toute la r\u00e9gion de la Mayenne 53 Ets L\u2019entreprise BOUTELOUP offre un service personnalis\u00e9 pour [&hellip;]<\/p>\n","protected":false},"author":1,"featured_media":0,"parent":0,"menu_order":0,"comment_status":"closed","ping_status":"closed","template":"","meta":{"inline_featured_image":false,"footnotes":""},"class_list":["post-484","page","type-page","status-publish","hentry"],"yoast_head":"<!-- This site is optimized with the Yoast SEO plugin v25.9 - https:\/\/yoast.com\/wordpress\/plugins\/seo\/ -->\n<title>plomberie \u00e0 Vilaine la Juhel \u2013 L\u2019entreprise BOUTELOUP - Installation et d\u00e9pannage<\/title>\n<meta name=\"description\" content=\"Vous cherchez un artisan sp\u00e9cialis\u00e9 en plomberie \u00e0 Vilaine la Juhel ? BOUTELOUP est le plombier reconnu qu&#039;il vous faut ! Faites-nous part de votre projet !\" \/>\n<meta name=\"robots\" content=\"noindex, follow, max-snippet:-1, max-image-preview:large, max-video-preview:-1\" \/>\n<meta property=\"og:locale\" content=\"fr_FR\" \/>\n<meta property=\"og:type\" content=\"article\" \/>\n<meta property=\"og:title\" content=\"plomberie \u00e0 Vilaine la Juhel \u2013 L\u2019entreprise BOUTELOUP - Installation et d\u00e9pannage\" \/>\n<meta property=\"og:description\" content=\"Vous cherchez un artisan sp\u00e9cialis\u00e9 en plomberie \u00e0 Vilaine la Juhel ? BOUTELOUP est le plombier reconnu qu&#039;il vous faut ! Faites-nous part de votre projet !\" \/>\n<meta property=\"og:url\" content=\"https:\/\/www.ets-bouteloup.fr\/refonte\/plomberie-a-vilaine-la-juhel\/\" \/>\n<meta property=\"og:site_name\" content=\"ETS BOUTELOUP\" \/>\n<meta property=\"article:modified_time\" content=\"2025-05-07T14:59:19+00:00\" \/>\n<meta name=\"twitter:card\" content=\"summary_large_image\" \/>\n<meta name=\"twitter:label1\" content=\"Dur\u00e9e de lecture estim\u00e9e\" \/>\n\t<meta name=\"twitter:data1\" content=\"3 minutes\" \/>\n<script type=\"application\/ld+json\" class=\"yoast-schema-graph\">{\"@context\":\"https:\/\/schema.org\",\"@graph\":[{\"@type\":\"WebPage\",\"@id\":\"https:\/\/www.ets-bouteloup.fr\/refonte\/plomberie-a-vilaine-la-juhel\/\",\"url\":\"https:\/\/www.ets-bouteloup.fr\/refonte\/plomberie-a-vilaine-la-juhel\/\",\"name\":\"plomberie \u00e0 Vilaine la Juhel \u2013 L\u2019entreprise BOUTELOUP - Installation et d\u00e9pannage\",\"isPartOf\":{\"@id\":\"https:\/\/www.ets-bouteloup.fr\/refonte\/#website\"},\"datePublished\":\"2017-04-04T13:29:42+00:00\",\"dateModified\":\"2025-05-07T14:59:19+00:00\",\"description\":\"Vous cherchez un artisan sp\u00e9cialis\u00e9 en plomberie \u00e0 Vilaine la Juhel ? BOUTELOUP est le plombier reconnu qu'il vous faut ! Faites-nous part de votre projet !\",\"breadcrumb\":{\"@id\":\"https:\/\/www.ets-bouteloup.fr\/refonte\/plomberie-a-vilaine-la-juhel\/#breadcrumb\"},\"inLanguage\":\"fr-FR\",\"potentialAction\":[{\"@type\":\"ReadAction\",\"target\":[\"https:\/\/www.ets-bouteloup.fr\/refonte\/plomberie-a-vilaine-la-juhel\/\"]}]},{\"@type\":\"BreadcrumbList\",\"@id\":\"https:\/\/www.ets-bouteloup.fr\/refonte\/plomberie-a-vilaine-la-juhel\/#breadcrumb\",\"itemListElement\":[{\"@type\":\"ListItem\",\"position\":1,\"name\":\"Home\",\"item\":\"https:\/\/www.ets-bouteloup.fr\/refonte\/\"},{\"@type\":\"ListItem\",\"position\":2,\"name\":\".. Plomberie \u00e0 Vilaine la Juhel\"}]},{\"@type\":\"WebSite\",\"@id\":\"https:\/\/www.ets-bouteloup.fr\/refonte\/#website\",\"url\":\"https:\/\/www.ets-bouteloup.fr\/refonte\/\",\"name\":\"ETS BOUTELOUP\",\"description\":\"\",\"potentialAction\":[{\"@type\":\"SearchAction\",\"target\":{\"@type\":\"EntryPoint\",\"urlTemplate\":\"https:\/\/www.ets-bouteloup.fr\/refonte\/?s={search_term_string}\"},\"query-input\":{\"@type\":\"PropertyValueSpecification\",\"valueRequired\":true,\"valueName\":\"search_term_string\"}}],\"inLanguage\":\"fr-FR\"}]}<\/script>\n<!-- \/ Yoast SEO plugin. -->","yoast_head_json":{"title":"plomberie \u00e0 Vilaine la Juhel \u2013 L\u2019entreprise BOUTELOUP - Installation et d\u00e9pannage","description":"Vous cherchez un artisan sp\u00e9cialis\u00e9 en plomberie \u00e0 Vilaine la Juhel ? BOUTELOUP est le plombier reconnu qu'il vous faut ! Faites-nous part de votre projet !","robots":{"index":"noindex","follow":"follow","max-snippet":"max-snippet:-1","max-image-preview":"max-image-preview:large","max-video-preview":"max-video-preview:-1"},"og_locale":"fr_FR","og_type":"article","og_title":"plomberie \u00e0 Vilaine la Juhel \u2013 L\u2019entreprise BOUTELOUP - Installation et d\u00e9pannage","og_description":"Vous cherchez un artisan sp\u00e9cialis\u00e9 en plomberie \u00e0 Vilaine la Juhel ? BOUTELOUP est le plombier reconnu qu'il vous faut ! Faites-nous part de votre projet !","og_url":"https:\/\/www.ets-bouteloup.fr\/refonte\/plomberie-a-vilaine-la-juhel\/","og_site_name":"ETS BOUTELOUP","article_modified_time":"2025-05-07T14:59:19+00:00","twitter_card":"summary_large_image","twitter_misc":{"Dur\u00e9e de lecture estim\u00e9e":"3 minutes"},"schema":{"@context":"https:\/\/schema.org","@graph":[{"@type":"WebPage","@id":"https:\/\/www.ets-bouteloup.fr\/refonte\/plomberie-a-vilaine-la-juhel\/","url":"https:\/\/www.ets-bouteloup.fr\/refonte\/plomberie-a-vilaine-la-juhel\/","name":"plomberie \u00e0 Vilaine la Juhel \u2013 L\u2019entreprise BOUTELOUP - Installation et d\u00e9pannage","isPartOf":{"@id":"https:\/\/www.ets-bouteloup.fr\/refonte\/#website"},"datePublished":"2017-04-04T13:29:42+00:00","dateModified":"2025-05-07T14:59:19+00:00","description":"Vous cherchez un artisan sp\u00e9cialis\u00e9 en plomberie \u00e0 Vilaine la Juhel ? BOUTELOUP est le plombier reconnu qu'il vous faut ! Faites-nous part de votre projet !","breadcrumb":{"@id":"https:\/\/www.ets-bouteloup.fr\/refonte\/plomberie-a-vilaine-la-juhel\/#breadcrumb"},"inLanguage":"fr-FR","potentialAction":[{"@type":"ReadAction","target":["https:\/\/www.ets-bouteloup.fr\/refonte\/plomberie-a-vilaine-la-juhel\/"]}]},{"@type":"BreadcrumbList","@id":"https:\/\/www.ets-bouteloup.fr\/refonte\/plomberie-a-vilaine-la-juhel\/#breadcrumb","itemListElement":[{"@type":"ListItem","position":1,"name":"Home","item":"https:\/\/www.ets-bouteloup.fr\/refonte\/"},{"@type":"ListItem","position":2,"name":".. Plomberie \u00e0 Vilaine la Juhel"}]},{"@type":"WebSite","@id":"https:\/\/www.ets-bouteloup.fr\/refonte\/#website","url":"https:\/\/www.ets-bouteloup.fr\/refonte\/","name":"ETS BOUTELOUP","description":"","potentialAction":[{"@type":"SearchAction","target":{"@type":"EntryPoint","urlTemplate":"https:\/\/www.ets-bouteloup.fr\/refonte\/?s={search_term_string}"},"query-input":{"@type":"PropertyValueSpecification","valueRequired":true,"valueName":"search_term_string"}}],"inLanguage":"fr-FR"}]}},"_links":{"self":[{"href":"https:\/\/www.ets-bouteloup.fr\/refonte\/wp-json\/wp\/v2\/pages\/484","targetHints":{"allow":["GET"]}}],"collection":[{"href":"https:\/\/www.ets-bouteloup.fr\/refonte\/wp-json\/wp\/v2\/pages"}],"about":[{"href":"https:\/\/www.ets-bouteloup.fr\/refonte\/wp-json\/wp\/v2\/types\/page"}],"author":[{"embeddable":true,"href":"https:\/\/www.ets-bouteloup.fr\/refonte\/wp-json\/wp\/v2\/users\/1"}],"replies":[{"embeddable":true,"href":"https:\/\/www.ets-bouteloup.fr\/refonte\/wp-json\/wp\/v2\/comments?post=484"}],"version-history":[{"count":1,"href":"https:\/\/www.ets-bouteloup.fr\/refonte\/wp-json\/wp\/v2\/pages\/484\/revisions"}],"predecessor-version":[{"id":2508,"href":"https:\/\/www.ets-bouteloup.fr\/refonte\/wp-json\/wp\/v2\/pages\/484\/revisions\/2508"}],"wp:attachment":[{"href":"https:\/\/www.ets-bouteloup.fr\/refonte\/wp-json\/wp\/v2\/media?parent=484"}],"curies":[{"name":"wp","href":"https:\/\/api.w.org\/{rel}","templated":true}]}}