{"id":486,"date":"2017-04-04T15:24:17","date_gmt":"2017-04-04T13:24:17","guid":{"rendered":"http:\/\/www.ets-bouteloup.fr\/?page_id=486"},"modified":"2025-05-07T16:59:19","modified_gmt":"2025-05-07T14:59:19","slug":"plomberie-en-sarthe-72","status":"publish","type":"page","link":"https:\/\/www.ets-bouteloup.fr\/refonte\/plomberie-en-sarthe-72\/","title":{"rendered":".. Plomberie en Sarthe 72"},"content":{"rendered":"\t\t<div data-elementor-type=\"wp-page\" data-elementor-id=\"486\" class=\"elementor elementor-486\">\n\t\t\t\t<div class=\"elementor-element elementor-element-27e1af2 sec_h1 e-flex e-con-boxed coherence-container-background-zoom-no coherence-sticky-section-no elementor-invisible e-con e-parent\" data-id=\"27e1af2\" data-element_type=\"container\" data-settings=\"{&quot;animation&quot;:&quot;fadeInUp&quot;}\">\n\t\t\t\t\t<div class=\"e-con-inner\">\n\t\t<div class=\"elementor-element elementor-element-e6c5254 e-con-full e-flex coherence-container-background-zoom-no coherence-sticky-section-no e-con e-child\" data-id=\"e6c5254\" data-element_type=\"container\" data-settings=\"{&quot;background_background&quot;:&quot;classic&quot;}\">\n\t\t<div class=\"elementor-element elementor-element-1a9b53b e-con-full animate_01 elementor-hidden-tablet elementor-hidden-mobile_extra elementor-hidden-mobile e-flex coherence-container-background-zoom-no coherence-sticky-section-no e-con e-child\" data-id=\"1a9b53b\" data-element_type=\"container\" data-settings=\"{&quot;position&quot;:&quot;absolute&quot;}\">\n\t\t\t\t<\/div>\n\t\t\t\t<\/div>\n\t\t<div class=\"elementor-element elementor-element-a4121cb e-con-full e-flex coherence-container-background-zoom-no coherence-sticky-section-no e-con e-child\" data-id=\"a4121cb\" data-element_type=\"container\" data-settings=\"{&quot;background_background&quot;:&quot;classic&quot;}\">\n\t\t\t\t<div class=\"elementor-element elementor-element-864da47 elementor-widget-divider--view-line elementor-widget elementor-widget-divider\" data-id=\"864da47\" data-element_type=\"widget\" data-widget_type=\"divider.default\">\n\t\t\t\t\t\t\t<div class=\"elementor-divider\">\n\t\t\t<span class=\"elementor-divider-separator\">\n\t\t\t\t\t\t<\/span>\n\t\t<\/div>\n\t\t\t\t\t\t<\/div>\n\t\t\t\t<div class=\"elementor-element elementor-element-50c64ee elementor-widget elementor-widget-coherence_Heading_widget\" data-id=\"50c64ee\" data-element_type=\"widget\" data-widget_type=\"coherence_Heading_widget.default\">\n\t\t\t\t<div class=\"elementor-widget-container\">\n\t\t\t\t\t<h1 class=\"coherence-heading elementor-heading-title\"><span class=\"separator-sup-title\">BOUTELOUP<\/span> <span class=\"coherence-heading-text\">Besoin d\u2019un artisan expert en Plomberie en Sarthe (72) ? Ets BOUTELOUP est le plombier de r\u00e9f\u00e9rence qu\u2019il vous faut !\nFaites-nous part de votre besoin en plomberie, en construction ou en r\u00e9nnovation sur tout le rayon de la Mayenne 53<\/span>  <\/h1>\t\t\t\t<\/div>\n\t\t\t\t<\/div>\n\t\t\t\t<div class=\"elementor-element elementor-element-ebc46a7 elementor-widget elementor-widget-text-editor\" data-id=\"ebc46a7\" data-element_type=\"widget\" data-widget_type=\"text-editor.default\">\n\t\t\t\t\t\t\t\t\t<p>Ets BOUTELOUP, met \u00e0 la disposition de votre projet de construction ou de r\u00e9novation, un service sur mesure de Plomberie en Sarthe (72). Notre \u00e9quipe d\u2019artisans plombiers, s\u2019engage \u00e0 vous livrer les meilleurs services d\u2019installation et mise en service de vos \u00e9quipements sanitaires. De plus des travaux de d\u00e9pannage et r\u00e9paration de vos anciens \u00e9quipements ou autres probl\u00e9matiques au niveau de votre plomberie.<\/p><p>Besoin d\u2019un artisan en Plomberie en Sarthe (72) ? Faites-nous part de votre besoin au : 02 43 01 66 20.<\/p>\t\t\t\t\t\t\t\t<\/div>\n\t\t\t\t<div class=\"elementor-element elementor-element-4871f1e elementor-tablet-align-center elementor-widget elementor-widget-coherence-Button-widget\" data-id=\"4871f1e\" data-element_type=\"widget\" data-widget_type=\"coherence-Button-widget.default\">\n\t\t\t\t<div class=\"elementor-widget-container\">\n\t\t\t\t\t<div class=\"elementor-button-wrapper coherence-button-wrapper\">\r\n    <a href=\"\/contact\/\" class=\"elementor-button-link elementor-button elementor-size-sm coherence-button-style-solid\" role=\"button\">\r\n        <span class=\"elementor-button-content-wrapper\">\r\n                        <span class=\"elementor-button-text\">Devis gratuit<\/span>\r\n        <\/span>\r\n    <\/a>\r\n<\/div>\t\t\t\t<\/div>\n\t\t\t\t<\/div>\n\t\t\t\t<\/div>\n\t\t\t\t\t<\/div>\n\t\t\t\t<\/div>\n\t\t<div class=\"elementor-element elementor-element-3247a52 e-flex e-con-boxed coherence-container-background-zoom-no coherence-sticky-section-no e-con e-parent\" data-id=\"3247a52\" data-element_type=\"container\" data-settings=\"{&quot;background_background&quot;:&quot;classic&quot;}\">\n\t\t\t\t\t<div class=\"e-con-inner\">\n\t\t<div class=\"elementor-element elementor-element-c81e64e e-con-full e-flex coherence-container-background-zoom-no coherence-sticky-section-no e-con e-child\" data-id=\"c81e64e\" data-element_type=\"container\">\n\t\t<div class=\"elementor-element elementor-element-55a0ef5 e-con-full e-flex coherence-container-background-zoom-no coherence-sticky-section-no e-con e-child\" data-id=\"55a0ef5\" data-element_type=\"container\">\n\t\t<div class=\"elementor-element elementor-element-d279549 e-con-full e-flex coherence-container-background-zoom-no coherence-sticky-section-no elementor-invisible e-con e-child\" data-id=\"d279549\" data-element_type=\"container\" data-settings=\"{&quot;background_background&quot;:&quot;classic&quot;,&quot;animation&quot;:&quot;fadeInLeft&quot;}\">\n\t\t\t\t<div class=\"elementor-element elementor-element-f7bd16e elementor-widget__width-initial elementor-widget-tablet_extra__width-initial elementor-widget elementor-widget-text-editor\" data-id=\"f7bd16e\" data-element_type=\"widget\" data-widget_type=\"text-editor.default\">\n\t\t\t\t\t\t\t\t\t<p>Nos prestations en Plomberie en Sarthe (72) :<\/p><p>L\u2019entreprise BOUTELOUP intervient dans la recherche de solutions pour l\u2019implantation de sanitaires. Mais aussi dans la conception des installations ou les travaux de maintenance plus complexes. Nos plombiers se d\u00e9placent chez vous en Mayenne pour faire une \u00e9tude sur votre plomberie. Nous r\u00e9alisons vos travaux de plomberie en construction neuve mais aussi en r\u00e9novation.<\/p><p>Nos plombiers sont qualifi\u00e9s pour r\u00e9soudre aussi bien des probl\u00e8mes de raccordement de vos \u00e9quipements au r\u00e9seau d\u2019eau que pour rechercher une fuite sur une installation de plomberie ancienne, intervenir sur une pompe\u2026 Experts du d\u00e9pannage, nos techniciens plombiers interviennent avec le m\u00eame professionnalisme pour d\u00e9boucher une canalisation ou changer un joint us\u00e9 que pour remplacer une chaudi\u00e8re, des sanitaires, une robinetterie, une distribution hydraulique\u2026.<\/p>\t\t\t\t\t\t\t\t<\/div>\n\t\t\t\t<\/div>\n\t\t\t\t<\/div>\n\t\t<div class=\"elementor-element elementor-element-84e6a54 e-con-full animate_01 e-flex coherence-container-background-zoom-no coherence-sticky-section-no elementor-invisible e-con e-child\" data-id=\"84e6a54\" data-element_type=\"container\" data-settings=\"{&quot;background_background&quot;:&quot;classic&quot;,&quot;animation&quot;:&quot;fadeInRight&quot;}\">\n\t\t\t\t<\/div>\n\t\t\t\t<\/div>\n\t\t\t\t\t<\/div>\n\t\t\t\t<\/div>\n\t\t<div class=\"elementor-element elementor-element-d8dcfed e-flex e-con-boxed coherence-container-background-zoom-no coherence-sticky-section-no e-con e-parent\" data-id=\"d8dcfed\" data-element_type=\"container\" data-settings=\"{&quot;background_background&quot;:&quot;classic&quot;}\">\n\t\t\t\t\t<div class=\"e-con-inner\">\n\t\t<div class=\"elementor-element elementor-element-85fcdff e-con-full e-flex coherence-container-background-zoom-no coherence-sticky-section-no e-con e-child\" data-id=\"85fcdff\" data-element_type=\"container\">\n\t\t<div class=\"elementor-element elementor-element-ab3f0fe e-con-full e-flex coherence-container-background-zoom-no coherence-sticky-section-no elementor-invisible e-con e-child\" data-id=\"ab3f0fe\" data-element_type=\"container\" data-settings=\"{&quot;background_background&quot;:&quot;classic&quot;,&quot;animation&quot;:&quot;fadeInLeft&quot;}\">\n\t\t\t\t<\/div>\n\t\t<div class=\"elementor-element elementor-element-b2812cc e-con-full e-flex coherence-container-background-zoom-no coherence-sticky-section-no elementor-invisible e-con e-child\" data-id=\"b2812cc\" data-element_type=\"container\" data-settings=\"{&quot;background_background&quot;:&quot;classic&quot;,&quot;animation&quot;:&quot;fadeInRight&quot;}\">\n\t\t\t\t<div class=\"elementor-element elementor-element-f35d02d elementor-widget-divider--view-line elementor-widget elementor-widget-divider\" data-id=\"f35d02d\" data-element_type=\"widget\" data-widget_type=\"divider.default\">\n\t\t\t\t\t\t\t<div class=\"elementor-divider\">\n\t\t\t<span class=\"elementor-divider-separator\">\n\t\t\t\t\t\t<\/span>\n\t\t<\/div>\n\t\t\t\t\t\t<\/div>\n\t\t\t\t<div class=\"elementor-element elementor-element-1b2e64b elementor-widget elementor-widget-coherence_Heading_widget\" data-id=\"1b2e64b\" data-element_type=\"widget\" data-widget_type=\"coherence_Heading_widget.default\">\n\t\t\t\t<div class=\"elementor-widget-container\">\n\t\t\t\t\t<h2 class=\"coherence-heading elementor-heading-title\"> <span class=\"coherence-heading-text\">Pour votre plomberie !! Faites appel \u00e0 l\u2019entreprise Bouteloup.<\/span>  <\/h2>\t\t\t\t<\/div>\n\t\t\t\t<\/div>\n\t\t\t\t<div class=\"elementor-element elementor-element-bd2cf0a elementor-widget elementor-widget-text-editor\" data-id=\"bd2cf0a\" data-element_type=\"widget\" data-widget_type=\"text-editor.default\">\n\t\t\t\t\t\t\t\t\t<p>Nos prestations en \u00e9lectricit\u00e9 :<\/p><p>Vous comptez faire une installation en \u00e9lectricit\u00e9, contactez la soci\u00e9t\u00e9 BOUTELOUP bas\u00e9e en Mayenne( 53).<br \/>L\u2019\u00e9lectricit\u00e9 est un poste technique important dans votre projet de r\u00e9novation, il assure l\u2019int\u00e9grit\u00e9 physique des personnes, et la s\u00e9curit\u00e9 des appareils, gr\u00e2ce aux protections haute sensibilit\u00e9 qui leur sont d\u00e9di\u00e9es. L\u2019installation en \u00e9lectricit\u00e9 que BOUTELOUP envisagera de r\u00e9aliser, correspondra au minimum de ce qu\u2019il vous faudra, en respectant les normes de surface de logement, pour un meilleur rapport qualit\u00e9\/ prix.<\/p><p>Nos experts sont professionnels en installation de domotique, de VMC simple flux et double flux, VMC hygror\u00e9glable ainsi que la climatisation, nous tenons \u00e0 vous conseiller sur les choix et des nombres de prises, l\u2019\u00e9clairages, et les choix d\u2019appareillages. Nous vous guiderons pour r\u00e9aliser l\u2019harmonie de votre int\u00e9rieur et de votre ext\u00e9rieur, en mettant en valeur le d\u00e9cor et le design.<\/p>\t\t\t\t\t\t\t\t<\/div>\n\t\t\t\t<\/div>\n\t\t\t\t<\/div>\n\t\t\t\t\t<\/div>\n\t\t\t\t<\/div>\n\t\t<div class=\"elementor-element elementor-element-57a3273 e-flex e-con-boxed coherence-container-background-zoom-no coherence-sticky-section-no e-con e-parent\" data-id=\"57a3273\" data-element_type=\"container\" data-settings=\"{&quot;background_background&quot;:&quot;classic&quot;}\">\n\t\t\t\t\t<div class=\"e-con-inner\">\n\t\t<div class=\"elementor-element elementor-element-e3f1bb4 e-con-full animated-slow e-flex coherence-container-background-zoom-no coherence-sticky-section-no elementor-invisible e-con e-child\" data-id=\"e3f1bb4\" data-element_type=\"container\" data-settings=\"{&quot;background_background&quot;:&quot;classic&quot;,&quot;animation&quot;:&quot;bounceInRight&quot;}\">\n\t\t\t\t<div class=\"elementor-element elementor-element-3b56011 elementor-widget__width-initial elementor-widget elementor-widget-text-editor\" data-id=\"3b56011\" data-element_type=\"widget\" data-widget_type=\"text-editor.default\">\n\t\t\t\t\t\t\t\t\t<p>Pour plus de renseignements sur nos services de plomberie et d\u2019\u00e9lectricit\u00e9, contactez l\u2019entreprise BOUTELOUP en MAYENNE (53), nos conseillers sont \u00e0 m\u00eame de vous \u00e9tablir un devis, n\u2019h\u00e9sitez pas \u00e0 nous soumettre votre projet.<\/p>\t\t\t\t\t\t\t\t<\/div>\n\t\t\t\t<div class=\"elementor-element elementor-element-4b745b2 elementor-tablet-align-center elementor-align-center elementor-widget elementor-widget-coherence-Button-widget\" data-id=\"4b745b2\" data-element_type=\"widget\" data-widget_type=\"coherence-Button-widget.default\">\n\t\t\t\t<div class=\"elementor-widget-container\">\n\t\t\t\t\t<div class=\"elementor-button-wrapper coherence-button-wrapper\">\r\n    <a href=\"\/contact\/\" class=\"elementor-button-link elementor-button elementor-size-sm coherence-button-style-solid\" role=\"button\">\r\n        <span class=\"elementor-button-content-wrapper\">\r\n                        <span class=\"elementor-button-text\">Contactez-nous<\/span>\r\n        <\/span>\r\n    <\/a>\r\n<\/div>\t\t\t\t<\/div>\n\t\t\t\t<\/div>\n\t\t\t\t<\/div>\n\t\t\t\t\t<\/div>\n\t\t\t\t<\/div>\n\t\t\t\t<\/div>\n\t\t","protected":false},"excerpt":{"rendered":"<p>BOUTELOUP Besoin d\u2019un artisan expert en Plomberie en Sarthe (72) ? Ets BOUTELOUP est le plombier de r\u00e9f\u00e9rence qu\u2019il vous faut ! Faites-nous part de votre besoin en plomberie, en construction ou en r\u00e9nnovation sur tout le rayon de la Mayenne 53 Ets BOUTELOUP, met \u00e0 la disposition de votre projet de construction ou de [&hellip;]<\/p>\n","protected":false},"author":1,"featured_media":0,"parent":0,"menu_order":0,"comment_status":"closed","ping_status":"closed","template":"","meta":{"inline_featured_image":false,"footnotes":""},"class_list":["post-486","page","type-page","status-publish","hentry"],"yoast_head":"<!-- This site is optimized with the Yoast SEO plugin v25.9 - https:\/\/yoast.com\/wordpress\/plugins\/seo\/ -->\n<title>Plomberie en Sarthe (72) \u2013 L\u2019entreprise BOUTELOUP - Installation et d\u00e9pannage<\/title>\n<meta name=\"description\" content=\"Vous cherchez un artisan sp\u00e9cialis\u00e9 en Plomberie en Sarthe (72) ? Ets BOUTELOUP et le plombier reconnu qu&#039;il vous faut ! Faites-nous part de votre projet !\" \/>\n<meta name=\"robots\" content=\"noindex, follow, max-snippet:-1, max-image-preview:large, max-video-preview:-1\" \/>\n<meta property=\"og:locale\" content=\"fr_FR\" \/>\n<meta property=\"og:type\" content=\"article\" \/>\n<meta property=\"og:title\" content=\"Plomberie en Sarthe (72) \u2013 L\u2019entreprise BOUTELOUP - Installation et d\u00e9pannage\" \/>\n<meta property=\"og:description\" content=\"Vous cherchez un artisan sp\u00e9cialis\u00e9 en Plomberie en Sarthe (72) ? Ets BOUTELOUP et le plombier reconnu qu&#039;il vous faut ! Faites-nous part de votre projet !\" \/>\n<meta property=\"og:url\" content=\"https:\/\/www.ets-bouteloup.fr\/refonte\/plomberie-en-sarthe-72\/\" \/>\n<meta property=\"og:site_name\" content=\"ETS BOUTELOUP\" \/>\n<meta property=\"article:modified_time\" content=\"2025-05-07T14:59:19+00:00\" \/>\n<meta name=\"twitter:card\" content=\"summary_large_image\" \/>\n<meta name=\"twitter:label1\" content=\"Dur\u00e9e de lecture estim\u00e9e\" \/>\n\t<meta name=\"twitter:data1\" content=\"3 minutes\" \/>\n<script type=\"application\/ld+json\" class=\"yoast-schema-graph\">{\"@context\":\"https:\/\/schema.org\",\"@graph\":[{\"@type\":\"WebPage\",\"@id\":\"https:\/\/www.ets-bouteloup.fr\/refonte\/plomberie-en-sarthe-72\/\",\"url\":\"https:\/\/www.ets-bouteloup.fr\/refonte\/plomberie-en-sarthe-72\/\",\"name\":\"Plomberie en Sarthe (72) \u2013 L\u2019entreprise BOUTELOUP - Installation et d\u00e9pannage\",\"isPartOf\":{\"@id\":\"https:\/\/www.ets-bouteloup.fr\/refonte\/#website\"},\"datePublished\":\"2017-04-04T13:24:17+00:00\",\"dateModified\":\"2025-05-07T14:59:19+00:00\",\"description\":\"Vous cherchez un artisan sp\u00e9cialis\u00e9 en Plomberie en Sarthe (72) ? Ets BOUTELOUP et le plombier reconnu qu'il vous faut ! Faites-nous part de votre projet !\",\"breadcrumb\":{\"@id\":\"https:\/\/www.ets-bouteloup.fr\/refonte\/plomberie-en-sarthe-72\/#breadcrumb\"},\"inLanguage\":\"fr-FR\",\"potentialAction\":[{\"@type\":\"ReadAction\",\"target\":[\"https:\/\/www.ets-bouteloup.fr\/refonte\/plomberie-en-sarthe-72\/\"]}]},{\"@type\":\"BreadcrumbList\",\"@id\":\"https:\/\/www.ets-bouteloup.fr\/refonte\/plomberie-en-sarthe-72\/#breadcrumb\",\"itemListElement\":[{\"@type\":\"ListItem\",\"position\":1,\"name\":\"Home\",\"item\":\"https:\/\/www.ets-bouteloup.fr\/refonte\/\"},{\"@type\":\"ListItem\",\"position\":2,\"name\":\".. Plomberie en Sarthe 72\"}]},{\"@type\":\"WebSite\",\"@id\":\"https:\/\/www.ets-bouteloup.fr\/refonte\/#website\",\"url\":\"https:\/\/www.ets-bouteloup.fr\/refonte\/\",\"name\":\"ETS BOUTELOUP\",\"description\":\"\",\"potentialAction\":[{\"@type\":\"SearchAction\",\"target\":{\"@type\":\"EntryPoint\",\"urlTemplate\":\"https:\/\/www.ets-bouteloup.fr\/refonte\/?s={search_term_string}\"},\"query-input\":{\"@type\":\"PropertyValueSpecification\",\"valueRequired\":true,\"valueName\":\"search_term_string\"}}],\"inLanguage\":\"fr-FR\"}]}<\/script>\n<!-- \/ Yoast SEO plugin. -->","yoast_head_json":{"title":"Plomberie en Sarthe (72) \u2013 L\u2019entreprise BOUTELOUP - Installation et d\u00e9pannage","description":"Vous cherchez un artisan sp\u00e9cialis\u00e9 en Plomberie en Sarthe (72) ? Ets BOUTELOUP et le plombier reconnu qu'il vous faut ! Faites-nous part de votre projet !","robots":{"index":"noindex","follow":"follow","max-snippet":"max-snippet:-1","max-image-preview":"max-image-preview:large","max-video-preview":"max-video-preview:-1"},"og_locale":"fr_FR","og_type":"article","og_title":"Plomberie en Sarthe (72) \u2013 L\u2019entreprise BOUTELOUP - Installation et d\u00e9pannage","og_description":"Vous cherchez un artisan sp\u00e9cialis\u00e9 en Plomberie en Sarthe (72) ? Ets BOUTELOUP et le plombier reconnu qu'il vous faut ! Faites-nous part de votre projet !","og_url":"https:\/\/www.ets-bouteloup.fr\/refonte\/plomberie-en-sarthe-72\/","og_site_name":"ETS BOUTELOUP","article_modified_time":"2025-05-07T14:59:19+00:00","twitter_card":"summary_large_image","twitter_misc":{"Dur\u00e9e de lecture estim\u00e9e":"3 minutes"},"schema":{"@context":"https:\/\/schema.org","@graph":[{"@type":"WebPage","@id":"https:\/\/www.ets-bouteloup.fr\/refonte\/plomberie-en-sarthe-72\/","url":"https:\/\/www.ets-bouteloup.fr\/refonte\/plomberie-en-sarthe-72\/","name":"Plomberie en Sarthe (72) \u2013 L\u2019entreprise BOUTELOUP - Installation et d\u00e9pannage","isPartOf":{"@id":"https:\/\/www.ets-bouteloup.fr\/refonte\/#website"},"datePublished":"2017-04-04T13:24:17+00:00","dateModified":"2025-05-07T14:59:19+00:00","description":"Vous cherchez un artisan sp\u00e9cialis\u00e9 en Plomberie en Sarthe (72) ? Ets BOUTELOUP et le plombier reconnu qu'il vous faut ! Faites-nous part de votre projet !","breadcrumb":{"@id":"https:\/\/www.ets-bouteloup.fr\/refonte\/plomberie-en-sarthe-72\/#breadcrumb"},"inLanguage":"fr-FR","potentialAction":[{"@type":"ReadAction","target":["https:\/\/www.ets-bouteloup.fr\/refonte\/plomberie-en-sarthe-72\/"]}]},{"@type":"BreadcrumbList","@id":"https:\/\/www.ets-bouteloup.fr\/refonte\/plomberie-en-sarthe-72\/#breadcrumb","itemListElement":[{"@type":"ListItem","position":1,"name":"Home","item":"https:\/\/www.ets-bouteloup.fr\/refonte\/"},{"@type":"ListItem","position":2,"name":".. Plomberie en Sarthe 72"}]},{"@type":"WebSite","@id":"https:\/\/www.ets-bouteloup.fr\/refonte\/#website","url":"https:\/\/www.ets-bouteloup.fr\/refonte\/","name":"ETS BOUTELOUP","description":"","potentialAction":[{"@type":"SearchAction","target":{"@type":"EntryPoint","urlTemplate":"https:\/\/www.ets-bouteloup.fr\/refonte\/?s={search_term_string}"},"query-input":{"@type":"PropertyValueSpecification","valueRequired":true,"valueName":"search_term_string"}}],"inLanguage":"fr-FR"}]}},"_links":{"self":[{"href":"https:\/\/www.ets-bouteloup.fr\/refonte\/wp-json\/wp\/v2\/pages\/486","targetHints":{"allow":["GET"]}}],"collection":[{"href":"https:\/\/www.ets-bouteloup.fr\/refonte\/wp-json\/wp\/v2\/pages"}],"about":[{"href":"https:\/\/www.ets-bouteloup.fr\/refonte\/wp-json\/wp\/v2\/types\/page"}],"author":[{"embeddable":true,"href":"https:\/\/www.ets-bouteloup.fr\/refonte\/wp-json\/wp\/v2\/users\/1"}],"replies":[{"embeddable":true,"href":"https:\/\/www.ets-bouteloup.fr\/refonte\/wp-json\/wp\/v2\/comments?post=486"}],"version-history":[{"count":1,"href":"https:\/\/www.ets-bouteloup.fr\/refonte\/wp-json\/wp\/v2\/pages\/486\/revisions"}],"predecessor-version":[{"id":2510,"href":"https:\/\/www.ets-bouteloup.fr\/refonte\/wp-json\/wp\/v2\/pages\/486\/revisions\/2510"}],"wp:attachment":[{"href":"https:\/\/www.ets-bouteloup.fr\/refonte\/wp-json\/wp\/v2\/media?parent=486"}],"curies":[{"name":"wp","href":"https:\/\/api.w.org\/{rel}","templated":true}]}}